{"id":8124,"date":"2023-08-06T19:11:49","date_gmt":"2023-08-06T17:11:49","guid":{"rendered":"https:\/\/www.roly24.com\/?post_type=product&#038;p=8124"},"modified":"2026-03-18T16:43:55","modified_gmt":"2026-03-18T14:43:55","slug":"kaulanauhat","status":"publish","type":"product","link":"https:\/\/www.roly24.com\/index.php\/tuote\/kaulanauhat\/","title":{"rendered":"Kaulanauha Guest &#8211; Kappalehinta"},"content":{"rendered":"<p>Toimitamme passien kanssa kaulanauhat.<br \/>\nPerusvalikoimastamme voit valita haluamasi v\u00e4rin.<br \/>\nNauhassa on klipsi ja turvalukko.<\/p>\n<p>Kaulanauhoja on saatavilla eri levyisi\u00e4 ja my\u00f6s painatuksella.<br \/>\nOle n\u00e4ist\u00e4 yhteydess\u00e4 meihin, niin etsimme ratkaisun tarpeeseesi<\/p>\n<p><strong>V\u00e4rit<\/strong><br \/>\n1. Musta<br \/>\n2. Punainen<br \/>\n3. Keltainen<br \/>\n4. Vihre\u00e4<br \/>\n5. Sininen<\/p>\n<p>&nbsp;<\/p>\n","protected":false},"excerpt":{"rendered":"<p>Toimitamme passien kanssa kaulanauhat. Perusvalikoimastamme voit valita haluamasi v\u00e4rin. Nauhassa on klipsi ja turvalukko. Kaulanauhoja on saatavilla eri levyisi\u00e4 ja my\u00f6s painatuksella. Ole n\u00e4ist\u00e4 yhteydess\u00e4 meihin, niin etsimme ratkaisun tarpeeseesi V\u00e4rit 1. Musta 2. Punainen 3. Keltainen 4. Vihre\u00e4 5. Sininen &nbsp;<\/p>\n","protected":false},"featured_media":21920,"template":"","meta":{"_acf_changed":false,"om_disable_all_campaigns":false,"_monsterinsights_skip_tracking":false,"_monsterinsights_sitenote_active":false,"_monsterinsights_sitenote_note":"","_monsterinsights_sitenote_category":0},"product_brand":[],"product_cat":[166],"product_tag":[169,170,172,173,171],"class_list":{"0":"post-8124","1":"product","2":"type-product","3":"status-publish","4":"has-post-thumbnail","6":"product_cat-passit","7":"product_tag-kaulanauhat","8":"product_tag-klipsi","9":"product_tag-nauha","10":"product_tag-nauhat","11":"product_tag-turvalukko","12":"product_shipping_class-postipaketti","14":"first","15":"instock","16":"taxable","17":"shipping-taxable","18":"purchasable","19":"product-type-simple"},"acf":[],"aioseo_notices":[],"_links":{"self":[{"href":"https:\/\/www.roly24.com\/index.php\/wp-json\/wp\/v2\/product\/8124","targetHints":{"allow":["GET"]}}],"collection":[{"href":"https:\/\/www.roly24.com\/index.php\/wp-json\/wp\/v2\/product"}],"about":[{"href":"https:\/\/www.roly24.com\/index.php\/wp-json\/wp\/v2\/types\/product"}],"version-history":[{"count":1,"href":"https:\/\/www.roly24.com\/index.php\/wp-json\/wp\/v2\/product\/8124\/revisions"}],"predecessor-version":[{"id":21921,"href":"https:\/\/www.roly24.com\/index.php\/wp-json\/wp\/v2\/product\/8124\/revisions\/21921"}],"wp:featuredmedia":[{"embeddable":true,"href":"https:\/\/www.roly24.com\/index.php\/wp-json\/wp\/v2\/media\/21920"}],"wp:attachment":[{"href":"https:\/\/www.roly24.com\/index.php\/wp-json\/wp\/v2\/media?parent=8124"}],"wp:term":[{"taxonomy":"product_brand","embeddable":true,"href":"https:\/\/www.roly24.com\/index.php\/wp-json\/wp\/v2\/product_brand?post=8124"},{"taxonomy":"product_cat","embeddable":true,"href":"https:\/\/www.roly24.com\/index.php\/wp-json\/wp\/v2\/product_cat?post=8124"},{"taxonomy":"product_tag","embeddable":true,"href":"https:\/\/www.roly24.com\/index.php\/wp-json\/wp\/v2\/product_tag?post=8124"}],"curies":[{"name":"wp","href":"https:\/\/api.w.org\/{rel}","templated":true}]}}