{"id":7698,"date":"2023-07-28T08:44:11","date_gmt":"2023-07-28T06:44:11","guid":{"rendered":"https:\/\/www.roly24.com\/?post_type=product&#038;p=7698"},"modified":"2025-02-26T10:59:24","modified_gmt":"2025-02-26T08:59:24","slug":"kutsu-siunaustilaisuuteen-a6-4-sivuinen","status":"publish","type":"product","link":"https:\/\/www.roly24.com\/index.php\/tuote\/kutsu-siunaustilaisuuteen-a6-4-sivuinen\/","title":{"rendered":"Kutsu siunaustilaisuuteen A6 4-sivuinen &#8211; Hinta alkaen"},"content":{"rendered":"<p><strong>Tuotenumero 140121<\/strong><\/p>\n<p>Koko: 10.5 x 14.8 cm<br \/>\nV\u00e4rit: 4\/4 cmyk<br \/>\nPaperi: kartonki<\/p>\n<p><strong>Algro Design Advanced<\/strong><br \/>\nYksipuolinen sellukartonki (GZ), hiokkeeton, sile\u00e4, eritt\u00e4in valkoinen, etupuoli kahteen kertaan p\u00e4\u00e4llystetty, taustapuoli kevyesti p\u00e4\u00e4llystetty.<\/p>\n<p><strong>Algro Design Duo<\/strong><br \/>\nKaksipuolinen sellukartonki (GZ), eritt\u00e4in valkoinen, hiokkeeton, sile\u00e4, kahteen kertaan p\u00e4\u00e4llystetty etu- ja taustapuoli.<\/p>\n<p><strong>Focuscard Smooth<\/strong><br \/>\nK\u00e4yntikorttikartonki, hiokkeeton, kirkkaanvalkoinen, p\u00e4\u00e4llyst\u00e4m\u00e4t\u00f6n, sile\u00e4.<\/p>\n<p><strong>Ensocoat 2S<\/strong><br \/>\nSellukartonki (GZ), hiokkeeton, monikerroksinen, kahteen kertaan p\u00e4\u00e4llystetty etu- ja taustapuoli, sile\u00e4. Soveltuu eritt\u00e4in vaativiin painot\u00f6ihin ja j\u00e4lkik\u00e4sittelytekniikoihin.<\/p>\n","protected":false},"excerpt":{"rendered":"<p>Tuotenumero 140121 Koko: 10.5 x 14.8 cm V\u00e4rit: 4\/4 cmyk Paperi: kartonki Algro Design Advanced Yksipuolinen sellukartonki (GZ), hiokkeeton, sile\u00e4, eritt\u00e4in valkoinen, etupuoli kahteen kertaan p\u00e4\u00e4llystetty, taustapuoli kevyesti p\u00e4\u00e4llystetty. Algro Design Duo Kaksipuolinen sellukartonki (GZ), eritt\u00e4in valkoinen, hiokkeeton, sile\u00e4, kahteen kertaan p\u00e4\u00e4llystetty etu- ja taustapuoli. Focuscard Smooth K\u00e4yntikorttikartonki, hiokkeeton, kirkkaanvalkoinen, p\u00e4\u00e4llyst\u00e4m\u00e4t\u00f6n, sile\u00e4. Ensocoat 2S Sellukartonki [&hellip;]<\/p>\n","protected":false},"featured_media":7843,"template":"","meta":{"_acf_changed":false,"om_disable_all_campaigns":false,"_monsterinsights_skip_tracking":false,"_monsterinsights_sitenote_active":false,"_monsterinsights_sitenote_note":"","_monsterinsights_sitenote_category":0},"product_brand":[],"product_cat":[149],"product_tag":[186,181,182,188,184,185],"class_list":{"0":"post-7698","1":"product","2":"type-product","3":"status-publish","4":"has-post-thumbnail","6":"product_cat-muistotilaisuudet","7":"product_tag-hautajaiset","8":"product_tag-kortit","9":"product_tag-kortti","10":"product_tag-kutsukortit","11":"product_tag-muistotilaisuus","12":"product_tag-siunaustilaisuus","13":"product_shipping_class-postipaketti","15":"first","16":"instock","17":"taxable","18":"shipping-taxable","19":"purchasable","20":"product-type-simple"},"acf":[],"aioseo_notices":[],"_links":{"self":[{"href":"https:\/\/www.roly24.com\/index.php\/wp-json\/wp\/v2\/product\/7698","targetHints":{"allow":["GET"]}}],"collection":[{"href":"https:\/\/www.roly24.com\/index.php\/wp-json\/wp\/v2\/product"}],"about":[{"href":"https:\/\/www.roly24.com\/index.php\/wp-json\/wp\/v2\/types\/product"}],"version-history":[{"count":0,"href":"https:\/\/www.roly24.com\/index.php\/wp-json\/wp\/v2\/product\/7698\/revisions"}],"wp:featuredmedia":[{"embeddable":true,"href":"https:\/\/www.roly24.com\/index.php\/wp-json\/wp\/v2\/media\/7843"}],"wp:attachment":[{"href":"https:\/\/www.roly24.com\/index.php\/wp-json\/wp\/v2\/media?parent=7698"}],"wp:term":[{"taxonomy":"product_brand","embeddable":true,"href":"https:\/\/www.roly24.com\/index.php\/wp-json\/wp\/v2\/product_brand?post=7698"},{"taxonomy":"product_cat","embeddable":true,"href":"https:\/\/www.roly24.com\/index.php\/wp-json\/wp\/v2\/product_cat?post=7698"},{"taxonomy":"product_tag","embeddable":true,"href":"https:\/\/www.roly24.com\/index.php\/wp-json\/wp\/v2\/product_tag?post=7698"}],"curies":[{"name":"wp","href":"https:\/\/api.w.org\/{rel}","templated":true}]}}