{"id":7493,"date":"2023-05-10T14:31:16","date_gmt":"2023-05-10T12:31:16","guid":{"rendered":"https:\/\/www.roly24.com\/?post_type=product&#038;p=7493"},"modified":"2025-02-24T14:40:36","modified_gmt":"2025-02-24T12:40:36","slug":"poytakortti","status":"publish","type":"product","link":"https:\/\/www.roly24.com\/index.php\/tuote\/poytakortti\/","title":{"rendered":"P\u00f6yt\u00e4kortti &#8211; Hinta alkaen"},"content":{"rendered":"<p><strong>Tuotenumero 140106<\/strong><\/p>\n<p><span lang=\"FI\">Hinnat laskettu asiakkaan toimittamasta painokelpoisesta PDF aineistosta.<\/span><\/p>\n<p><strong>Nime\u00e4 aineistosi selke\u00e4sti!<\/strong><br \/>\n<strong>Ei n\u00e4in:<\/strong> h\u00e4\u00e4kutsu<br \/>\n<strong>Vaan esimerkiksi n\u00e4in:<\/strong> Timo ja Sini Koivu H\u00e4\u00e4kutsu.<\/p>\n<p>Koko: 140 x 190 mm<br \/>\nV\u00e4rit: 4\/4 cmyk<br \/>\nPaperi: kartonki<\/p>\n<p><strong>Algro Design Advanced<\/strong><br \/>\nYksipuolinen sellukartonki (GZ), hiokkeeton, sile\u00e4, eritt\u00e4in valkoinen, etupuoli kahteen kertaan p\u00e4\u00e4llystetty, taustapuoli kevyesti p\u00e4\u00e4llystetty.<\/p>\n<p><strong>Algro Design Duo<\/strong><br \/>\nKaksipuolinen sellukartonki (GZ), eritt\u00e4in valkoinen, hiokkeeton, sile\u00e4, kahteen kertaan p\u00e4\u00e4llystetty etu- ja taustapuoli.<\/p>\n<p><strong>Focuscard Smooth<\/strong><br \/>\nK\u00e4yntikorttikartonki, hiokkeeton, kirkkaanvalkoinen, p\u00e4\u00e4llyst\u00e4m\u00e4t\u00f6n, sile\u00e4.<\/p>\n<p><strong>Ensocoat 2S<\/strong><br \/>\nSellukartonki (GZ), hiokkeeton, monikerroksinen, kahteen kertaan p\u00e4\u00e4llystetty etu- ja taustapuoli, sile\u00e4. Soveltuu eritt\u00e4in vaativiin painot\u00f6ihin ja j\u00e4lkik\u00e4sittelytekniikoihin.<\/p>\n","protected":false},"excerpt":{"rendered":"<p>Tuotenumero 140106 Hinnat laskettu asiakkaan toimittamasta painokelpoisesta PDF aineistosta. Nime\u00e4 aineistosi selke\u00e4sti! Ei n\u00e4in: h\u00e4\u00e4kutsu Vaan esimerkiksi n\u00e4in: Timo ja Sini Koivu H\u00e4\u00e4kutsu. Koko: 140 x 190 mm V\u00e4rit: 4\/4 cmyk Paperi: kartonki Algro Design Advanced Yksipuolinen sellukartonki (GZ), hiokkeeton, sile\u00e4, eritt\u00e4in valkoinen, etupuoli kahteen kertaan p\u00e4\u00e4llystetty, taustapuoli kevyesti p\u00e4\u00e4llystetty. Algro Design Duo Kaksipuolinen sellukartonki [&hellip;]<\/p>\n","protected":false},"featured_media":7807,"template":"","meta":{"_acf_changed":false,"om_disable_all_campaigns":false,"_monsterinsights_skip_tracking":false,"_monsterinsights_sitenote_active":false,"_monsterinsights_sitenote_note":"","_monsterinsights_sitenote_category":0},"product_brand":[],"product_cat":[148],"product_tag":[200,201,202,203,208],"class_list":{"0":"post-7493","1":"product","2":"type-product","3":"status-publish","4":"has-post-thumbnail","6":"product_cat-haatuotteet","7":"product_tag-haa","8":"product_tag-haat","9":"product_tag-haatuote","10":"product_tag-haatuotteet","11":"product_tag-poytakortit","12":"product_shipping_class-postipaketti","14":"first","15":"instock","16":"taxable","17":"shipping-taxable","18":"purchasable","19":"product-type-simple"},"acf":[],"aioseo_notices":[],"_links":{"self":[{"href":"https:\/\/www.roly24.com\/index.php\/wp-json\/wp\/v2\/product\/7493","targetHints":{"allow":["GET"]}}],"collection":[{"href":"https:\/\/www.roly24.com\/index.php\/wp-json\/wp\/v2\/product"}],"about":[{"href":"https:\/\/www.roly24.com\/index.php\/wp-json\/wp\/v2\/types\/product"}],"version-history":[{"count":0,"href":"https:\/\/www.roly24.com\/index.php\/wp-json\/wp\/v2\/product\/7493\/revisions"}],"wp:featuredmedia":[{"embeddable":true,"href":"https:\/\/www.roly24.com\/index.php\/wp-json\/wp\/v2\/media\/7807"}],"wp:attachment":[{"href":"https:\/\/www.roly24.com\/index.php\/wp-json\/wp\/v2\/media?parent=7493"}],"wp:term":[{"taxonomy":"product_brand","embeddable":true,"href":"https:\/\/www.roly24.com\/index.php\/wp-json\/wp\/v2\/product_brand?post=7493"},{"taxonomy":"product_cat","embeddable":true,"href":"https:\/\/www.roly24.com\/index.php\/wp-json\/wp\/v2\/product_cat?post=7493"},{"taxonomy":"product_tag","embeddable":true,"href":"https:\/\/www.roly24.com\/index.php\/wp-json\/wp\/v2\/product_tag?post=7493"}],"curies":[{"name":"wp","href":"https:\/\/api.w.org\/{rel}","templated":true}]}}