{"id":7481,"date":"2023-05-10T14:17:10","date_gmt":"2023-05-10T12:17:10","guid":{"rendered":"https:\/\/www.roly24.com\/?post_type=product&#038;p=7481"},"modified":"2025-02-25T08:51:41","modified_gmt":"2025-02-25T06:51:41","slug":"opastekyltit","status":"publish","type":"product","link":"https:\/\/www.roly24.com\/index.php\/tuote\/opastekyltit\/","title":{"rendered":"Opastekyltit &#8211; Kappalehinta alkaen"},"content":{"rendered":"<p><strong>Tuotenumero: 140110<\/strong><\/p>\n<p><span lang=\"FI\">Hinnat laskettu asiakkaan toimittamasta painokelpoisesta PDF aineistosta.<br \/>\n<\/span>Valmistamme my\u00f6s erimuotoisia kylttej\u00e4 ja opasteita, toiveidenne mukaan!<\/p>\n<p><span lang=\"FI\">\u00a0<\/span><\/p>\n<p><strong>Nime\u00e4 aineistosi selke\u00e4sti!<\/strong><br \/>\n<strong>Ei n\u00e4in:<\/strong> h\u00e4\u00e4kutsu<br \/>\n<strong>Vaan esimerkiksi n\u00e4in:<\/strong> Timo ja Sini Koivu H\u00e4\u00e4kutsu.<\/p>\n<p>4-v\u00e4ripainettu<br \/>\n5mm kennomuovilevy<br \/>\nMuotoon leikattu<br \/>\nKoko: Syd\u00e4n kyltti 120-30cm<br \/>\nNuolikyltti 100 x 20cm<\/p>\n<p style=\"background: white; margin: 0in 0in 6.0pt 0in;\"><span lang=\"FI\" style=\"font-family: 'Segoe UI',sans-serif; color: black;\">Toimitusaika arvio 7-10 ty\u00f6p\u00e4iv\u00e4\u00e4.<\/span><\/p>\n","protected":false},"excerpt":{"rendered":"<p>Tuotenumero: 140110 Hinnat laskettu asiakkaan toimittamasta painokelpoisesta PDF aineistosta. Valmistamme my\u00f6s erimuotoisia kylttej\u00e4 ja opasteita, toiveidenne mukaan! \u00a0 Nime\u00e4 aineistosi selke\u00e4sti! Ei n\u00e4in: h\u00e4\u00e4kutsu Vaan esimerkiksi n\u00e4in: Timo ja Sini Koivu H\u00e4\u00e4kutsu. 4-v\u00e4ripainettu 5mm kennomuovilevy Muotoon leikattu Koko: Syd\u00e4n kyltti 120-30cm Nuolikyltti 100 x 20cm Toimitusaika arvio 7-10 ty\u00f6p\u00e4iv\u00e4\u00e4.<\/p>\n","protected":false},"featured_media":7811,"template":"","meta":{"_acf_changed":false,"om_disable_all_campaigns":false,"_monsterinsights_skip_tracking":false,"_monsterinsights_sitenote_active":false,"_monsterinsights_sitenote_note":"","_monsterinsights_sitenote_category":0},"product_brand":[],"product_cat":[148],"product_tag":[200,201,202,203,214,213,212,211],"class_list":{"0":"post-7481","1":"product","2":"type-product","3":"status-publish","4":"has-post-thumbnail","6":"product_cat-haatuotteet","7":"product_tag-haa","8":"product_tag-haat","9":"product_tag-haatuote","10":"product_tag-haatuotteet","11":"product_tag-kennomuovi","12":"product_tag-kyltit","13":"product_tag-kyltti","14":"product_tag-opastekyltti","15":"product_shipping_class-postipaketti-2","17":"first","18":"instock","19":"taxable","20":"shipping-taxable","21":"purchasable","22":"product-type-simple"},"acf":[],"aioseo_notices":[],"_links":{"self":[{"href":"https:\/\/www.roly24.com\/index.php\/wp-json\/wp\/v2\/product\/7481","targetHints":{"allow":["GET"]}}],"collection":[{"href":"https:\/\/www.roly24.com\/index.php\/wp-json\/wp\/v2\/product"}],"about":[{"href":"https:\/\/www.roly24.com\/index.php\/wp-json\/wp\/v2\/types\/product"}],"version-history":[{"count":0,"href":"https:\/\/www.roly24.com\/index.php\/wp-json\/wp\/v2\/product\/7481\/revisions"}],"wp:featuredmedia":[{"embeddable":true,"href":"https:\/\/www.roly24.com\/index.php\/wp-json\/wp\/v2\/media\/7811"}],"wp:attachment":[{"href":"https:\/\/www.roly24.com\/index.php\/wp-json\/wp\/v2\/media?parent=7481"}],"wp:term":[{"taxonomy":"product_brand","embeddable":true,"href":"https:\/\/www.roly24.com\/index.php\/wp-json\/wp\/v2\/product_brand?post=7481"},{"taxonomy":"product_cat","embeddable":true,"href":"https:\/\/www.roly24.com\/index.php\/wp-json\/wp\/v2\/product_cat?post=7481"},{"taxonomy":"product_tag","embeddable":true,"href":"https:\/\/www.roly24.com\/index.php\/wp-json\/wp\/v2\/product_tag?post=7481"}],"curies":[{"name":"wp","href":"https:\/\/api.w.org\/{rel}","templated":true}]}}