{"id":6973,"date":"2023-01-24T13:30:56","date_gmt":"2023-01-24T11:30:56","guid":{"rendered":"https:\/\/www.roly24.com\/?post_type=product&#038;p=6973"},"modified":"2025-02-24T12:56:06","modified_gmt":"2025-02-24T10:56:06","slug":"opastekyltit-5","status":"publish","type":"product","link":"https:\/\/www.roly24.com\/index.php\/tuote\/opastekyltit-5\/","title":{"rendered":"Kutsukortti A5 4-sivuinen &#8211; Hinta alkaen"},"content":{"rendered":"<p><strong>Tuotenumero 140120<\/strong><\/p>\n<p><span lang=\"FI\">Hinnat laskettu asiakkaan toimittamasta painokelpoisesta PDF aineistosta.<br \/>\nSaatavana my\u00f6s v\u00e4rillisi\u00e4 kartonkeja ja niihin saman valmistajan v\u00e4rilliset kuoret.<br \/>\nKysy tarjous.<\/span><\/p>\n<p><strong>Nime\u00e4 aineistosi selke\u00e4sti!<\/strong><br \/>\n<strong>Ei n\u00e4in:<\/strong> h\u00e4\u00e4kutsu<br \/>\n<strong>Vaan esimerkiksi n\u00e4in:<\/strong> Timo ja Sini Koivu H\u00e4\u00e4kutsu.<\/p>\n<p>4 sivuinen kortti<br \/>\nKoko: 148 x 210 mm<br \/>\nV\u00e4rit: 4\/4 cmyk<br \/>\nPaperi: kartonki<\/p>\n<p><strong>Algro Design Advanced<\/strong><br \/>\nYksipuolinen sellukartonki (GZ), hiokkeeton, sile\u00e4, eritt\u00e4in valkoinen, etupuoli kahteen kertaan p\u00e4\u00e4llystetty, taustapuoli kevyesti p\u00e4\u00e4llystetty.<\/p>\n<p><strong>Algro Design Duo<\/strong><br \/>\nKaksipuolinen sellukartonki (GZ), eritt\u00e4in valkoinen, hiokkeeton, sile\u00e4, kahteen kertaan p\u00e4\u00e4llystetty etu- ja taustapuoli.<\/p>\n<p><strong>Ensocoat 2S<\/strong><br \/>\nSellukartonki (GZ), hiokkeeton, monikerroksinen, kahteen kertaan p\u00e4\u00e4llystetty etu- ja taustapuoli, sile\u00e4. Soveltuu eritt\u00e4in vaativiin painot\u00f6ihin ja j\u00e4lkik\u00e4sittelytekniikoihin.<\/p>\n","protected":false},"excerpt":{"rendered":"<p>Tuotenumero 140120 Hinnat laskettu asiakkaan toimittamasta painokelpoisesta PDF aineistosta. Saatavana my\u00f6s v\u00e4rillisi\u00e4 kartonkeja ja niihin saman valmistajan v\u00e4rilliset kuoret. Kysy tarjous. Nime\u00e4 aineistosi selke\u00e4sti! Ei n\u00e4in: h\u00e4\u00e4kutsu Vaan esimerkiksi n\u00e4in: Timo ja Sini Koivu H\u00e4\u00e4kutsu. 4 sivuinen kortti Koko: 148 x 210 mm V\u00e4rit: 4\/4 cmyk Paperi: kartonki Algro Design Advanced Yksipuolinen sellukartonki (GZ), hiokkeeton, [&hellip;]<\/p>\n","protected":false},"featured_media":7822,"template":"","meta":{"_acf_changed":false,"om_disable_all_campaigns":false,"_monsterinsights_skip_tracking":false,"_monsterinsights_sitenote_active":false,"_monsterinsights_sitenote_note":"","_monsterinsights_sitenote_category":0},"product_brand":[],"product_cat":[148],"product_tag":[200,201,202,203,181,182,188],"class_list":{"0":"post-6973","1":"product","2":"type-product","3":"status-publish","4":"has-post-thumbnail","6":"product_cat-haatuotteet","7":"product_tag-haa","8":"product_tag-haat","9":"product_tag-haatuote","10":"product_tag-haatuotteet","11":"product_tag-kortit","12":"product_tag-kortti","13":"product_tag-kutsukortit","14":"product_shipping_class-postipaketti","16":"first","17":"instock","18":"taxable","19":"shipping-taxable","20":"purchasable","21":"product-type-simple"},"acf":[],"aioseo_notices":[],"_links":{"self":[{"href":"https:\/\/www.roly24.com\/index.php\/wp-json\/wp\/v2\/product\/6973","targetHints":{"allow":["GET"]}}],"collection":[{"href":"https:\/\/www.roly24.com\/index.php\/wp-json\/wp\/v2\/product"}],"about":[{"href":"https:\/\/www.roly24.com\/index.php\/wp-json\/wp\/v2\/types\/product"}],"version-history":[{"count":0,"href":"https:\/\/www.roly24.com\/index.php\/wp-json\/wp\/v2\/product\/6973\/revisions"}],"wp:featuredmedia":[{"embeddable":true,"href":"https:\/\/www.roly24.com\/index.php\/wp-json\/wp\/v2\/media\/7822"}],"wp:attachment":[{"href":"https:\/\/www.roly24.com\/index.php\/wp-json\/wp\/v2\/media?parent=6973"}],"wp:term":[{"taxonomy":"product_brand","embeddable":true,"href":"https:\/\/www.roly24.com\/index.php\/wp-json\/wp\/v2\/product_brand?post=6973"},{"taxonomy":"product_cat","embeddable":true,"href":"https:\/\/www.roly24.com\/index.php\/wp-json\/wp\/v2\/product_cat?post=6973"},{"taxonomy":"product_tag","embeddable":true,"href":"https:\/\/www.roly24.com\/index.php\/wp-json\/wp\/v2\/product_tag?post=6973"}],"curies":[{"name":"wp","href":"https:\/\/api.w.org\/{rel}","templated":true}]}}