{"id":4603,"date":"2022-08-05T08:13:30","date_gmt":"2022-08-05T06:13:30","guid":{"rendered":"https:\/\/www.roly24.com\/?post_type=product&#038;p=4603"},"modified":"2024-12-12T10:43:58","modified_gmt":"2024-12-12T08:43:58","slug":"ruuvijalka","status":"publish","type":"product","link":"https:\/\/www.roly24.com\/index.php\/tuote\/ruuvijalka\/","title":{"rendered":"Ruuvijalka &#8211; Hinta alkaen"},"content":{"rendered":"<div class=\"animate\" data-delay=\"200\">\n<p><strong>Tuotenumero: 090203<\/strong><\/p>\n<p>Koko: 50 cm<br \/>\nPaino: 0,7 kg<br \/>\nRuuvijalka soveltuu hyvin lippujen kiinnitt\u00e4miseen pehme\u00e4\u00e4n maahan, kuten ruohoon.<\/p>\n<\/div>\n","protected":false},"excerpt":{"rendered":"<p>Tuotenumero: 090203 Koko: 50 cm Paino: 0,7 kg Ruuvijalka soveltuu hyvin lippujen kiinnitt\u00e4miseen pehme\u00e4\u00e4n maahan, kuten ruohoon.<\/p>\n","protected":false},"featured_media":7847,"template":"","meta":{"_acf_changed":false,"om_disable_all_campaigns":false,"_monsterinsights_skip_tracking":false,"_monsterinsights_sitenote_active":false,"_monsterinsights_sitenote_note":"","_monsterinsights_sitenote_category":0},"product_brand":[],"product_cat":[79,133,157,55],"product_tag":[232,231,229,37,234,230],"class_list":{"0":"post-4603","1":"product","2":"type-product","3":"status-publish","4":"has-post-thumbnail","6":"product_cat-beach-flag","7":"product_cat-lipunjalat","8":"product_cat-rollup-ja-beach-flag","9":"product_cat-roll-upit-ja-pop-up-seinat","10":"product_tag-jalka","11":"product_tag-jalkatuki","12":"product_tag-lippujalka","13":"product_tag-lomake","14":"product_tag-ruuvijalka","15":"product_tag-tukijalka","16":"product_shipping_class-postipaketti-2","18":"first","19":"instock","20":"taxable","21":"shipping-taxable","22":"purchasable","23":"product-type-simple"},"acf":[],"aioseo_notices":[],"_links":{"self":[{"href":"https:\/\/www.roly24.com\/index.php\/wp-json\/wp\/v2\/product\/4603","targetHints":{"allow":["GET"]}}],"collection":[{"href":"https:\/\/www.roly24.com\/index.php\/wp-json\/wp\/v2\/product"}],"about":[{"href":"https:\/\/www.roly24.com\/index.php\/wp-json\/wp\/v2\/types\/product"}],"version-history":[{"count":0,"href":"https:\/\/www.roly24.com\/index.php\/wp-json\/wp\/v2\/product\/4603\/revisions"}],"wp:featuredmedia":[{"embeddable":true,"href":"https:\/\/www.roly24.com\/index.php\/wp-json\/wp\/v2\/media\/7847"}],"wp:attachment":[{"href":"https:\/\/www.roly24.com\/index.php\/wp-json\/wp\/v2\/media?parent=4603"}],"wp:term":[{"taxonomy":"product_brand","embeddable":true,"href":"https:\/\/www.roly24.com\/index.php\/wp-json\/wp\/v2\/product_brand?post=4603"},{"taxonomy":"product_cat","embeddable":true,"href":"https:\/\/www.roly24.com\/index.php\/wp-json\/wp\/v2\/product_cat?post=4603"},{"taxonomy":"product_tag","embeddable":true,"href":"https:\/\/www.roly24.com\/index.php\/wp-json\/wp\/v2\/product_tag?post=4603"}],"curies":[{"name":"wp","href":"https:\/\/api.w.org\/{rel}","templated":true}]}}