{"id":2826,"date":"2022-06-07T13:21:31","date_gmt":"2022-06-07T11:21:31","guid":{"rendered":"https:\/\/www.roly24.com\/?post_type=product&#038;p=2826"},"modified":"2024-12-12T10:56:08","modified_gmt":"2024-12-12T08:56:08","slug":"micro-velour","status":"publish","type":"product","link":"https:\/\/www.roly24.com\/index.php\/tuote\/micro-velour\/","title":{"rendered":"Micro Velour \/ Sis\u00e4k\u00e4ytt\u00f6\u00f6n &#8211; Hinta alkaen"},"content":{"rendered":"<div class=\"animate\" data-delay=\"200\">\n<div class=\"head-content relative\">\n<div class=\"top-content\">\n<div class=\"container-fluid\">\n<div class=\"row materials\">\n<div class=\"col-12 col-md-12 col-lg-8\">\n<div class=\"animate\" data-delay=\"200\">\n<div class=\"animate\" data-delay=\"200\">\n<div class=\"animate\" data-delay=\"200\">\n<div data-delay=\"200\"><strong>Tuotenumero: 050301<\/strong><\/div>\n<div data-delay=\"200\"><\/div>\n<div class=\"animate\" data-delay=\"200\">\n<div class=\"animate\" data-delay=\"200\">Samettinen pintamateriaali. Micro Velourista saa sopivat bannerit, mutta my\u00f6s p\u00f6yt\u00e4liinat, tyynyliinat tai peitot.<\/div>\n<div data-delay=\"200\"><\/div>\n<div class=\"product-info mt-5\">\n<div class=\"title animate\" data-delay=\"300\">Tuotetiedot:<\/div>\n<div data-delay=\"300\"><\/div>\n<div class=\"row animate\" data-delay=\"500\">\n<div class=\"col-6 col-lg-3 col-md-6 single-tech\">\n<p><img decoding=\"async\" src=\"https:\/\/metroprint-media.com\/storage\/YMlCBP0iT9ehs54rw1HmU04Y3QBC6wEvnNAigBjz.svg\" alt=\"Sis\u00e4kaytt\u00f6\u00f6n\" width=\"56\" height=\"56\" \/>\u00a0 \u00a0 \u00a0 \u00a0 \u00a0 \u00a0 \u00a0 \u00a0 \u00a0 \u00a0 \u00a0 \u00a0 \u00a0 <img decoding=\"async\" src=\"https:\/\/metroprint-media.com\/images\/roll-width.svg\" alt=\"1,4m\" width=\"56\" height=\"56\" \/>\u00a0 \u00a0 \u00a0 \u00a0 \u00a0 \u00a0 \u00a0 \u00a0 <img decoding=\"async\" src=\"https:\/\/metroprint-media.com\/images\/material-weight.svg\" alt=\"170g\/m\u00b2\" width=\"56\" height=\"56\" \/><\/p>\n<div class=\"small-title\">Sis\u00e4k\u00e4ytt\u00f6\u00f6n\u00a0 \u00a0 \u00a0 \u00a0 \u00a0 \u00a0 \u00a0 \u00a0 \u00a0 \u00a0 \u00a0 1,4m\u00a0 \u00a0 \u00a0 \u00a0 \u00a0 \u00a0 \u00a0 \u00a0 \u00a0170g\/m\u00b2<\/div>\n<\/div>\n<div class=\"col-6 col-lg-3 col-md-6 single-tech\">\n<div class=\"small-title\"><\/div>\n<\/div>\n<div class=\"col-6 col-lg-3 col-md-6 single-tech\">\n<div class=\"small-title\"><\/div>\n<\/div>\n<\/div>\n<\/div>\n<\/div>\n<div class=\"product-info mt-5\">\n<div class=\"row animate\" data-delay=\"500\">\n<div class=\"col-6 col-lg-3 col-md-6 single-tech\">\n<div class=\"small-title\"><\/div>\n<\/div>\n<\/div>\n<\/div>\n<\/div>\n<div class=\"product-info mt-5\">\n<div class=\"row animate\" data-delay=\"500\">\n<div class=\"col-6 col-lg-3 col-md-6 single-tech\">\n<div class=\"small-title\"><\/div>\n<\/div>\n<\/div>\n<\/div>\n<\/div>\n<div class=\"product-info mt-5\">\n<div class=\"row animate\" data-delay=\"500\">\n<div class=\"col-6 col-lg-3 col-md-6 single-tech\">\n<div class=\"small-title\"><\/div>\n<\/div>\n<\/div>\n<\/div>\n<\/div>\n<div class=\"product-info mt-5\">\n<div class=\"row animate\" data-delay=\"500\">\n<div class=\"col-6 col-lg-3 col-md-6 single-tech\">\n<div class=\"small-title\"><\/div>\n<\/div>\n<\/div>\n<\/div>\n<p class=\"animate perspective product-cta\" data-delay=\"500\">\n<\/div>\n<\/div>\n<\/div>\n<\/div>\n<div class=\"bottom-scroll\"><\/div>\n<div class=\"clear\"><\/div>\n<\/div>\n<div class=\"container\"><\/div>\n<div class=\"footer no-hide\">\n<div class=\"black-part\">\n<div class=\"container\">\n<div class=\"row align-items-end\">\n<div class=\"col-lg-4\"><\/div>\n<\/div>\n<\/div>\n<\/div>\n<\/div>\n<\/div>\n<div class=\"product-info mt-5\">\n<div class=\"row animate\" data-delay=\"500\">\n<div class=\"col-6 col-lg-3 col-md-6 single-tech\">\n<div class=\"small-title\"><\/div>\n<\/div>\n<\/div>\n<\/div>\n<div class=\"head-content relative\">\n<div class=\"top-content\">\n<div class=\"container-fluid\">\n<div class=\"row materials\">\n<div class=\"col-12 col-md-12 col-lg-8\">\n<div class=\"product-info mt-5\">\n<div class=\"row animate\" data-delay=\"500\">\n<div class=\"col-6 col-lg-3 col-md-6 single-tech\">\n<div><\/div>\n<\/div>\n<div class=\"col-6 col-lg-3 col-md-6 single-tech\">\n<div class=\"small-title\"><\/div>\n<div><\/div>\n<\/div>\n<div class=\"col-6 col-lg-3 col-md-6 single-tech\">\n<div class=\"small-title\"><\/div>\n<div><\/div>\n<\/div>\n<div class=\"col-6 col-lg-3 col-md-6 single-tech\">\n<div class=\"small-title\"><\/div>\n<\/div>\n<\/div>\n<\/div>\n<p class=\"animate perspective product-cta\" data-delay=\"500\">\n<\/div>\n<\/div>\n<\/div>\n<\/div>\n<div class=\"bottom-scroll\"><\/div>\n<div class=\"clear\"><\/div>\n<\/div>\n<div class=\"container\">\n<div class=\"row portfolio\">\n<div class=\"col-12 animate\" data-delay=\"700\"><\/div>\n<\/div>\n<\/div>\n","protected":false},"excerpt":{"rendered":"<p>Tuotenumero: 050301 Samettinen pintamateriaali. Micro Velourista saa sopivat bannerit, mutta my\u00f6s p\u00f6yt\u00e4liinat, tyynyliinat tai peitot. Tuotetiedot: \u00a0 \u00a0 \u00a0 \u00a0 \u00a0 \u00a0 \u00a0 \u00a0 \u00a0 \u00a0 \u00a0 \u00a0 \u00a0 \u00a0 \u00a0 \u00a0 \u00a0 \u00a0 \u00a0 \u00a0 \u00a0 Sis\u00e4k\u00e4ytt\u00f6\u00f6n\u00a0 \u00a0 \u00a0 \u00a0 \u00a0 \u00a0 \u00a0 \u00a0 \u00a0 \u00a0 \u00a0 1,4m\u00a0 \u00a0 \u00a0 \u00a0 \u00a0 \u00a0 \u00a0 [&hellip;]<\/p>\n","protected":false},"featured_media":7872,"template":"","meta":{"_acf_changed":false,"om_disable_all_campaigns":false,"_monsterinsights_skip_tracking":false,"_monsterinsights_sitenote_active":false,"_monsterinsights_sitenote_note":"","_monsterinsights_sitenote_category":0},"product_brand":[],"product_cat":[59,41,152],"product_tag":[272,273,271,240,243,242,241],"class_list":{"0":"post-2826","1":"product","2":"type-product","3":"status-publish","4":"has-post-thumbnail","6":"product_cat-mainoskankaat","7":"product_cat-mainoslevyt-kankaat","8":"product_cat-mainoslevyt-ja-kankaat","9":"product_tag-kangas","10":"product_tag-kankaat","11":"product_tag-mainoskankaat","12":"product_tag-suurkuva","13":"product_tag-suurkuva-tuloste","14":"product_tag-suurkuvatuloste","15":"product_tag-tuloste","16":"product_shipping_class-postipaketti-2","18":"first","19":"instock","20":"taxable","21":"shipping-taxable","22":"purchasable","23":"product-type-simple"},"acf":[],"aioseo_notices":[],"_links":{"self":[{"href":"https:\/\/www.roly24.com\/index.php\/wp-json\/wp\/v2\/product\/2826","targetHints":{"allow":["GET"]}}],"collection":[{"href":"https:\/\/www.roly24.com\/index.php\/wp-json\/wp\/v2\/product"}],"about":[{"href":"https:\/\/www.roly24.com\/index.php\/wp-json\/wp\/v2\/types\/product"}],"version-history":[{"count":0,"href":"https:\/\/www.roly24.com\/index.php\/wp-json\/wp\/v2\/product\/2826\/revisions"}],"wp:featuredmedia":[{"embeddable":true,"href":"https:\/\/www.roly24.com\/index.php\/wp-json\/wp\/v2\/media\/7872"}],"wp:attachment":[{"href":"https:\/\/www.roly24.com\/index.php\/wp-json\/wp\/v2\/media?parent=2826"}],"wp:term":[{"taxonomy":"product_brand","embeddable":true,"href":"https:\/\/www.roly24.com\/index.php\/wp-json\/wp\/v2\/product_brand?post=2826"},{"taxonomy":"product_cat","embeddable":true,"href":"https:\/\/www.roly24.com\/index.php\/wp-json\/wp\/v2\/product_cat?post=2826"},{"taxonomy":"product_tag","embeddable":true,"href":"https:\/\/www.roly24.com\/index.php\/wp-json\/wp\/v2\/product_tag?post=2826"}],"curies":[{"name":"wp","href":"https:\/\/api.w.org\/{rel}","templated":true}]}}