{"id":2788,"date":"2022-06-07T12:29:04","date_gmt":"2022-06-07T10:29:04","guid":{"rendered":"https:\/\/www.roly24.com\/?post_type=product&#038;p=2788"},"modified":"2024-12-12T11:00:11","modified_gmt":"2024-12-12T09:00:11","slug":"airtex-magic-blockout","status":"publish","type":"product","link":"https:\/\/www.roly24.com\/index.php\/tuote\/airtex-magic-blockout\/","title":{"rendered":"Airtex Magic Blockout \/ Sis\u00e4- ja ulkok\u00e4ytt\u00f6\u00f6n &#8211; Hinta alkaen"},"content":{"rendered":"<div class=\"head-content relative\">\n<div class=\"top-content\">\n<div class=\"container-fluid\">\n<div class=\"row materials\">\n<div class=\"col-12 col-md-12 col-lg-8\">\n<div class=\"animate\" data-delay=\"200\">\n<div class=\"animate\" data-delay=\"200\">\n<p><strong>Tuotenumero: 050311<\/strong><\/p>\n<p>&nbsp;<\/p>\n<\/div>\n<div class=\"animate\" data-delay=\"200\">Kevyt ja ohut bannerimateriaali, josta valo ei kuulla l\u00e4pi.<\/div>\n<div data-delay=\"200\"><\/div>\n<div class=\"product-info mt-5\">\n<div class=\"title animate\" data-delay=\"300\">Tuotetiedot:<\/div>\n<div data-delay=\"300\"><\/div>\n<div class=\"row animate\" data-delay=\"500\">\n<div class=\"col-6 col-lg-3 col-md-6 single-tech\">\n<p>\u00a0 \u00a0 \u00a0<img decoding=\"async\" src=\"https:\/\/metroprint-media.com\/storage\/YMlCBP0iT9ehs54rw1HmU04Y3QBC6wEvnNAigBjz.svg\" alt=\"Sis\u00e4kaytt\u00f6\u00f6n\" width=\"56\" height=\"56\" \/>\u00a0 \u00a0 \u00a0 \u00a0 \u00a0 <img decoding=\"async\" src=\"https:\/\/metroprint-media.com\/storage\/lcNXuQy9rzNcTTcYR0MeRV1dvA4wWVdsRukAncnc.svg\" alt=\"Ulkok\u00e4ytt\u00f6\u00f6n\" width=\"56\" height=\"56\" \/>\u00a0 \u00a0 \u00a0 \u00a0 \u00a0 \u00a0 \u00a0 \u00a0 \u00a0 \u00a0 \u00a0 \u00a0 \u00a0 \u00a0 \u00a0 \u00a0 \u00a0<img decoding=\"async\" src=\"https:\/\/metroprint-media.com\/storage\/6Vj8MltubURRdL3tCifCM5Gx35KXHRpTEm0LlfNh.svg\" alt=\"Kaksipuolinen tulostus mahdollinen\" width=\"56\" height=\"56\" \/><\/p>\n<div class=\"small-title\">Sis\u00e4k\u00e4ytt\u00f6\u00f6n\u00a0 \u00a0 Ulkok\u00e4ytt\u00f6\u00f6n\u00a0 \u00a0 \u00a0Kaksipuolinen tulostus mahdollinen<\/div>\n<\/div>\n<div class=\"col-6 col-lg-3 col-md-6 single-tech\">\n<div class=\"small-title\"><\/div>\n<\/div>\n<div class=\"col-6 col-lg-3 col-md-6 single-tech\">\n<div class=\"small-title\"><\/div>\n<\/div>\n<div class=\"col-6 col-lg-3 col-md-6 single-tech\">\n<p>\u00a0 \u00a0 \u00a0 \u00a0 <img loading=\"lazy\" decoding=\"async\" src=\"https:\/\/metroprint-media.com\/storage\/1HPHV2MV7OLpnDhrxmi9PaY5XdnxCob7L31AnOVt.svg\" alt=\"My\u00f6s palonkest\u00e4v\u00e4\" width=\"56\" height=\"56\" \/>\u00a0 \u00a0 \u00a0 \u00a0 \u00a0 \u00a0 \u00a0 \u00a0 \u00a0 \u00a0<img loading=\"lazy\" decoding=\"async\" src=\"https:\/\/metroprint-media.com\/images\/roll-width.svg\" alt=\"3,2m\" width=\"56\" height=\"56\" \/>\u00a0 \u00a0 \u00a0 \u00a0 \u00a0 \u00a0<img loading=\"lazy\" decoding=\"async\" src=\"https:\/\/metroprint-media.com\/images\/material-weight.svg\" alt=\"350g\/m\u00b2\" width=\"56\" height=\"56\" \/><\/p>\n<div class=\"small-title\">My\u00f6s palonkest\u00e4v\u00e4\u00a0 \u00a0 \u00a0 \u00a0 \u00a0 \u00a03,2m\u00a0 \u00a0 \u00a0 \u00a0 \u00a0 \u00a0 \u00a0 350g\/m\u00b2<\/div>\n<\/div>\n<div class=\"col-6 col-lg-3 col-md-6 single-tech\">\n<div class=\"small-title\"><\/div>\n<\/div>\n<div class=\"col-6 col-lg-3 col-md-6 single-tech\">\n<div class=\"small-title\"><\/div>\n<\/div>\n<\/div>\n<\/div>\n<\/div>\n<\/div>\n<\/div>\n<\/div>\n<\/div>\n<\/div>\n<div class=\"head-content relative\">\n<div class=\"clear\"><\/div>\n<\/div>\n<div class=\"container\">\n<div class=\"row portfolio\">\n<div class=\"col-12 animate\" data-delay=\"700\"><\/div>\n<\/div>\n<\/div>\n","protected":false},"excerpt":{"rendered":"<p>Tuotenumero: 050311 &nbsp; Kevyt ja ohut bannerimateriaali, josta valo ei kuulla l\u00e4pi. Tuotetiedot: \u00a0 \u00a0 \u00a0\u00a0 \u00a0 \u00a0 \u00a0 \u00a0 \u00a0 \u00a0 \u00a0 \u00a0 \u00a0 \u00a0 \u00a0 \u00a0 \u00a0 \u00a0 \u00a0 \u00a0 \u00a0 \u00a0 \u00a0 \u00a0 \u00a0 Sis\u00e4k\u00e4ytt\u00f6\u00f6n\u00a0 \u00a0 Ulkok\u00e4ytt\u00f6\u00f6n\u00a0 \u00a0 \u00a0Kaksipuolinen tulostus mahdollinen \u00a0 \u00a0 \u00a0 \u00a0 \u00a0 \u00a0 \u00a0 \u00a0 \u00a0 \u00a0 \u00a0 [&hellip;]<\/p>\n","protected":false},"featured_media":7859,"template":"","meta":{"_acf_changed":false,"om_disable_all_campaigns":false,"_monsterinsights_skip_tracking":false,"_monsterinsights_sitenote_active":false,"_monsterinsights_sitenote_note":"","_monsterinsights_sitenote_category":0},"product_brand":[],"product_cat":[59,41,152],"product_tag":[272,273,271,240,243,242,241],"class_list":{"0":"post-2788","1":"product","2":"type-product","3":"status-publish","4":"has-post-thumbnail","6":"product_cat-mainoskankaat","7":"product_cat-mainoslevyt-kankaat","8":"product_cat-mainoslevyt-ja-kankaat","9":"product_tag-kangas","10":"product_tag-kankaat","11":"product_tag-mainoskankaat","12":"product_tag-suurkuva","13":"product_tag-suurkuva-tuloste","14":"product_tag-suurkuvatuloste","15":"product_tag-tuloste","16":"product_shipping_class-postipaketti-2","18":"first","19":"instock","20":"taxable","21":"shipping-taxable","22":"purchasable","23":"product-type-simple"},"acf":[],"aioseo_notices":[],"_links":{"self":[{"href":"https:\/\/www.roly24.com\/index.php\/wp-json\/wp\/v2\/product\/2788","targetHints":{"allow":["GET"]}}],"collection":[{"href":"https:\/\/www.roly24.com\/index.php\/wp-json\/wp\/v2\/product"}],"about":[{"href":"https:\/\/www.roly24.com\/index.php\/wp-json\/wp\/v2\/types\/product"}],"version-history":[{"count":0,"href":"https:\/\/www.roly24.com\/index.php\/wp-json\/wp\/v2\/product\/2788\/revisions"}],"wp:featuredmedia":[{"embeddable":true,"href":"https:\/\/www.roly24.com\/index.php\/wp-json\/wp\/v2\/media\/7859"}],"wp:attachment":[{"href":"https:\/\/www.roly24.com\/index.php\/wp-json\/wp\/v2\/media?parent=2788"}],"wp:term":[{"taxonomy":"product_brand","embeddable":true,"href":"https:\/\/www.roly24.com\/index.php\/wp-json\/wp\/v2\/product_brand?post=2788"},{"taxonomy":"product_cat","embeddable":true,"href":"https:\/\/www.roly24.com\/index.php\/wp-json\/wp\/v2\/product_cat?post=2788"},{"taxonomy":"product_tag","embeddable":true,"href":"https:\/\/www.roly24.com\/index.php\/wp-json\/wp\/v2\/product_tag?post=2788"}],"curies":[{"name":"wp","href":"https:\/\/api.w.org\/{rel}","templated":true}]}}