{"id":2779,"date":"2022-06-07T12:14:54","date_gmt":"2022-06-07T10:14:54","guid":{"rendered":"https:\/\/www.roly24.com\/?post_type=product&#038;p=2779"},"modified":"2024-12-12T11:03:08","modified_gmt":"2024-12-12T09:03:08","slug":"airmesh","status":"publish","type":"product","link":"https:\/\/www.roly24.com\/index.php\/tuote\/airmesh\/","title":{"rendered":"Airmesh \/ Sis\u00e4- ja ulkok\u00e4ytt\u00f6\u00f6n &#8211; Hinta alkaen"},"content":{"rendered":"<div class=\"product-info mt-5\">\n<div class=\"row animate\" data-delay=\"500\">\n<div class=\"col-6 col-lg-3 col-md-6 single-tech\">\n<div class=\"small-title\">\n<div class=\"animate\" data-delay=\"200\"><strong>Tuotenumero: 050315<\/strong><\/div>\n<div data-delay=\"200\"><\/div>\n<div class=\"animate\" data-delay=\"200\">Ultrakevyt kangas pienill\u00e4 ilmarei&#8217;ill\u00e4, sopii k\u00e4ytett\u00e4v\u00e4ksi tuulisissa olosuhteissa.<\/div>\n<div data-delay=\"200\"><\/div>\n<div class=\"product-info mt-5\">\n<div class=\"title animate\" data-delay=\"300\">Tuotetiedot:<\/div>\n<div data-delay=\"300\"><\/div>\n<div class=\"row animate\" data-delay=\"500\">\n<div class=\"col-6 col-lg-3 col-md-6 single-tech\">\n<p><img decoding=\"async\" src=\"https:\/\/metroprint-media.com\/storage\/YMlCBP0iT9ehs54rw1HmU04Y3QBC6wEvnNAigBjz.svg\" alt=\"Sis\u00e4kaytt\u00f6\u00f6n\" width=\"56\" height=\"56\" \/>\u00a0 \u00a0 \u00a0 \u00a0 \u00a0 \u00a0 \u00a0 \u00a0 \u00a0 <img decoding=\"async\" src=\"https:\/\/metroprint-media.com\/storage\/lcNXuQy9rzNcTTcYR0MeRV1dvA4wWVdsRukAncnc.svg\" alt=\"Ulkok\u00e4ytt\u00f6\u00f6n\" width=\"56\" height=\"56\" \/>\u00a0 \u00a0 \u00a0 \u00a0 \u00a0 \u00a0 \u00a0 \u00a0 \u00a0<img decoding=\"async\" src=\"https:\/\/metroprint-media.com\/storage\/1HPHV2MV7OLpnDhrxmi9PaY5XdnxCob7L31AnOVt.svg\" alt=\"My\u00f6s palonkest\u00e4v\u00e4\" width=\"56\" height=\"56\" \/><\/p>\n<div class=\"small-title\">Sis\u00e4k\u00e4ytt\u00f6\u00f6n\u00a0 \u00a0 \u00a0 Ulkok\u00e4ytt\u00f6\u00f6n\u00a0 \u00a0 My\u00f6s palonkest\u00e4v\u00e4<\/div>\n<\/div>\n<div class=\"col-6 col-lg-3 col-md-6 single-tech\">\n<div class=\"small-title\"><\/div>\n<\/div>\n<div class=\"col-6 col-lg-3 col-md-6 single-tech\">\n<div class=\"small-title\"><\/div>\n<\/div>\n<div class=\"col-6 col-lg-3 col-md-6 single-tech\">\n<p><img loading=\"lazy\" decoding=\"async\" src=\"https:\/\/metroprint-media.com\/images\/roll-width.svg\" alt=\"3,1m\" width=\"56\" height=\"56\" \/>\u00a0 \u00a0 \u00a0 \u00a0 \u00a0 \u00a0 \u00a0 \u00a0 \u00a0 <img loading=\"lazy\" decoding=\"async\" src=\"https:\/\/metroprint-media.com\/images\/material-weight.svg\" alt=\"115g\/m\u00b2\" width=\"56\" height=\"56\" \/>\u00a0 \u00a0 \u00a0 \u00a0 \u00a0 \u00a0 \u00a0 \u00a0 \u00a0 \u00a0 \u00a0 \u00a0 <img loading=\"lazy\" decoding=\"async\" src=\"https:\/\/metroprint-media.com\/storage\/orPrahggXzK5ScDMs4OghjoTRO2ST17w1hqadNcb.svg\" alt=\"Ymp\u00e4rist\u00f6yst\u00e4v\u00e4llinen tuote\" width=\"56\" height=\"56\" \/><\/p>\n<div class=\"small-title\">3,1m\u00a0 \u00a0 \u00a0 \u00a0 \u00a0 \u00a0 \u00a0 \u00a0 \u00a0 \u00a0 \u00a0 \u00a0115g\/m\u00b2\u00a0 \u00a0 \u00a0 \u00a0 Ymp\u00e4rist\u00f6yst\u00e4v\u00e4llinen tuote<\/div>\n<\/div>\n<div class=\"col-6 col-lg-3 col-md-6 single-tech\">\n<div class=\"small-title\"><\/div>\n<\/div>\n<\/div>\n<\/div>\n<\/div>\n<\/div>\n<div class=\"col-6 col-lg-3 col-md-6 single-tech\">\n<div class=\"small-title\"><\/div>\n<\/div>\n<\/div>\n<\/div>\n<div class=\"head-content relative\">\n<div class=\"top-content\">\n<div class=\"container-fluid\">\n<div class=\"row materials\">\n<div class=\"col-12 col-md-12 col-lg-8\">\n<div class=\"product-info mt-5\">\n<div class=\"row animate\" data-delay=\"500\">\n<div class=\"col-6 col-lg-3 col-md-6 single-tech\"><\/div>\n<div><\/div>\n<div class=\"col-6 col-lg-3 col-md-6 single-tech\">\n<div class=\"small-title\"><\/div>\n<div><\/div>\n<\/div>\n<div class=\"col-6 col-lg-3 col-md-6 single-tech\">\n<div class=\"small-title\"><\/div>\n<div><\/div>\n<\/div>\n<div class=\"col-6 col-lg-3 col-md-6 single-tech\">\n<div class=\"small-title\"><\/div>\n<div><\/div>\n<\/div>\n<div class=\"col-6 col-lg-3 col-md-6 single-tech\">\n<div class=\"small-title\"><\/div>\n<\/div>\n<\/div>\n<\/div>\n<p class=\"animate perspective product-cta\" data-delay=\"500\">\n<\/div>\n<\/div>\n<\/div>\n<\/div>\n<div class=\"bottom-scroll\"><\/div>\n<div class=\"clear\"><\/div>\n<\/div>\n<div class=\"container\">\n<div class=\"row portfolio\">\n<div class=\"col-12 animate\" data-delay=\"700\"><\/div>\n<\/div>\n<\/div>\n","protected":false},"excerpt":{"rendered":"<p>Tuotenumero: 050315 Ultrakevyt kangas pienill\u00e4 ilmarei&#8217;ill\u00e4, sopii k\u00e4ytett\u00e4v\u00e4ksi tuulisissa olosuhteissa. Tuotetiedot: \u00a0 \u00a0 \u00a0 \u00a0 \u00a0 \u00a0 \u00a0 \u00a0 \u00a0 \u00a0 \u00a0 \u00a0 \u00a0 \u00a0 \u00a0 \u00a0 \u00a0 \u00a0 Sis\u00e4k\u00e4ytt\u00f6\u00f6n\u00a0 \u00a0 \u00a0 Ulkok\u00e4ytt\u00f6\u00f6n\u00a0 \u00a0 My\u00f6s palonkest\u00e4v\u00e4 \u00a0 \u00a0 \u00a0 \u00a0 \u00a0 \u00a0 \u00a0 \u00a0 \u00a0 \u00a0 \u00a0 \u00a0 \u00a0 \u00a0 \u00a0 \u00a0 \u00a0 \u00a0 \u00a0 [&hellip;]<\/p>\n","protected":false},"featured_media":8195,"template":"","meta":{"_acf_changed":false,"om_disable_all_campaigns":false,"_monsterinsights_skip_tracking":false,"_monsterinsights_sitenote_active":false,"_monsterinsights_sitenote_note":"","_monsterinsights_sitenote_category":0},"product_brand":[],"product_cat":[152],"product_tag":[272,273,271,240,243,242,241],"class_list":{"0":"post-2779","1":"product","2":"type-product","3":"status-publish","4":"has-post-thumbnail","6":"product_cat-mainoslevyt-ja-kankaat","7":"product_tag-kangas","8":"product_tag-kankaat","9":"product_tag-mainoskankaat","10":"product_tag-suurkuva","11":"product_tag-suurkuva-tuloste","12":"product_tag-suurkuvatuloste","13":"product_tag-tuloste","14":"product_shipping_class-postipaketti-2","16":"first","17":"instock","18":"taxable","19":"shipping-taxable","20":"purchasable","21":"product-type-simple"},"acf":[],"aioseo_notices":[],"_links":{"self":[{"href":"https:\/\/www.roly24.com\/index.php\/wp-json\/wp\/v2\/product\/2779","targetHints":{"allow":["GET"]}}],"collection":[{"href":"https:\/\/www.roly24.com\/index.php\/wp-json\/wp\/v2\/product"}],"about":[{"href":"https:\/\/www.roly24.com\/index.php\/wp-json\/wp\/v2\/types\/product"}],"version-history":[{"count":0,"href":"https:\/\/www.roly24.com\/index.php\/wp-json\/wp\/v2\/product\/2779\/revisions"}],"wp:featuredmedia":[{"embeddable":true,"href":"https:\/\/www.roly24.com\/index.php\/wp-json\/wp\/v2\/media\/8195"}],"wp:attachment":[{"href":"https:\/\/www.roly24.com\/index.php\/wp-json\/wp\/v2\/media?parent=2779"}],"wp:term":[{"taxonomy":"product_brand","embeddable":true,"href":"https:\/\/www.roly24.com\/index.php\/wp-json\/wp\/v2\/product_brand?post=2779"},{"taxonomy":"product_cat","embeddable":true,"href":"https:\/\/www.roly24.com\/index.php\/wp-json\/wp\/v2\/product_cat?post=2779"},{"taxonomy":"product_tag","embeddable":true,"href":"https:\/\/www.roly24.com\/index.php\/wp-json\/wp\/v2\/product_tag?post=2779"}],"curies":[{"name":"wp","href":"https:\/\/api.w.org\/{rel}","templated":true}]}}