{"id":2125,"date":"2022-05-09T10:23:11","date_gmt":"2022-05-09T08:23:11","guid":{"rendered":"https:\/\/www.roly24.com\/?post_type=product&#038;p=2125"},"modified":"2025-09-01T07:09:27","modified_gmt":"2025-09-01T05:09:27","slug":"kuori-c4","status":"publish","type":"product","link":"https:\/\/www.roly24.com\/index.php\/tuote\/kuori-c4\/","title":{"rendered":"Kuori C4 &#8211; Hinta alkaen"},"content":{"rendered":"<p><strong>Tuotenumero: 070804<\/strong><\/p>\n<p>V\u00e4rit: 4-v\u00e4ri (cmyk) tai 1-v\u00e4ri (musta)<br \/>\nKoko 324&#215;229 mm<br \/>\nPaperi: valkoinen teippikuori<\/p>\n","protected":false},"excerpt":{"rendered":"<p>Tuotenumero: 070804 V\u00e4rit: 4-v\u00e4ri (cmyk) tai 1-v\u00e4ri (musta) Koko 324&#215;229 mm Paperi: valkoinen teippikuori<\/p>\n","protected":false},"featured_media":7775,"template":"","meta":{"_acf_changed":false,"om_disable_all_campaigns":false,"_monsterinsights_skip_tracking":false,"_monsterinsights_sitenote_active":false,"_monsterinsights_sitenote_note":"","_monsterinsights_sitenote_category":0},"product_brand":[],"product_cat":[67,54],"product_tag":[319,318,189,193,192],"class_list":{"0":"post-2125","1":"product","2":"type-product","3":"status-publish","4":"has-post-thumbnail","6":"product_cat-kirjekuoret","7":"product_cat-painotuotteet","8":"product_tag-ikkunakuoret","9":"product_tag-ikkunakuori","10":"product_tag-kirjekuoret","11":"product_tag-kuoret","12":"product_tag-kuori","13":"product_shipping_class-postipaketti","15":"first","16":"instock","17":"taxable","18":"shipping-taxable","19":"purchasable","20":"product-type-simple"},"acf":[],"aioseo_notices":[],"_links":{"self":[{"href":"https:\/\/www.roly24.com\/index.php\/wp-json\/wp\/v2\/product\/2125","targetHints":{"allow":["GET"]}}],"collection":[{"href":"https:\/\/www.roly24.com\/index.php\/wp-json\/wp\/v2\/product"}],"about":[{"href":"https:\/\/www.roly24.com\/index.php\/wp-json\/wp\/v2\/types\/product"}],"version-history":[{"count":0,"href":"https:\/\/www.roly24.com\/index.php\/wp-json\/wp\/v2\/product\/2125\/revisions"}],"wp:featuredmedia":[{"embeddable":true,"href":"https:\/\/www.roly24.com\/index.php\/wp-json\/wp\/v2\/media\/7775"}],"wp:attachment":[{"href":"https:\/\/www.roly24.com\/index.php\/wp-json\/wp\/v2\/media?parent=2125"}],"wp:term":[{"taxonomy":"product_brand","embeddable":true,"href":"https:\/\/www.roly24.com\/index.php\/wp-json\/wp\/v2\/product_brand?post=2125"},{"taxonomy":"product_cat","embeddable":true,"href":"https:\/\/www.roly24.com\/index.php\/wp-json\/wp\/v2\/product_cat?post=2125"},{"taxonomy":"product_tag","embeddable":true,"href":"https:\/\/www.roly24.com\/index.php\/wp-json\/wp\/v2\/product_tag?post=2125"}],"curies":[{"name":"wp","href":"https:\/\/api.w.org\/{rel}","templated":true}]}}