{"id":2056,"date":"2022-05-06T08:27:35","date_gmt":"2022-05-06T06:27:35","guid":{"rendered":"https:\/\/www.roly24.com\/?post_type=product&#038;p=2056"},"modified":"2025-09-01T07:12:03","modified_gmt":"2025-09-01T05:12:03","slug":"rollup-m","status":"publish","type":"product","link":"https:\/\/www.roly24.com\/index.php\/tuote\/rollup-m\/","title":{"rendered":"RollUp M &#8211; Kappalehinta alkaen"},"content":{"rendered":"<p><strong>Tuotenumero: 090303<\/strong><\/p>\n<p>Sis\u00e4k\u00e4ytt\u00f6\u00f6n.<br \/>\nHinta sis\u00e4lt\u00e4\u00e4 vuodan, koneiston ja kantokassin.<\/p>\n<ul>\n<li>RollUpit M<br \/>\nKoko 85 x 200cm<\/li>\n<\/ul>\n<p>Aineisto tehd\u00e4\u00e4n kokoon 85 x 200cm ilman mit\u00e4\u00e4n lis\u00e4merkkej\u00e4 tai leikkausvaroja.<\/p>\n","protected":false},"excerpt":{"rendered":"<p>Tuotenumero: 090303 Sis\u00e4k\u00e4ytt\u00f6\u00f6n. Hinta sis\u00e4lt\u00e4\u00e4 vuodan, koneiston ja kantokassin. RollUpit M Koko 85 x 200cm Aineisto tehd\u00e4\u00e4n kokoon 85 x 200cm ilman mit\u00e4\u00e4n lis\u00e4merkkej\u00e4 tai leikkausvaroja.<\/p>\n","protected":false},"featured_media":7799,"template":"","meta":{"_acf_changed":false,"om_disable_all_campaigns":false,"_monsterinsights_skip_tracking":false,"_monsterinsights_sitenote_active":false,"_monsterinsights_sitenote_note":"","_monsterinsights_sitenote_category":0},"product_brand":[],"product_cat":[157,55,58],"product_tag":[332],"class_list":{"0":"post-2056","1":"product","2":"type-product","3":"status-publish","4":"has-post-thumbnail","6":"product_cat-rollup-ja-beach-flag","7":"product_cat-roll-upit-ja-pop-up-seinat","8":"product_cat-rollupit","9":"product_tag-roll-up","10":"product_shipping_class-postipaketti-2","12":"first","13":"instock","14":"taxable","15":"shipping-taxable","16":"purchasable","17":"product-type-simple"},"acf":[],"aioseo_notices":[],"_links":{"self":[{"href":"https:\/\/www.roly24.com\/index.php\/wp-json\/wp\/v2\/product\/2056","targetHints":{"allow":["GET"]}}],"collection":[{"href":"https:\/\/www.roly24.com\/index.php\/wp-json\/wp\/v2\/product"}],"about":[{"href":"https:\/\/www.roly24.com\/index.php\/wp-json\/wp\/v2\/types\/product"}],"version-history":[{"count":0,"href":"https:\/\/www.roly24.com\/index.php\/wp-json\/wp\/v2\/product\/2056\/revisions"}],"wp:featuredmedia":[{"embeddable":true,"href":"https:\/\/www.roly24.com\/index.php\/wp-json\/wp\/v2\/media\/7799"}],"wp:attachment":[{"href":"https:\/\/www.roly24.com\/index.php\/wp-json\/wp\/v2\/media?parent=2056"}],"wp:term":[{"taxonomy":"product_brand","embeddable":true,"href":"https:\/\/www.roly24.com\/index.php\/wp-json\/wp\/v2\/product_brand?post=2056"},{"taxonomy":"product_cat","embeddable":true,"href":"https:\/\/www.roly24.com\/index.php\/wp-json\/wp\/v2\/product_cat?post=2056"},{"taxonomy":"product_tag","embeddable":true,"href":"https:\/\/www.roly24.com\/index.php\/wp-json\/wp\/v2\/product_tag?post=2056"}],"curies":[{"name":"wp","href":"https:\/\/api.w.org\/{rel}","templated":true}]}}