{"id":20289,"date":"2025-09-12T11:17:58","date_gmt":"2025-09-12T09:17:58","guid":{"rendered":"https:\/\/www.roly24.com\/?post_type=product&#038;p=20289"},"modified":"2026-03-13T14:35:10","modified_gmt":"2026-03-13T12:35:10","slug":"reppu-fenati-kappalehinta-alkaen","status":"publish","type":"product","link":"https:\/\/www.roly24.com\/index.php\/tuote\/reppu-fenati-kappalehinta-alkaen\/","title":{"rendered":"Reppu Fenati &#8211; Kappalehinta alkaen"},"content":{"rendered":"<p><strong>Tuotenumero 301405<\/strong><\/p>\n<p>Monitoimireppu PU-nahasta. Suuri p\u00e4\u00e4lokero, jossa on pidennett\u00e4v\u00e4 aukko ja turvakiinnitys. 18&#8243; pehmustettu sis\u00e4tasku.<br \/>\nUlkopuolella etutasku, jossa vedenpit\u00e4v\u00e4 vetoketjukiinnitys ja kaksi sivutaskua.<br \/>\nLaukkuhihna.<\/p>\n<p>Materiaali: PU-nahka<\/p>\n<p><strong>Mitat:<\/strong><br \/>\n[29 cm\/46 cm\/15 cm]<\/p>\n<p><strong>Tilavuus:<\/strong><br \/>\n21 l.<\/p>\n","protected":false},"excerpt":{"rendered":"<p>Tuotenumero 301405 Monitoimireppu PU-nahasta. Suuri p\u00e4\u00e4lokero, jossa on pidennett\u00e4v\u00e4 aukko ja turvakiinnitys. 18&#8243; pehmustettu sis\u00e4tasku. Ulkopuolella etutasku, jossa vedenpit\u00e4v\u00e4 vetoketjukiinnitys ja kaksi sivutaskua. Laukkuhihna. Materiaali: PU-nahka Mitat: [29 cm\/46 cm\/15 cm] Tilavuus: 21 l.<\/p>\n","protected":false},"featured_media":20290,"template":"","meta":{"_acf_changed":false,"om_disable_all_campaigns":false,"_monsterinsights_skip_tracking":false,"_monsterinsights_sitenote_active":false,"_monsterinsights_sitenote_note":"","_monsterinsights_sitenote_category":0},"product_brand":[],"product_cat":[647],"product_tag":[381,628,405,298],"class_list":{"0":"post-20289","1":"product","2":"type-product","3":"status-publish","4":"has-post-thumbnail","6":"product_cat-reput","7":"product_tag-kassi","8":"product_tag-kassi-painatus","9":"product_tag-ostoskassi","10":"product_tag-painatus","11":"product_shipping_class-postipaketti","13":"first","14":"instock","15":"taxable","16":"shipping-taxable","17":"purchasable","18":"product-type-simple"},"acf":[],"aioseo_notices":[],"_links":{"self":[{"href":"https:\/\/www.roly24.com\/index.php\/wp-json\/wp\/v2\/product\/20289","targetHints":{"allow":["GET"]}}],"collection":[{"href":"https:\/\/www.roly24.com\/index.php\/wp-json\/wp\/v2\/product"}],"about":[{"href":"https:\/\/www.roly24.com\/index.php\/wp-json\/wp\/v2\/types\/product"}],"version-history":[{"count":1,"href":"https:\/\/www.roly24.com\/index.php\/wp-json\/wp\/v2\/product\/20289\/revisions"}],"predecessor-version":[{"id":21408,"href":"https:\/\/www.roly24.com\/index.php\/wp-json\/wp\/v2\/product\/20289\/revisions\/21408"}],"wp:featuredmedia":[{"embeddable":true,"href":"https:\/\/www.roly24.com\/index.php\/wp-json\/wp\/v2\/media\/20290"}],"wp:attachment":[{"href":"https:\/\/www.roly24.com\/index.php\/wp-json\/wp\/v2\/media?parent=20289"}],"wp:term":[{"taxonomy":"product_brand","embeddable":true,"href":"https:\/\/www.roly24.com\/index.php\/wp-json\/wp\/v2\/product_brand?post=20289"},{"taxonomy":"product_cat","embeddable":true,"href":"https:\/\/www.roly24.com\/index.php\/wp-json\/wp\/v2\/product_cat?post=20289"},{"taxonomy":"product_tag","embeddable":true,"href":"https:\/\/www.roly24.com\/index.php\/wp-json\/wp\/v2\/product_tag?post=20289"}],"curies":[{"name":"wp","href":"https:\/\/api.w.org\/{rel}","templated":true}]}}