{"id":20138,"date":"2025-09-11T08:45:11","date_gmt":"2025-09-11T06:45:11","guid":{"rendered":"https:\/\/www.roly24.com\/?post_type=product&#038;p=20138"},"modified":"2025-12-30T15:17:35","modified_gmt":"2025-12-30T13:17:35","slug":"kassi-boden-kappalehinta-alkaen","status":"publish","type":"product","link":"https:\/\/www.roly24.com\/index.php\/tuote\/kassi-boden-kappalehinta-alkaen\/","title":{"rendered":"Kassi Boden &#8211; Kappalehinta alkaen"},"content":{"rendered":"<p><strong>Tuotenumero 301473<\/strong><\/p>\n<p>80 g\/m\u00b2 kuitukangaskassi, jossa vahvistetut 35 cm:n lyhyet kahvat ja l\u00e4mp\u00f6sinet\u00f6idyt reunat.<\/p>\n<p>Materiaali: 80 g\/m\u00b2 kuitukangas.<\/p>\n<p>Mitat:<br \/>\n[38 cm\/35 cm]<\/p>\n<div data-v-5ec54137=\"\"><\/div>\n<div data-v-5ec54137=\"\"><\/div>\n","protected":false},"excerpt":{"rendered":"<p>Tuotenumero 301473 80 g\/m\u00b2 kuitukangaskassi, jossa vahvistetut 35 cm:n lyhyet kahvat ja l\u00e4mp\u00f6sinet\u00f6idyt reunat. Materiaali: 80 g\/m\u00b2 kuitukangas. Mitat: [38 cm\/35 cm]<\/p>\n","protected":false},"featured_media":20139,"template":"","meta":{"_acf_changed":false,"om_disable_all_campaigns":false,"_monsterinsights_skip_tracking":false,"_monsterinsights_sitenote_active":false,"_monsterinsights_sitenote_note":"","_monsterinsights_sitenote_category":0},"product_brand":[],"product_cat":[363],"product_tag":[381,628,405,298],"class_list":{"0":"post-20138","1":"product","2":"type-product","3":"status-publish","4":"has-post-thumbnail","6":"product_cat-kassit","7":"product_tag-kassi","8":"product_tag-kassi-painatus","9":"product_tag-ostoskassi","10":"product_tag-painatus","11":"product_shipping_class-postipaketti","13":"first","14":"instock","15":"taxable","16":"shipping-taxable","17":"purchasable","18":"product-type-simple"},"acf":[],"aioseo_notices":[],"_links":{"self":[{"href":"https:\/\/www.roly24.com\/index.php\/wp-json\/wp\/v2\/product\/20138","targetHints":{"allow":["GET"]}}],"collection":[{"href":"https:\/\/www.roly24.com\/index.php\/wp-json\/wp\/v2\/product"}],"about":[{"href":"https:\/\/www.roly24.com\/index.php\/wp-json\/wp\/v2\/types\/product"}],"version-history":[{"count":1,"href":"https:\/\/www.roly24.com\/index.php\/wp-json\/wp\/v2\/product\/20138\/revisions"}],"predecessor-version":[{"id":21429,"href":"https:\/\/www.roly24.com\/index.php\/wp-json\/wp\/v2\/product\/20138\/revisions\/21429"}],"wp:featuredmedia":[{"embeddable":true,"href":"https:\/\/www.roly24.com\/index.php\/wp-json\/wp\/v2\/media\/20139"}],"wp:attachment":[{"href":"https:\/\/www.roly24.com\/index.php\/wp-json\/wp\/v2\/media?parent=20138"}],"wp:term":[{"taxonomy":"product_brand","embeddable":true,"href":"https:\/\/www.roly24.com\/index.php\/wp-json\/wp\/v2\/product_brand?post=20138"},{"taxonomy":"product_cat","embeddable":true,"href":"https:\/\/www.roly24.com\/index.php\/wp-json\/wp\/v2\/product_cat?post=20138"},{"taxonomy":"product_tag","embeddable":true,"href":"https:\/\/www.roly24.com\/index.php\/wp-json\/wp\/v2\/product_tag?post=20138"}],"curies":[{"name":"wp","href":"https:\/\/api.w.org\/{rel}","templated":true}]}}