{"id":20094,"date":"2025-09-03T12:05:51","date_gmt":"2025-09-03T10:05:51","guid":{"rendered":"https:\/\/www.roly24.com\/?post_type=product&#038;p=20094"},"modified":"2026-04-20T09:42:42","modified_gmt":"2026-04-20T07:42:42","slug":"kassi-foldable-toco-kappalehinta-alkaen","status":"publish","type":"product","link":"https:\/\/www.roly24.com\/index.php\/tuote\/kassi-foldable-toco-kappalehinta-alkaen\/","title":{"rendered":"taittuva polyesterikassi FOLDABLE TOCO &#8211; painettuna tai painamattomana"},"content":{"rendered":"<p><strong>Tuotenumero 301469<\/strong><\/p>\n<div class=\"flex flex-col text-sm pb-25\">\n<section class=\"text-token-text-primary w-full focus:outline-none [--shadow-height:45px] has-data-writing-block:pointer-events-none has-data-writing-block:-mt-(--shadow-height) has-data-writing-block:pt-(--shadow-height) [&amp;:has([data-writing-block])&gt;*]:pointer-events-auto scroll-mt-[calc(var(--header-height)+min(200px,max(70px,20svh)))]\" dir=\"auto\" data-turn-id=\"request-69dfb62b-f108-8392-bbc9-c9f436d44a4c-10\" data-testid=\"conversation-turn-90\" data-scroll-anchor=\"true\" data-turn=\"assistant\">\n<div class=\"text-base my-auto mx-auto pb-10 [--thread-content-margin:var(--thread-content-margin-xs,calc(var(--spacing)*4))] @w-sm\/main:[--thread-content-margin:var(--thread-content-margin-sm,calc(var(--spacing)*6))] @w-lg\/main:[--thread-content-margin:var(--thread-content-margin-lg,calc(var(--spacing)*16))] px-(--thread-content-margin)\">\n<div class=\"[--thread-content-max-width:40rem] @w-lg\/main:[--thread-content-max-width:48rem] mx-auto max-w-(--thread-content-max-width) flex-1 group\/turn-messages focus-visible:outline-hidden relative flex w-full min-w-0 flex-col agent-turn\">\n<div class=\"flex max-w-full flex-col gap-4 grow\">\n<div class=\"min-h-8 text-message relative flex w-full flex-col items-end gap-2 text-start break-words whitespace-normal outline-none keyboard-focused:focus-ring [.text-message+&amp;]:mt-1\" dir=\"auto\" tabindex=\"0\" data-message-author-role=\"assistant\" data-message-id=\"a0329bb9-baf3-4b05-826b-2fea078a150b\" data-message-model-slug=\"gpt-5-3\" data-turn-start-message=\"true\">\n<div class=\"flex w-full flex-col gap-1 empty:hidden\">\n<div class=\"markdown prose dark:prose-invert w-full wrap-break-word light markdown-new-styling\">\n<h4 data-start=\"0\" data-end=\"84\"><strong>Foldable Toco kangaskassi painatuksella tai ilman \u2013 taittuva polyesterikassi 190T<\/strong><\/h4>\n<p data-start=\"86\" data-end=\"363\"><strong data-start=\"86\" data-end=\"115\">Foldable Toco kangaskassi<\/strong> on kevyt ja k\u00e4yt\u00e4nn\u00f6llinen <strong data-start=\"143\" data-end=\"197\">190T polyesterist\u00e4 valmistettu taittuva ostoskassi<\/strong>, joka sopii erinomaisesti <strong data-start=\"224\" data-end=\"278\">yrityksille, tapahtumiin ja p\u00e4ivitt\u00e4iseen k\u00e4ytt\u00f6\u00f6n<\/strong>. Se toimii hyvin <strong data-start=\"296\" data-end=\"362\">kangaskassina logolla, promootiotuotteena sek\u00e4 j\u00e4lleenmyyntiin<\/strong>.<\/p>\n<p data-start=\"365\" data-end=\"655\">Kassin koko <strong data-start=\"377\" data-end=\"397\">42,5 x 38 x 7 cm<\/strong> tarjoaa hyv\u00e4n tilavuuden ostoksille ja tuotteille. Kevyt mutta kest\u00e4v\u00e4 <strong data-start=\"469\" data-end=\"498\">190T polyesterimateriaali<\/strong> tekee kassista helposti mukana kuljetettavan. <strong data-start=\"545\" data-end=\"595\">Taitettava rakenne ja k\u00e4yt\u00e4nn\u00f6llinen kuminauha<\/strong> mahdollistavat kompaktin s\u00e4ilytyksen ja helpon kuljetuksen.<\/p>\n<p data-start=\"657\" data-end=\"752\">Kassissa on <strong data-start=\"669\" data-end=\"692\">tikattu viimeistely<\/strong>, joka tuo tuotteeseen ryhdikk\u00e4\u00e4n ja viimeistellyn ulkon\u00e4\u00f6n.<\/p>\n<p data-start=\"754\" data-end=\"1058\"><strong data-start=\"754\" data-end=\"833\">Foldable Toco kangaskassi on saatavilla painatuksella tai ilman painatusta.<\/strong><br data-start=\"833\" data-end=\"836\" \/>Painettu kangaskassi toimii tehokkaana <strong data-start=\"875\" data-end=\"900\">markkinointiv\u00e4lineen\u00e4<\/strong> ja lis\u00e4\u00e4 br\u00e4ndin n\u00e4kyvyytt\u00e4. Ilman painatusta se sopii hyvin <strong data-start=\"962\" data-end=\"998\">j\u00e4lleenmyyntiin ja yleisk\u00e4ytt\u00f6\u00f6n<\/strong>.<br data-start=\"999\" data-end=\"1002\" \/><strong data-start=\"1002\" data-end=\"1018\">DTF-painatus<\/strong> takaa tarkan ja kest\u00e4v\u00e4n lopputuloksen.<\/p>\n<h3 data-start=\"1060\" data-end=\"1076\">Ominaisuudet<\/h3>\n<p data-start=\"1078\" data-end=\"1305\">Materiaali: Polyesteri 190T<br data-start=\"1105\" data-end=\"1108\" \/>Mitat: 42,5 x 38 x 7 cm<br data-start=\"1131\" data-end=\"1134\" \/>Rakenne: Taittuva, kuminauhalla suljettava<br data-start=\"1176\" data-end=\"1179\" \/>Viimeistely: Tikattu<br data-start=\"1199\" data-end=\"1202\" \/>Painatus: DTF-painatus<br data-start=\"1224\" data-end=\"1227\" \/>Saatavilla: painatuksella tai ilman painatusta<br data-start=\"1273\" data-end=\"1276\" \/>Toimitusaika: noin 1 viikko<\/p>\n<h3 data-start=\"1307\" data-end=\"1349\">Miksi valita Foldable Toco kangaskassi<\/h3>\n<p data-start=\"1351\" data-end=\"1548\">Kevyt ja helposti mukaan otettava kangaskassi<br data-start=\"1396\" data-end=\"1399\" \/>Sopii <strong data-start=\"1405\" data-end=\"1452\">kangaskassiksi logolla tai ilman painatusta<\/strong><br data-start=\"1452\" data-end=\"1455\" \/>Erinomainen valinta <strong data-start=\"1475\" data-end=\"1515\">yrityksille, tapahtumiin ja myyntiin<\/strong><br data-start=\"1515\" data-end=\"1518\" \/>Tyylik\u00e4s tikattu viimeistely<\/p>\n<h3 data-start=\"1550\" data-end=\"1567\">K\u00e4ytt\u00f6kohteet<\/h3>\n<p data-start=\"1569\" data-end=\"1730\">Kangaskassi painatuksella yrityksille<br data-start=\"1606\" data-end=\"1609\" \/>Kangaskassi logolla messuille ja tapahtumiin<br data-start=\"1653\" data-end=\"1656\" \/>Kangaskassi j\u00e4lleenmyyntiin<br data-start=\"1683\" data-end=\"1686\" \/>Taittuva ostoskassi p\u00e4ivitt\u00e4iseen k\u00e4ytt\u00f6\u00f6n<\/p>\n<h3 data-start=\"1732\" data-end=\"1760\">Usein kysytyt kysymykset<\/h3>\n<p data-start=\"1762\" data-end=\"1864\"><strong data-start=\"1762\" data-end=\"1802\">Onko Foldable Toco kangaskassi kevyt<\/strong><br data-start=\"1802\" data-end=\"1805\" \/>Kyll\u00e4, kassi on valmistettu <strong data-start=\"1833\" data-end=\"1864\">kevyest\u00e4 190T polyesterist\u00e4<\/strong><\/p>\n<p data-start=\"1866\" data-end=\"2002\"><strong data-start=\"1866\" data-end=\"1904\">Voiko kassiin painattaa oman logon<\/strong><br data-start=\"1904\" data-end=\"1907\" \/>Kyll\u00e4, kangaskassi on saatavilla painatuksella ja <strong data-start=\"1957\" data-end=\"1973\">DTF-painatus<\/strong> takaa kest\u00e4v\u00e4n lopputuloksen<\/p>\n<p data-start=\"2004\" data-end=\"2115\"><strong data-start=\"2004\" data-end=\"2044\">Voiko kassin tilata ilman painatusta<\/strong><br data-start=\"2044\" data-end=\"2047\" \/>Kyll\u00e4, Foldable Toco kangaskassi on saatavilla my\u00f6s ilman painatusta<\/p>\n<p data-start=\"2117\" data-end=\"2173\" data-is-last-node=\"\" data-is-only-node=\"\"><strong data-start=\"2117\" data-end=\"2141\">Mik\u00e4 on toimitusaika<\/strong><br data-start=\"2141\" data-end=\"2144\" \/>Toimitusaika on noin 1 viikko<\/p>\n<\/div>\n<\/div>\n<\/div>\n<\/div>\n<\/div>\n<\/div>\n<\/section>\n<\/div>\n","protected":false},"excerpt":{"rendered":"<p>Tuotenumero 301469 Foldable Toco kangaskassi painatuksella tai ilman \u2013 taittuva polyesterikassi 190T Foldable Toco kangaskassi on kevyt ja k\u00e4yt\u00e4nn\u00f6llinen 190T polyesterist\u00e4 valmistettu taittuva ostoskassi, joka sopii erinomaisesti yrityksille, tapahtumiin ja p\u00e4ivitt\u00e4iseen k\u00e4ytt\u00f6\u00f6n. Se toimii hyvin kangaskassina logolla, promootiotuotteena sek\u00e4 j\u00e4lleenmyyntiin. Kassin koko 42,5 x 38 x 7 cm tarjoaa hyv\u00e4n tilavuuden ostoksille ja tuotteille. Kevyt [&hellip;]<\/p>\n","protected":false},"featured_media":20095,"template":"","meta":{"_acf_changed":false,"om_disable_all_campaigns":false,"_monsterinsights_skip_tracking":false,"_monsterinsights_sitenote_active":false,"_monsterinsights_sitenote_note":"","_monsterinsights_sitenote_category":0},"product_brand":[],"product_cat":[363],"product_tag":[381,628,405,298],"class_list":{"0":"post-20094","1":"product","2":"type-product","3":"status-publish","4":"has-post-thumbnail","6":"product_cat-kassit","7":"product_tag-kassi","8":"product_tag-kassi-painatus","9":"product_tag-ostoskassi","10":"product_tag-painatus","11":"product_shipping_class-postipaketti","13":"first","14":"instock","15":"taxable","16":"shipping-taxable","17":"purchasable","18":"product-type-simple"},"acf":[],"aioseo_notices":[],"_links":{"self":[{"href":"https:\/\/www.roly24.com\/index.php\/wp-json\/wp\/v2\/product\/20094","targetHints":{"allow":["GET"]}}],"collection":[{"href":"https:\/\/www.roly24.com\/index.php\/wp-json\/wp\/v2\/product"}],"about":[{"href":"https:\/\/www.roly24.com\/index.php\/wp-json\/wp\/v2\/types\/product"}],"version-history":[{"count":2,"href":"https:\/\/www.roly24.com\/index.php\/wp-json\/wp\/v2\/product\/20094\/revisions"}],"predecessor-version":[{"id":22369,"href":"https:\/\/www.roly24.com\/index.php\/wp-json\/wp\/v2\/product\/20094\/revisions\/22369"}],"wp:featuredmedia":[{"embeddable":true,"href":"https:\/\/www.roly24.com\/index.php\/wp-json\/wp\/v2\/media\/20095"}],"wp:attachment":[{"href":"https:\/\/www.roly24.com\/index.php\/wp-json\/wp\/v2\/media?parent=20094"}],"wp:term":[{"taxonomy":"product_brand","embeddable":true,"href":"https:\/\/www.roly24.com\/index.php\/wp-json\/wp\/v2\/product_brand?post=20094"},{"taxonomy":"product_cat","embeddable":true,"href":"https:\/\/www.roly24.com\/index.php\/wp-json\/wp\/v2\/product_cat?post=20094"},{"taxonomy":"product_tag","embeddable":true,"href":"https:\/\/www.roly24.com\/index.php\/wp-json\/wp\/v2\/product_tag?post=20094"}],"curies":[{"name":"wp","href":"https:\/\/api.w.org\/{rel}","templated":true}]}}