{"id":20070,"date":"2025-09-03T11:15:28","date_gmt":"2025-09-03T09:15:28","guid":{"rendered":"https:\/\/www.roly24.com\/?post_type=product&#038;p=20070"},"modified":"2026-04-20T10:23:47","modified_gmt":"2026-04-20T08:23:47","slug":"kassi-kirk-kappalehinta-alkaen","status":"publish","type":"product","link":"https:\/\/www.roly24.com\/index.php\/tuote\/kassi-kirk-kappalehinta-alkaen\/","title":{"rendered":"Kierr\u00e4tetty denimkassi vetoketjutaskulla KIRK &#8211; painettuna tai painamattomana"},"content":{"rendered":"<p><strong>Tuotenumero 301466<\/strong><\/p>\n<div class=\"relative basis-auto flex-col -mb-(--composer-overlap-px) pb-(--composer-overlap-px) [--composer-overlap-px:28px] grow flex\">\n<div class=\"flex flex-col text-sm pb-25\">\n<section class=\"text-token-text-primary w-full focus:outline-none [--shadow-height:45px] has-data-writing-block:pointer-events-none has-data-writing-block:-mt-(--shadow-height) has-data-writing-block:pt-(--shadow-height) [&amp;:has([data-writing-block])&gt;*]:pointer-events-auto scroll-mt-[calc(var(--header-height)+min(200px,max(70px,20svh)))]\" dir=\"auto\" data-turn-id=\"request-69dfb62b-f108-8392-bbc9-c9f436d44a4c-15\" data-testid=\"conversation-turn-100\" data-scroll-anchor=\"true\" data-turn=\"assistant\">\n<div class=\"text-base my-auto mx-auto pb-10 [--thread-content-margin:var(--thread-content-margin-xs,calc(var(--spacing)*4))] @w-sm\/main:[--thread-content-margin:var(--thread-content-margin-sm,calc(var(--spacing)*6))] @w-lg\/main:[--thread-content-margin:var(--thread-content-margin-lg,calc(var(--spacing)*16))] px-(--thread-content-margin)\">\n<div class=\"[--thread-content-max-width:40rem] @w-lg\/main:[--thread-content-max-width:48rem] mx-auto max-w-(--thread-content-max-width) flex-1 group\/turn-messages focus-visible:outline-hidden relative flex w-full min-w-0 flex-col agent-turn\">\n<div class=\"flex max-w-full flex-col gap-4 grow\">\n<div class=\"min-h-8 text-message relative flex w-full flex-col items-end gap-2 text-start break-words whitespace-normal outline-none keyboard-focused:focus-ring [.text-message+&amp;]:mt-1\" dir=\"auto\" tabindex=\"0\" data-message-author-role=\"assistant\" data-message-id=\"6b01cc4d-c075-4b69-95b0-36d3fd4d6cd9\" data-message-model-slug=\"gpt-5-3\" data-turn-start-message=\"true\">\n<div class=\"flex w-full flex-col gap-1 empty:hidden\">\n<div class=\"markdown prose dark:prose-invert w-full wrap-break-word light markdown-new-styling\">\n<h4 data-start=\"0\" data-end=\"95\"><strong>Kirk kangaskassi painatuksella tai ilman \u2013 kierr\u00e4tetty denimkassi vetoketjutaskulla 280 g\/m\u00b2<\/strong><\/h4>\n<p data-start=\"97\" data-end=\"363\"><strong data-start=\"97\" data-end=\"117\">Kirk kangaskassi<\/strong> on kest\u00e4v\u00e4 ja tyylik\u00e4s <strong data-start=\"141\" data-end=\"197\">kierr\u00e4tetyst\u00e4 denimkankaasta valmistettu kangaskassi<\/strong>, joka sopii erinomaisesti <strong data-start=\"224\" data-end=\"278\">yrityksille, tapahtumiin ja p\u00e4ivitt\u00e4iseen k\u00e4ytt\u00f6\u00f6n<\/strong>. Se toimii hyvin <strong data-start=\"296\" data-end=\"362\">kangaskassina logolla, promootiotuotteena sek\u00e4 j\u00e4lleenmyyntiin<\/strong>.<\/p>\n<p data-start=\"365\" data-end=\"671\">Kassin koko <strong data-start=\"377\" data-end=\"395\">38 x 43 x 9 cm<\/strong> tarjoaa hyv\u00e4n tilavuuden ostoksille ja tuotteille. <strong data-start=\"447\" data-end=\"462\">Pohjalevike<\/strong> lis\u00e4\u00e4 tilavuutta ja tekee kassista k\u00e4yt\u00e4nn\u00f6llisemm\u00e4n. <strong data-start=\"517\" data-end=\"544\">70 cm pitk\u00e4t olkahihnat<\/strong> tekev\u00e4t kassista mukavan kantaa olalla. Vahva <strong data-start=\"591\" data-end=\"619\">280 g\/m\u00b2 denimmateriaali<\/strong> tekee kassista j\u00e4m\u00e4k\u00e4n ja pitk\u00e4ik\u00e4isen vaihtoehdon.<\/p>\n<p data-start=\"673\" data-end=\"863\">Kassissa on <strong data-start=\"685\" data-end=\"713\">vetoketjullinen etutasku<\/strong>, joka tuo lis\u00e4tilaa ja mahdollistaa pienten tavaroiden turvallisen s\u00e4ilytyksen. Kierr\u00e4tetty denim antaa kassille <strong data-start=\"827\" data-end=\"862\">trendikk\u00e4\u00e4n ja erottuvan ilmeen<\/strong>.<\/p>\n<p data-start=\"865\" data-end=\"1160\"><strong data-start=\"865\" data-end=\"935\">Kirk kangaskassi on saatavilla painatuksella tai ilman painatusta.<\/strong><br data-start=\"935\" data-end=\"938\" \/>Painettu kangaskassi toimii tehokkaana <strong data-start=\"977\" data-end=\"1002\">markkinointiv\u00e4lineen\u00e4<\/strong> ja lis\u00e4\u00e4 br\u00e4ndin n\u00e4kyvyytt\u00e4. Ilman painatusta se sopii hyvin <strong data-start=\"1064\" data-end=\"1100\">j\u00e4lleenmyyntiin ja yleisk\u00e4ytt\u00f6\u00f6n<\/strong>.<br data-start=\"1101\" data-end=\"1104\" \/><strong data-start=\"1104\" data-end=\"1120\">DTF-painatus<\/strong> takaa tarkan ja kest\u00e4v\u00e4n lopputuloksen.<\/p>\n<h3 data-start=\"1162\" data-end=\"1178\">Ominaisuudet<\/h3>\n<p data-start=\"1180\" data-end=\"1481\">Materiaali: Kierr\u00e4tetty denimikangas<br data-start=\"1216\" data-end=\"1219\" \/>Paino: 280 g\/m\u00b2<br data-start=\"1234\" data-end=\"1237\" \/>Mitat: 38 x 43 x 9 cm<br data-start=\"1258\" data-end=\"1261\" \/>Kahvat: 70 cm pitk\u00e4t olkahihnat<br data-start=\"1292\" data-end=\"1295\" \/>Rakenne: Pohjalevike lis\u00e4\u00e4 tilavuutta<br data-start=\"1332\" data-end=\"1335\" \/>Lis\u00e4ominaisuus: Vetoketjullinen etutasku<br data-start=\"1375\" data-end=\"1378\" \/>Painatus: DTF-painatus<br data-start=\"1400\" data-end=\"1403\" \/>Saatavilla: painatuksella tai ilman painatusta<br data-start=\"1449\" data-end=\"1452\" \/>Toimitusaika: noin 1 viikko<\/p>\n<h3 data-start=\"1483\" data-end=\"1516\">Miksi valita Kirk kangaskassi<\/h3>\n<p data-start=\"1518\" data-end=\"1724\">Kest\u00e4v\u00e4 kangaskassi kierr\u00e4tetyst\u00e4 denimist\u00e4<br data-start=\"1561\" data-end=\"1564\" \/>Sopii <strong data-start=\"1570\" data-end=\"1617\">kangaskassiksi logolla tai ilman painatusta<\/strong><br data-start=\"1617\" data-end=\"1620\" \/>Erinomainen valinta <strong data-start=\"1640\" data-end=\"1680\">yrityksille, tapahtumiin ja myyntiin<\/strong><br data-start=\"1680\" data-end=\"1683\" \/>Tyylik\u00e4s ja k\u00e4yt\u00e4nn\u00f6llinen lis\u00e4taskulla<\/p>\n<h3 data-start=\"1726\" data-end=\"1743\">K\u00e4ytt\u00f6kohteet<\/h3>\n<p data-start=\"1745\" data-end=\"1905\">Kangaskassi painatuksella yrityksille<br data-start=\"1782\" data-end=\"1785\" \/>Kangaskassi logolla messuille ja tapahtumiin<br data-start=\"1829\" data-end=\"1832\" \/>Kangaskassi j\u00e4lleenmyyntiin<br data-start=\"1859\" data-end=\"1862\" \/>Kest\u00e4v\u00e4 ostoskassi p\u00e4ivitt\u00e4iseen k\u00e4ytt\u00f6\u00f6n<\/p>\n<h3 data-start=\"1907\" data-end=\"1935\">Usein kysytyt kysymykset<\/h3>\n<p data-start=\"1937\" data-end=\"2050\"><strong data-start=\"1937\" data-end=\"1987\">Onko Kirk kangaskassi kierr\u00e4tetty\u00e4 materiaalia<\/strong><br data-start=\"1987\" data-end=\"1990\" \/>Kyll\u00e4, kassi on valmistettu <strong data-start=\"2018\" data-end=\"2050\">kierr\u00e4tetyst\u00e4 denimkankaasta<\/strong><\/p>\n<p data-start=\"2052\" data-end=\"2188\"><strong data-start=\"2052\" data-end=\"2090\">Voiko kassiin painattaa oman logon<\/strong><br data-start=\"2090\" data-end=\"2093\" \/>Kyll\u00e4, kangaskassi on saatavilla painatuksella ja <strong data-start=\"2143\" data-end=\"2159\">DTF-painatus<\/strong> takaa kest\u00e4v\u00e4n lopputuloksen<\/p>\n<p data-start=\"2190\" data-end=\"2292\"><strong data-start=\"2190\" data-end=\"2230\">Voiko kassin tilata ilman painatusta<\/strong><br data-start=\"2230\" data-end=\"2233\" \/>Kyll\u00e4, Kirk kangaskassi on saatavilla my\u00f6s ilman painatusta<\/p>\n<p data-start=\"2294\" data-end=\"2350\" data-is-last-node=\"\" data-is-only-node=\"\"><strong data-start=\"2294\" data-end=\"2318\">Mik\u00e4 on toimitusaika<\/strong><br data-start=\"2318\" data-end=\"2321\" \/>Toimitusaika on noin 1 viikko<\/p>\n<\/div>\n<\/div>\n<\/div>\n<\/div>\n<\/div>\n<\/div>\n<\/section>\n<\/div>\n<\/div>\n","protected":false},"excerpt":{"rendered":"<p>Tuotenumero 301466 Kirk kangaskassi painatuksella tai ilman \u2013 kierr\u00e4tetty denimkassi vetoketjutaskulla 280 g\/m\u00b2 Kirk kangaskassi on kest\u00e4v\u00e4 ja tyylik\u00e4s kierr\u00e4tetyst\u00e4 denimkankaasta valmistettu kangaskassi, joka sopii erinomaisesti yrityksille, tapahtumiin ja p\u00e4ivitt\u00e4iseen k\u00e4ytt\u00f6\u00f6n. Se toimii hyvin kangaskassina logolla, promootiotuotteena sek\u00e4 j\u00e4lleenmyyntiin. Kassin koko 38 x 43 x 9 cm tarjoaa hyv\u00e4n tilavuuden ostoksille ja tuotteille. Pohjalevike lis\u00e4\u00e4 [&hellip;]<\/p>\n","protected":false},"featured_media":20071,"template":"","meta":{"_acf_changed":false,"om_disable_all_campaigns":false,"_monsterinsights_skip_tracking":false,"_monsterinsights_sitenote_active":false,"_monsterinsights_sitenote_note":"","_monsterinsights_sitenote_category":0},"product_brand":[],"product_cat":[363],"product_tag":[381,628,405,298],"class_list":{"0":"post-20070","1":"product","2":"type-product","3":"status-publish","4":"has-post-thumbnail","6":"product_cat-kassit","7":"product_tag-kassi","8":"product_tag-kassi-painatus","9":"product_tag-ostoskassi","10":"product_tag-painatus","11":"product_shipping_class-postipaketti","13":"first","14":"instock","15":"taxable","16":"shipping-taxable","17":"purchasable","18":"product-type-simple"},"acf":[],"aioseo_notices":[],"_links":{"self":[{"href":"https:\/\/www.roly24.com\/index.php\/wp-json\/wp\/v2\/product\/20070","targetHints":{"allow":["GET"]}}],"collection":[{"href":"https:\/\/www.roly24.com\/index.php\/wp-json\/wp\/v2\/product"}],"about":[{"href":"https:\/\/www.roly24.com\/index.php\/wp-json\/wp\/v2\/types\/product"}],"version-history":[{"count":3,"href":"https:\/\/www.roly24.com\/index.php\/wp-json\/wp\/v2\/product\/20070\/revisions"}],"predecessor-version":[{"id":22375,"href":"https:\/\/www.roly24.com\/index.php\/wp-json\/wp\/v2\/product\/20070\/revisions\/22375"}],"wp:featuredmedia":[{"embeddable":true,"href":"https:\/\/www.roly24.com\/index.php\/wp-json\/wp\/v2\/media\/20071"}],"wp:attachment":[{"href":"https:\/\/www.roly24.com\/index.php\/wp-json\/wp\/v2\/media?parent=20070"}],"wp:term":[{"taxonomy":"product_brand","embeddable":true,"href":"https:\/\/www.roly24.com\/index.php\/wp-json\/wp\/v2\/product_brand?post=20070"},{"taxonomy":"product_cat","embeddable":true,"href":"https:\/\/www.roly24.com\/index.php\/wp-json\/wp\/v2\/product_cat?post=20070"},{"taxonomy":"product_tag","embeddable":true,"href":"https:\/\/www.roly24.com\/index.php\/wp-json\/wp\/v2\/product_tag?post=20070"}],"curies":[{"name":"wp","href":"https:\/\/api.w.org\/{rel}","templated":true}]}}