{"id":20062,"date":"2025-09-02T13:25:14","date_gmt":"2025-09-02T11:25:14","guid":{"rendered":"https:\/\/www.roly24.com\/?post_type=product&#038;p=20062"},"modified":"2026-04-20T10:32:53","modified_gmt":"2026-04-20T08:32:53","slug":"kassi-mafil-kappalehinta-alkaen","status":"publish","type":"product","link":"https:\/\/www.roly24.com\/index.php\/tuote\/kassi-mafil-kappalehinta-alkaen\/","title":{"rendered":"Hamppukassi pohjalevikkeell\u00e4 MAFIL &#8211; painettuna tai painamattomana"},"content":{"rendered":"<p><strong>Tuotenumero 301465<\/strong><\/p>\n<div class=\"flex flex-col text-sm pb-25\">\n<section class=\"text-token-text-primary w-full focus:outline-none [--shadow-height:45px] has-data-writing-block:pointer-events-none has-data-writing-block:-mt-(--shadow-height) has-data-writing-block:pt-(--shadow-height) [&amp;:has([data-writing-block])&gt;*]:pointer-events-auto scroll-mt-[calc(var(--header-height)+min(200px,max(70px,20svh)))]\" dir=\"auto\" data-turn-id=\"request-69dfb62b-f108-8392-bbc9-c9f436d44a4c-19\" data-testid=\"conversation-turn-108\" data-scroll-anchor=\"true\" data-turn=\"assistant\">\n<div class=\"text-base my-auto mx-auto pb-10 [--thread-content-margin:var(--thread-content-margin-xs,calc(var(--spacing)*4))] @w-sm\/main:[--thread-content-margin:var(--thread-content-margin-sm,calc(var(--spacing)*6))] @w-lg\/main:[--thread-content-margin:var(--thread-content-margin-lg,calc(var(--spacing)*16))] px-(--thread-content-margin)\">\n<div class=\"[--thread-content-max-width:40rem] @w-lg\/main:[--thread-content-max-width:48rem] mx-auto max-w-(--thread-content-max-width) flex-1 group\/turn-messages focus-visible:outline-hidden relative flex w-full min-w-0 flex-col agent-turn\">\n<div class=\"flex max-w-full flex-col gap-4 grow\">\n<div class=\"min-h-8 text-message relative flex w-full flex-col items-end gap-2 text-start break-words whitespace-normal outline-none keyboard-focused:focus-ring [.text-message+&amp;]:mt-1\" dir=\"auto\" tabindex=\"0\" data-message-author-role=\"assistant\" data-message-id=\"94667c66-0110-4da5-bc81-b77f1139fb00\" data-message-model-slug=\"gpt-5-3\" data-turn-start-message=\"true\">\n<div class=\"flex w-full flex-col gap-1 empty:hidden\">\n<div class=\"markdown prose dark:prose-invert w-full wrap-break-word light markdown-new-styling\">\n<h4 data-start=\"0\" data-end=\"84\"><strong>Mafil kangaskassi painatuksella tai ilman \u2013 hamppukassi pohjalevikkeell\u00e4 200 g\/m\u00b2<\/strong><\/h4>\n<p data-start=\"86\" data-end=\"348\"><strong data-start=\"86\" data-end=\"107\">Mafil kangaskassi<\/strong> on kest\u00e4v\u00e4 ja ekologinen <strong data-start=\"133\" data-end=\"182\">100 % hamppukankaasta valmistettu kangaskassi<\/strong>, joka sopii erinomaisesti <strong data-start=\"209\" data-end=\"263\">yrityksille, tapahtumiin ja p\u00e4ivitt\u00e4iseen k\u00e4ytt\u00f6\u00f6n<\/strong>. Se toimii hyvin <strong data-start=\"281\" data-end=\"347\">kangaskassina logolla, promootiotuotteena sek\u00e4 j\u00e4lleenmyyntiin<\/strong>.<\/p>\n<p data-start=\"350\" data-end=\"690\">Kassin koko <strong data-start=\"362\" data-end=\"381\">38 x 42 x 10 cm<\/strong> tarjoaa hyv\u00e4n tilavuuden ostoksille ja tuotteille. <strong data-start=\"433\" data-end=\"456\">Pohjalevike (haara)<\/strong> lis\u00e4\u00e4 tilavuutta ja tekee kassista k\u00e4yt\u00e4nn\u00f6llisemm\u00e4n. <strong data-start=\"511\" data-end=\"546\">Vahvistetut 70 cm pitk\u00e4t kahvat<\/strong> tekev\u00e4t kassista mukavan kantaa olalla. Kest\u00e4v\u00e4 <strong data-start=\"595\" data-end=\"624\">200 g\/m\u00b2 hamppumateriaali<\/strong> tekee kassista pitk\u00e4ik\u00e4isen ja ymp\u00e4rist\u00f6yst\u00e4v\u00e4llisen vaihtoehdon.<\/p>\n<p data-start=\"692\" data-end=\"988\"><strong data-start=\"692\" data-end=\"763\">Mafil kangaskassi on saatavilla painatuksella tai ilman painatusta.<\/strong><br data-start=\"763\" data-end=\"766\" \/>Painettu kangaskassi toimii tehokkaana <strong data-start=\"805\" data-end=\"830\">markkinointiv\u00e4lineen\u00e4<\/strong> ja lis\u00e4\u00e4 br\u00e4ndin n\u00e4kyvyytt\u00e4. Ilman painatusta se sopii hyvin <strong data-start=\"892\" data-end=\"928\">j\u00e4lleenmyyntiin ja yleisk\u00e4ytt\u00f6\u00f6n<\/strong>.<br data-start=\"929\" data-end=\"932\" \/><strong data-start=\"932\" data-end=\"948\">DTF-painatus<\/strong> takaa tarkan ja kest\u00e4v\u00e4n lopputuloksen.<\/p>\n<h3 data-start=\"990\" data-end=\"1006\">Ominaisuudet<\/h3>\n<p data-start=\"1008\" data-end=\"1263\">Materiaali: Hamppukangas<br data-start=\"1032\" data-end=\"1035\" \/>Paino: 200 g\/m\u00b2<br data-start=\"1050\" data-end=\"1053\" \/>Mitat: 38 x 42 x 10 cm<br data-start=\"1075\" data-end=\"1078\" \/>Kahvat: 70 cm vahvistetut pitk\u00e4t kahvat<br data-start=\"1117\" data-end=\"1120\" \/>Rakenne: Pohjalevike lis\u00e4\u00e4 tilavuutta<br data-start=\"1157\" data-end=\"1160\" \/>Painatus: DTF-painatus<br data-start=\"1182\" data-end=\"1185\" \/>Saatavilla: painatuksella tai ilman painatusta<br data-start=\"1231\" data-end=\"1234\" \/>Toimitusaika: noin 1 viikko<\/p>\n<h3 data-start=\"1265\" data-end=\"1299\">Miksi valita Mafil kangaskassi<\/h3>\n<p data-start=\"1301\" data-end=\"1514\">Ekologinen kangaskassi luonnonmateriaalista<br data-start=\"1344\" data-end=\"1347\" \/>Sopii <strong data-start=\"1353\" data-end=\"1400\">kangaskassiksi logolla tai ilman painatusta<\/strong><br data-start=\"1400\" data-end=\"1403\" \/>Erinomainen valinta <strong data-start=\"1423\" data-end=\"1463\">yrityksille, tapahtumiin ja myyntiin<\/strong><br data-start=\"1463\" data-end=\"1466\" \/>Kest\u00e4v\u00e4 ja pitk\u00e4ik\u00e4inen p\u00e4ivitt\u00e4iseen k\u00e4ytt\u00f6\u00f6n<\/p>\n<h3 data-start=\"1516\" data-end=\"1533\">K\u00e4ytt\u00f6kohteet<\/h3>\n<p data-start=\"1535\" data-end=\"1675\">Kangaskassi painatuksella yrityksille<br data-start=\"1572\" data-end=\"1575\" \/>Kangaskassi logolla messuille ja tapahtumiin<br data-start=\"1619\" data-end=\"1622\" \/>Kangaskassi j\u00e4lleenmyyntiin<br data-start=\"1649\" data-end=\"1652\" \/>Ekologinen ostoskassi<\/p>\n<h3 data-start=\"1677\" data-end=\"1705\">Usein kysytyt kysymykset<\/h3>\n<p data-start=\"1707\" data-end=\"1810\"><strong data-start=\"1707\" data-end=\"1754\">Onko Mafil kangaskassi valmistettu hampusta<\/strong><br data-start=\"1754\" data-end=\"1757\" \/>Kyll\u00e4, kassi on valmistettu <strong data-start=\"1785\" data-end=\"1810\">100 % hamppukankaasta<\/strong><\/p>\n<p data-start=\"1812\" data-end=\"1948\"><strong data-start=\"1812\" data-end=\"1850\">Voiko kassiin painattaa oman logon<\/strong><br data-start=\"1850\" data-end=\"1853\" \/>Kyll\u00e4, kangaskassi on saatavilla painatuksella ja <strong data-start=\"1903\" data-end=\"1919\">DTF-painatus<\/strong> takaa kest\u00e4v\u00e4n lopputuloksen<\/p>\n<p data-start=\"1950\" data-end=\"2053\"><strong data-start=\"1950\" data-end=\"1990\">Voiko kassin tilata ilman painatusta<\/strong><br data-start=\"1990\" data-end=\"1993\" \/>Kyll\u00e4, Mafil kangaskassi on saatavilla my\u00f6s ilman painatusta<\/p>\n<p data-start=\"2055\" data-end=\"2111\" data-is-last-node=\"\" data-is-only-node=\"\"><strong data-start=\"2055\" data-end=\"2079\">Mik\u00e4 on toimitusaika<\/strong><br data-start=\"2079\" data-end=\"2082\" \/>Toimitusaika on noin 1 viikko<\/p>\n<\/div>\n<\/div>\n<\/div>\n<\/div>\n<\/div>\n<\/div>\n<\/section>\n<\/div>\n","protected":false},"excerpt":{"rendered":"<p>Tuotenumero 301465 Mafil kangaskassi painatuksella tai ilman \u2013 hamppukassi pohjalevikkeell\u00e4 200 g\/m\u00b2 Mafil kangaskassi on kest\u00e4v\u00e4 ja ekologinen 100 % hamppukankaasta valmistettu kangaskassi, joka sopii erinomaisesti yrityksille, tapahtumiin ja p\u00e4ivitt\u00e4iseen k\u00e4ytt\u00f6\u00f6n. Se toimii hyvin kangaskassina logolla, promootiotuotteena sek\u00e4 j\u00e4lleenmyyntiin. Kassin koko 38 x 42 x 10 cm tarjoaa hyv\u00e4n tilavuuden ostoksille ja tuotteille. Pohjalevike (haara) [&hellip;]<\/p>\n","protected":false},"featured_media":20063,"template":"","meta":{"_acf_changed":false,"om_disable_all_campaigns":false,"_monsterinsights_skip_tracking":false,"_monsterinsights_sitenote_active":false,"_monsterinsights_sitenote_note":"","_monsterinsights_sitenote_category":0},"product_brand":[],"product_cat":[363],"product_tag":[381,628,405,298],"class_list":{"0":"post-20062","1":"product","2":"type-product","3":"status-publish","4":"has-post-thumbnail","6":"product_cat-kassit","7":"product_tag-kassi","8":"product_tag-kassi-painatus","9":"product_tag-ostoskassi","10":"product_tag-painatus","11":"product_shipping_class-postipaketti","13":"first","14":"instock","15":"taxable","16":"shipping-taxable","17":"purchasable","18":"product-type-simple"},"acf":[],"aioseo_notices":[],"_links":{"self":[{"href":"https:\/\/www.roly24.com\/index.php\/wp-json\/wp\/v2\/product\/20062","targetHints":{"allow":["GET"]}}],"collection":[{"href":"https:\/\/www.roly24.com\/index.php\/wp-json\/wp\/v2\/product"}],"about":[{"href":"https:\/\/www.roly24.com\/index.php\/wp-json\/wp\/v2\/types\/product"}],"version-history":[{"count":2,"href":"https:\/\/www.roly24.com\/index.php\/wp-json\/wp\/v2\/product\/20062\/revisions"}],"predecessor-version":[{"id":22379,"href":"https:\/\/www.roly24.com\/index.php\/wp-json\/wp\/v2\/product\/20062\/revisions\/22379"}],"wp:featuredmedia":[{"embeddable":true,"href":"https:\/\/www.roly24.com\/index.php\/wp-json\/wp\/v2\/media\/20063"}],"wp:attachment":[{"href":"https:\/\/www.roly24.com\/index.php\/wp-json\/wp\/v2\/media?parent=20062"}],"wp:term":[{"taxonomy":"product_brand","embeddable":true,"href":"https:\/\/www.roly24.com\/index.php\/wp-json\/wp\/v2\/product_brand?post=20062"},{"taxonomy":"product_cat","embeddable":true,"href":"https:\/\/www.roly24.com\/index.php\/wp-json\/wp\/v2\/product_cat?post=20062"},{"taxonomy":"product_tag","embeddable":true,"href":"https:\/\/www.roly24.com\/index.php\/wp-json\/wp\/v2\/product_tag?post=20062"}],"curies":[{"name":"wp","href":"https:\/\/api.w.org\/{rel}","templated":true}]}}