{"id":20009,"date":"2025-09-02T12:14:30","date_gmt":"2025-09-02T10:14:30","guid":{"rendered":"https:\/\/www.roly24.com\/?post_type=product&#038;p=20009"},"modified":"2026-04-20T13:46:25","modified_gmt":"2026-04-20T11:46:25","slug":"kassi-soil-kappalehinta-alkaen","status":"publish","type":"product","link":"https:\/\/www.roly24.com\/index.php\/tuote\/kassi-soil-kappalehinta-alkaen\/","title":{"rendered":"Ekologinen puuvilla hedelm\u00e4pussi SOIL &#8211; painettuna tai painamattomana"},"content":{"rendered":"<p><strong>Tuotenumero 301452<\/strong><\/p>\n<div class=\"relative basis-auto flex-col -mb-(--composer-overlap-px) pb-(--composer-overlap-px) [--composer-overlap-px:28px] grow flex\">\n<div class=\"flex flex-col text-sm pb-25\">\n<section class=\"text-token-text-primary w-full focus:outline-none [--shadow-height:45px] has-data-writing-block:pointer-events-none has-data-writing-block:-mt-(--shadow-height) has-data-writing-block:pt-(--shadow-height) [&amp;:has([data-writing-block])&gt;*]:pointer-events-auto scroll-mt-[calc(var(--header-height)+min(200px,max(70px,20svh)))]\" dir=\"auto\" data-turn-id=\"request-69dfb62b-f108-8392-bbc9-c9f436d44a4c-35\" data-testid=\"conversation-turn-140\" data-scroll-anchor=\"true\" data-turn=\"assistant\">\n<div class=\"text-base my-auto mx-auto pb-10 [--thread-content-margin:var(--thread-content-margin-xs,calc(var(--spacing)*4))] @w-sm\/main:[--thread-content-margin:var(--thread-content-margin-sm,calc(var(--spacing)*6))] @w-lg\/main:[--thread-content-margin:var(--thread-content-margin-lg,calc(var(--spacing)*16))] px-(--thread-content-margin)\">\n<div class=\"[--thread-content-max-width:40rem] @w-lg\/main:[--thread-content-max-width:48rem] mx-auto max-w-(--thread-content-max-width) flex-1 group\/turn-messages focus-visible:outline-hidden relative flex w-full min-w-0 flex-col agent-turn\">\n<div class=\"flex max-w-full flex-col gap-4 grow\">\n<div class=\"min-h-8 text-message relative flex w-full flex-col items-end gap-2 text-start break-words whitespace-normal outline-none keyboard-focused:focus-ring [.text-message+&amp;]:mt-1\" dir=\"auto\" tabindex=\"0\" data-message-author-role=\"assistant\" data-message-id=\"289c874f-b959-4bb1-b9f9-91e5f16fb3d7\" data-message-model-slug=\"gpt-5-3\" data-turn-start-message=\"true\">\n<div class=\"flex w-full flex-col gap-1 empty:hidden\">\n<div class=\"markdown prose dark:prose-invert w-full wrap-break-word light markdown-new-styling\">\n<h4 data-start=\"0\" data-end=\"80\"><strong>Soil hedelm\u00e4pussi painatuksella tai ilman \u2013 ekologinen puuvillapussi 120 g\/m\u00b2<\/strong><\/h4>\n<p data-start=\"82\" data-end=\"368\"><strong data-start=\"82\" data-end=\"103\">Soil hedelm\u00e4pussi<\/strong> on kevyt ja ekologinen <strong data-start=\"127\" data-end=\"186\">100 % puuvillasta valmistettu uudelleenk\u00e4ytett\u00e4v\u00e4 pussi<\/strong>, joka sopii erinomaisesti <strong data-start=\"213\" data-end=\"267\">yrityksille, tapahtumiin ja p\u00e4ivitt\u00e4iseen k\u00e4ytt\u00f6\u00f6n<\/strong>. Se toimii hyvin <strong data-start=\"285\" data-end=\"367\">promootiotuotteena, j\u00e4lleenmyyntiin sek\u00e4 kest\u00e4v\u00e4n\u00e4 vaihtoehtona muovipusseille<\/strong>.<\/p>\n<p data-start=\"370\" data-end=\"695\">Pussin koko <strong data-start=\"382\" data-end=\"396\">30 x 25 cm<\/strong> tarjoaa sopivan tilavuuden hedelmille ja vihanneksille. <strong data-start=\"453\" data-end=\"475\">Yhdistelm\u00e4 rakenne<\/strong>, jossa toinen puoli on pehme\u00e4\u00e4 puuvillaa ja toinen <strong data-start=\"527\" data-end=\"557\">hengitt\u00e4v\u00e4\u00e4 verkkokangasta<\/strong>, tekee pussista k\u00e4yt\u00e4nn\u00f6llisen elintarvikkeiden s\u00e4ilytykseen. Kevyt <strong data-start=\"626\" data-end=\"649\">120 g\/m\u00b2 materiaali<\/strong> tekee pussista helposti mukana kuljetettavan.<\/p>\n<p data-start=\"697\" data-end=\"814\"><strong data-start=\"697\" data-end=\"739\">Kiristysny\u00f6rikiinnitys muovis\u00e4\u00e4timell\u00e4<\/strong> mahdollistaa helpon sulkemisen ja pit\u00e4\u00e4 sis\u00e4ll\u00f6n turvallisesti paikallaan.<\/p>\n<p data-start=\"816\" data-end=\"1127\"><strong data-start=\"816\" data-end=\"887\">Soil hedelm\u00e4pussi on saatavilla painatuksella tai ilman painatusta.<\/strong><br data-start=\"887\" data-end=\"890\" \/>Painettu pussi toimii tehokkaana <strong data-start=\"923\" data-end=\"960\">ekologisena markkinointituotteena<\/strong> ja lis\u00e4\u00e4 br\u00e4ndin n\u00e4kyvyytt\u00e4. Ilman painatusta se sopii hyvin <strong data-start=\"1022\" data-end=\"1067\">j\u00e4lleenmyyntiin ja p\u00e4ivitt\u00e4iseen k\u00e4ytt\u00f6\u00f6n<\/strong>.<br data-start=\"1068\" data-end=\"1071\" \/><strong data-start=\"1071\" data-end=\"1087\">DTF-painatus<\/strong> takaa tarkan ja kest\u00e4v\u00e4n lopputuloksen.<\/p>\n<h3 data-start=\"1129\" data-end=\"1145\">Ominaisuudet<\/h3>\n<p data-start=\"1147\" data-end=\"1398\">Materiaali: 100 % puuvilla<br data-start=\"1173\" data-end=\"1176\" \/>Paino: 120 g\/m\u00b2<br data-start=\"1191\" data-end=\"1194\" \/>Mitat: 30 x 25 cm<br data-start=\"1211\" data-end=\"1214\" \/>Rakenne: Puuvillaa ja verkkokangasta<br data-start=\"1250\" data-end=\"1253\" \/>Suljenta: Kiristysny\u00f6ri muovis\u00e4\u00e4timell\u00e4<br data-start=\"1292\" data-end=\"1295\" \/>Painatus: DTF-painatus<br data-start=\"1317\" data-end=\"1320\" \/>Saatavilla: painatuksella tai ilman painatusta<br data-start=\"1366\" data-end=\"1369\" \/>Toimitusaika: noin 1 viikko<\/p>\n<h3 data-start=\"1400\" data-end=\"1434\">Miksi valita Soil hedelm\u00e4pussi<\/h3>\n<p data-start=\"1436\" data-end=\"1639\">Ekologinen vaihtoehto muovipusseille<br data-start=\"1472\" data-end=\"1475\" \/>Sopii <strong data-start=\"1481\" data-end=\"1525\">logolla varustetuksi promootiotuotteeksi<\/strong><br data-start=\"1525\" data-end=\"1528\" \/>Erinomainen valinta <strong data-start=\"1548\" data-end=\"1588\">yrityksille, tapahtumiin ja myyntiin<\/strong><br data-start=\"1588\" data-end=\"1591\" \/>Kevyt ja k\u00e4yt\u00e4nn\u00f6llinen p\u00e4ivitt\u00e4iseen k\u00e4ytt\u00f6\u00f6n<\/p>\n<h3 data-start=\"1641\" data-end=\"1658\">K\u00e4ytt\u00f6kohteet<\/h3>\n<p data-start=\"1660\" data-end=\"1796\">Hedelm\u00e4- ja vihannespussi kauppaan<br data-start=\"1694\" data-end=\"1697\" \/>Ekologinen promootiotuote yrityksille<br data-start=\"1734\" data-end=\"1737\" \/>Tuote j\u00e4lleenmyyntiin<br data-start=\"1758\" data-end=\"1761\" \/>Uudelleenk\u00e4ytett\u00e4v\u00e4 s\u00e4ilytyspussi<\/p>\n<h3 data-start=\"1798\" data-end=\"1826\">Usein kysytyt kysymykset<\/h3>\n<p data-start=\"1828\" data-end=\"1945\"><strong data-start=\"1828\" data-end=\"1864\">Onko Soil hedelm\u00e4pussi puuvillaa<\/strong><br data-start=\"1864\" data-end=\"1867\" \/>Kyll\u00e4, pussi on valmistettu <strong data-start=\"1895\" data-end=\"1916\">100 % puuvillasta<\/strong>, ja siin\u00e4 on verkkokangasosa<\/p>\n<p data-start=\"1947\" data-end=\"2077\"><strong data-start=\"1947\" data-end=\"1985\">Voiko pussiin painattaa oman logon<\/strong><br data-start=\"1985\" data-end=\"1988\" \/>Kyll\u00e4, pussi on saatavilla painatuksella ja <strong data-start=\"2032\" data-end=\"2048\">DTF-painatus<\/strong> takaa kest\u00e4v\u00e4n lopputuloksen<\/p>\n<p data-start=\"2079\" data-end=\"2182\"><strong data-start=\"2079\" data-end=\"2119\">Voiko pussin tilata ilman painatusta<\/strong><br data-start=\"2119\" data-end=\"2122\" \/>Kyll\u00e4, Soil hedelm\u00e4pussi on saatavilla my\u00f6s ilman painatusta<\/p>\n<p data-start=\"2184\" data-end=\"2240\" data-is-last-node=\"\" data-is-only-node=\"\"><strong data-start=\"2184\" data-end=\"2208\">Mik\u00e4 on toimitusaika<\/strong><br data-start=\"2208\" data-end=\"2211\" \/>Toimitusaika on noin 1 viikko<\/p>\n<\/div>\n<\/div>\n<\/div>\n<\/div>\n<\/div>\n<\/div>\n<\/section>\n<\/div>\n<\/div>\n","protected":false},"excerpt":{"rendered":"<p>Tuotenumero 301452 Soil hedelm\u00e4pussi painatuksella tai ilman \u2013 ekologinen puuvillapussi 120 g\/m\u00b2 Soil hedelm\u00e4pussi on kevyt ja ekologinen 100 % puuvillasta valmistettu uudelleenk\u00e4ytett\u00e4v\u00e4 pussi, joka sopii erinomaisesti yrityksille, tapahtumiin ja p\u00e4ivitt\u00e4iseen k\u00e4ytt\u00f6\u00f6n. Se toimii hyvin promootiotuotteena, j\u00e4lleenmyyntiin sek\u00e4 kest\u00e4v\u00e4n\u00e4 vaihtoehtona muovipusseille. Pussin koko 30 x 25 cm tarjoaa sopivan tilavuuden hedelmille ja vihanneksille. Yhdistelm\u00e4 rakenne, [&hellip;]<\/p>\n","protected":false},"featured_media":20010,"template":"","meta":{"_acf_changed":false,"om_disable_all_campaigns":false,"_monsterinsights_skip_tracking":false,"_monsterinsights_sitenote_active":false,"_monsterinsights_sitenote_note":"","_monsterinsights_sitenote_category":0},"product_brand":[],"product_cat":[363],"product_tag":[381,628,405,298],"class_list":{"0":"post-20009","1":"product","2":"type-product","3":"status-publish","4":"has-post-thumbnail","6":"product_cat-kassit","7":"product_tag-kassi","8":"product_tag-kassi-painatus","9":"product_tag-ostoskassi","10":"product_tag-painatus","11":"product_shipping_class-postipaketti","13":"first","14":"instock","15":"taxable","16":"shipping-taxable","17":"purchasable","18":"product-type-simple"},"acf":[],"aioseo_notices":[],"_links":{"self":[{"href":"https:\/\/www.roly24.com\/index.php\/wp-json\/wp\/v2\/product\/20009","targetHints":{"allow":["GET"]}}],"collection":[{"href":"https:\/\/www.roly24.com\/index.php\/wp-json\/wp\/v2\/product"}],"about":[{"href":"https:\/\/www.roly24.com\/index.php\/wp-json\/wp\/v2\/types\/product"}],"version-history":[{"count":2,"href":"https:\/\/www.roly24.com\/index.php\/wp-json\/wp\/v2\/product\/20009\/revisions"}],"predecessor-version":[{"id":22395,"href":"https:\/\/www.roly24.com\/index.php\/wp-json\/wp\/v2\/product\/20009\/revisions\/22395"}],"wp:featuredmedia":[{"embeddable":true,"href":"https:\/\/www.roly24.com\/index.php\/wp-json\/wp\/v2\/media\/20010"}],"wp:attachment":[{"href":"https:\/\/www.roly24.com\/index.php\/wp-json\/wp\/v2\/media?parent=20009"}],"wp:term":[{"taxonomy":"product_brand","embeddable":true,"href":"https:\/\/www.roly24.com\/index.php\/wp-json\/wp\/v2\/product_brand?post=20009"},{"taxonomy":"product_cat","embeddable":true,"href":"https:\/\/www.roly24.com\/index.php\/wp-json\/wp\/v2\/product_cat?post=20009"},{"taxonomy":"product_tag","embeddable":true,"href":"https:\/\/www.roly24.com\/index.php\/wp-json\/wp\/v2\/product_tag?post=20009"}],"curies":[{"name":"wp","href":"https:\/\/api.w.org\/{rel}","templated":true}]}}