{"id":19991,"date":"2025-09-02T11:40:53","date_gmt":"2025-09-02T09:40:53","guid":{"rendered":"https:\/\/www.roly24.com\/?post_type=product&#038;p=19991"},"modified":"2026-04-19T19:23:05","modified_gmt":"2026-04-19T17:23:05","slug":"kassi-sterna-kappalehinta-alkaen","status":"publish","type":"product","link":"https:\/\/www.roly24.com\/index.php\/tuote\/kassi-sterna-kappalehinta-alkaen\/","title":{"rendered":"Rantakassi laminoidusta juutista STERNA &#8211; painatuksella tai ilman"},"content":{"rendered":"<p><strong>Tuotenumero 301447<\/strong><\/p>\n<div class=\"relative basis-auto flex-col -mb-(--composer-overlap-px) pb-(--composer-overlap-px) [--composer-overlap-px:28px] grow flex\">\n<div class=\"flex flex-col text-sm pb-25\">\n<section class=\"text-token-text-primary w-full focus:outline-none [--shadow-height:45px] has-data-writing-block:pointer-events-none has-data-writing-block:-mt-(--shadow-height) has-data-writing-block:pt-(--shadow-height) [&amp;:has([data-writing-block])&gt;*]:pointer-events-auto scroll-mt-[calc(var(--header-height)+min(200px,max(70px,20svh)))]\" dir=\"auto\" data-turn-id=\"request-69dfb62b-f108-8392-bbc9-c9f436d44a4c-47\" data-testid=\"conversation-turn-58\" data-scroll-anchor=\"true\" data-turn=\"assistant\">\n<div class=\"text-base my-auto mx-auto pb-10 [--thread-content-margin:var(--thread-content-margin-xs,calc(var(--spacing)*4))] @w-sm\/main:[--thread-content-margin:var(--thread-content-margin-sm,calc(var(--spacing)*6))] @w-lg\/main:[--thread-content-margin:var(--thread-content-margin-lg,calc(var(--spacing)*16))] px-(--thread-content-margin)\">\n<div class=\"[--thread-content-max-width:40rem] @w-lg\/main:[--thread-content-max-width:48rem] mx-auto max-w-(--thread-content-max-width) flex-1 group\/turn-messages focus-visible:outline-hidden relative flex w-full min-w-0 flex-col agent-turn\">\n<div class=\"flex max-w-full flex-col gap-4 grow\">\n<div class=\"min-h-8 text-message relative flex w-full flex-col items-end gap-2 text-start break-words whitespace-normal outline-none keyboard-focused:focus-ring [.text-message+&amp;]:mt-1\" dir=\"auto\" tabindex=\"0\" data-message-author-role=\"assistant\" data-message-id=\"e2632c74-4d52-45a2-83e8-a7958cdf75f8\" data-message-model-slug=\"gpt-5-3\" data-turn-start-message=\"true\">\n<div class=\"flex w-full flex-col gap-1 empty:hidden\">\n<div class=\"markdown prose dark:prose-invert w-full wrap-break-word light markdown-new-styling\">\n<h4 data-start=\"0\" data-end=\"80\"><strong>Sterna kangaskassi painatuksella tai ilman \u2013 rantakassi laminoidusta juutista<\/strong><\/h4>\n<p data-start=\"82\" data-end=\"340\"><strong data-start=\"82\" data-end=\"104\">Sterna kangaskassi<\/strong> on tilava ja kest\u00e4v\u00e4 <strong data-start=\"126\" data-end=\"174\">laminoidusta juutista valmistettu rantakassi<\/strong>, joka sopii erinomaisesti <strong data-start=\"201\" data-end=\"255\">yrityksille, tapahtumiin ja p\u00e4ivitt\u00e4iseen k\u00e4ytt\u00f6\u00f6n<\/strong>. Se toimii hyvin <strong data-start=\"273\" data-end=\"339\">kangaskassina logolla, promootiotuotteena sek\u00e4 j\u00e4lleenmyyntiin<\/strong>.<\/p>\n<p data-start=\"342\" data-end=\"723\">Kassin koko <strong data-start=\"354\" data-end=\"375\">44,5 x 35 x 14 cm<\/strong> tarjoaa runsaasti tilaa esimerkiksi rantatarvikkeille, ostoksille ja muille tuotteille. <strong data-start=\"464\" data-end=\"498\">Suorakaiteen muotoinen rakenne<\/strong> tekee kassista k\u00e4yt\u00e4nn\u00f6llisen ja helposti pakattavan. <strong data-start=\"553\" data-end=\"584\">70 cm pitk\u00e4t puuvillakahvat<\/strong> lis\u00e4\u00e4v\u00e4t k\u00e4ytt\u00f6mukavuutta ja kest\u00e4vyytt\u00e4. Vahva <strong data-start=\"633\" data-end=\"662\">310 g\/m\u00b2 laminoitu juutti<\/strong> tekee kassista eritt\u00e4in j\u00e4m\u00e4k\u00e4n ja pitk\u00e4ik\u00e4isen vaihtoehdon.<\/p>\n<p data-start=\"725\" data-end=\"1022\"><strong data-start=\"725\" data-end=\"797\">Sterna kangaskassi on saatavilla painatuksella tai ilman painatusta.<\/strong><br data-start=\"797\" data-end=\"800\" \/>Painettu kangaskassi toimii tehokkaana <strong data-start=\"839\" data-end=\"864\">markkinointiv\u00e4lineen\u00e4<\/strong> ja lis\u00e4\u00e4 br\u00e4ndin n\u00e4kyvyytt\u00e4. Ilman painatusta se sopii hyvin <strong data-start=\"926\" data-end=\"962\">j\u00e4lleenmyyntiin ja yleisk\u00e4ytt\u00f6\u00f6n<\/strong>.<br data-start=\"963\" data-end=\"966\" \/><strong data-start=\"966\" data-end=\"982\">DTF-painatus<\/strong> takaa tarkan ja kest\u00e4v\u00e4n lopputuloksen.<\/p>\n<h3 data-start=\"1024\" data-end=\"1040\">Ominaisuudet<\/h3>\n<p data-start=\"1042\" data-end=\"1314\">Materiaali: Laminoitu juutti<br data-start=\"1070\" data-end=\"1073\" \/>Paino: 310 g\/m\u00b2<br data-start=\"1088\" data-end=\"1091\" \/>Mitat: 44,5 x 35 x 14 cm<br data-start=\"1115\" data-end=\"1118\" \/>Kahvat: 70 cm pitk\u00e4t puuvillakahvat (halkaisija 9\u201310 mm)<br data-start=\"1174\" data-end=\"1177\" \/>Rakenne: Suorakaiteen muotoinen<br data-start=\"1208\" data-end=\"1211\" \/>Painatus: DTF-painatus<br data-start=\"1233\" data-end=\"1236\" \/>Saatavilla: painatuksella tai ilman painatusta<br data-start=\"1282\" data-end=\"1285\" \/>Toimitusaika: noin 1 viikko<\/p>\n<h3 data-start=\"1316\" data-end=\"1351\">Miksi valita Sterna kangaskassi<\/h3>\n<p data-start=\"1353\" data-end=\"1556\">Eritt\u00e4in kest\u00e4v\u00e4 juuttikassi paksulla materiaalilla<br data-start=\"1404\" data-end=\"1407\" \/>Sopii <strong data-start=\"1413\" data-end=\"1460\">kangaskassiksi logolla tai ilman painatusta<\/strong><br data-start=\"1460\" data-end=\"1463\" \/>Erinomainen valinta <strong data-start=\"1483\" data-end=\"1523\">yrityksille, tapahtumiin ja myyntiin<\/strong><br data-start=\"1523\" data-end=\"1526\" \/>Tilava ja j\u00e4m\u00e4kk\u00e4 rantakassi<\/p>\n<h3 data-start=\"1558\" data-end=\"1575\">K\u00e4ytt\u00f6kohteet<\/h3>\n<p data-start=\"1577\" data-end=\"1743\">Kangaskassi painatuksella yrityksille<br data-start=\"1614\" data-end=\"1617\" \/>Kangaskassi logolla messuille ja tapahtumiin<br data-start=\"1661\" data-end=\"1664\" \/>Kangaskassi j\u00e4lleenmyyntiin<br data-start=\"1691\" data-end=\"1694\" \/>Rantakassi ja ostoskassi p\u00e4ivitt\u00e4iseen k\u00e4ytt\u00f6\u00f6n<\/p>\n<h3 data-start=\"1745\" data-end=\"1773\">Usein kysytyt kysymykset<\/h3>\n<p data-start=\"1775\" data-end=\"1866\"><strong data-start=\"1775\" data-end=\"1810\">Onko Sterna kangaskassi juuttia<\/strong><br data-start=\"1810\" data-end=\"1813\" \/>Kyll\u00e4, kassi on valmistettu <strong data-start=\"1841\" data-end=\"1866\">laminoidusta juutista<\/strong><\/p>\n<p data-start=\"1868\" data-end=\"2004\"><strong data-start=\"1868\" data-end=\"1906\">Voiko kassiin painattaa oman logon<\/strong><br data-start=\"1906\" data-end=\"1909\" \/>Kyll\u00e4, kangaskassi on saatavilla painatuksella ja <strong data-start=\"1959\" data-end=\"1975\">DTF-painatus<\/strong> takaa kest\u00e4v\u00e4n lopputuloksen<\/p>\n<p data-start=\"2006\" data-end=\"2110\"><strong data-start=\"2006\" data-end=\"2046\">Voiko kassin tilata ilman painatusta<\/strong><br data-start=\"2046\" data-end=\"2049\" \/>Kyll\u00e4, Sterna kangaskassi on saatavilla my\u00f6s ilman painatusta<\/p>\n<p data-start=\"2112\" data-end=\"2168\" data-is-last-node=\"\" data-is-only-node=\"\"><strong data-start=\"2112\" data-end=\"2136\">Mik\u00e4 on toimitusaika<\/strong><br data-start=\"2136\" data-end=\"2139\" \/>Toimitusaika on noin 1 viikko<\/p>\n<\/div>\n<\/div>\n<\/div>\n<\/div>\n<\/div>\n<\/div>\n<\/section>\n<\/div>\n<\/div>\n","protected":false},"excerpt":{"rendered":"<p>Tuotenumero 301447 Sterna kangaskassi painatuksella tai ilman \u2013 rantakassi laminoidusta juutista Sterna kangaskassi on tilava ja kest\u00e4v\u00e4 laminoidusta juutista valmistettu rantakassi, joka sopii erinomaisesti yrityksille, tapahtumiin ja p\u00e4ivitt\u00e4iseen k\u00e4ytt\u00f6\u00f6n. Se toimii hyvin kangaskassina logolla, promootiotuotteena sek\u00e4 j\u00e4lleenmyyntiin. Kassin koko 44,5 x 35 x 14 cm tarjoaa runsaasti tilaa esimerkiksi rantatarvikkeille, ostoksille ja muille tuotteille. Suorakaiteen [&hellip;]<\/p>\n","protected":false},"featured_media":19992,"template":"","meta":{"_acf_changed":false,"om_disable_all_campaigns":false,"_monsterinsights_skip_tracking":false,"_monsterinsights_sitenote_active":false,"_monsterinsights_sitenote_note":"","_monsterinsights_sitenote_category":0},"product_brand":[],"product_cat":[363],"product_tag":[381,628,405,298],"class_list":{"0":"post-19991","1":"product","2":"type-product","3":"status-publish","4":"has-post-thumbnail","6":"product_cat-kassit","7":"product_tag-kassi","8":"product_tag-kassi-painatus","9":"product_tag-ostoskassi","10":"product_tag-painatus","11":"product_shipping_class-postipaketti","13":"first","14":"instock","15":"taxable","16":"shipping-taxable","17":"purchasable","18":"product-type-simple"},"acf":[],"aioseo_notices":[],"_links":{"self":[{"href":"https:\/\/www.roly24.com\/index.php\/wp-json\/wp\/v2\/product\/19991","targetHints":{"allow":["GET"]}}],"collection":[{"href":"https:\/\/www.roly24.com\/index.php\/wp-json\/wp\/v2\/product"}],"about":[{"href":"https:\/\/www.roly24.com\/index.php\/wp-json\/wp\/v2\/types\/product"}],"version-history":[{"count":2,"href":"https:\/\/www.roly24.com\/index.php\/wp-json\/wp\/v2\/product\/19991\/revisions"}],"predecessor-version":[{"id":22352,"href":"https:\/\/www.roly24.com\/index.php\/wp-json\/wp\/v2\/product\/19991\/revisions\/22352"}],"wp:featuredmedia":[{"embeddable":true,"href":"https:\/\/www.roly24.com\/index.php\/wp-json\/wp\/v2\/media\/19992"}],"wp:attachment":[{"href":"https:\/\/www.roly24.com\/index.php\/wp-json\/wp\/v2\/media?parent=19991"}],"wp:term":[{"taxonomy":"product_brand","embeddable":true,"href":"https:\/\/www.roly24.com\/index.php\/wp-json\/wp\/v2\/product_brand?post=19991"},{"taxonomy":"product_cat","embeddable":true,"href":"https:\/\/www.roly24.com\/index.php\/wp-json\/wp\/v2\/product_cat?post=19991"},{"taxonomy":"product_tag","embeddable":true,"href":"https:\/\/www.roly24.com\/index.php\/wp-json\/wp\/v2\/product_tag?post=19991"}],"curies":[{"name":"wp","href":"https:\/\/api.w.org\/{rel}","templated":true}]}}