{"id":19982,"date":"2025-09-02T11:34:29","date_gmt":"2025-09-02T09:34:29","guid":{"rendered":"https:\/\/www.roly24.com\/?post_type=product&#038;p=19982"},"modified":"2026-04-19T18:27:16","modified_gmt":"2026-04-19T16:27:16","slug":"kassi-gavia-kappalehinta-alkaen","status":"publish","type":"product","link":"https:\/\/www.roly24.com\/index.php\/tuote\/kassi-gavia-kappalehinta-alkaen\/","title":{"rendered":"Laminoitu juuttikassi etutaskulla GAVIA &#8211; painatuksella tai ilman painatusta"},"content":{"rendered":"<p><strong>Tuotenumero 301445<\/strong><\/p>\n<div class=\"flex flex-col text-sm pb-25\">\n<section class=\"text-token-text-primary w-full focus:outline-none [--shadow-height:45px] has-data-writing-block:pointer-events-none has-data-writing-block:-mt-(--shadow-height) has-data-writing-block:pt-(--shadow-height) [&amp;:has([data-writing-block])&gt;*]:pointer-events-auto scroll-mt-[calc(var(--header-height)+min(200px,max(70px,20svh)))]\" dir=\"auto\" data-turn-id=\"request-69dfb62b-f108-8392-bbc9-c9f436d44a4c-29\" data-testid=\"conversation-turn-22\" data-scroll-anchor=\"true\" data-turn=\"assistant\">\n<div class=\"text-base my-auto mx-auto pb-10 [--thread-content-margin:var(--thread-content-margin-xs,calc(var(--spacing)*4))] @w-sm\/main:[--thread-content-margin:var(--thread-content-margin-sm,calc(var(--spacing)*6))] @w-lg\/main:[--thread-content-margin:var(--thread-content-margin-lg,calc(var(--spacing)*16))] px-(--thread-content-margin)\">\n<div class=\"[--thread-content-max-width:40rem] @w-lg\/main:[--thread-content-max-width:48rem] mx-auto max-w-(--thread-content-max-width) flex-1 group\/turn-messages focus-visible:outline-hidden relative flex w-full min-w-0 flex-col agent-turn\">\n<div class=\"flex max-w-full flex-col gap-4 grow\">\n<div class=\"min-h-8 text-message relative flex w-full flex-col items-end gap-2 text-start break-words whitespace-normal outline-none keyboard-focused:focus-ring [.text-message+&amp;]:mt-1\" dir=\"auto\" tabindex=\"0\" data-message-author-role=\"assistant\" data-message-id=\"d38065cb-d63c-46a5-b065-ea75bc79d470\" data-message-model-slug=\"gpt-5-3\" data-turn-start-message=\"true\">\n<div class=\"flex w-full flex-col gap-1 empty:hidden\">\n<div class=\"markdown prose dark:prose-invert w-full wrap-break-word light markdown-new-styling\">\n<h4 data-start=\"0\" data-end=\"80\"><strong>Gavia kangaskassi painatuksella tai ilman \u2013 laminoitu juuttikassi etutaskulla<\/strong><\/h4>\n<p data-start=\"82\" data-end=\"336\"><strong data-start=\"82\" data-end=\"103\">Gavia kangaskassi<\/strong> on kest\u00e4v\u00e4 ja n\u00e4ytt\u00e4v\u00e4 <strong data-start=\"127\" data-end=\"170\">laminoidusta juutista valmistettu kassi<\/strong>, joka sopii erinomaisesti <strong data-start=\"197\" data-end=\"251\">yrityksille, tapahtumiin ja p\u00e4ivitt\u00e4iseen k\u00e4ytt\u00f6\u00f6n<\/strong>. Se toimii hyvin <strong data-start=\"269\" data-end=\"335\">kangaskassina logolla, promootiotuotteena sek\u00e4 j\u00e4lleenmyyntiin<\/strong>.<\/p>\n<p data-start=\"338\" data-end=\"677\">Kassin koko <strong data-start=\"350\" data-end=\"369\">48 x 15 x 35 cm<\/strong> tarjoaa runsaasti tilaa ostoksille ja tuotteille. <strong data-start=\"420\" data-end=\"450\">Laminoitu juuttimateriaali<\/strong> tekee kassista j\u00e4m\u00e4k\u00e4n ja pitk\u00e4ik\u00e4isen. <strong data-start=\"491\" data-end=\"539\">Pitk\u00e4t luonnonpuuvillasta valmistetut kahvat<\/strong> mahdollistavat mukavan kantamisen olalla. K\u00e4yt\u00e4nn\u00f6llinen <strong data-start=\"597\" data-end=\"609\">etutasku<\/strong> lis\u00e4\u00e4 k\u00e4ytt\u00f6mukavuutta ja tarjoaa lis\u00e4tilaa pienemmille tavaroille.<\/p>\n<p data-start=\"679\" data-end=\"975\"><strong data-start=\"679\" data-end=\"750\">Gavia kangaskassi on saatavilla painatuksella tai ilman painatusta.<\/strong><br data-start=\"750\" data-end=\"753\" \/>Painettu kangaskassi toimii tehokkaana <strong data-start=\"792\" data-end=\"817\">markkinointiv\u00e4lineen\u00e4<\/strong> ja lis\u00e4\u00e4 br\u00e4ndin n\u00e4kyvyytt\u00e4. Ilman painatusta se sopii hyvin <strong data-start=\"879\" data-end=\"915\">j\u00e4lleenmyyntiin ja yleisk\u00e4ytt\u00f6\u00f6n<\/strong>.<br data-start=\"916\" data-end=\"919\" \/><strong data-start=\"919\" data-end=\"935\">DTF-painatus<\/strong> takaa tarkan ja kest\u00e4v\u00e4n lopputuloksen.<\/p>\n<h3 data-start=\"977\" data-end=\"993\">Ominaisuudet<\/h3>\n<p data-start=\"995\" data-end=\"1236\">Materiaali: Laminoitu juutti<br data-start=\"1023\" data-end=\"1026\" \/>Mitat: 48 x 15 x 35 cm<br data-start=\"1048\" data-end=\"1051\" \/>Kahvat: Pitk\u00e4t luonnonpuuvillasta valmistetut kahvat<br data-start=\"1103\" data-end=\"1106\" \/>Lis\u00e4ominaisuus: Etutasku<br data-start=\"1130\" data-end=\"1133\" \/>Painatus: DTF-painatus<br data-start=\"1155\" data-end=\"1158\" \/>Saatavilla: painatuksella tai ilman painatusta<br data-start=\"1204\" data-end=\"1207\" \/>Toimitusaika: noin 1 viikko<\/p>\n<h3 data-start=\"1238\" data-end=\"1272\">Miksi valita Gavia kangaskassi<\/h3>\n<p data-start=\"1274\" data-end=\"1485\">Kest\u00e4v\u00e4 juuttikassi laminoidulla pinnalla<br data-start=\"1315\" data-end=\"1318\" \/>Sopii <strong data-start=\"1324\" data-end=\"1371\">kangaskassiksi logolla tai ilman painatusta<\/strong><br data-start=\"1371\" data-end=\"1374\" \/>Erinomainen valinta <strong data-start=\"1394\" data-end=\"1434\">yrityksille, tapahtumiin ja myyntiin<\/strong><br data-start=\"1434\" data-end=\"1437\" \/>K\u00e4yt\u00e4nn\u00f6llinen etutasku lis\u00e4\u00e4 k\u00e4ytt\u00f6mukavuutta<\/p>\n<h3 data-start=\"1487\" data-end=\"1504\">K\u00e4ytt\u00f6kohteet<\/h3>\n<p data-start=\"1506\" data-end=\"1666\">Kangaskassi painatuksella yrityksille<br data-start=\"1543\" data-end=\"1546\" \/>Kangaskassi logolla messuille ja tapahtumiin<br data-start=\"1590\" data-end=\"1593\" \/>Kangaskassi j\u00e4lleenmyyntiin<br data-start=\"1620\" data-end=\"1623\" \/>Kest\u00e4v\u00e4 ostoskassi p\u00e4ivitt\u00e4iseen k\u00e4ytt\u00f6\u00f6n<\/p>\n<h3 data-start=\"1668\" data-end=\"1696\">Usein kysytyt kysymykset<\/h3>\n<p data-start=\"1698\" data-end=\"1784\"><strong data-start=\"1698\" data-end=\"1732\">Onko Gavia kangaskassi juuttia<\/strong><br data-start=\"1732\" data-end=\"1735\" \/>Kyll\u00e4, kassi on valmistettu laminoidusta juutista<\/p>\n<p data-start=\"1786\" data-end=\"1922\"><strong data-start=\"1786\" data-end=\"1824\">Voiko kassiin painattaa oman logon<\/strong><br data-start=\"1824\" data-end=\"1827\" \/>Kyll\u00e4, kangaskassi on saatavilla painatuksella ja <strong data-start=\"1877\" data-end=\"1893\">DTF-painatus<\/strong> takaa kest\u00e4v\u00e4n lopputuloksen<\/p>\n<p data-start=\"1924\" data-end=\"2027\"><strong data-start=\"1924\" data-end=\"1964\">Voiko kassin tilata ilman painatusta<\/strong><br data-start=\"1964\" data-end=\"1967\" \/>Kyll\u00e4, Gavia kangaskassi on saatavilla my\u00f6s ilman painatusta<\/p>\n<p data-start=\"2029\" data-end=\"2085\" data-is-last-node=\"\" data-is-only-node=\"\"><strong data-start=\"2029\" data-end=\"2053\">Mik\u00e4 on toimitusaika<\/strong><br data-start=\"2053\" data-end=\"2056\" \/>Toimitusaika on noin 1 viikko<\/p>\n<\/div>\n<\/div>\n<\/div>\n<\/div>\n<div class=\"z-0 flex min-h-[46px] justify-start\"><\/div>\n<div class=\"mt-3 w-full empty:hidden\">\n<div class=\"text-center\"><\/div>\n<\/div>\n<\/div>\n<\/div>\n<\/section>\n<\/div>\n<div class=\"pointer-events-none h-px w-px absolute bottom-0\" aria-hidden=\"true\" data-edge=\"true\"><\/div>\n<div data-v-5ec54137=\"\"><\/div>\n","protected":false},"excerpt":{"rendered":"<p>Tuotenumero 301445 Gavia kangaskassi painatuksella tai ilman \u2013 laminoitu juuttikassi etutaskulla Gavia kangaskassi on kest\u00e4v\u00e4 ja n\u00e4ytt\u00e4v\u00e4 laminoidusta juutista valmistettu kassi, joka sopii erinomaisesti yrityksille, tapahtumiin ja p\u00e4ivitt\u00e4iseen k\u00e4ytt\u00f6\u00f6n. Se toimii hyvin kangaskassina logolla, promootiotuotteena sek\u00e4 j\u00e4lleenmyyntiin. Kassin koko 48 x 15 x 35 cm tarjoaa runsaasti tilaa ostoksille ja tuotteille. Laminoitu juuttimateriaali tekee kassista [&hellip;]<\/p>\n","protected":false},"featured_media":19983,"template":"","meta":{"_acf_changed":false,"om_disable_all_campaigns":false,"_monsterinsights_skip_tracking":false,"_monsterinsights_sitenote_active":false,"_monsterinsights_sitenote_note":"","_monsterinsights_sitenote_category":0},"product_brand":[],"product_cat":[363],"product_tag":[381,628,405,298],"class_list":{"0":"post-19982","1":"product","2":"type-product","3":"status-publish","4":"has-post-thumbnail","6":"product_cat-kassit","7":"product_tag-kassi","8":"product_tag-kassi-painatus","9":"product_tag-ostoskassi","10":"product_tag-painatus","11":"product_shipping_class-postipaketti","13":"first","14":"instock","15":"taxable","16":"shipping-taxable","17":"purchasable","18":"product-type-simple"},"acf":[],"aioseo_notices":[],"_links":{"self":[{"href":"https:\/\/www.roly24.com\/index.php\/wp-json\/wp\/v2\/product\/19982","targetHints":{"allow":["GET"]}}],"collection":[{"href":"https:\/\/www.roly24.com\/index.php\/wp-json\/wp\/v2\/product"}],"about":[{"href":"https:\/\/www.roly24.com\/index.php\/wp-json\/wp\/v2\/types\/product"}],"version-history":[{"count":3,"href":"https:\/\/www.roly24.com\/index.php\/wp-json\/wp\/v2\/product\/19982\/revisions"}],"predecessor-version":[{"id":22333,"href":"https:\/\/www.roly24.com\/index.php\/wp-json\/wp\/v2\/product\/19982\/revisions\/22333"}],"wp:featuredmedia":[{"embeddable":true,"href":"https:\/\/www.roly24.com\/index.php\/wp-json\/wp\/v2\/media\/19983"}],"wp:attachment":[{"href":"https:\/\/www.roly24.com\/index.php\/wp-json\/wp\/v2\/media?parent=19982"}],"wp:term":[{"taxonomy":"product_brand","embeddable":true,"href":"https:\/\/www.roly24.com\/index.php\/wp-json\/wp\/v2\/product_brand?post=19982"},{"taxonomy":"product_cat","embeddable":true,"href":"https:\/\/www.roly24.com\/index.php\/wp-json\/wp\/v2\/product_cat?post=19982"},{"taxonomy":"product_tag","embeddable":true,"href":"https:\/\/www.roly24.com\/index.php\/wp-json\/wp\/v2\/product_tag?post=19982"}],"curies":[{"name":"wp","href":"https:\/\/api.w.org\/{rel}","templated":true}]}}