{"id":19967,"date":"2025-09-02T08:03:38","date_gmt":"2025-09-02T06:03:38","guid":{"rendered":"https:\/\/www.roly24.com\/?post_type=product&#038;p=19967"},"modified":"2026-04-19T18:42:15","modified_gmt":"2026-04-19T16:42:15","slug":"kassi-mendes-kappalehinta-alkaen","status":"publish","type":"product","link":"https:\/\/www.roly24.com\/index.php\/tuote\/kassi-mendes-kappalehinta-alkaen\/","title":{"rendered":"Kierr\u00e4tetyst\u00e4 puuvillasta kangaskassi MENDES &#8211; painatuksella tai ilman"},"content":{"rendered":"<p><strong>Tuotenumero 301442<\/strong><\/p>\n<div class=\"relative basis-auto flex-col -mb-(--composer-overlap-px) pb-(--composer-overlap-px) [--composer-overlap-px:28px] grow flex\">\n<div class=\"flex flex-col text-sm pb-25\">\n<section class=\"text-token-text-primary w-full focus:outline-none [--shadow-height:45px] has-data-writing-block:pointer-events-none has-data-writing-block:-mt-(--shadow-height) has-data-writing-block:pt-(--shadow-height) [&amp;:has([data-writing-block])&gt;*]:pointer-events-auto scroll-mt-[calc(var(--header-height)+min(200px,max(70px,20svh)))]\" dir=\"auto\" data-turn-id=\"request-69dfb62b-f108-8392-bbc9-c9f436d44a4c-34\" data-testid=\"conversation-turn-32\" data-scroll-anchor=\"true\" data-turn=\"assistant\">\n<div class=\"text-base my-auto mx-auto pb-10 [--thread-content-margin:var(--thread-content-margin-xs,calc(var(--spacing)*4))] @w-sm\/main:[--thread-content-margin:var(--thread-content-margin-sm,calc(var(--spacing)*6))] @w-lg\/main:[--thread-content-margin:var(--thread-content-margin-lg,calc(var(--spacing)*16))] px-(--thread-content-margin)\">\n<div class=\"[--thread-content-max-width:40rem] @w-lg\/main:[--thread-content-max-width:48rem] mx-auto max-w-(--thread-content-max-width) flex-1 group\/turn-messages focus-visible:outline-hidden relative flex w-full min-w-0 flex-col agent-turn\">\n<div class=\"flex max-w-full flex-col gap-4 grow\">\n<div class=\"min-h-8 text-message relative flex w-full flex-col items-end gap-2 text-start break-words whitespace-normal outline-none keyboard-focused:focus-ring [.text-message+&amp;]:mt-1\" dir=\"auto\" tabindex=\"0\" data-message-author-role=\"assistant\" data-message-id=\"3dd3bf75-b912-4525-8aa4-33c9466f9046\" data-message-model-slug=\"gpt-5-3\" data-turn-start-message=\"true\">\n<div class=\"flex w-full flex-col gap-1 empty:hidden\">\n<div class=\"markdown prose dark:prose-invert w-full wrap-break-word light markdown-new-styling\">\n<h4 data-start=\"0\" data-end=\"82\"><strong>Mendes kangaskassi painatuksella tai ilman \u2013 kierr\u00e4tetyst\u00e4 puuvillasta 330 g\/m\u00b2<\/strong><\/h4>\n<p data-start=\"84\" data-end=\"355\"><strong data-start=\"84\" data-end=\"106\">Mendes kangaskassi<\/strong> on kest\u00e4v\u00e4 ja laadukas <strong data-start=\"130\" data-end=\"183\">kierr\u00e4tetyst\u00e4 puuvillasta valmistettu kangaskassi<\/strong>, joka sopii erinomaisesti <strong data-start=\"210\" data-end=\"264\">yrityksille, tapahtumiin ja p\u00e4ivitt\u00e4iseen k\u00e4ytt\u00f6\u00f6n<\/strong>. Se toimii loistavasti <strong data-start=\"288\" data-end=\"354\">kangaskassina logolla, promootiotuotteena sek\u00e4 j\u00e4lleenmyyntiin<\/strong>.<\/p>\n<p data-start=\"357\" data-end=\"665\">Kassin koko <strong data-start=\"369\" data-end=\"388\">41 x 41 x 13 cm<\/strong> tarjoaa hyv\u00e4n tilavuuden ostoksille ja tuotteille. <strong data-start=\"440\" data-end=\"455\">Pohjalevike<\/strong> lis\u00e4\u00e4 tilavuutta ja tekee kassista k\u00e4yt\u00e4nn\u00f6llisemm\u00e4n. <strong data-start=\"510\" data-end=\"533\">70 cm pitk\u00e4t kahvat<\/strong> tekev\u00e4t kassista mukavan kantaa olalla. Vahva <strong data-start=\"580\" data-end=\"603\">330 g\/m\u00b2 materiaali<\/strong> tekee kassista eritt\u00e4in kest\u00e4v\u00e4n ja pitk\u00e4ik\u00e4isen vaihtoehdon.<\/p>\n<p data-start=\"667\" data-end=\"964\"><strong data-start=\"667\" data-end=\"739\">Mendes kangaskassi on saatavilla painatuksella tai ilman painatusta.<\/strong><br data-start=\"739\" data-end=\"742\" \/>Painettu kangaskassi toimii tehokkaana <strong data-start=\"781\" data-end=\"806\">markkinointiv\u00e4lineen\u00e4<\/strong> ja lis\u00e4\u00e4 br\u00e4ndin n\u00e4kyvyytt\u00e4. Ilman painatusta se sopii hyvin <strong data-start=\"868\" data-end=\"904\">j\u00e4lleenmyyntiin ja yleisk\u00e4ytt\u00f6\u00f6n<\/strong>.<br data-start=\"905\" data-end=\"908\" \/><strong data-start=\"908\" data-end=\"924\">DTF-painatus<\/strong> takaa tarkan ja kest\u00e4v\u00e4n lopputuloksen.<\/p>\n<h3 data-start=\"966\" data-end=\"982\">Ominaisuudet<\/h3>\n<p data-start=\"984\" data-end=\"1235\">Materiaali: Kierr\u00e4tetty puuvilla<br data-start=\"1016\" data-end=\"1019\" \/>Paino: 330 g\/m\u00b2<br data-start=\"1034\" data-end=\"1037\" \/>Mitat: 41 x 41 x 13 cm<br data-start=\"1059\" data-end=\"1062\" \/>Kahvat: 70 cm pitk\u00e4t kahvat<br data-start=\"1089\" data-end=\"1092\" \/>Rakenne: Pohjalevike lis\u00e4\u00e4 tilavuutta<br data-start=\"1129\" data-end=\"1132\" \/>Painatus: DTF-painatus<br data-start=\"1154\" data-end=\"1157\" \/>Saatavilla: painatuksella tai ilman painatusta<br data-start=\"1203\" data-end=\"1206\" \/>Toimitusaika: noin 1 viikko<\/p>\n<h3 data-start=\"1237\" data-end=\"1272\">Miksi valita Mendes kangaskassi<\/h3>\n<p data-start=\"1274\" data-end=\"1501\">Eritt\u00e4in kest\u00e4v\u00e4 kangaskassi paksusta kierr\u00e4tetyst\u00e4 puuvillasta<br data-start=\"1337\" data-end=\"1340\" \/>Sopii <strong data-start=\"1346\" data-end=\"1393\">kangaskassiksi logolla tai ilman painatusta<\/strong><br data-start=\"1393\" data-end=\"1396\" \/>Erinomainen valinta <strong data-start=\"1416\" data-end=\"1456\">yrityksille, tapahtumiin ja myyntiin<\/strong><br data-start=\"1456\" data-end=\"1459\" \/>Tilava ja j\u00e4m\u00e4kk\u00e4 p\u00e4ivitt\u00e4iseen k\u00e4ytt\u00f6\u00f6n<\/p>\n<h3 data-start=\"1503\" data-end=\"1520\">K\u00e4ytt\u00f6kohteet<\/h3>\n<p data-start=\"1522\" data-end=\"1682\">Kangaskassi painatuksella yrityksille<br data-start=\"1559\" data-end=\"1562\" \/>Kangaskassi logolla messuille ja tapahtumiin<br data-start=\"1606\" data-end=\"1609\" \/>Kangaskassi j\u00e4lleenmyyntiin<br data-start=\"1636\" data-end=\"1639\" \/>Kest\u00e4v\u00e4 ostoskassi p\u00e4ivitt\u00e4iseen k\u00e4ytt\u00f6\u00f6n<\/p>\n<h3 data-start=\"1684\" data-end=\"1712\">Usein kysytyt kysymykset<\/h3>\n<p data-start=\"1714\" data-end=\"1824\"><strong data-start=\"1714\" data-end=\"1764\">Onko Mendes kangaskassi kierr\u00e4tetty\u00e4 puuvillaa<\/strong><br data-start=\"1764\" data-end=\"1767\" \/>Kyll\u00e4, kassi on valmistettu <strong data-start=\"1795\" data-end=\"1824\">kierr\u00e4tetyst\u00e4 puuvillasta<\/strong><\/p>\n<p data-start=\"1826\" data-end=\"1962\"><strong data-start=\"1826\" data-end=\"1864\">Voiko kassiin painattaa oman logon<\/strong><br data-start=\"1864\" data-end=\"1867\" \/>Kyll\u00e4, kangaskassi on saatavilla painatuksella ja <strong data-start=\"1917\" data-end=\"1933\">DTF-painatus<\/strong> takaa kest\u00e4v\u00e4n lopputuloksen<\/p>\n<p data-start=\"1964\" data-end=\"2068\"><strong data-start=\"1964\" data-end=\"2004\">Voiko kassin tilata ilman painatusta<\/strong><br data-start=\"2004\" data-end=\"2007\" \/>Kyll\u00e4, Mendes kangaskassi on saatavilla my\u00f6s ilman painatusta<\/p>\n<p data-start=\"2070\" data-end=\"2126\" data-is-last-node=\"\" data-is-only-node=\"\"><strong data-start=\"2070\" data-end=\"2094\">Mik\u00e4 on toimitusaika<\/strong><br data-start=\"2094\" data-end=\"2097\" \/>Toimitusaika on noin 1 viikko<\/p>\n<\/div>\n<\/div>\n<\/div>\n<\/div>\n<\/div>\n<\/div>\n<\/section>\n<\/div>\n<\/div>\n","protected":false},"excerpt":{"rendered":"<p>Tuotenumero 301442 Mendes kangaskassi painatuksella tai ilman \u2013 kierr\u00e4tetyst\u00e4 puuvillasta 330 g\/m\u00b2 Mendes kangaskassi on kest\u00e4v\u00e4 ja laadukas kierr\u00e4tetyst\u00e4 puuvillasta valmistettu kangaskassi, joka sopii erinomaisesti yrityksille, tapahtumiin ja p\u00e4ivitt\u00e4iseen k\u00e4ytt\u00f6\u00f6n. Se toimii loistavasti kangaskassina logolla, promootiotuotteena sek\u00e4 j\u00e4lleenmyyntiin. Kassin koko 41 x 41 x 13 cm tarjoaa hyv\u00e4n tilavuuden ostoksille ja tuotteille. Pohjalevike lis\u00e4\u00e4 tilavuutta [&hellip;]<\/p>\n","protected":false},"featured_media":19968,"template":"","meta":{"_acf_changed":false,"om_disable_all_campaigns":false,"_monsterinsights_skip_tracking":false,"_monsterinsights_sitenote_active":false,"_monsterinsights_sitenote_note":"","_monsterinsights_sitenote_category":0},"product_brand":[],"product_cat":[363],"product_tag":[381,628,405,298],"class_list":{"0":"post-19967","1":"product","2":"type-product","3":"status-publish","4":"has-post-thumbnail","6":"product_cat-kassit","7":"product_tag-kassi","8":"product_tag-kassi-painatus","9":"product_tag-ostoskassi","10":"product_tag-painatus","11":"product_shipping_class-postipaketti","13":"first","14":"instock","15":"taxable","16":"shipping-taxable","17":"purchasable","18":"product-type-simple"},"acf":[],"aioseo_notices":[],"_links":{"self":[{"href":"https:\/\/www.roly24.com\/index.php\/wp-json\/wp\/v2\/product\/19967","targetHints":{"allow":["GET"]}}],"collection":[{"href":"https:\/\/www.roly24.com\/index.php\/wp-json\/wp\/v2\/product"}],"about":[{"href":"https:\/\/www.roly24.com\/index.php\/wp-json\/wp\/v2\/types\/product"}],"version-history":[{"count":2,"href":"https:\/\/www.roly24.com\/index.php\/wp-json\/wp\/v2\/product\/19967\/revisions"}],"predecessor-version":[{"id":22338,"href":"https:\/\/www.roly24.com\/index.php\/wp-json\/wp\/v2\/product\/19967\/revisions\/22338"}],"wp:featuredmedia":[{"embeddable":true,"href":"https:\/\/www.roly24.com\/index.php\/wp-json\/wp\/v2\/media\/19968"}],"wp:attachment":[{"href":"https:\/\/www.roly24.com\/index.php\/wp-json\/wp\/v2\/media?parent=19967"}],"wp:term":[{"taxonomy":"product_brand","embeddable":true,"href":"https:\/\/www.roly24.com\/index.php\/wp-json\/wp\/v2\/product_brand?post=19967"},{"taxonomy":"product_cat","embeddable":true,"href":"https:\/\/www.roly24.com\/index.php\/wp-json\/wp\/v2\/product_cat?post=19967"},{"taxonomy":"product_tag","embeddable":true,"href":"https:\/\/www.roly24.com\/index.php\/wp-json\/wp\/v2\/product_tag?post=19967"}],"curies":[{"name":"wp","href":"https:\/\/api.w.org\/{rel}","templated":true}]}}