{"id":19957,"date":"2025-09-02T07:53:06","date_gmt":"2025-09-02T05:53:06","guid":{"rendered":"https:\/\/www.roly24.com\/?post_type=product&#038;p=19957"},"modified":"2026-04-19T18:45:16","modified_gmt":"2026-04-19T16:45:16","slug":"kassi-leaf-kappalehinta-alkaen","status":"publish","type":"product","link":"https:\/\/www.roly24.com\/index.php\/tuote\/kassi-leaf-kappalehinta-alkaen\/","title":{"rendered":"LEAF ekologinen hedelm\u00e4pussi puuvillasta &#8211; painatuksella tai ilman"},"content":{"rendered":"<p><strong>Tuotenumero 301439<\/strong><\/p>\n<div class=\"flex flex-col text-sm pb-25\">\n<section class=\"text-token-text-primary w-full focus:outline-none [--shadow-height:45px] has-data-writing-block:pointer-events-none has-data-writing-block:-mt-(--shadow-height) has-data-writing-block:pt-(--shadow-height) [&amp;:has([data-writing-block])&gt;*]:pointer-events-auto scroll-mt-[calc(var(--header-height)+min(200px,max(70px,20svh)))]\" dir=\"auto\" data-turn-id=\"request-69dfb62b-f108-8392-bbc9-c9f436d44a4c-35\" data-testid=\"conversation-turn-34\" data-scroll-anchor=\"true\" data-turn=\"assistant\">\n<div class=\"text-base my-auto mx-auto pb-10 [--thread-content-margin:var(--thread-content-margin-xs,calc(var(--spacing)*4))] @w-sm\/main:[--thread-content-margin:var(--thread-content-margin-sm,calc(var(--spacing)*6))] @w-lg\/main:[--thread-content-margin:var(--thread-content-margin-lg,calc(var(--spacing)*16))] px-(--thread-content-margin)\">\n<div class=\"[--thread-content-max-width:40rem] @w-lg\/main:[--thread-content-max-width:48rem] mx-auto max-w-(--thread-content-max-width) flex-1 group\/turn-messages focus-visible:outline-hidden relative flex w-full min-w-0 flex-col agent-turn\">\n<div class=\"flex max-w-full flex-col gap-4 grow\">\n<div class=\"min-h-8 text-message relative flex w-full flex-col items-end gap-2 text-start break-words whitespace-normal outline-none keyboard-focused:focus-ring [.text-message+&amp;]:mt-1\" dir=\"auto\" tabindex=\"0\" data-message-author-role=\"assistant\" data-message-id=\"312b9fcf-4480-4c99-a239-7de2c59ddaca\" data-message-model-slug=\"gpt-5-3\" data-turn-start-message=\"true\">\n<div class=\"flex w-full flex-col gap-1 empty:hidden\">\n<div class=\"markdown prose dark:prose-invert w-full wrap-break-word light markdown-new-styling\">\n<h4 data-start=\"0\" data-end=\"90\"><strong>Leaf kangaskassi painatuksella tai ilman \u2013 ekologinen hedelm\u00e4pussi puuvillasta 180 g\/m\u00b2<\/strong><\/h4>\n<p data-start=\"92\" data-end=\"378\"><strong data-start=\"92\" data-end=\"112\">Leaf kangaskassi<\/strong> on ekologinen ja k\u00e4yt\u00e4nn\u00f6llinen <strong data-start=\"145\" data-end=\"191\">100 % puuvillasta valmistettu hedelm\u00e4pussi<\/strong>, joka sopii erinomaisesti <strong data-start=\"218\" data-end=\"288\">p\u00e4ivitt\u00e4iseen k\u00e4ytt\u00f6\u00f6n, kauppareissuille ja kest\u00e4v\u00e4\u00e4n el\u00e4m\u00e4ntapaan<\/strong>. Se toimii hyvin my\u00f6s <strong data-start=\"311\" data-end=\"377\">kangaskassina logolla, promootiotuotteena sek\u00e4 j\u00e4lleenmyyntiin<\/strong>.<\/p>\n<p data-start=\"380\" data-end=\"593\">Kassin koko <strong data-start=\"392\" data-end=\"406\">45 x 42 cm<\/strong> tarjoaa hyv\u00e4n tilavuuden hedelmille ja muille ostoksille. <strong data-start=\"465\" data-end=\"488\">60 cm pitk\u00e4t kahvat<\/strong> mahdollistavat mukavan kantamisen. <strong data-start=\"524\" data-end=\"547\">180 g\/m\u00b2 materiaali<\/strong> tekee kassista kest\u00e4v\u00e4n mutta kevyen k\u00e4ytt\u00e4\u00e4.<\/p>\n<p data-start=\"595\" data-end=\"763\">Pussi on suunniteltu k\u00e4yt\u00e4nn\u00f6lliseksi: <strong data-start=\"634\" data-end=\"709\">puolet materiaalista on pehme\u00e4\u00e4 puuvillaa ja puolet hengitt\u00e4v\u00e4\u00e4 verkkoa<\/strong>, mik\u00e4 auttaa pit\u00e4m\u00e4\u00e4n tuotteet n\u00e4kyviss\u00e4 ja ilmavina.<\/p>\n<p data-start=\"765\" data-end=\"1060\"><strong data-start=\"765\" data-end=\"835\">Leaf kangaskassi on saatavilla painatuksella tai ilman painatusta.<\/strong><br data-start=\"835\" data-end=\"838\" \/>Painettu kangaskassi toimii tehokkaana <strong data-start=\"877\" data-end=\"902\">markkinointiv\u00e4lineen\u00e4<\/strong> ja lis\u00e4\u00e4 br\u00e4ndin n\u00e4kyvyytt\u00e4. Ilman painatusta se sopii hyvin <strong data-start=\"964\" data-end=\"1000\">j\u00e4lleenmyyntiin ja yleisk\u00e4ytt\u00f6\u00f6n<\/strong>.<br data-start=\"1001\" data-end=\"1004\" \/><strong data-start=\"1004\" data-end=\"1020\">DTF-painatus<\/strong> takaa tarkan ja kest\u00e4v\u00e4n lopputuloksen.<\/p>\n<h3 data-start=\"1062\" data-end=\"1078\">Ominaisuudet<\/h3>\n<p data-start=\"1080\" data-end=\"1328\">Materiaali: 100 % puuvilla<br data-start=\"1106\" data-end=\"1109\" \/>Paino: 180 g\/m\u00b2<br data-start=\"1124\" data-end=\"1127\" \/>Mitat: 45 x 42 cm<br data-start=\"1144\" data-end=\"1147\" \/>Kahvat: 60 cm pitk\u00e4t kahvat<br data-start=\"1174\" data-end=\"1177\" \/>Rakenne: Puoliksi puuvillaa, puoliksi verkkoa<br data-start=\"1222\" data-end=\"1225\" \/>Painatus: DTF-painatus<br data-start=\"1247\" data-end=\"1250\" \/>Saatavilla: painatuksella tai ilman painatusta<br data-start=\"1296\" data-end=\"1299\" \/>Toimitusaika: noin 1 viikko<\/p>\n<h3 data-start=\"1330\" data-end=\"1363\">Miksi valita Leaf kangaskassi<\/h3>\n<p data-start=\"1365\" data-end=\"1562\">Ekologinen vaihtoehto muovipusseille<br data-start=\"1401\" data-end=\"1404\" \/>Sopii <strong data-start=\"1410\" data-end=\"1457\">kangaskassiksi logolla tai ilman painatusta<\/strong><br data-start=\"1457\" data-end=\"1460\" \/>Erinomainen valinta <strong data-start=\"1480\" data-end=\"1514\">yrityksille ja j\u00e4lleenmyyntiin<\/strong><br data-start=\"1514\" data-end=\"1517\" \/>Hengitt\u00e4v\u00e4 rakenne pit\u00e4\u00e4 tuotteet raikkaina<\/p>\n<h3 data-start=\"1564\" data-end=\"1581\">K\u00e4ytt\u00f6kohteet<\/h3>\n<p data-start=\"1583\" data-end=\"1708\">Hedelm\u00e4pussi ja vihannespussi<br data-start=\"1612\" data-end=\"1615\" \/>Kangaskassi painatuksella yrityksille<br data-start=\"1652\" data-end=\"1655\" \/>Kangaskassi j\u00e4lleenmyyntiin<br data-start=\"1682\" data-end=\"1685\" \/>Ekologinen ostoskassi<\/p>\n<h3 data-start=\"1710\" data-end=\"1738\">Usein kysytyt kysymykset<\/h3>\n<p data-start=\"1740\" data-end=\"1827\"><strong data-start=\"1740\" data-end=\"1775\">Onko Leaf kangaskassi puuvillaa<\/strong><br data-start=\"1775\" data-end=\"1778\" \/>Kyll\u00e4, kassi on valmistettu <strong data-start=\"1806\" data-end=\"1827\">100 % puuvillasta<\/strong><\/p>\n<p data-start=\"1829\" data-end=\"1965\"><strong data-start=\"1829\" data-end=\"1867\">Voiko kassiin painattaa oman logon<\/strong><br data-start=\"1867\" data-end=\"1870\" \/>Kyll\u00e4, kangaskassi on saatavilla painatuksella ja <strong data-start=\"1920\" data-end=\"1936\">DTF-painatus<\/strong> takaa kest\u00e4v\u00e4n lopputuloksen<\/p>\n<p data-start=\"1967\" data-end=\"2069\"><strong data-start=\"1967\" data-end=\"2007\">Voiko kassin tilata ilman painatusta<\/strong><br data-start=\"2007\" data-end=\"2010\" \/>Kyll\u00e4, Leaf kangaskassi on saatavilla my\u00f6s ilman painatusta<\/p>\n<p data-start=\"2071\" data-end=\"2127\" data-is-last-node=\"\" data-is-only-node=\"\"><strong data-start=\"2071\" data-end=\"2095\">Mik\u00e4 on toimitusaika<\/strong><br data-start=\"2095\" data-end=\"2098\" \/>Toimitusaika on noin 1 viikko<\/p>\n<\/div>\n<\/div>\n<\/div>\n<\/div>\n<\/div>\n<\/div>\n<\/section>\n<\/div>\n","protected":false},"excerpt":{"rendered":"<p>Tuotenumero 301439 Leaf kangaskassi painatuksella tai ilman \u2013 ekologinen hedelm\u00e4pussi puuvillasta 180 g\/m\u00b2 Leaf kangaskassi on ekologinen ja k\u00e4yt\u00e4nn\u00f6llinen 100 % puuvillasta valmistettu hedelm\u00e4pussi, joka sopii erinomaisesti p\u00e4ivitt\u00e4iseen k\u00e4ytt\u00f6\u00f6n, kauppareissuille ja kest\u00e4v\u00e4\u00e4n el\u00e4m\u00e4ntapaan. Se toimii hyvin my\u00f6s kangaskassina logolla, promootiotuotteena sek\u00e4 j\u00e4lleenmyyntiin. Kassin koko 45 x 42 cm tarjoaa hyv\u00e4n tilavuuden hedelmille ja muille ostoksille. [&hellip;]<\/p>\n","protected":false},"featured_media":19958,"template":"","meta":{"_acf_changed":false,"om_disable_all_campaigns":false,"_monsterinsights_skip_tracking":false,"_monsterinsights_sitenote_active":false,"_monsterinsights_sitenote_note":"","_monsterinsights_sitenote_category":0},"product_brand":[],"product_cat":[363],"product_tag":[381,628,405,298],"class_list":{"0":"post-19957","1":"product","2":"type-product","3":"status-publish","4":"has-post-thumbnail","6":"product_cat-kassit","7":"product_tag-kassi","8":"product_tag-kassi-painatus","9":"product_tag-ostoskassi","10":"product_tag-painatus","11":"product_shipping_class-postipaketti","13":"first","14":"instock","15":"taxable","16":"shipping-taxable","17":"purchasable","18":"product-type-simple"},"acf":[],"aioseo_notices":[],"_links":{"self":[{"href":"https:\/\/www.roly24.com\/index.php\/wp-json\/wp\/v2\/product\/19957","targetHints":{"allow":["GET"]}}],"collection":[{"href":"https:\/\/www.roly24.com\/index.php\/wp-json\/wp\/v2\/product"}],"about":[{"href":"https:\/\/www.roly24.com\/index.php\/wp-json\/wp\/v2\/types\/product"}],"version-history":[{"count":2,"href":"https:\/\/www.roly24.com\/index.php\/wp-json\/wp\/v2\/product\/19957\/revisions"}],"predecessor-version":[{"id":22339,"href":"https:\/\/www.roly24.com\/index.php\/wp-json\/wp\/v2\/product\/19957\/revisions\/22339"}],"wp:featuredmedia":[{"embeddable":true,"href":"https:\/\/www.roly24.com\/index.php\/wp-json\/wp\/v2\/media\/19958"}],"wp:attachment":[{"href":"https:\/\/www.roly24.com\/index.php\/wp-json\/wp\/v2\/media?parent=19957"}],"wp:term":[{"taxonomy":"product_brand","embeddable":true,"href":"https:\/\/www.roly24.com\/index.php\/wp-json\/wp\/v2\/product_brand?post=19957"},{"taxonomy":"product_cat","embeddable":true,"href":"https:\/\/www.roly24.com\/index.php\/wp-json\/wp\/v2\/product_cat?post=19957"},{"taxonomy":"product_tag","embeddable":true,"href":"https:\/\/www.roly24.com\/index.php\/wp-json\/wp\/v2\/product_tag?post=19957"}],"curies":[{"name":"wp","href":"https:\/\/api.w.org\/{rel}","templated":true}]}}