{"id":19952,"date":"2025-09-02T07:43:08","date_gmt":"2025-09-02T05:43:08","guid":{"rendered":"https:\/\/www.roly24.com\/?post_type=product&#038;p=19952"},"modified":"2026-04-19T19:02:52","modified_gmt":"2026-04-19T17:02:52","slug":"kassi-raku-kappalehinta-alkaen","status":"publish","type":"product","link":"https:\/\/www.roly24.com\/index.php\/tuote\/kassi-raku-kappalehinta-alkaen\/","title":{"rendered":"Puuvillakassi juuttipohjalla RAKU- painatuksella tai ilman"},"content":{"rendered":"<p><strong>Tuotenumero 301438<\/strong><\/p>\n<div class=\"flex flex-col text-sm pb-25\">\n<section class=\"text-token-text-primary w-full focus:outline-none [--shadow-height:45px] has-data-writing-block:pointer-events-none has-data-writing-block:-mt-(--shadow-height) has-data-writing-block:pt-(--shadow-height) [&amp;:has([data-writing-block])&gt;*]:pointer-events-auto scroll-mt-[calc(var(--header-height)+min(200px,max(70px,20svh)))]\" dir=\"auto\" data-turn-id=\"request-69dfb62b-f108-8392-bbc9-c9f436d44a4c-40\" data-testid=\"conversation-turn-44\" data-scroll-anchor=\"true\" data-turn=\"assistant\">\n<div class=\"text-base my-auto mx-auto pb-10 [--thread-content-margin:var(--thread-content-margin-xs,calc(var(--spacing)*4))] @w-sm\/main:[--thread-content-margin:var(--thread-content-margin-sm,calc(var(--spacing)*6))] @w-lg\/main:[--thread-content-margin:var(--thread-content-margin-lg,calc(var(--spacing)*16))] px-(--thread-content-margin)\">\n<div class=\"[--thread-content-max-width:40rem] @w-lg\/main:[--thread-content-max-width:48rem] mx-auto max-w-(--thread-content-max-width) flex-1 group\/turn-messages focus-visible:outline-hidden relative flex w-full min-w-0 flex-col agent-turn\">\n<div class=\"flex max-w-full flex-col gap-4 grow\">\n<div class=\"min-h-8 text-message relative flex w-full flex-col items-end gap-2 text-start break-words whitespace-normal outline-none keyboard-focused:focus-ring [.text-message+&amp;]:mt-1\" dir=\"auto\" tabindex=\"0\" data-message-author-role=\"assistant\" data-message-id=\"9f58906e-9550-47ce-8e1c-2e83cb9cf632\" data-message-model-slug=\"gpt-5-3\" data-turn-start-message=\"true\">\n<div class=\"flex w-full flex-col gap-1 empty:hidden\">\n<div class=\"markdown prose dark:prose-invert w-full wrap-break-word light markdown-new-styling\">\n<h4 data-start=\"0\" data-end=\"83\">Raku kangaskassi painatuksella tai ilman \u2013 taittuva puuvillakassi juuttipohjalla<\/h4>\n<p data-start=\"85\" data-end=\"360\"><strong data-start=\"85\" data-end=\"105\">Raku kangaskassi<\/strong> on k\u00e4yt\u00e4nn\u00f6llinen ja monipuolinen <strong data-start=\"140\" data-end=\"194\">100 % puuvillasta valmistettu taittuva kangaskassi<\/strong>, joka sopii erinomaisesti <strong data-start=\"221\" data-end=\"275\">yrityksille, tapahtumiin ja p\u00e4ivitt\u00e4iseen k\u00e4ytt\u00f6\u00f6n<\/strong>. Se toimii hyvin <strong data-start=\"293\" data-end=\"359\">kangaskassina logolla, promootiotuotteena sek\u00e4 j\u00e4lleenmyyntiin<\/strong>.<\/p>\n<p data-start=\"362\" data-end=\"660\">Kassin koko <strong data-start=\"374\" data-end=\"393\">35 x 39 x 10 cm<\/strong> tarjoaa hyv\u00e4n tilavuuden ostoksille ja tuotteille. <strong data-start=\"445\" data-end=\"460\">Juuttipohja<\/strong> lis\u00e4\u00e4 kest\u00e4vyytt\u00e4 ja tuo kassiin ryhdikk\u00e4\u00e4n rakenteen. <strong data-start=\"516\" data-end=\"544\">Vahvistetut 60 cm kahvat<\/strong> tekev\u00e4t kassista mukavan kantaa olalla. Kevyt <strong data-start=\"591\" data-end=\"614\">110 g\/m\u00b2 materiaali<\/strong> tekee kassista helposti mukana kuljetettavan.<\/p>\n<p data-start=\"662\" data-end=\"838\">Kassi on <strong data-start=\"671\" data-end=\"685\">taitettava<\/strong>, ja siin\u00e4 on <strong data-start=\"699\" data-end=\"721\">vetoketjukiinnitys<\/strong>, joka helpottaa s\u00e4ilytyst\u00e4 ja kuljetusta. Lis\u00e4ksi <strong data-start=\"772\" data-end=\"785\">ulkotasku<\/strong> tuo k\u00e4yt\u00e4nn\u00f6llist\u00e4 lis\u00e4tilaa pienemmille tavaroille.<\/p>\n<p data-start=\"840\" data-end=\"1135\"><strong data-start=\"840\" data-end=\"910\">Raku kangaskassi on saatavilla painatuksella tai ilman painatusta.<\/strong><br data-start=\"910\" data-end=\"913\" \/>Painettu kangaskassi toimii tehokkaana <strong data-start=\"952\" data-end=\"977\">markkinointiv\u00e4lineen\u00e4<\/strong> ja lis\u00e4\u00e4 br\u00e4ndin n\u00e4kyvyytt\u00e4. Ilman painatusta se sopii hyvin <strong data-start=\"1039\" data-end=\"1075\">j\u00e4lleenmyyntiin ja yleisk\u00e4ytt\u00f6\u00f6n<\/strong>.<br data-start=\"1076\" data-end=\"1079\" \/><strong data-start=\"1079\" data-end=\"1095\">DTF-painatus<\/strong> takaa tarkan ja kest\u00e4v\u00e4n lopputuloksen.<\/p>\n<h3 data-start=\"1137\" data-end=\"1153\">Ominaisuudet<\/h3>\n<p data-start=\"1155\" data-end=\"1470\">Materiaali: 100 % puuvilla<br data-start=\"1181\" data-end=\"1184\" \/>Paino: 110 g\/m\u00b2<br data-start=\"1199\" data-end=\"1202\" \/>Mitat: 35 x 39 x 10 cm<br data-start=\"1224\" data-end=\"1227\" \/>Kahvat: 60 cm vahvistetut kahvat<br data-start=\"1259\" data-end=\"1262\" \/>Rakenne: Juuttipohja lis\u00e4\u00e4 kest\u00e4vyytt\u00e4<br data-start=\"1300\" data-end=\"1303\" \/>Lis\u00e4ominaisuudet: Taitettava, vetoketjukiinnitys ja ulkotasku<br data-start=\"1364\" data-end=\"1367\" \/>Painatus: DTF-painatus<br data-start=\"1389\" data-end=\"1392\" \/>Saatavilla: painatuksella tai ilman painatusta<br data-start=\"1438\" data-end=\"1441\" \/>Toimitusaika: noin 1 viikko<\/p>\n<h3 data-start=\"1472\" data-end=\"1505\">Miksi valita Raku kangaskassi<\/h3>\n<p data-start=\"1507\" data-end=\"1722\">Taittuva ja helposti mukana kuljetettava kangaskassi<br data-start=\"1559\" data-end=\"1562\" \/>Sopii <strong data-start=\"1568\" data-end=\"1615\">kangaskassiksi logolla tai ilman painatusta<\/strong><br data-start=\"1615\" data-end=\"1618\" \/>Erinomainen valinta <strong data-start=\"1638\" data-end=\"1678\">yrityksille, tapahtumiin ja myyntiin<\/strong><br data-start=\"1678\" data-end=\"1681\" \/>K\u00e4yt\u00e4nn\u00f6llinen juuttipohja ja lis\u00e4tasku<\/p>\n<h3 data-start=\"1724\" data-end=\"1741\">K\u00e4ytt\u00f6kohteet<\/h3>\n<p data-start=\"1743\" data-end=\"1904\">Kangaskassi painatuksella yrityksille<br data-start=\"1780\" data-end=\"1783\" \/>Kangaskassi logolla messuille ja tapahtumiin<br data-start=\"1827\" data-end=\"1830\" \/>Kangaskassi j\u00e4lleenmyyntiin<br data-start=\"1857\" data-end=\"1860\" \/>Taittuva ostoskassi p\u00e4ivitt\u00e4iseen k\u00e4ytt\u00f6\u00f6n<\/p>\n<h3 data-start=\"1906\" data-end=\"1934\">Usein kysytyt kysymykset<\/h3>\n<p data-start=\"1936\" data-end=\"2048\"><strong data-start=\"1936\" data-end=\"1971\">Onko Raku kangaskassi puuvillaa<\/strong><br data-start=\"1971\" data-end=\"1974\" \/>Kyll\u00e4, kassi on valmistettu <strong data-start=\"2002\" data-end=\"2023\">100 % puuvillasta<\/strong>, ja siin\u00e4 on juuttipohja<\/p>\n<p data-start=\"2050\" data-end=\"2186\"><strong data-start=\"2050\" data-end=\"2088\">Voiko kassiin painattaa oman logon<\/strong><br data-start=\"2088\" data-end=\"2091\" \/>Kyll\u00e4, kangaskassi on saatavilla painatuksella ja <strong data-start=\"2141\" data-end=\"2157\">DTF-painatus<\/strong> takaa kest\u00e4v\u00e4n lopputuloksen<\/p>\n<p data-start=\"2188\" data-end=\"2290\"><strong data-start=\"2188\" data-end=\"2228\">Voiko kassin tilata ilman painatusta<\/strong><br data-start=\"2228\" data-end=\"2231\" \/>Kyll\u00e4, Raku kangaskassi on saatavilla my\u00f6s ilman painatusta<\/p>\n<p data-start=\"2292\" data-end=\"2348\" data-is-last-node=\"\" data-is-only-node=\"\"><strong data-start=\"2292\" data-end=\"2316\">Mik\u00e4 on toimitusaika<\/strong><br data-start=\"2316\" data-end=\"2319\" \/>Toimitusaika on noin 1 viikko<\/p>\n<\/div>\n<\/div>\n<\/div>\n<\/div>\n<\/div>\n<\/div>\n<\/section>\n<\/div>\n","protected":false},"excerpt":{"rendered":"<p>Tuotenumero 301438 Raku kangaskassi painatuksella tai ilman \u2013 taittuva puuvillakassi juuttipohjalla Raku kangaskassi on k\u00e4yt\u00e4nn\u00f6llinen ja monipuolinen 100 % puuvillasta valmistettu taittuva kangaskassi, joka sopii erinomaisesti yrityksille, tapahtumiin ja p\u00e4ivitt\u00e4iseen k\u00e4ytt\u00f6\u00f6n. Se toimii hyvin kangaskassina logolla, promootiotuotteena sek\u00e4 j\u00e4lleenmyyntiin. Kassin koko 35 x 39 x 10 cm tarjoaa hyv\u00e4n tilavuuden ostoksille ja tuotteille. Juuttipohja lis\u00e4\u00e4 [&hellip;]<\/p>\n","protected":false},"featured_media":19953,"template":"","meta":{"_acf_changed":false,"om_disable_all_campaigns":false,"_monsterinsights_skip_tracking":false,"_monsterinsights_sitenote_active":false,"_monsterinsights_sitenote_note":"","_monsterinsights_sitenote_category":0},"product_brand":[],"product_cat":[363],"product_tag":[381,628,405,298],"class_list":{"0":"post-19952","1":"product","2":"type-product","3":"status-publish","4":"has-post-thumbnail","6":"product_cat-kassit","7":"product_tag-kassi","8":"product_tag-kassi-painatus","9":"product_tag-ostoskassi","10":"product_tag-painatus","11":"product_shipping_class-postipaketti","13":"first","14":"instock","15":"taxable","16":"shipping-taxable","17":"purchasable","18":"product-type-simple"},"acf":[],"aioseo_notices":[],"_links":{"self":[{"href":"https:\/\/www.roly24.com\/index.php\/wp-json\/wp\/v2\/product\/19952","targetHints":{"allow":["GET"]}}],"collection":[{"href":"https:\/\/www.roly24.com\/index.php\/wp-json\/wp\/v2\/product"}],"about":[{"href":"https:\/\/www.roly24.com\/index.php\/wp-json\/wp\/v2\/types\/product"}],"version-history":[{"count":3,"href":"https:\/\/www.roly24.com\/index.php\/wp-json\/wp\/v2\/product\/19952\/revisions"}],"predecessor-version":[{"id":22344,"href":"https:\/\/www.roly24.com\/index.php\/wp-json\/wp\/v2\/product\/19952\/revisions\/22344"}],"wp:featuredmedia":[{"embeddable":true,"href":"https:\/\/www.roly24.com\/index.php\/wp-json\/wp\/v2\/media\/19953"}],"wp:attachment":[{"href":"https:\/\/www.roly24.com\/index.php\/wp-json\/wp\/v2\/media?parent=19952"}],"wp:term":[{"taxonomy":"product_brand","embeddable":true,"href":"https:\/\/www.roly24.com\/index.php\/wp-json\/wp\/v2\/product_brand?post=19952"},{"taxonomy":"product_cat","embeddable":true,"href":"https:\/\/www.roly24.com\/index.php\/wp-json\/wp\/v2\/product_cat?post=19952"},{"taxonomy":"product_tag","embeddable":true,"href":"https:\/\/www.roly24.com\/index.php\/wp-json\/wp\/v2\/product_tag?post=19952"}],"curies":[{"name":"wp","href":"https:\/\/api.w.org\/{rel}","templated":true}]}}