{"id":19943,"date":"2025-09-02T07:21:48","date_gmt":"2025-09-02T05:21:48","guid":{"rendered":"https:\/\/www.roly24.com\/?post_type=product&#038;p=19943"},"modified":"2026-04-19T19:05:57","modified_gmt":"2026-04-19T17:05:57","slug":"kassi-sandy-kappalehinta-alkaen","status":"publish","type":"product","link":"https:\/\/www.roly24.com\/index.php\/tuote\/kassi-sandy-kappalehinta-alkaen\/","title":{"rendered":"Rantakassi SANDY puuvillasta- painatuksella tai ilman"},"content":{"rendered":"<p><strong>Tuotenumero 301436<\/strong><\/p>\n<div class=\"flex flex-col text-sm pb-25\">\n<section class=\"text-token-text-primary w-full focus:outline-none [--shadow-height:45px] has-data-writing-block:pointer-events-none has-data-writing-block:-mt-(--shadow-height) has-data-writing-block:pt-(--shadow-height) [&amp;:has([data-writing-block])&gt;*]:pointer-events-auto scroll-mt-[calc(var(--header-height)+min(200px,max(70px,20svh)))]\" dir=\"auto\" data-turn-id=\"request-69dfb62b-f108-8392-bbc9-c9f436d44a4c-41\" data-testid=\"conversation-turn-46\" data-scroll-anchor=\"true\" data-turn=\"assistant\">\n<div class=\"text-base my-auto mx-auto pb-10 [--thread-content-margin:var(--thread-content-margin-xs,calc(var(--spacing)*4))] @w-sm\/main:[--thread-content-margin:var(--thread-content-margin-sm,calc(var(--spacing)*6))] @w-lg\/main:[--thread-content-margin:var(--thread-content-margin-lg,calc(var(--spacing)*16))] px-(--thread-content-margin)\">\n<div class=\"[--thread-content-max-width:40rem] @w-lg\/main:[--thread-content-max-width:48rem] mx-auto max-w-(--thread-content-max-width) flex-1 group\/turn-messages focus-visible:outline-hidden relative flex w-full min-w-0 flex-col agent-turn\">\n<div class=\"flex max-w-full flex-col gap-4 grow\">\n<div class=\"min-h-8 text-message relative flex w-full flex-col items-end gap-2 text-start break-words whitespace-normal outline-none keyboard-focused:focus-ring [.text-message+&amp;]:mt-1\" dir=\"auto\" tabindex=\"0\" data-message-author-role=\"assistant\" data-message-id=\"66d27449-1638-43d2-9120-c65f4faad7f6\" data-message-model-slug=\"gpt-5-3\" data-turn-start-message=\"true\">\n<div class=\"flex w-full flex-col gap-1 empty:hidden\">\n<div class=\"markdown prose dark:prose-invert w-full wrap-break-word light markdown-new-styling\">\n<h4 data-start=\"0\" data-end=\"78\"><strong>Sandy kangaskassi painatuksella tai ilman \u2013 rantakassi puuvillasta 260 g\/m\u00b2<\/strong><\/h4>\n<p data-start=\"80\" data-end=\"333\"><strong data-start=\"80\" data-end=\"101\">Sandy kangaskassi<\/strong> on tilava ja kest\u00e4v\u00e4 <strong data-start=\"123\" data-end=\"167\">100 % puuvillasta valmistettu rantakassi<\/strong>, joka sopii erinomaisesti <strong data-start=\"194\" data-end=\"248\">yrityksille, tapahtumiin ja p\u00e4ivitt\u00e4iseen k\u00e4ytt\u00f6\u00f6n<\/strong>. Se toimii hyvin <strong data-start=\"266\" data-end=\"332\">kangaskassina logolla, promootiotuotteena sek\u00e4 j\u00e4lleenmyyntiin<\/strong>.<\/p>\n<p data-start=\"335\" data-end=\"700\">Kassin koko <strong data-start=\"347\" data-end=\"366\">55 x 39 x 15 cm<\/strong> tarjoaa runsaasti tilaa esimerkiksi rantatarvikkeille, ostoksille ja muille tuotteille. <strong data-start=\"455\" data-end=\"494\">Tukevat merihenkiset puuvillahihnat<\/strong> tuovat kassiin tyylikk\u00e4\u00e4n ilmeen ja lis\u00e4\u00e4v\u00e4t kest\u00e4vyytt\u00e4. <strong data-start=\"553\" data-end=\"576\">90 cm pitk\u00e4t hihnat<\/strong> mahdollistavat mukavan kantamisen olalla. Vahva <strong data-start=\"625\" data-end=\"648\">260 g\/m\u00b2 materiaali<\/strong> tekee kassista j\u00e4m\u00e4k\u00e4n ja pitk\u00e4ik\u00e4isen vaihtoehdon.<\/p>\n<p data-start=\"702\" data-end=\"998\"><strong data-start=\"702\" data-end=\"773\">Sandy kangaskassi on saatavilla painatuksella tai ilman painatusta.<\/strong><br data-start=\"773\" data-end=\"776\" \/>Painettu kangaskassi toimii tehokkaana <strong data-start=\"815\" data-end=\"840\">markkinointiv\u00e4lineen\u00e4<\/strong> ja lis\u00e4\u00e4 br\u00e4ndin n\u00e4kyvyytt\u00e4. Ilman painatusta se sopii hyvin <strong data-start=\"902\" data-end=\"938\">j\u00e4lleenmyyntiin ja yleisk\u00e4ytt\u00f6\u00f6n<\/strong>.<br data-start=\"939\" data-end=\"942\" \/><strong data-start=\"942\" data-end=\"958\">DTF-painatus<\/strong> takaa tarkan ja kest\u00e4v\u00e4n lopputuloksen.<\/p>\n<h3 data-start=\"1000\" data-end=\"1016\">Ominaisuudet<\/h3>\n<p data-start=\"1018\" data-end=\"1244\">Materiaali: 100 % puuvilla<br data-start=\"1044\" data-end=\"1047\" \/>Paino: 260 g\/m\u00b2<br data-start=\"1062\" data-end=\"1065\" \/>Mitat: 55 x 39 x 15 cm<br data-start=\"1087\" data-end=\"1090\" \/>Kahvat: 90 cm pitk\u00e4t merihenkiset puuvillahihnat<br data-start=\"1138\" data-end=\"1141\" \/>Painatus: DTF-painatus<br data-start=\"1163\" data-end=\"1166\" \/>Saatavilla: painatuksella tai ilman painatusta<br data-start=\"1212\" data-end=\"1215\" \/>Toimitusaika: noin 1 viikko<\/p>\n<h3 data-start=\"1246\" data-end=\"1280\">Miksi valita Sandy kangaskassi<\/h3>\n<p data-start=\"1282\" data-end=\"1476\">Tilava rantakassi kest\u00e4v\u00e4ll\u00e4 rakenteella<br data-start=\"1322\" data-end=\"1325\" \/>Sopii <strong data-start=\"1331\" data-end=\"1378\">kangaskassiksi logolla tai ilman painatusta<\/strong><br data-start=\"1378\" data-end=\"1381\" \/>Erinomainen valinta <strong data-start=\"1401\" data-end=\"1441\">yrityksille, tapahtumiin ja myyntiin<\/strong><br data-start=\"1441\" data-end=\"1444\" \/>Tyylik\u00e4s merihenkinen ulkon\u00e4k\u00f6<\/p>\n<h3 data-start=\"1478\" data-end=\"1495\">K\u00e4ytt\u00f6kohteet<\/h3>\n<p data-start=\"1497\" data-end=\"1663\">Kangaskassi painatuksella yrityksille<br data-start=\"1534\" data-end=\"1537\" \/>Kangaskassi logolla messuille ja tapahtumiin<br data-start=\"1581\" data-end=\"1584\" \/>Kangaskassi j\u00e4lleenmyyntiin<br data-start=\"1611\" data-end=\"1614\" \/>Rantakassi ja ostoskassi p\u00e4ivitt\u00e4iseen k\u00e4ytt\u00f6\u00f6n<\/p>\n<h3 data-start=\"1665\" data-end=\"1693\">Usein kysytyt kysymykset<\/h3>\n<p data-start=\"1695\" data-end=\"1783\"><strong data-start=\"1695\" data-end=\"1731\">Onko Sandy kangaskassi puuvillaa<\/strong><br data-start=\"1731\" data-end=\"1734\" \/>Kyll\u00e4, kassi on valmistettu <strong data-start=\"1762\" data-end=\"1783\">100 % puuvillasta<\/strong><\/p>\n<p data-start=\"1785\" data-end=\"1921\"><strong data-start=\"1785\" data-end=\"1823\">Voiko kassiin painattaa oman logon<\/strong><br data-start=\"1823\" data-end=\"1826\" \/>Kyll\u00e4, kangaskassi on saatavilla painatuksella ja <strong data-start=\"1876\" data-end=\"1892\">DTF-painatus<\/strong> takaa kest\u00e4v\u00e4n lopputuloksen<\/p>\n<p data-start=\"1923\" data-end=\"2026\"><strong data-start=\"1923\" data-end=\"1963\">Voiko kassin tilata ilman painatusta<\/strong><br data-start=\"1963\" data-end=\"1966\" \/>Kyll\u00e4, Sandy kangaskassi on saatavilla my\u00f6s ilman painatusta<\/p>\n<p data-start=\"2028\" data-end=\"2084\" data-is-last-node=\"\" data-is-only-node=\"\"><strong data-start=\"2028\" data-end=\"2052\">Mik\u00e4 on toimitusaika<\/strong><br data-start=\"2052\" data-end=\"2055\" \/>Toimitusaika on noin 1 viikko<\/p>\n<\/div>\n<\/div>\n<\/div>\n<\/div>\n<\/div>\n<\/div>\n<\/section>\n<\/div>\n","protected":false},"excerpt":{"rendered":"<p>Tuotenumero 301436 Sandy kangaskassi painatuksella tai ilman \u2013 rantakassi puuvillasta 260 g\/m\u00b2 Sandy kangaskassi on tilava ja kest\u00e4v\u00e4 100 % puuvillasta valmistettu rantakassi, joka sopii erinomaisesti yrityksille, tapahtumiin ja p\u00e4ivitt\u00e4iseen k\u00e4ytt\u00f6\u00f6n. Se toimii hyvin kangaskassina logolla, promootiotuotteena sek\u00e4 j\u00e4lleenmyyntiin. Kassin koko 55 x 39 x 15 cm tarjoaa runsaasti tilaa esimerkiksi rantatarvikkeille, ostoksille ja muille [&hellip;]<\/p>\n","protected":false},"featured_media":19944,"template":"","meta":{"_acf_changed":false,"om_disable_all_campaigns":false,"_monsterinsights_skip_tracking":false,"_monsterinsights_sitenote_active":false,"_monsterinsights_sitenote_note":"","_monsterinsights_sitenote_category":0},"product_brand":[],"product_cat":[363],"product_tag":[381,628,405,298],"class_list":{"0":"post-19943","1":"product","2":"type-product","3":"status-publish","4":"has-post-thumbnail","6":"product_cat-kassit","7":"product_tag-kassi","8":"product_tag-kassi-painatus","9":"product_tag-ostoskassi","10":"product_tag-painatus","11":"product_shipping_class-postipaketti","13":"first","14":"instock","15":"taxable","16":"shipping-taxable","17":"purchasable","18":"product-type-simple"},"acf":[],"aioseo_notices":[],"_links":{"self":[{"href":"https:\/\/www.roly24.com\/index.php\/wp-json\/wp\/v2\/product\/19943","targetHints":{"allow":["GET"]}}],"collection":[{"href":"https:\/\/www.roly24.com\/index.php\/wp-json\/wp\/v2\/product"}],"about":[{"href":"https:\/\/www.roly24.com\/index.php\/wp-json\/wp\/v2\/types\/product"}],"version-history":[{"count":3,"href":"https:\/\/www.roly24.com\/index.php\/wp-json\/wp\/v2\/product\/19943\/revisions"}],"predecessor-version":[{"id":22346,"href":"https:\/\/www.roly24.com\/index.php\/wp-json\/wp\/v2\/product\/19943\/revisions\/22346"}],"wp:featuredmedia":[{"embeddable":true,"href":"https:\/\/www.roly24.com\/index.php\/wp-json\/wp\/v2\/media\/19944"}],"wp:attachment":[{"href":"https:\/\/www.roly24.com\/index.php\/wp-json\/wp\/v2\/media?parent=19943"}],"wp:term":[{"taxonomy":"product_brand","embeddable":true,"href":"https:\/\/www.roly24.com\/index.php\/wp-json\/wp\/v2\/product_brand?post=19943"},{"taxonomy":"product_cat","embeddable":true,"href":"https:\/\/www.roly24.com\/index.php\/wp-json\/wp\/v2\/product_cat?post=19943"},{"taxonomy":"product_tag","embeddable":true,"href":"https:\/\/www.roly24.com\/index.php\/wp-json\/wp\/v2\/product_tag?post=19943"}],"curies":[{"name":"wp","href":"https:\/\/api.w.org\/{rel}","templated":true}]}}