{"id":19875,"date":"2025-08-28T09:54:41","date_gmt":"2025-08-28T07:54:41","guid":{"rendered":"https:\/\/www.roly24.com\/?post_type=product&#038;p=19875"},"modified":"2026-04-20T08:13:13","modified_gmt":"2026-04-20T06:13:13","slug":"kassi-mitxu-kappalehinta-alkaen","status":"publish","type":"product","link":"https:\/\/www.roly24.com\/index.php\/tuote\/kassi-mitxu-kappalehinta-alkaen\/","title":{"rendered":"Puuvillakassi kaksilla kahvoilla MIXTU &#8211; painatuksella tai ilman"},"content":{"rendered":"<p><strong>Tuotenumero 301431<\/strong><\/p>\n<div>\n<div class=\"flex h-svh w-screen flex-col\">\n<div class=\"relative z-0 flex min-h-0 w-full flex-1\">\n<div class=\"relative flex min-h-0 w-full flex-1\">\n<div class=\"@container\/main relative flex min-w-0 flex-1 flex-col -translate-y-[calc(env(safe-area-inset-bottom,0px)\/2)] pt-[calc(env(safe-area-inset-bottom,0px)\/2)]\">\n<div class=\"@w-sm\/main:[scrollbar-gutter:var(--stage-scroll-gutter)] touch:[scrollbar-width:none] group\/scroll-root relative flex min-h-0 min-w-0 flex-1 flex-col [scrollbar-gutter:stable] not-print:overflow-x-clip not-print:overflow-y-auto group-data-stream-active\/scroll-root:[overflow-anchor:none] scroll-pt-(--header-height) [--sticky-padding-top:var(--header-height)] [--sticky-padding-bottom:0px] [--scroll-root-safe-area-inset-top:calc(var(--sticky-padding-top)+env(safe-area-inset-top,0px))] [--scroll-root-safe-area-inset-bottom:calc(var(--sticky-padding-bottom)+var(--screen-keyboard-height,0px)+env(safe-area-inset-bottom,0px))] [--scroll-root-safe-area-height:calc(100lvh-var(--scroll-root-safe-area-inset-top)-var(--scroll-root-safe-area-inset-bottom))] has-data-[fixed-header=less-than-xl]:@w-xl\/main:scroll-pt-0 has-data-[fixed-header=less-than-xl]:@w-xl\/main:[--sticky-padding-top:0px] has-data-[fixed-header=less-than-xxl]:@w-2xl\/main:scroll-pt-0 has-data-[fixed-header=less-than-xxl]:@w-2xl\/main:[--sticky-padding-top:0px]\" data-scroll-root=\"\" data-scroll-from-top=\"\">\n<p>&nbsp;<\/p>\n<div id=\"thread\" class=\"group\/thread flex flex-col min-h-full\">\n<div class=\"composer-parent flex flex-1 flex-col focus-visible:outline-0\" role=\"presentation\">\n<div class=\"relative basis-auto flex-col -mb-(--composer-overlap-px) pb-(--composer-overlap-px) [--composer-overlap-px:28px] grow flex\">\n<div class=\"flex flex-col text-sm pb-25\">\n<section class=\"text-token-text-primary w-full focus:outline-none [--shadow-height:45px] has-data-writing-block:pointer-events-none has-data-writing-block:-mt-(--shadow-height) has-data-writing-block:pt-(--shadow-height) [&amp;:has([data-writing-block])&gt;*]:pointer-events-auto scroll-mt-[calc(var(--header-height)+min(200px,max(70px,20svh)))]\" dir=\"auto\" data-turn-id=\"request-69dfb62b-f108-8392-bbc9-c9f436d44a4c-0\" data-testid=\"conversation-turn-72\" data-scroll-anchor=\"true\" data-turn=\"assistant\">\n<div class=\"text-base my-auto mx-auto pb-10 [--thread-content-margin:var(--thread-content-margin-xs,calc(var(--spacing)*4))] @w-sm\/main:[--thread-content-margin:var(--thread-content-margin-sm,calc(var(--spacing)*6))] @w-lg\/main:[--thread-content-margin:var(--thread-content-margin-lg,calc(var(--spacing)*16))] px-(--thread-content-margin)\">\n<div class=\"[--thread-content-max-width:40rem] @w-lg\/main:[--thread-content-max-width:48rem] mx-auto max-w-(--thread-content-max-width) flex-1 group\/turn-messages focus-visible:outline-hidden relative flex w-full min-w-0 flex-col agent-turn\">\n<div class=\"flex max-w-full flex-col gap-4 grow\">\n<div class=\"min-h-8 text-message relative flex w-full flex-col items-end gap-2 text-start break-words whitespace-normal outline-none keyboard-focused:focus-ring [.text-message+&amp;]:mt-1\" dir=\"auto\" tabindex=\"0\" data-message-author-role=\"assistant\" data-message-id=\"9983d8ec-7139-4bb6-9119-4280d6e5faff\" data-message-model-slug=\"gpt-5-3\" data-turn-start-message=\"true\">\n<div class=\"flex w-full flex-col gap-1 empty:hidden\">\n<div class=\"markdown prose dark:prose-invert w-full wrap-break-word light markdown-new-styling\">\n<h4 data-start=\"0\" data-end=\"88\"><strong>Mixtu kangaskassi painatuksella tai ilman \u2013 puuvillakassi kaksilla kahvoilla 150 g\/m\u00b2<\/strong><\/h4>\n<p data-start=\"90\" data-end=\"357\"><strong data-start=\"90\" data-end=\"111\">Mixtu kangaskassi<\/strong> on k\u00e4yt\u00e4nn\u00f6llinen ja monipuolinen <strong data-start=\"146\" data-end=\"191\">100 % puuvillasta valmistettu kangaskassi<\/strong>, joka sopii erinomaisesti <strong data-start=\"218\" data-end=\"272\">yrityksille, tapahtumiin ja p\u00e4ivitt\u00e4iseen k\u00e4ytt\u00f6\u00f6n<\/strong>. Se toimii hyvin <strong data-start=\"290\" data-end=\"356\">kangaskassina logolla, promootiotuotteena sek\u00e4 j\u00e4lleenmyyntiin<\/strong>.<\/p>\n<p data-start=\"359\" data-end=\"828\">Kassin koko <strong data-start=\"371\" data-end=\"390\">45 x 41 x 15 cm<\/strong> tarjoaa runsaasti tilaa ostoksille ja tuotteille. <strong data-start=\"441\" data-end=\"456\">Pohjalevike<\/strong> lis\u00e4\u00e4 tilavuutta ja tekee kassista k\u00e4yt\u00e4nn\u00f6llisemm\u00e4n. <strong data-start=\"511\" data-end=\"551\">Kaksinkertaisesti vahvistetut kahvat<\/strong> lis\u00e4\u00e4v\u00e4t kest\u00e4vyytt\u00e4 ja k\u00e4ytt\u00f6mukavuutta. Kassissa on <strong data-start=\"606\" data-end=\"689\">kahdet eri pituiset hihnat: 70 cm pitk\u00e4t olkahihnat ja 35 cm lyhyet kantokahvat<\/strong>, mik\u00e4 tekee siit\u00e4 eritt\u00e4in k\u00e4yt\u00e4nn\u00f6llisen erilaisiin k\u00e4ytt\u00f6tarpeisiin. Kest\u00e4v\u00e4 <strong data-start=\"769\" data-end=\"792\">150 g\/m\u00b2 materiaali<\/strong> sopii hyvin p\u00e4ivitt\u00e4iseen k\u00e4ytt\u00f6\u00f6n.<\/p>\n<p data-start=\"830\" data-end=\"1126\"><strong data-start=\"830\" data-end=\"901\">Mixtu kangaskassi on saatavilla painatuksella tai ilman painatusta.<\/strong><br data-start=\"901\" data-end=\"904\" \/>Painettu kangaskassi toimii tehokkaana <strong data-start=\"943\" data-end=\"968\">markkinointiv\u00e4lineen\u00e4<\/strong> ja lis\u00e4\u00e4 br\u00e4ndin n\u00e4kyvyytt\u00e4. Ilman painatusta se sopii hyvin <strong data-start=\"1030\" data-end=\"1066\">j\u00e4lleenmyyntiin ja yleisk\u00e4ytt\u00f6\u00f6n<\/strong>.<br data-start=\"1067\" data-end=\"1070\" \/><strong data-start=\"1070\" data-end=\"1086\">DTF-painatus<\/strong> takaa tarkan ja kest\u00e4v\u00e4n lopputuloksen.<\/p>\n<h3 data-start=\"1128\" data-end=\"1144\">Ominaisuudet<\/h3>\n<p data-start=\"1146\" data-end=\"1446\">Materiaali: 100 % puuvilla<br data-start=\"1172\" data-end=\"1175\" \/>Paino: 150 g\/m\u00b2<br data-start=\"1190\" data-end=\"1193\" \/>Mitat: 45 x 41 x 15 cm<br data-start=\"1215\" data-end=\"1218\" \/>Kahvat: 70 cm pitk\u00e4t olkahihnat ja 35 cm lyhyet kantokahvat<br data-start=\"1277\" data-end=\"1280\" \/>Rakenne: Pohjalevike ja kaksinkertaisesti vahvistetut kahvat<br data-start=\"1340\" data-end=\"1343\" \/>Painatus: DTF-painatus<br data-start=\"1365\" data-end=\"1368\" \/>Saatavilla: painatuksella tai ilman painatusta<br data-start=\"1414\" data-end=\"1417\" \/>Toimitusaika: noin 1 viikko<\/p>\n<h3 data-start=\"1448\" data-end=\"1482\">Miksi valita Mixtu kangaskassi<\/h3>\n<p data-start=\"1484\" data-end=\"1697\">K\u00e4yt\u00e4nn\u00f6llinen kassi kahdella eri kahvapituudella<br data-start=\"1533\" data-end=\"1536\" \/>Sopii <strong data-start=\"1542\" data-end=\"1589\">kangaskassiksi logolla tai ilman painatusta<\/strong><br data-start=\"1589\" data-end=\"1592\" \/>Erinomainen valinta <strong data-start=\"1612\" data-end=\"1652\">yrityksille, tapahtumiin ja myyntiin<\/strong><br data-start=\"1652\" data-end=\"1655\" \/>Tilava ja kest\u00e4v\u00e4 p\u00e4ivitt\u00e4iseen k\u00e4ytt\u00f6\u00f6n<\/p>\n<h3 data-start=\"1699\" data-end=\"1716\">K\u00e4ytt\u00f6kohteet<\/h3>\n<p data-start=\"1718\" data-end=\"1870\">Kangaskassi painatuksella yrityksille<br data-start=\"1755\" data-end=\"1758\" \/>Kangaskassi logolla messuille ja tapahtumiin<br data-start=\"1802\" data-end=\"1805\" \/>Kangaskassi j\u00e4lleenmyyntiin<br data-start=\"1832\" data-end=\"1835\" \/>Ostoskassi p\u00e4ivitt\u00e4iseen k\u00e4ytt\u00f6\u00f6n<\/p>\n<h3 data-start=\"1872\" data-end=\"1900\">Usein kysytyt kysymykset<\/h3>\n<p data-start=\"1902\" data-end=\"1990\"><strong data-start=\"1902\" data-end=\"1938\">Onko Mixtu kangaskassi puuvillaa<\/strong><br data-start=\"1938\" data-end=\"1941\" \/>Kyll\u00e4, kassi on valmistettu <strong data-start=\"1969\" data-end=\"1990\">100 % puuvillasta<\/strong><\/p>\n<p data-start=\"1992\" data-end=\"2128\"><strong data-start=\"1992\" data-end=\"2030\">Voiko kassiin painattaa oman logon<\/strong><br data-start=\"2030\" data-end=\"2033\" \/>Kyll\u00e4, kangaskassi on saatavilla painatuksella ja <strong data-start=\"2083\" data-end=\"2099\">DTF-painatus<\/strong> takaa kest\u00e4v\u00e4n lopputuloksen<\/p>\n<p data-start=\"2130\" data-end=\"2233\"><strong data-start=\"2130\" data-end=\"2170\">Voiko kassin tilata ilman painatusta<\/strong><br data-start=\"2170\" data-end=\"2173\" \/>Kyll\u00e4, Mixtu kangaskassi on saatavilla my\u00f6s ilman painatusta<\/p>\n<p data-start=\"2235\" data-end=\"2291\" data-is-last-node=\"\" data-is-only-node=\"\"><strong data-start=\"2235\" data-end=\"2259\">Mik\u00e4 on toimitusaika<\/strong><br data-start=\"2259\" data-end=\"2262\" \/>Toimitusaika on noin 1 viikko<\/p>\n<\/div>\n<\/div>\n<\/div>\n<\/div>\n<div class=\"z-0 flex min-h-[46px] justify-start\"><\/div>\n<\/div>\n<\/div>\n<\/section>\n<\/div>\n<\/div>\n<\/div>\n<\/div>\n<p>&nbsp;<\/p>\n<\/div>\n<\/div>\n<\/div>\n<\/div>\n<\/div>\n<\/div>\n","protected":false},"excerpt":{"rendered":"<p>Tuotenumero 301431 &nbsp; Mixtu kangaskassi painatuksella tai ilman \u2013 puuvillakassi kaksilla kahvoilla 150 g\/m\u00b2 Mixtu kangaskassi on k\u00e4yt\u00e4nn\u00f6llinen ja monipuolinen 100 % puuvillasta valmistettu kangaskassi, joka sopii erinomaisesti yrityksille, tapahtumiin ja p\u00e4ivitt\u00e4iseen k\u00e4ytt\u00f6\u00f6n. Se toimii hyvin kangaskassina logolla, promootiotuotteena sek\u00e4 j\u00e4lleenmyyntiin. Kassin koko 45 x 41 x 15 cm tarjoaa runsaasti tilaa ostoksille ja tuotteille. [&hellip;]<\/p>\n","protected":false},"featured_media":19876,"template":"","meta":{"_acf_changed":false,"om_disable_all_campaigns":false,"_monsterinsights_skip_tracking":false,"_monsterinsights_sitenote_active":false,"_monsterinsights_sitenote_note":"","_monsterinsights_sitenote_category":0},"product_brand":[],"product_cat":[363],"product_tag":[381,628,405,298],"class_list":{"0":"post-19875","1":"product","2":"type-product","3":"status-publish","4":"has-post-thumbnail","6":"product_cat-kassit","7":"product_tag-kassi","8":"product_tag-kassi-painatus","9":"product_tag-ostoskassi","10":"product_tag-painatus","11":"product_shipping_class-postipaketti","13":"first","14":"instock","15":"taxable","16":"shipping-taxable","17":"purchasable","18":"product-type-simple"},"acf":[],"aioseo_notices":[],"_links":{"self":[{"href":"https:\/\/www.roly24.com\/index.php\/wp-json\/wp\/v2\/product\/19875","targetHints":{"allow":["GET"]}}],"collection":[{"href":"https:\/\/www.roly24.com\/index.php\/wp-json\/wp\/v2\/product"}],"about":[{"href":"https:\/\/www.roly24.com\/index.php\/wp-json\/wp\/v2\/types\/product"}],"version-history":[{"count":3,"href":"https:\/\/www.roly24.com\/index.php\/wp-json\/wp\/v2\/product\/19875\/revisions"}],"predecessor-version":[{"id":22360,"href":"https:\/\/www.roly24.com\/index.php\/wp-json\/wp\/v2\/product\/19875\/revisions\/22360"}],"wp:featuredmedia":[{"embeddable":true,"href":"https:\/\/www.roly24.com\/index.php\/wp-json\/wp\/v2\/media\/19876"}],"wp:attachment":[{"href":"https:\/\/www.roly24.com\/index.php\/wp-json\/wp\/v2\/media?parent=19875"}],"wp:term":[{"taxonomy":"product_brand","embeddable":true,"href":"https:\/\/www.roly24.com\/index.php\/wp-json\/wp\/v2\/product_brand?post=19875"},{"taxonomy":"product_cat","embeddable":true,"href":"https:\/\/www.roly24.com\/index.php\/wp-json\/wp\/v2\/product_cat?post=19875"},{"taxonomy":"product_tag","embeddable":true,"href":"https:\/\/www.roly24.com\/index.php\/wp-json\/wp\/v2\/product_tag?post=19875"}],"curies":[{"name":"wp","href":"https:\/\/api.w.org\/{rel}","templated":true}]}}