{"id":19871,"date":"2025-08-28T09:37:56","date_gmt":"2025-08-28T07:37:56","guid":{"rendered":"https:\/\/www.roly24.com\/?post_type=product&#038;p=19871"},"modified":"2026-04-19T18:22:23","modified_gmt":"2026-04-19T16:22:23","slug":"kassi-heron-kappalehinta-alkaen","status":"publish","type":"product","link":"https:\/\/www.roly24.com\/index.php\/tuote\/kassi-heron-kappalehinta-alkaen\/","title":{"rendered":"puuvillakassi sivu- ja pohjalevikkeill\u00e4 HERON &#8211; painatuksella tai ilman"},"content":{"rendered":"<p><strong>Tuotenumero 301430<\/strong><\/p>\n<div class=\"flex flex-col text-sm pb-25\">\n<section class=\"text-token-text-primary w-full focus:outline-none [--shadow-height:45px] has-data-writing-block:pointer-events-none has-data-writing-block:-mt-(--shadow-height) has-data-writing-block:pt-(--shadow-height) [&amp;:has([data-writing-block])&gt;*]:pointer-events-auto scroll-mt-[calc(var(--header-height)+min(200px,max(70px,20svh)))]\" dir=\"auto\" data-turn-id=\"request-69dfb62b-f108-8392-bbc9-c9f436d44a4c-28\" data-testid=\"conversation-turn-20\" data-scroll-anchor=\"true\" data-turn=\"assistant\">\n<div class=\"text-base my-auto mx-auto pb-10 [--thread-content-margin:var(--thread-content-margin-xs,calc(var(--spacing)*4))] @w-sm\/main:[--thread-content-margin:var(--thread-content-margin-sm,calc(var(--spacing)*6))] @w-lg\/main:[--thread-content-margin:var(--thread-content-margin-lg,calc(var(--spacing)*16))] px-(--thread-content-margin)\">\n<div class=\"[--thread-content-max-width:40rem] @w-lg\/main:[--thread-content-max-width:48rem] mx-auto max-w-(--thread-content-max-width) flex-1 group\/turn-messages focus-visible:outline-hidden relative flex w-full min-w-0 flex-col agent-turn\">\n<div class=\"flex max-w-full flex-col gap-4 grow\">\n<div class=\"min-h-8 text-message relative flex w-full flex-col items-end gap-2 text-start break-words whitespace-normal outline-none keyboard-focused:focus-ring [.text-message+&amp;]:mt-1\" dir=\"auto\" tabindex=\"0\" data-message-author-role=\"assistant\" data-message-id=\"fbda708f-1112-446d-9620-8882d590392f\" data-message-model-slug=\"gpt-5-3\" data-turn-start-message=\"true\">\n<div class=\"flex w-full flex-col gap-1 empty:hidden\">\n<div class=\"markdown prose dark:prose-invert w-full wrap-break-word light markdown-new-styling\">\n<h4 data-start=\"0\" data-end=\"95\">Heron kangaskassi painatuksella tai ilman \u2013 puuvillakassi sivu- ja pohjalevikkeill\u00e4 140 g\/m\u00b2<\/h4>\n<p data-start=\"97\" data-end=\"359\"><strong data-start=\"97\" data-end=\"118\">Heron kangaskassi<\/strong> on monik\u00e4ytt\u00f6inen ja kest\u00e4v\u00e4 <strong data-start=\"148\" data-end=\"193\">100 % puuvillasta valmistettu kangaskassi<\/strong>, joka sopii erinomaisesti <strong data-start=\"220\" data-end=\"274\">yrityksille, tapahtumiin ja p\u00e4ivitt\u00e4iseen k\u00e4ytt\u00f6\u00f6n<\/strong>. Se toimii hyvin <strong data-start=\"292\" data-end=\"358\">kangaskassina logolla, promootiotuotteena sek\u00e4 j\u00e4lleenmyyntiin<\/strong>.<\/p>\n<p data-start=\"361\" data-end=\"671\">Kassin koko <strong data-start=\"373\" data-end=\"392\">38 x 45 x 11 cm<\/strong> tarjoaa hyv\u00e4n tilavuuden ostoksille ja tuotteille. <strong data-start=\"444\" data-end=\"471\">Sivu- ja pohjalevikkeet<\/strong> lis\u00e4\u00e4v\u00e4t kapasiteettia ja tekev\u00e4t kassista k\u00e4yt\u00e4nn\u00f6llisemm\u00e4n. <strong data-start=\"534\" data-end=\"559\">70 cm pitk\u00e4t olkaimet<\/strong> mahdollistavat mukavan kantamisen olalla. Kevyt mutta kest\u00e4v\u00e4 <strong data-start=\"622\" data-end=\"645\">140 g\/m\u00b2 materiaali<\/strong> sopii jatkuvaan k\u00e4ytt\u00f6\u00f6n.<\/p>\n<p data-start=\"673\" data-end=\"969\"><strong data-start=\"673\" data-end=\"744\">Heron kangaskassi on saatavilla painatuksella tai ilman painatusta.<\/strong><br data-start=\"744\" data-end=\"747\" \/>Painettu kangaskassi toimii tehokkaana <strong data-start=\"786\" data-end=\"811\">markkinointiv\u00e4lineen\u00e4<\/strong> ja lis\u00e4\u00e4 br\u00e4ndin n\u00e4kyvyytt\u00e4. Ilman painatusta se sopii hyvin <strong data-start=\"873\" data-end=\"909\">j\u00e4lleenmyyntiin ja yleisk\u00e4ytt\u00f6\u00f6n<\/strong>.<br data-start=\"910\" data-end=\"913\" \/><strong data-start=\"913\" data-end=\"929\">DTF-painatus<\/strong> takaa tarkan ja kest\u00e4v\u00e4n lopputuloksen.<\/p>\n<h3 data-start=\"971\" data-end=\"987\">Ominaisuudet<\/h3>\n<p data-start=\"989\" data-end=\"1251\">Materiaali: 100 % puuvilla<br data-start=\"1015\" data-end=\"1018\" \/>Paino: 140 g\/m\u00b2<br data-start=\"1033\" data-end=\"1036\" \/>Mitat: 38 x 45 x 11 cm<br data-start=\"1058\" data-end=\"1061\" \/>Kahvat: 70 cm pitk\u00e4t olkaimet<br data-start=\"1090\" data-end=\"1093\" \/>Rakenne: Sivu- ja pohjalevikkeet lis\u00e4\u00e4v\u00e4t tilavuutta<br data-start=\"1145\" data-end=\"1148\" \/>Painatus: DTF-painatus<br data-start=\"1170\" data-end=\"1173\" \/>Saatavilla: painatuksella tai ilman painatusta<br data-start=\"1219\" data-end=\"1222\" \/>Toimitusaika: noin 1 viikko<\/p>\n<h3 data-start=\"1253\" data-end=\"1287\">Miksi valita Heron kangaskassi<\/h3>\n<p data-start=\"1289\" data-end=\"1503\">Tilava kangaskassi sivu- ja pohjalevikkeill\u00e4<br data-start=\"1333\" data-end=\"1336\" \/>Sopii <strong data-start=\"1342\" data-end=\"1389\">kangaskassiksi logolla tai ilman painatusta<\/strong><br data-start=\"1389\" data-end=\"1392\" \/>Erinomainen valinta <strong data-start=\"1412\" data-end=\"1452\">yrityksille, tapahtumiin ja myyntiin<\/strong><br data-start=\"1452\" data-end=\"1455\" \/>Kevyt ja k\u00e4yt\u00e4nn\u00f6llinen p\u00e4ivitt\u00e4iseen k\u00e4ytt\u00f6\u00f6n<\/p>\n<h3 data-start=\"1505\" data-end=\"1522\">K\u00e4ytt\u00f6kohteet<\/h3>\n<p data-start=\"1524\" data-end=\"1676\">Kangaskassi painatuksella yrityksille<br data-start=\"1561\" data-end=\"1564\" \/>Kangaskassi logolla messuille ja tapahtumiin<br data-start=\"1608\" data-end=\"1611\" \/>Kangaskassi j\u00e4lleenmyyntiin<br data-start=\"1638\" data-end=\"1641\" \/>Ostoskassi p\u00e4ivitt\u00e4iseen k\u00e4ytt\u00f6\u00f6n<\/p>\n<h3 data-start=\"1678\" data-end=\"1706\">Usein kysytyt kysymykset<\/h3>\n<p data-start=\"1708\" data-end=\"1796\"><strong data-start=\"1708\" data-end=\"1744\">Onko Heron kangaskassi puuvillaa<\/strong><br data-start=\"1744\" data-end=\"1747\" \/>Kyll\u00e4, kassi on valmistettu <strong data-start=\"1775\" data-end=\"1796\">100 % puuvillasta<\/strong><\/p>\n<p data-start=\"1798\" data-end=\"1934\"><strong data-start=\"1798\" data-end=\"1836\">Voiko kassiin painattaa oman logon<\/strong><br data-start=\"1836\" data-end=\"1839\" \/>Kyll\u00e4, kangaskassi on saatavilla painatuksella ja <strong data-start=\"1889\" data-end=\"1905\">DTF-painatus<\/strong> takaa kest\u00e4v\u00e4n lopputuloksen<\/p>\n<p data-start=\"1936\" data-end=\"2039\"><strong data-start=\"1936\" data-end=\"1976\">Voiko kassin tilata ilman painatusta<\/strong><br data-start=\"1976\" data-end=\"1979\" \/>Kyll\u00e4, Heron kangaskassi on saatavilla my\u00f6s ilman painatusta<\/p>\n<p data-start=\"2041\" data-end=\"2097\" data-is-last-node=\"\" data-is-only-node=\"\"><strong data-start=\"2041\" data-end=\"2065\">Mik\u00e4 on toimitusaika<\/strong><br data-start=\"2065\" data-end=\"2068\" \/>Toimitusaika on noin 1 viikko<\/p>\n<\/div>\n<\/div>\n<\/div>\n<\/div>\n<\/div>\n<\/div>\n<\/section>\n<\/div>\n","protected":false},"excerpt":{"rendered":"<p>Tuotenumero 301430 Heron kangaskassi painatuksella tai ilman \u2013 puuvillakassi sivu- ja pohjalevikkeill\u00e4 140 g\/m\u00b2 Heron kangaskassi on monik\u00e4ytt\u00f6inen ja kest\u00e4v\u00e4 100 % puuvillasta valmistettu kangaskassi, joka sopii erinomaisesti yrityksille, tapahtumiin ja p\u00e4ivitt\u00e4iseen k\u00e4ytt\u00f6\u00f6n. Se toimii hyvin kangaskassina logolla, promootiotuotteena sek\u00e4 j\u00e4lleenmyyntiin. Kassin koko 38 x 45 x 11 cm tarjoaa hyv\u00e4n tilavuuden ostoksille ja tuotteille. [&hellip;]<\/p>\n","protected":false},"featured_media":19872,"template":"","meta":{"_acf_changed":false,"om_disable_all_campaigns":false,"_monsterinsights_skip_tracking":false,"_monsterinsights_sitenote_active":false,"_monsterinsights_sitenote_note":"","_monsterinsights_sitenote_category":0},"product_brand":[],"product_cat":[363],"product_tag":[381,628,405,298],"class_list":{"0":"post-19871","1":"product","2":"type-product","3":"status-publish","4":"has-post-thumbnail","6":"product_cat-kassit","7":"product_tag-kassi","8":"product_tag-kassi-painatus","9":"product_tag-ostoskassi","10":"product_tag-painatus","11":"product_shipping_class-postipaketti","13":"first","14":"instock","15":"taxable","16":"shipping-taxable","17":"purchasable","18":"product-type-simple"},"acf":[],"aioseo_notices":[],"_links":{"self":[{"href":"https:\/\/www.roly24.com\/index.php\/wp-json\/wp\/v2\/product\/19871","targetHints":{"allow":["GET"]}}],"collection":[{"href":"https:\/\/www.roly24.com\/index.php\/wp-json\/wp\/v2\/product"}],"about":[{"href":"https:\/\/www.roly24.com\/index.php\/wp-json\/wp\/v2\/types\/product"}],"version-history":[{"count":3,"href":"https:\/\/www.roly24.com\/index.php\/wp-json\/wp\/v2\/product\/19871\/revisions"}],"predecessor-version":[{"id":22331,"href":"https:\/\/www.roly24.com\/index.php\/wp-json\/wp\/v2\/product\/19871\/revisions\/22331"}],"wp:featuredmedia":[{"embeddable":true,"href":"https:\/\/www.roly24.com\/index.php\/wp-json\/wp\/v2\/media\/19872"}],"wp:attachment":[{"href":"https:\/\/www.roly24.com\/index.php\/wp-json\/wp\/v2\/media?parent=19871"}],"wp:term":[{"taxonomy":"product_brand","embeddable":true,"href":"https:\/\/www.roly24.com\/index.php\/wp-json\/wp\/v2\/product_brand?post=19871"},{"taxonomy":"product_cat","embeddable":true,"href":"https:\/\/www.roly24.com\/index.php\/wp-json\/wp\/v2\/product_cat?post=19871"},{"taxonomy":"product_tag","embeddable":true,"href":"https:\/\/www.roly24.com\/index.php\/wp-json\/wp\/v2\/product_tag?post=19871"}],"curies":[{"name":"wp","href":"https:\/\/api.w.org\/{rel}","templated":true}]}}