{"id":19867,"date":"2025-08-28T09:27:06","date_gmt":"2025-08-28T07:27:06","guid":{"rendered":"https:\/\/www.roly24.com\/?post_type=product&#038;p=19867"},"modified":"2026-04-19T18:30:25","modified_gmt":"2026-04-19T16:30:25","slug":"kassi-hill-kappalehinta-alkaen","status":"publish","type":"product","link":"https:\/\/www.roly24.com\/index.php\/tuote\/kassi-hill-kappalehinta-alkaen\/","title":{"rendered":"100 % puuvillasta valmistettu kangaskassi HILL- painatuksella tai ilman"},"content":{"rendered":"<p><strong>Tuotenumero 301429<\/strong><\/p>\n<div class=\"flex flex-col text-sm pb-25\">\n<section class=\"text-token-text-primary w-full focus:outline-none [--shadow-height:45px] has-data-writing-block:pointer-events-none has-data-writing-block:-mt-(--shadow-height) has-data-writing-block:pt-(--shadow-height) [&amp;:has([data-writing-block])&gt;*]:pointer-events-auto scroll-mt-[calc(var(--header-height)+min(200px,max(70px,20svh)))]\" dir=\"auto\" data-turn-id=\"request-69dfb62b-f108-8392-bbc9-c9f436d44a4c-30\" data-testid=\"conversation-turn-24\" data-scroll-anchor=\"true\" data-turn=\"assistant\">\n<div class=\"text-base my-auto mx-auto pb-10 [--thread-content-margin:var(--thread-content-margin-xs,calc(var(--spacing)*4))] @w-sm\/main:[--thread-content-margin:var(--thread-content-margin-sm,calc(var(--spacing)*6))] @w-lg\/main:[--thread-content-margin:var(--thread-content-margin-lg,calc(var(--spacing)*16))] px-(--thread-content-margin)\">\n<div class=\"[--thread-content-max-width:40rem] @w-lg\/main:[--thread-content-max-width:48rem] mx-auto max-w-(--thread-content-max-width) flex-1 group\/turn-messages focus-visible:outline-hidden relative flex w-full min-w-0 flex-col agent-turn\">\n<div class=\"flex max-w-full flex-col gap-4 grow\">\n<div class=\"min-h-8 text-message relative flex w-full flex-col items-end gap-2 text-start break-words whitespace-normal outline-none keyboard-focused:focus-ring [.text-message+&amp;]:mt-1\" dir=\"auto\" tabindex=\"0\" data-message-author-role=\"assistant\" data-message-id=\"fbe8515f-1382-470a-ad83-b639056d0014\" data-message-model-slug=\"gpt-5-3\" data-turn-start-message=\"true\">\n<div class=\"flex w-full flex-col gap-1 empty:hidden\">\n<div class=\"markdown prose dark:prose-invert w-full wrap-break-word light markdown-new-styling\">\n<h4 data-start=\"0\" data-end=\"68\"><strong>Hill kangaskassi painatuksella tai ilman \u2013 puuvillakassi 140 g\/m\u00b2<\/strong><\/h4>\n<p data-start=\"70\" data-end=\"329\"><strong data-start=\"70\" data-end=\"90\">Hill kangaskassi<\/strong> on kevyt ja monik\u00e4ytt\u00f6inen <strong data-start=\"118\" data-end=\"163\">100 % puuvillasta valmistettu kangaskassi<\/strong>, joka sopii erinomaisesti <strong data-start=\"190\" data-end=\"244\">yrityksille, tapahtumiin ja p\u00e4ivitt\u00e4iseen k\u00e4ytt\u00f6\u00f6n<\/strong>. Se toimii hyvin <strong data-start=\"262\" data-end=\"328\">kangaskassina logolla, promootiotuotteena sek\u00e4 j\u00e4lleenmyyntiin<\/strong>.<\/p>\n<p data-start=\"331\" data-end=\"552\">Kassin koko <strong data-start=\"343\" data-end=\"357\">41 x 37 cm<\/strong> tarjoaa hyv\u00e4n tilavuuden ostoksille ja tuotteille. <strong data-start=\"409\" data-end=\"439\">Pitk\u00e4t samanv\u00e4riset kahvat<\/strong> tekev\u00e4t kassista mukavan kantaa olalla. Kevyt ja kest\u00e4v\u00e4 <strong data-start=\"497\" data-end=\"520\">140 g\/m\u00b2 materiaali<\/strong> sopii hyvin jatkuvaan k\u00e4ytt\u00f6\u00f6n.<\/p>\n<p data-start=\"554\" data-end=\"713\">Kassi on valmistettu <strong data-start=\"575\" data-end=\"613\">luonnonv\u00e4risest\u00e4 puuvillakankaasta<\/strong>, ja t\u00e4m\u00e4n mallin s\u00e4vyt voivat hieman poiketa muista tuotteista, vaikka niill\u00e4 olisi sama v\u00e4rikoodi.<\/p>\n<p data-start=\"715\" data-end=\"1010\"><strong data-start=\"715\" data-end=\"785\">Hill kangaskassi on saatavilla painatuksella tai ilman painatusta.<\/strong><br data-start=\"785\" data-end=\"788\" \/>Painettu kangaskassi toimii tehokkaana <strong data-start=\"827\" data-end=\"852\">markkinointiv\u00e4lineen\u00e4<\/strong> ja lis\u00e4\u00e4 br\u00e4ndin n\u00e4kyvyytt\u00e4. Ilman painatusta se sopii hyvin <strong data-start=\"914\" data-end=\"950\">j\u00e4lleenmyyntiin ja yleisk\u00e4ytt\u00f6\u00f6n<\/strong>.<br data-start=\"951\" data-end=\"954\" \/><strong data-start=\"954\" data-end=\"970\">DTF-painatus<\/strong> takaa tarkan ja kest\u00e4v\u00e4n lopputuloksen.<\/p>\n<h3 data-start=\"1012\" data-end=\"1028\">Ominaisuudet<\/h3>\n<p data-start=\"1030\" data-end=\"1237\">Materiaali: 100 % puuvilla<br data-start=\"1056\" data-end=\"1059\" \/>Paino: 140 g\/m\u00b2<br data-start=\"1074\" data-end=\"1077\" \/>Mitat: 41 x 37 cm<br data-start=\"1094\" data-end=\"1097\" \/>Kahvat: Pitk\u00e4t samanv\u00e4riset kahvat<br data-start=\"1131\" data-end=\"1134\" \/>Painatus: DTF-painatus<br data-start=\"1156\" data-end=\"1159\" \/>Saatavilla: painatuksella tai ilman painatusta<br data-start=\"1205\" data-end=\"1208\" \/>Toimitusaika: noin 1 viikko<\/p>\n<h3 data-start=\"1239\" data-end=\"1272\">Miksi valita Hill kangaskassi<\/h3>\n<p data-start=\"1274\" data-end=\"1464\">Kevyt ja k\u00e4yt\u00e4nn\u00f6llinen kangaskassi<br data-start=\"1309\" data-end=\"1312\" \/>Sopii <strong data-start=\"1318\" data-end=\"1365\">kangaskassiksi logolla tai ilman painatusta<\/strong><br data-start=\"1365\" data-end=\"1368\" \/>Erinomainen valinta <strong data-start=\"1388\" data-end=\"1428\">yrityksille, tapahtumiin ja myyntiin<\/strong><br data-start=\"1428\" data-end=\"1431\" \/>Luonnollinen ja ajaton ulkon\u00e4k\u00f6<\/p>\n<h3 data-start=\"1466\" data-end=\"1483\">K\u00e4ytt\u00f6kohteet<\/h3>\n<p data-start=\"1485\" data-end=\"1637\">Kangaskassi painatuksella yrityksille<br data-start=\"1522\" data-end=\"1525\" \/>Kangaskassi logolla messuille ja tapahtumiin<br data-start=\"1569\" data-end=\"1572\" \/>Kangaskassi j\u00e4lleenmyyntiin<br data-start=\"1599\" data-end=\"1602\" \/>Ostoskassi p\u00e4ivitt\u00e4iseen k\u00e4ytt\u00f6\u00f6n<\/p>\n<h3 data-start=\"1639\" data-end=\"1667\">Usein kysytyt kysymykset<\/h3>\n<p data-start=\"1669\" data-end=\"1756\"><strong data-start=\"1669\" data-end=\"1704\">Onko Hill kangaskassi puuvillaa<\/strong><br data-start=\"1704\" data-end=\"1707\" \/>Kyll\u00e4, kassi on valmistettu <strong data-start=\"1735\" data-end=\"1756\">100 % puuvillasta<\/strong><\/p>\n<p data-start=\"1758\" data-end=\"1894\"><strong data-start=\"1758\" data-end=\"1796\">Voiko kassiin painattaa oman logon<\/strong><br data-start=\"1796\" data-end=\"1799\" \/>Kyll\u00e4, kangaskassi on saatavilla painatuksella ja <strong data-start=\"1849\" data-end=\"1865\">DTF-painatus<\/strong> takaa kest\u00e4v\u00e4n lopputuloksen<\/p>\n<p data-start=\"1896\" data-end=\"1998\"><strong data-start=\"1896\" data-end=\"1936\">Voiko kassin tilata ilman painatusta<\/strong><br data-start=\"1936\" data-end=\"1939\" \/>Kyll\u00e4, Hill kangaskassi on saatavilla my\u00f6s ilman painatusta<\/p>\n<p data-start=\"2000\" data-end=\"2056\" data-is-last-node=\"\" data-is-only-node=\"\"><strong data-start=\"2000\" data-end=\"2024\">Mik\u00e4 on toimitusaika<\/strong><br data-start=\"2024\" data-end=\"2027\" \/>Toimitusaika on noin 1 viikko<\/p>\n<\/div>\n<\/div>\n<\/div>\n<\/div>\n<\/div>\n<\/div>\n<\/section>\n<\/div>\n","protected":false},"excerpt":{"rendered":"<p>Tuotenumero 301429 Hill kangaskassi painatuksella tai ilman \u2013 puuvillakassi 140 g\/m\u00b2 Hill kangaskassi on kevyt ja monik\u00e4ytt\u00f6inen 100 % puuvillasta valmistettu kangaskassi, joka sopii erinomaisesti yrityksille, tapahtumiin ja p\u00e4ivitt\u00e4iseen k\u00e4ytt\u00f6\u00f6n. Se toimii hyvin kangaskassina logolla, promootiotuotteena sek\u00e4 j\u00e4lleenmyyntiin. Kassin koko 41 x 37 cm tarjoaa hyv\u00e4n tilavuuden ostoksille ja tuotteille. Pitk\u00e4t samanv\u00e4riset kahvat tekev\u00e4t kassista [&hellip;]<\/p>\n","protected":false},"featured_media":19868,"template":"","meta":{"_acf_changed":false,"om_disable_all_campaigns":false,"_monsterinsights_skip_tracking":false,"_monsterinsights_sitenote_active":false,"_monsterinsights_sitenote_note":"","_monsterinsights_sitenote_category":0},"product_brand":[],"product_cat":[363],"product_tag":[381,628,405,298],"class_list":{"0":"post-19867","1":"product","2":"type-product","3":"status-publish","4":"has-post-thumbnail","6":"product_cat-kassit","7":"product_tag-kassi","8":"product_tag-kassi-painatus","9":"product_tag-ostoskassi","10":"product_tag-painatus","11":"product_shipping_class-postipaketti","13":"first","14":"instock","15":"taxable","16":"shipping-taxable","17":"purchasable","18":"product-type-simple"},"acf":[],"aioseo_notices":[],"_links":{"self":[{"href":"https:\/\/www.roly24.com\/index.php\/wp-json\/wp\/v2\/product\/19867","targetHints":{"allow":["GET"]}}],"collection":[{"href":"https:\/\/www.roly24.com\/index.php\/wp-json\/wp\/v2\/product"}],"about":[{"href":"https:\/\/www.roly24.com\/index.php\/wp-json\/wp\/v2\/types\/product"}],"version-history":[{"count":2,"href":"https:\/\/www.roly24.com\/index.php\/wp-json\/wp\/v2\/product\/19867\/revisions"}],"predecessor-version":[{"id":22334,"href":"https:\/\/www.roly24.com\/index.php\/wp-json\/wp\/v2\/product\/19867\/revisions\/22334"}],"wp:featuredmedia":[{"embeddable":true,"href":"https:\/\/www.roly24.com\/index.php\/wp-json\/wp\/v2\/media\/19868"}],"wp:attachment":[{"href":"https:\/\/www.roly24.com\/index.php\/wp-json\/wp\/v2\/media?parent=19867"}],"wp:term":[{"taxonomy":"product_brand","embeddable":true,"href":"https:\/\/www.roly24.com\/index.php\/wp-json\/wp\/v2\/product_brand?post=19867"},{"taxonomy":"product_cat","embeddable":true,"href":"https:\/\/www.roly24.com\/index.php\/wp-json\/wp\/v2\/product_cat?post=19867"},{"taxonomy":"product_tag","embeddable":true,"href":"https:\/\/www.roly24.com\/index.php\/wp-json\/wp\/v2\/product_tag?post=19867"}],"curies":[{"name":"wp","href":"https:\/\/api.w.org\/{rel}","templated":true}]}}