{"id":19863,"date":"2025-08-28T09:21:11","date_gmt":"2025-08-28T07:21:11","guid":{"rendered":"https:\/\/www.roly24.com\/?post_type=product&#038;p=19863"},"modified":"2026-04-19T18:54:46","modified_gmt":"2026-04-19T16:54:46","slug":"kassi-loren-kappalehinta-alkaen","status":"publish","type":"product","link":"https:\/\/www.roly24.com\/index.php\/tuote\/kassi-loren-kappalehinta-alkaen\/","title":{"rendered":"Kierr\u00e4tetty kangaskassi LOREN &#8211; painatuksella tai ilman"},"content":{"rendered":"<p><strong>Tuotenumero 301428<\/strong><\/p>\n<h4><strong>Loren kangaskassi painatuksella tai ilman \u2013 kierr\u00e4tetty kangaskassi 140 g\/m\u00b2<\/strong><\/h4>\n<div class=\"relative basis-auto flex-col -mb-(--composer-overlap-px) pb-(--composer-overlap-px) [--composer-overlap-px:28px] grow flex\">\n<div class=\"flex flex-col text-sm pb-25\">\n<section class=\"text-token-text-primary w-full focus:outline-none [--shadow-height:45px] has-data-writing-block:pointer-events-none has-data-writing-block:-mt-(--shadow-height) has-data-writing-block:pt-(--shadow-height) [&amp;:has([data-writing-block])&gt;*]:pointer-events-auto scroll-mt-[calc(var(--header-height)+min(200px,max(70px,20svh)))]\" dir=\"auto\" data-turn-id=\"request-69dfb62b-f108-8392-bbc9-c9f436d44a4c-37\" data-testid=\"conversation-turn-38\" data-scroll-anchor=\"true\" data-turn=\"assistant\">\n<div class=\"text-base my-auto mx-auto pb-10 [--thread-content-margin:var(--thread-content-margin-xs,calc(var(--spacing)*4))] @w-sm\/main:[--thread-content-margin:var(--thread-content-margin-sm,calc(var(--spacing)*6))] @w-lg\/main:[--thread-content-margin:var(--thread-content-margin-lg,calc(var(--spacing)*16))] px-(--thread-content-margin)\">\n<div class=\"[--thread-content-max-width:40rem] @w-lg\/main:[--thread-content-max-width:48rem] mx-auto max-w-(--thread-content-max-width) flex-1 group\/turn-messages focus-visible:outline-hidden relative flex w-full min-w-0 flex-col agent-turn\">\n<div class=\"flex max-w-full flex-col gap-4 grow\">\n<div class=\"min-h-8 text-message relative flex w-full flex-col items-end gap-2 text-start break-words whitespace-normal outline-none keyboard-focused:focus-ring [.text-message+&amp;]:mt-1\" dir=\"auto\" tabindex=\"0\" data-message-author-role=\"assistant\" data-message-id=\"a6d2e8fb-7a75-4bc2-9728-b3ef7d180256\" data-message-model-slug=\"gpt-5-3\" data-turn-start-message=\"true\">\n<div class=\"flex w-full flex-col gap-1 empty:hidden\">\n<div class=\"markdown prose dark:prose-invert w-full wrap-break-word light markdown-new-styling\">\n<p data-start=\"81\" data-end=\"349\"><strong data-start=\"81\" data-end=\"102\">Loren kangaskassi<\/strong> on kevyt ja ekologinen <strong data-start=\"126\" data-end=\"183\">kierr\u00e4tetyist\u00e4 materiaaleista valmistettu kangaskassi<\/strong>, joka sopii erinomaisesti <strong data-start=\"210\" data-end=\"264\">yrityksille, tapahtumiin ja p\u00e4ivitt\u00e4iseen k\u00e4ytt\u00f6\u00f6n<\/strong>. Se toimii hyvin <strong data-start=\"282\" data-end=\"348\">kangaskassina logolla, promootiotuotteena sek\u00e4 j\u00e4lleenmyyntiin<\/strong>.<\/p>\n<p data-start=\"351\" data-end=\"590\">Kassin koko <strong data-start=\"363\" data-end=\"377\">37 x 41 cm<\/strong> tarjoaa hyv\u00e4n tilavuuden ostoksille ja tuotteille. <strong data-start=\"429\" data-end=\"452\">70 cm pitk\u00e4t hihnat<\/strong> tekev\u00e4t kassista mukavan kantaa olalla. Kevyt mutta kest\u00e4v\u00e4 <strong data-start=\"513\" data-end=\"536\">140 g\/m\u00b2 materiaali<\/strong> tekee kassista k\u00e4yt\u00e4nn\u00f6llisen p\u00e4ivitt\u00e4iseen k\u00e4ytt\u00f6\u00f6n.<\/p>\n<p data-start=\"592\" data-end=\"763\">Kassi on valmistettu <strong data-start=\"613\" data-end=\"683\">70 % kierr\u00e4tetyst\u00e4 puuvillasta ja 30 % kierr\u00e4tetyst\u00e4 polyesterist\u00e4<\/strong>, mik\u00e4 tekee siit\u00e4 vastuullisemman vaihtoehdon ymp\u00e4rist\u00f6tietoisille k\u00e4ytt\u00e4jille.<\/p>\n<p data-start=\"765\" data-end=\"1061\"><strong data-start=\"765\" data-end=\"836\">Loren kangaskassi on saatavilla painatuksella tai ilman painatusta.<\/strong><br data-start=\"836\" data-end=\"839\" \/>Painettu kangaskassi toimii tehokkaana <strong data-start=\"878\" data-end=\"903\">markkinointiv\u00e4lineen\u00e4<\/strong> ja lis\u00e4\u00e4 br\u00e4ndin n\u00e4kyvyytt\u00e4. Ilman painatusta se sopii hyvin <strong data-start=\"965\" data-end=\"1001\">j\u00e4lleenmyyntiin ja yleisk\u00e4ytt\u00f6\u00f6n<\/strong>.<br data-start=\"1002\" data-end=\"1005\" \/><strong data-start=\"1005\" data-end=\"1021\">DTF-painatus<\/strong> takaa tarkan ja kest\u00e4v\u00e4n lopputuloksen.<\/p>\n<h3 data-start=\"1063\" data-end=\"1079\">Ominaisuudet<\/h3>\n<p data-start=\"1081\" data-end=\"1321\">Materiaali: 70 % kierr\u00e4tetty puuvilla, 30 % kierr\u00e4tetty polyesteri<br data-start=\"1147\" data-end=\"1150\" \/>Paino: 140 g\/m\u00b2<br data-start=\"1165\" data-end=\"1168\" \/>Mitat: 37 x 41 cm<br data-start=\"1185\" data-end=\"1188\" \/>Kahvat: 70 cm pitk\u00e4t hihnat<br data-start=\"1215\" data-end=\"1218\" \/>Painatus: DTF-painatus<br data-start=\"1240\" data-end=\"1243\" \/>Saatavilla: painatuksella tai ilman painatusta<br data-start=\"1289\" data-end=\"1292\" \/>Toimitusaika: noin 1 viikko<\/p>\n<h3 data-start=\"1323\" data-end=\"1357\">Miksi valita Loren kangaskassi<\/h3>\n<p data-start=\"1359\" data-end=\"1581\">Ekologinen kangaskassi kierr\u00e4tetyist\u00e4 materiaaleista<br data-start=\"1411\" data-end=\"1414\" \/>Sopii <strong data-start=\"1420\" data-end=\"1467\">kangaskassiksi logolla tai ilman painatusta<\/strong><br data-start=\"1467\" data-end=\"1470\" \/>Erinomainen valinta <strong data-start=\"1490\" data-end=\"1530\">yrityksille, tapahtumiin ja myyntiin<\/strong><br data-start=\"1530\" data-end=\"1533\" \/>Kevyt ja k\u00e4yt\u00e4nn\u00f6llinen p\u00e4ivitt\u00e4iseen k\u00e4ytt\u00f6\u00f6n<\/p>\n<h3 data-start=\"1583\" data-end=\"1600\">K\u00e4ytt\u00f6kohteet<\/h3>\n<p data-start=\"1602\" data-end=\"1742\">Kangaskassi painatuksella yrityksille<br data-start=\"1639\" data-end=\"1642\" \/>Kangaskassi logolla messuille ja tapahtumiin<br data-start=\"1686\" data-end=\"1689\" \/>Kangaskassi j\u00e4lleenmyyntiin<br data-start=\"1716\" data-end=\"1719\" \/>Ekologinen ostoskassi<\/p>\n<h3 data-start=\"1744\" data-end=\"1772\">Usein kysytyt kysymykset<\/h3>\n<p data-start=\"1774\" data-end=\"1931\"><strong data-start=\"1774\" data-end=\"1830\">Onko Loren kangaskassi kierr\u00e4tetyist\u00e4 materiaaleista<\/strong><br data-start=\"1830\" data-end=\"1833\" \/>Kyll\u00e4, kassi on valmistettu <strong data-start=\"1861\" data-end=\"1931\">70 % kierr\u00e4tetyst\u00e4 puuvillasta ja 30 % kierr\u00e4tetyst\u00e4 polyesterist\u00e4<\/strong><\/p>\n<p data-start=\"1933\" data-end=\"2069\"><strong data-start=\"1933\" data-end=\"1971\">Voiko kassiin painattaa oman logon<\/strong><br data-start=\"1971\" data-end=\"1974\" \/>Kyll\u00e4, kangaskassi on saatavilla painatuksella ja <strong data-start=\"2024\" data-end=\"2040\">DTF-painatus<\/strong> takaa kest\u00e4v\u00e4n lopputuloksen<\/p>\n<p data-start=\"2071\" data-end=\"2174\"><strong data-start=\"2071\" data-end=\"2111\">Voiko kassin tilata ilman painatusta<\/strong><br data-start=\"2111\" data-end=\"2114\" \/>Kyll\u00e4, Loren kangaskassi on saatavilla my\u00f6s ilman painatusta<\/p>\n<p data-start=\"2176\" data-end=\"2232\" data-is-last-node=\"\" data-is-only-node=\"\"><strong data-start=\"2176\" data-end=\"2200\">Mik\u00e4 on toimitusaika<\/strong><br data-start=\"2200\" data-end=\"2203\" \/>Toimitusaika on noin 1 viikko<\/p>\n<\/div>\n<\/div>\n<\/div>\n<\/div>\n<\/div>\n<\/div>\n<\/section>\n<\/div>\n<\/div>\n","protected":false},"excerpt":{"rendered":"<p>Tuotenumero 301428 Loren kangaskassi painatuksella tai ilman \u2013 kierr\u00e4tetty kangaskassi 140 g\/m\u00b2 Loren kangaskassi on kevyt ja ekologinen kierr\u00e4tetyist\u00e4 materiaaleista valmistettu kangaskassi, joka sopii erinomaisesti yrityksille, tapahtumiin ja p\u00e4ivitt\u00e4iseen k\u00e4ytt\u00f6\u00f6n. Se toimii hyvin kangaskassina logolla, promootiotuotteena sek\u00e4 j\u00e4lleenmyyntiin. Kassin koko 37 x 41 cm tarjoaa hyv\u00e4n tilavuuden ostoksille ja tuotteille. 70 cm pitk\u00e4t hihnat tekev\u00e4t [&hellip;]<\/p>\n","protected":false},"featured_media":19864,"template":"","meta":{"_acf_changed":false,"om_disable_all_campaigns":false,"_monsterinsights_skip_tracking":false,"_monsterinsights_sitenote_active":false,"_monsterinsights_sitenote_note":"","_monsterinsights_sitenote_category":0},"product_brand":[],"product_cat":[363],"product_tag":[381,628,405,298],"class_list":{"0":"post-19863","1":"product","2":"type-product","3":"status-publish","4":"has-post-thumbnail","6":"product_cat-kassit","7":"product_tag-kassi","8":"product_tag-kassi-painatus","9":"product_tag-ostoskassi","10":"product_tag-painatus","11":"product_shipping_class-postipaketti","13":"first","14":"instock","15":"taxable","16":"shipping-taxable","17":"purchasable","18":"product-type-simple"},"acf":[],"aioseo_notices":[],"_links":{"self":[{"href":"https:\/\/www.roly24.com\/index.php\/wp-json\/wp\/v2\/product\/19863","targetHints":{"allow":["GET"]}}],"collection":[{"href":"https:\/\/www.roly24.com\/index.php\/wp-json\/wp\/v2\/product"}],"about":[{"href":"https:\/\/www.roly24.com\/index.php\/wp-json\/wp\/v2\/types\/product"}],"version-history":[{"count":2,"href":"https:\/\/www.roly24.com\/index.php\/wp-json\/wp\/v2\/product\/19863\/revisions"}],"predecessor-version":[{"id":22341,"href":"https:\/\/www.roly24.com\/index.php\/wp-json\/wp\/v2\/product\/19863\/revisions\/22341"}],"wp:featuredmedia":[{"embeddable":true,"href":"https:\/\/www.roly24.com\/index.php\/wp-json\/wp\/v2\/media\/19864"}],"wp:attachment":[{"href":"https:\/\/www.roly24.com\/index.php\/wp-json\/wp\/v2\/media?parent=19863"}],"wp:term":[{"taxonomy":"product_brand","embeddable":true,"href":"https:\/\/www.roly24.com\/index.php\/wp-json\/wp\/v2\/product_brand?post=19863"},{"taxonomy":"product_cat","embeddable":true,"href":"https:\/\/www.roly24.com\/index.php\/wp-json\/wp\/v2\/product_cat?post=19863"},{"taxonomy":"product_tag","embeddable":true,"href":"https:\/\/www.roly24.com\/index.php\/wp-json\/wp\/v2\/product_tag?post=19863"}],"curies":[{"name":"wp","href":"https:\/\/api.w.org\/{rel}","templated":true}]}}