{"id":19789,"date":"2025-08-27T11:56:30","date_gmt":"2025-08-27T09:56:30","guid":{"rendered":"https:\/\/www.roly24.com\/?post_type=product&#038;p=19789"},"modified":"2026-04-19T18:36:43","modified_gmt":"2026-04-19T16:36:43","slug":"kassi-keon-kappalehinta-alkaen","status":"publish","type":"product","link":"https:\/\/www.roly24.com\/index.php\/tuote\/kassi-keon-kappalehinta-alkaen\/","title":{"rendered":"100 % luomupuuvillasta kangaskassi KEON &#8211; painatuksella tai ilman"},"content":{"rendered":"<p><strong>Tuotenumero 301415<\/strong><\/p>\n<div class=\"flex flex-col text-sm pb-25\">\n<section class=\"text-token-text-primary w-full focus:outline-none [--shadow-height:45px] has-data-writing-block:pointer-events-none has-data-writing-block:-mt-(--shadow-height) has-data-writing-block:pt-(--shadow-height) [&amp;:has([data-writing-block])&gt;*]:pointer-events-auto scroll-mt-(--header-height)\" dir=\"auto\" data-turn-id=\"56ebd364-8ff0-4da2-9fe3-8b49e79707a4\" data-testid=\"conversation-turn-27\" data-scroll-anchor=\"false\" data-turn=\"user\"><\/section>\n<section class=\"text-token-text-primary w-full focus:outline-none [--shadow-height:45px] has-data-writing-block:pointer-events-none has-data-writing-block:-mt-(--shadow-height) has-data-writing-block:pt-(--shadow-height) [&amp;:has([data-writing-block])&gt;*]:pointer-events-auto scroll-mt-[calc(var(--header-height)+min(200px,max(70px,20svh)))]\" dir=\"auto\" data-turn-id=\"request-69dfb62b-f108-8392-bbc9-c9f436d44a4c-32\" data-testid=\"conversation-turn-28\" data-scroll-anchor=\"true\" data-turn=\"assistant\">\n<div class=\"text-base my-auto mx-auto pb-10 [--thread-content-margin:var(--thread-content-margin-xs,calc(var(--spacing)*4))] @w-sm\/main:[--thread-content-margin:var(--thread-content-margin-sm,calc(var(--spacing)*6))] @w-lg\/main:[--thread-content-margin:var(--thread-content-margin-lg,calc(var(--spacing)*16))] px-(--thread-content-margin)\">\n<div class=\"[--thread-content-max-width:40rem] @w-lg\/main:[--thread-content-max-width:48rem] mx-auto max-w-(--thread-content-max-width) flex-1 group\/turn-messages focus-visible:outline-hidden relative flex w-full min-w-0 flex-col agent-turn\">\n<div class=\"flex max-w-full flex-col gap-4 grow\">\n<div class=\"min-h-8 text-message relative flex w-full flex-col items-end gap-2 text-start break-words whitespace-normal outline-none keyboard-focused:focus-ring [.text-message+&amp;]:mt-1\" dir=\"auto\" tabindex=\"0\" data-message-author-role=\"assistant\" data-message-id=\"b7a0d28f-1b76-419f-8eef-db3039f8905b\" data-message-model-slug=\"gpt-5-3\" data-turn-start-message=\"true\">\n<div class=\"flex w-full flex-col gap-1 empty:hidden\">\n<div class=\"markdown prose dark:prose-invert w-full wrap-break-word light markdown-new-styling\">\n<h4 data-start=\"0\" data-end=\"73\"><strong>Keon kangaskassi painatuksella tai ilman \u2013 luomupuuvillakassi 220 g\/m\u00b2<\/strong><\/h4>\n<p data-start=\"75\" data-end=\"341\"><strong data-start=\"75\" data-end=\"95\">Keon kangaskassi<\/strong> on kest\u00e4v\u00e4 ja monik\u00e4ytt\u00f6inen <strong data-start=\"125\" data-end=\"175\">100 % luomupuuvillasta valmistettu kangaskassi<\/strong>, joka sopii erinomaisesti <strong data-start=\"202\" data-end=\"256\">yrityksille, tapahtumiin ja p\u00e4ivitt\u00e4iseen k\u00e4ytt\u00f6\u00f6n<\/strong>. Se toimii hyvin <strong data-start=\"274\" data-end=\"340\">kangaskassina logolla, promootiotuotteena sek\u00e4 j\u00e4lleenmyyntiin<\/strong>.<\/p>\n<p data-start=\"343\" data-end=\"584\">Kassin koko <strong data-start=\"355\" data-end=\"369\">38 x 42 cm<\/strong> tarjoaa hyv\u00e4n tilavuuden ostoksille ja tuotteille. <strong data-start=\"421\" data-end=\"446\">70 cm pitk\u00e4t olkaimet<\/strong> tekev\u00e4t kassista mukavan kantaa olalla. Kest\u00e4v\u00e4 <strong data-start=\"495\" data-end=\"518\">220 g\/m\u00b2 materiaali<\/strong> tekee kassista j\u00e4m\u00e4k\u00e4n mutta silti kevyen p\u00e4ivitt\u00e4iseen k\u00e4ytt\u00f6\u00f6n.<\/p>\n<p data-start=\"586\" data-end=\"694\">Kassi on viimeistelty <strong data-start=\"608\" data-end=\"637\">luonnonv\u00e4risell\u00e4 ilmeell\u00e4<\/strong>, joka antaa tuotteelle ajattoman ja ekologisen ulkon\u00e4\u00f6n.<\/p>\n<p data-start=\"696\" data-end=\"991\"><strong data-start=\"696\" data-end=\"766\">Keon kangaskassi on saatavilla painatuksella tai ilman painatusta.<\/strong><br data-start=\"766\" data-end=\"769\" \/>Painettu kangaskassi toimii tehokkaana <strong data-start=\"808\" data-end=\"833\">markkinointiv\u00e4lineen\u00e4<\/strong> ja lis\u00e4\u00e4 br\u00e4ndin n\u00e4kyvyytt\u00e4. Ilman painatusta se sopii hyvin <strong data-start=\"895\" data-end=\"931\">j\u00e4lleenmyyntiin ja yleisk\u00e4ytt\u00f6\u00f6n<\/strong>.<br data-start=\"932\" data-end=\"935\" \/><strong data-start=\"935\" data-end=\"951\">DTF-painatus<\/strong> takaa tarkan ja kest\u00e4v\u00e4n lopputuloksen.<\/p>\n<h3 data-start=\"993\" data-end=\"1009\">Ominaisuudet<\/h3>\n<p data-start=\"1011\" data-end=\"1248\">Materiaali: 100 % luomupuuvilla<br data-start=\"1042\" data-end=\"1045\" \/>Paino: 220 g\/m\u00b2<br data-start=\"1060\" data-end=\"1063\" \/>Mitat: 38 x 42 cm<br data-start=\"1080\" data-end=\"1083\" \/>Kahvat: 70 cm pitk\u00e4t olkaimet<br data-start=\"1112\" data-end=\"1115\" \/>Viimeistely: Luonnonv\u00e4rinen<br data-start=\"1142\" data-end=\"1145\" \/>Painatus: DTF-painatus<br data-start=\"1167\" data-end=\"1170\" \/>Saatavilla: painatuksella tai ilman painatusta<br data-start=\"1216\" data-end=\"1219\" \/>Toimitusaika: noin 1 viikko<\/p>\n<h3 data-start=\"1250\" data-end=\"1283\">Miksi valita Keon kangaskassi<\/h3>\n<p data-start=\"1285\" data-end=\"1476\">Kest\u00e4v\u00e4 kangaskassi luomupuuvillasta<br data-start=\"1321\" data-end=\"1324\" \/>Sopii <strong data-start=\"1330\" data-end=\"1377\">kangaskassiksi logolla tai ilman painatusta<\/strong><br data-start=\"1377\" data-end=\"1380\" \/>Erinomainen valinta <strong data-start=\"1400\" data-end=\"1440\">yrityksille, tapahtumiin ja myyntiin<\/strong><br data-start=\"1440\" data-end=\"1443\" \/>Ajaton ja luonnollinen ulkon\u00e4k\u00f6<\/p>\n<h3 data-start=\"1478\" data-end=\"1495\">K\u00e4ytt\u00f6kohteet<\/h3>\n<p data-start=\"1497\" data-end=\"1637\">Kangaskassi painatuksella yrityksille<br data-start=\"1534\" data-end=\"1537\" \/>Kangaskassi logolla messuille ja tapahtumiin<br data-start=\"1581\" data-end=\"1584\" \/>Kangaskassi j\u00e4lleenmyyntiin<br data-start=\"1611\" data-end=\"1614\" \/>Ekologinen ostoskassi<\/p>\n<h3 data-start=\"1639\" data-end=\"1667\">Usein kysytyt kysymykset<\/h3>\n<p data-start=\"1669\" data-end=\"1766\"><strong data-start=\"1669\" data-end=\"1709\">Onko Keon kangaskassi luomupuuvillaa<\/strong><br data-start=\"1709\" data-end=\"1712\" \/>Kyll\u00e4, kassi on valmistettu <strong data-start=\"1740\" data-end=\"1766\">100 % luomupuuvillasta<\/strong><\/p>\n<p data-start=\"1768\" data-end=\"1904\"><strong data-start=\"1768\" data-end=\"1806\">Voiko kassiin painattaa oman logon<\/strong><br data-start=\"1806\" data-end=\"1809\" \/>Kyll\u00e4, kangaskassi on saatavilla painatuksella ja <strong data-start=\"1859\" data-end=\"1875\">DTF-painatus<\/strong> takaa kest\u00e4v\u00e4n lopputuloksen<\/p>\n<p data-start=\"1906\" data-end=\"2008\"><strong data-start=\"1906\" data-end=\"1946\">Voiko kassin tilata ilman painatusta<\/strong><br data-start=\"1946\" data-end=\"1949\" \/>Kyll\u00e4, Keon kangaskassi on saatavilla my\u00f6s ilman painatusta<\/p>\n<p data-start=\"2010\" data-end=\"2066\" data-is-last-node=\"\" data-is-only-node=\"\"><strong data-start=\"2010\" data-end=\"2034\">Mik\u00e4 on toimitusaika<\/strong><br data-start=\"2034\" data-end=\"2037\" \/>Toimitusaika on noin 1 viikko<\/p>\n<\/div>\n<\/div>\n<\/div>\n<\/div>\n<\/div>\n<\/div>\n<\/section>\n<\/div>\n","protected":false},"excerpt":{"rendered":"<p>Tuotenumero 301415 Keon kangaskassi painatuksella tai ilman \u2013 luomupuuvillakassi 220 g\/m\u00b2 Keon kangaskassi on kest\u00e4v\u00e4 ja monik\u00e4ytt\u00f6inen 100 % luomupuuvillasta valmistettu kangaskassi, joka sopii erinomaisesti yrityksille, tapahtumiin ja p\u00e4ivitt\u00e4iseen k\u00e4ytt\u00f6\u00f6n. Se toimii hyvin kangaskassina logolla, promootiotuotteena sek\u00e4 j\u00e4lleenmyyntiin. Kassin koko 38 x 42 cm tarjoaa hyv\u00e4n tilavuuden ostoksille ja tuotteille. 70 cm pitk\u00e4t olkaimet tekev\u00e4t [&hellip;]<\/p>\n","protected":false},"featured_media":19790,"template":"","meta":{"_acf_changed":false,"om_disable_all_campaigns":false,"_monsterinsights_skip_tracking":false,"_monsterinsights_sitenote_active":false,"_monsterinsights_sitenote_note":"","_monsterinsights_sitenote_category":0},"product_brand":[],"product_cat":[363],"product_tag":[381,628,405,298],"class_list":{"0":"post-19789","1":"product","2":"type-product","3":"status-publish","4":"has-post-thumbnail","6":"product_cat-kassit","7":"product_tag-kassi","8":"product_tag-kassi-painatus","9":"product_tag-ostoskassi","10":"product_tag-painatus","11":"product_shipping_class-postipaketti","13":"first","14":"instock","15":"taxable","16":"shipping-taxable","17":"purchasable","18":"product-type-simple"},"acf":[],"aioseo_notices":[],"_links":{"self":[{"href":"https:\/\/www.roly24.com\/index.php\/wp-json\/wp\/v2\/product\/19789","targetHints":{"allow":["GET"]}}],"collection":[{"href":"https:\/\/www.roly24.com\/index.php\/wp-json\/wp\/v2\/product"}],"about":[{"href":"https:\/\/www.roly24.com\/index.php\/wp-json\/wp\/v2\/types\/product"}],"version-history":[{"count":2,"href":"https:\/\/www.roly24.com\/index.php\/wp-json\/wp\/v2\/product\/19789\/revisions"}],"predecessor-version":[{"id":22336,"href":"https:\/\/www.roly24.com\/index.php\/wp-json\/wp\/v2\/product\/19789\/revisions\/22336"}],"wp:featuredmedia":[{"embeddable":true,"href":"https:\/\/www.roly24.com\/index.php\/wp-json\/wp\/v2\/media\/19790"}],"wp:attachment":[{"href":"https:\/\/www.roly24.com\/index.php\/wp-json\/wp\/v2\/media?parent=19789"}],"wp:term":[{"taxonomy":"product_brand","embeddable":true,"href":"https:\/\/www.roly24.com\/index.php\/wp-json\/wp\/v2\/product_brand?post=19789"},{"taxonomy":"product_cat","embeddable":true,"href":"https:\/\/www.roly24.com\/index.php\/wp-json\/wp\/v2\/product_cat?post=19789"},{"taxonomy":"product_tag","embeddable":true,"href":"https:\/\/www.roly24.com\/index.php\/wp-json\/wp\/v2\/product_tag?post=19789"}],"curies":[{"name":"wp","href":"https:\/\/api.w.org\/{rel}","templated":true}]}}