{"id":19776,"date":"2025-08-27T11:22:03","date_gmt":"2025-08-27T09:22:03","guid":{"rendered":"https:\/\/www.roly24.com\/?post_type=product&#038;p=19776"},"modified":"2026-04-19T18:49:09","modified_gmt":"2026-04-19T16:49:09","slug":"kassi-lopis-kappalehinta-alkaen","status":"publish","type":"product","link":"https:\/\/www.roly24.com\/index.php\/tuote\/kassi-lopis-kappalehinta-alkaen\/","title":{"rendered":"Luomupuuvillakassi sivu- ja pohjalevikkeill\u00e4 LOPIS &#8211; painatuksella tai ilman"},"content":{"rendered":"<p><strong>Tuotenumero 301413<\/strong><\/p>\n<div>\n<div class=\"flex h-svh w-screen flex-col\">\n<div class=\"relative z-0 flex min-h-0 w-full flex-1\">\n<div class=\"relative flex min-h-0 w-full flex-1\">\n<div class=\"@container\/main relative flex min-w-0 flex-1 flex-col -translate-y-[calc(env(safe-area-inset-bottom,0px)\/2)] pt-[calc(env(safe-area-inset-bottom,0px)\/2)]\">\n<div class=\"@w-sm\/main:[scrollbar-gutter:var(--stage-scroll-gutter)] touch:[scrollbar-width:none] group\/scroll-root relative flex min-h-0 min-w-0 flex-1 flex-col [scrollbar-gutter:stable] not-print:overflow-x-clip not-print:overflow-y-auto group-data-stream-active\/scroll-root:[overflow-anchor:none] scroll-pt-(--header-height) [--sticky-padding-top:var(--header-height)] [--sticky-padding-bottom:0px] [--scroll-root-safe-area-inset-top:calc(var(--sticky-padding-top)+env(safe-area-inset-top,0px))] [--scroll-root-safe-area-inset-bottom:calc(var(--sticky-padding-bottom)+var(--screen-keyboard-height,0px)+env(safe-area-inset-bottom,0px))] [--scroll-root-safe-area-height:calc(100lvh-var(--scroll-root-safe-area-inset-top)-var(--scroll-root-safe-area-inset-bottom))] has-data-[fixed-header=less-than-xl]:@w-xl\/main:scroll-pt-0 has-data-[fixed-header=less-than-xl]:@w-xl\/main:[--sticky-padding-top:0px] has-data-[fixed-header=less-than-xxl]:@w-2xl\/main:scroll-pt-0 has-data-[fixed-header=less-than-xxl]:@w-2xl\/main:[--sticky-padding-top:0px]\" data-scroll-root=\"\" data-scroll-from-top=\"\"><main id=\"main\" class=\"min-h-0 flex-1\"><\/p>\n<div id=\"thread\" class=\"group\/thread flex flex-col min-h-full\">\n<div class=\"composer-parent flex flex-1 flex-col focus-visible:outline-0\" role=\"presentation\">\n<div class=\"relative basis-auto flex-col -mb-(--composer-overlap-px) pb-(--composer-overlap-px) [--composer-overlap-px:28px] grow flex\">\n<div class=\"flex flex-col text-sm pb-25\">\n<section class=\"text-token-text-primary w-full focus:outline-none [--shadow-height:45px] has-data-writing-block:pointer-events-none has-data-writing-block:-mt-(--shadow-height) has-data-writing-block:pt-(--shadow-height) [&amp;:has([data-writing-block])&gt;*]:pointer-events-auto scroll-mt-[calc(var(--header-height)+min(200px,max(70px,20svh)))]\" dir=\"auto\" data-turn-id=\"request-69dfb62b-f108-8392-bbc9-c9f436d44a4c-36\" data-testid=\"conversation-turn-36\" data-scroll-anchor=\"true\" data-turn=\"assistant\">\n<div class=\"text-base my-auto mx-auto pb-10 [--thread-content-margin:var(--thread-content-margin-xs,calc(var(--spacing)*4))] @w-sm\/main:[--thread-content-margin:var(--thread-content-margin-sm,calc(var(--spacing)*6))] @w-lg\/main:[--thread-content-margin:var(--thread-content-margin-lg,calc(var(--spacing)*16))] px-(--thread-content-margin)\">\n<div class=\"[--thread-content-max-width:40rem] @w-lg\/main:[--thread-content-max-width:48rem] mx-auto max-w-(--thread-content-max-width) flex-1 group\/turn-messages focus-visible:outline-hidden relative flex w-full min-w-0 flex-col agent-turn\">\n<div class=\"flex max-w-full flex-col gap-4 grow\">\n<div class=\"min-h-8 text-message relative flex w-full flex-col items-end gap-2 text-start break-words whitespace-normal outline-none keyboard-focused:focus-ring [.text-message+&amp;]:mt-1\" dir=\"auto\" tabindex=\"0\" data-message-author-role=\"assistant\" data-message-id=\"8789b3b7-fa84-491b-882c-6b91c8963099\" data-message-model-slug=\"gpt-5-3\" data-turn-start-message=\"true\">\n<div class=\"flex w-full flex-col gap-1 empty:hidden\">\n<div class=\"markdown prose dark:prose-invert w-full wrap-break-word light markdown-new-styling\">\n<h4 data-start=\"0\" data-end=\"100\"><strong>Lopis kangaskassi painatuksella tai ilman \u2013 luomupuuvillakassi sivu- ja pohjalevikkeill\u00e4 220 g\/m\u00b2<\/strong><\/h4>\n<p data-start=\"102\" data-end=\"369\"><strong data-start=\"102\" data-end=\"123\">Lopis kangaskassi<\/strong> on kest\u00e4v\u00e4 ja monik\u00e4ytt\u00f6inen <strong data-start=\"153\" data-end=\"203\">100 % luomupuuvillasta valmistettu kangaskassi<\/strong>, joka sopii erinomaisesti <strong data-start=\"230\" data-end=\"284\">yrityksille, tapahtumiin ja p\u00e4ivitt\u00e4iseen k\u00e4ytt\u00f6\u00f6n<\/strong>. Se toimii hyvin <strong data-start=\"302\" data-end=\"368\">kangaskassina logolla, promootiotuotteena sek\u00e4 j\u00e4lleenmyyntiin<\/strong>.<\/p>\n<p data-start=\"371\" data-end=\"697\">Kassin koko <strong data-start=\"383\" data-end=\"401\">38 x 42 x 9 cm<\/strong> tarjoaa hyv\u00e4n tilavuuden ostoksille ja tuotteille. <strong data-start=\"453\" data-end=\"480\">Sivu- ja pohjalevikkeet<\/strong> lis\u00e4\u00e4v\u00e4t tilavuutta ja tekev\u00e4t kassista k\u00e4yt\u00e4nn\u00f6llisemm\u00e4n. <strong data-start=\"540\" data-end=\"565\">70 cm pitk\u00e4t olkaimet<\/strong> mahdollistavat mukavan kantamisen olalla. Kest\u00e4v\u00e4 <strong data-start=\"616\" data-end=\"639\">220 g\/m\u00b2 materiaali<\/strong> tekee kassista j\u00e4m\u00e4k\u00e4n mutta miellytt\u00e4v\u00e4n kevyen k\u00e4ytt\u00e4\u00e4.<\/p>\n<p data-start=\"699\" data-end=\"806\">Kassissa on <strong data-start=\"711\" data-end=\"748\">luonnonv\u00e4riset sivu- ja pohjaosat<\/strong>, jotka tuovat tuotteeseen tyylikk\u00e4\u00e4n ja erottuvan ilmeen.<\/p>\n<p data-start=\"808\" data-end=\"1104\"><strong data-start=\"808\" data-end=\"879\">Lopis kangaskassi on saatavilla painatuksella tai ilman painatusta.<\/strong><br data-start=\"879\" data-end=\"882\" \/>Painettu kangaskassi toimii tehokkaana <strong data-start=\"921\" data-end=\"946\">markkinointiv\u00e4lineen\u00e4<\/strong> ja lis\u00e4\u00e4 br\u00e4ndin n\u00e4kyvyytt\u00e4. Ilman painatusta se sopii hyvin <strong data-start=\"1008\" data-end=\"1044\">j\u00e4lleenmyyntiin ja yleisk\u00e4ytt\u00f6\u00f6n<\/strong>.<br data-start=\"1045\" data-end=\"1048\" \/><strong data-start=\"1048\" data-end=\"1064\">DTF-painatus<\/strong> takaa tarkan ja kest\u00e4v\u00e4n lopputuloksen.<\/p>\n<h3 data-start=\"1106\" data-end=\"1122\">Ominaisuudet<\/h3>\n<p data-start=\"1124\" data-end=\"1402\">Materiaali: 100 % luomupuuvilla<br data-start=\"1155\" data-end=\"1158\" \/>Paino: 220 g\/m\u00b2<br data-start=\"1173\" data-end=\"1176\" \/>Mitat: 38 x 42 x 9 cm<br data-start=\"1197\" data-end=\"1200\" \/>Kahvat: 70 cm pitk\u00e4t olkaimet<br data-start=\"1229\" data-end=\"1232\" \/>Rakenne: Sivu- ja pohjalevikkeet luonnonv\u00e4risell\u00e4 viimeistelyll\u00e4<br data-start=\"1296\" data-end=\"1299\" \/>Painatus: DTF-painatus<br data-start=\"1321\" data-end=\"1324\" \/>Saatavilla: painatuksella tai ilman painatusta<br data-start=\"1370\" data-end=\"1373\" \/>Toimitusaika: noin 1 viikko<\/p>\n<h3 data-start=\"1404\" data-end=\"1438\">Miksi valita Lopis kangaskassi<\/h3>\n<p data-start=\"1440\" data-end=\"1660\">Kest\u00e4v\u00e4 kangaskassi luomupuuvillasta<br data-start=\"1476\" data-end=\"1479\" \/>Sopii <strong data-start=\"1485\" data-end=\"1532\">kangaskassiksi logolla tai ilman painatusta<\/strong><br data-start=\"1532\" data-end=\"1535\" \/>Erinomainen valinta <strong data-start=\"1555\" data-end=\"1595\">yrityksille, tapahtumiin ja myyntiin<\/strong><br data-start=\"1595\" data-end=\"1598\" \/>Tyylik\u00e4s kaksiv\u00e4rinen ilme luonnonv\u00e4risill\u00e4 yksityiskohdilla<\/p>\n<h3 data-start=\"1662\" data-end=\"1679\">K\u00e4ytt\u00f6kohteet<\/h3>\n<p data-start=\"1681\" data-end=\"1821\">Kangaskassi painatuksella yrityksille<br data-start=\"1718\" data-end=\"1721\" \/>Kangaskassi logolla messuille ja tapahtumiin<br data-start=\"1765\" data-end=\"1768\" \/>Kangaskassi j\u00e4lleenmyyntiin<br data-start=\"1795\" data-end=\"1798\" \/>Ekologinen ostoskassi<\/p>\n<h3 data-start=\"1823\" data-end=\"1851\">Usein kysytyt kysymykset<\/h3>\n<p data-start=\"1853\" data-end=\"1951\"><strong data-start=\"1853\" data-end=\"1894\">Onko Lopis kangaskassi luomupuuvillaa<\/strong><br data-start=\"1894\" data-end=\"1897\" \/>Kyll\u00e4, kassi on valmistettu <strong data-start=\"1925\" data-end=\"1951\">100 % luomupuuvillasta<\/strong><\/p>\n<p data-start=\"1953\" data-end=\"2089\"><strong data-start=\"1953\" data-end=\"1991\">Voiko kassiin painattaa oman logon<\/strong><br data-start=\"1991\" data-end=\"1994\" \/>Kyll\u00e4, kangaskassi on saatavilla painatuksella ja <strong data-start=\"2044\" data-end=\"2060\">DTF-painatus<\/strong> takaa kest\u00e4v\u00e4n lopputuloksen<\/p>\n<p data-start=\"2091\" data-end=\"2194\"><strong data-start=\"2091\" data-end=\"2131\">Voiko kassin tilata ilman painatusta<\/strong><br data-start=\"2131\" data-end=\"2134\" \/>Kyll\u00e4, Lopis kangaskassi on saatavilla my\u00f6s ilman painatusta<\/p>\n<p data-start=\"2196\" data-end=\"2252\" data-is-last-node=\"\" data-is-only-node=\"\"><strong data-start=\"2196\" data-end=\"2220\">Mik\u00e4 on toimitusaika<\/strong><br data-start=\"2220\" data-end=\"2223\" \/>Toimitusaika on noin 1 viikko<\/p>\n<\/div>\n<\/div>\n<\/div>\n<\/div>\n<\/div>\n<\/div>\n<\/section>\n<\/div>\n<\/div>\n<\/div>\n<\/div>\n<p><\/main><\/div>\n<\/div>\n<\/div>\n<\/div>\n<\/div>\n<\/div>\n","protected":false},"excerpt":{"rendered":"<p>Tuotenumero 301413 Lopis kangaskassi painatuksella tai ilman \u2013 luomupuuvillakassi sivu- ja pohjalevikkeill\u00e4 220 g\/m\u00b2 Lopis kangaskassi on kest\u00e4v\u00e4 ja monik\u00e4ytt\u00f6inen 100 % luomupuuvillasta valmistettu kangaskassi, joka sopii erinomaisesti yrityksille, tapahtumiin ja p\u00e4ivitt\u00e4iseen k\u00e4ytt\u00f6\u00f6n. Se toimii hyvin kangaskassina logolla, promootiotuotteena sek\u00e4 j\u00e4lleenmyyntiin. Kassin koko 38 x 42 x 9 cm tarjoaa hyv\u00e4n tilavuuden ostoksille ja tuotteille. [&hellip;]<\/p>\n","protected":false},"featured_media":19777,"template":"","meta":{"_acf_changed":false,"om_disable_all_campaigns":false,"_monsterinsights_skip_tracking":false,"_monsterinsights_sitenote_active":false,"_monsterinsights_sitenote_note":"","_monsterinsights_sitenote_category":0},"product_brand":[],"product_cat":[363],"product_tag":[381,628,405,298],"class_list":{"0":"post-19776","1":"product","2":"type-product","3":"status-publish","4":"has-post-thumbnail","6":"product_cat-kassit","7":"product_tag-kassi","8":"product_tag-kassi-painatus","9":"product_tag-ostoskassi","10":"product_tag-painatus","11":"product_shipping_class-postipaketti","13":"first","14":"instock","15":"taxable","16":"shipping-taxable","17":"purchasable","18":"product-type-simple"},"acf":[],"aioseo_notices":[],"_links":{"self":[{"href":"https:\/\/www.roly24.com\/index.php\/wp-json\/wp\/v2\/product\/19776","targetHints":{"allow":["GET"]}}],"collection":[{"href":"https:\/\/www.roly24.com\/index.php\/wp-json\/wp\/v2\/product"}],"about":[{"href":"https:\/\/www.roly24.com\/index.php\/wp-json\/wp\/v2\/types\/product"}],"version-history":[{"count":2,"href":"https:\/\/www.roly24.com\/index.php\/wp-json\/wp\/v2\/product\/19776\/revisions"}],"predecessor-version":[{"id":22340,"href":"https:\/\/www.roly24.com\/index.php\/wp-json\/wp\/v2\/product\/19776\/revisions\/22340"}],"wp:featuredmedia":[{"embeddable":true,"href":"https:\/\/www.roly24.com\/index.php\/wp-json\/wp\/v2\/media\/19777"}],"wp:attachment":[{"href":"https:\/\/www.roly24.com\/index.php\/wp-json\/wp\/v2\/media?parent=19776"}],"wp:term":[{"taxonomy":"product_brand","embeddable":true,"href":"https:\/\/www.roly24.com\/index.php\/wp-json\/wp\/v2\/product_brand?post=19776"},{"taxonomy":"product_cat","embeddable":true,"href":"https:\/\/www.roly24.com\/index.php\/wp-json\/wp\/v2\/product_cat?post=19776"},{"taxonomy":"product_tag","embeddable":true,"href":"https:\/\/www.roly24.com\/index.php\/wp-json\/wp\/v2\/product_tag?post=19776"}],"curies":[{"name":"wp","href":"https:\/\/api.w.org\/{rel}","templated":true}]}}