{"id":19770,"date":"2025-08-27T10:22:26","date_gmt":"2025-08-27T08:22:26","guid":{"rendered":"https:\/\/www.roly24.com\/?post_type=product&#038;p=19770"},"modified":"2026-04-19T18:33:50","modified_gmt":"2026-04-19T16:33:50","slug":"kassi-kensal-kappalehinta-alkaen","status":"publish","type":"product","link":"https:\/\/www.roly24.com\/index.php\/tuote\/kassi-kensal-kappalehinta-alkaen\/","title":{"rendered":"luomupuuvillakassi pohjalevikkeell\u00e4 KENSAL- painatuksella tai ilman"},"content":{"rendered":"<p><strong>Tuotenumero 301411<\/strong><\/p>\n<div class=\"flex flex-col text-sm pb-25\">\n<section class=\"text-token-text-primary w-full focus:outline-none [--shadow-height:45px] has-data-writing-block:pointer-events-none has-data-writing-block:-mt-(--shadow-height) has-data-writing-block:pt-(--shadow-height) [&amp;:has([data-writing-block])&gt;*]:pointer-events-auto scroll-mt-[calc(var(--header-height)+min(200px,max(70px,20svh)))]\" dir=\"auto\" data-turn-id=\"request-69dfb62b-f108-8392-bbc9-c9f436d44a4c-31\" data-testid=\"conversation-turn-26\" data-scroll-anchor=\"true\" data-turn=\"assistant\">\n<div class=\"text-base my-auto mx-auto pb-10 [--thread-content-margin:var(--thread-content-margin-xs,calc(var(--spacing)*4))] @w-sm\/main:[--thread-content-margin:var(--thread-content-margin-sm,calc(var(--spacing)*6))] @w-lg\/main:[--thread-content-margin:var(--thread-content-margin-lg,calc(var(--spacing)*16))] px-(--thread-content-margin)\">\n<div class=\"[--thread-content-max-width:40rem] @w-lg\/main:[--thread-content-max-width:48rem] mx-auto max-w-(--thread-content-max-width) flex-1 group\/turn-messages focus-visible:outline-hidden relative flex w-full min-w-0 flex-col agent-turn\">\n<div class=\"flex max-w-full flex-col gap-4 grow\">\n<div class=\"min-h-8 text-message relative flex w-full flex-col items-end gap-2 text-start break-words whitespace-normal outline-none keyboard-focused:focus-ring [.text-message+&amp;]:mt-1\" dir=\"auto\" tabindex=\"0\" data-message-author-role=\"assistant\" data-message-id=\"68a5a94a-184f-40ee-85a0-1d5151090aa9\" data-message-model-slug=\"gpt-5-3\" data-turn-start-message=\"true\">\n<div class=\"flex w-full flex-col gap-1 empty:hidden\">\n<div class=\"markdown prose dark:prose-invert w-full wrap-break-word light markdown-new-styling\">\n<h4 data-start=\"0\" data-end=\"92\"><strong>Kensal kangaskassi painatuksella tai ilman \u2013 luomupuuvillakassi pohjalevikkeell\u00e4 280 g\/m\u00b2<\/strong><\/h4>\n<p data-start=\"94\" data-end=\"362\"><strong data-start=\"94\" data-end=\"116\">Kensal kangaskassi<\/strong> on kest\u00e4v\u00e4 ja laadukas <strong data-start=\"140\" data-end=\"190\">100 % luomupuuvillasta valmistettu kangaskassi<\/strong>, joka sopii erinomaisesti <strong data-start=\"217\" data-end=\"271\">yrityksille, tapahtumiin ja p\u00e4ivitt\u00e4iseen k\u00e4ytt\u00f6\u00f6n<\/strong>. Se toimii loistavasti <strong data-start=\"295\" data-end=\"361\">kangaskassina logolla, promootiotuotteena sek\u00e4 j\u00e4lleenmyyntiin<\/strong>.<\/p>\n<p data-start=\"364\" data-end=\"669\">Kassin koko <strong data-start=\"376\" data-end=\"394\">38 x 42 x 9 cm<\/strong> tarjoaa hyv\u00e4n tilavuuden ostoksille ja tuotteille. <strong data-start=\"446\" data-end=\"469\">Pohjalevike (haara)<\/strong> lis\u00e4\u00e4 tilavuutta ja tekee kassista k\u00e4yt\u00e4nn\u00f6llisemm\u00e4n. <strong data-start=\"524\" data-end=\"547\">70 cm pitk\u00e4t kahvat<\/strong> tekev\u00e4t kassista mukavan kantaa olalla. Vahva <strong data-start=\"594\" data-end=\"617\">280 g\/m\u00b2 materiaali<\/strong> tekee kassista j\u00e4m\u00e4k\u00e4n ja pitk\u00e4ik\u00e4isen vaihtoehdon.<\/p>\n<p data-start=\"671\" data-end=\"968\"><strong data-start=\"671\" data-end=\"743\">Kensal kangaskassi on saatavilla painatuksella tai ilman painatusta.<\/strong><br data-start=\"743\" data-end=\"746\" \/>Painettu kangaskassi toimii tehokkaana <strong data-start=\"785\" data-end=\"810\">markkinointiv\u00e4lineen\u00e4<\/strong> ja lis\u00e4\u00e4 br\u00e4ndin n\u00e4kyvyytt\u00e4. Ilman painatusta se sopii hyvin <strong data-start=\"872\" data-end=\"908\">j\u00e4lleenmyyntiin ja yleisk\u00e4ytt\u00f6\u00f6n<\/strong>.<br data-start=\"909\" data-end=\"912\" \/><strong data-start=\"912\" data-end=\"928\">DTF-painatus<\/strong> takaa tarkan ja kest\u00e4v\u00e4n lopputuloksen.<\/p>\n<h3 data-start=\"970\" data-end=\"986\">Ominaisuudet<\/h3>\n<p data-start=\"988\" data-end=\"1237\">Materiaali: 100 % luomupuuvilla<br data-start=\"1019\" data-end=\"1022\" \/>Paino: 280 g\/m\u00b2<br data-start=\"1037\" data-end=\"1040\" \/>Mitat: 38 x 42 x 9 cm<br data-start=\"1061\" data-end=\"1064\" \/>Kahvat: 70 cm pitk\u00e4t kahvat<br data-start=\"1091\" data-end=\"1094\" \/>Rakenne: Pohjalevike lis\u00e4\u00e4 tilavuutta<br data-start=\"1131\" data-end=\"1134\" \/>Painatus: DTF-painatus<br data-start=\"1156\" data-end=\"1159\" \/>Saatavilla: painatuksella tai ilman painatusta<br data-start=\"1205\" data-end=\"1208\" \/>Toimitusaika: noin 1 viikko<\/p>\n<h3 data-start=\"1239\" data-end=\"1274\">Miksi valita Kensal kangaskassi<\/h3>\n<p data-start=\"1276\" data-end=\"1492\">Kest\u00e4v\u00e4 kangaskassi paksusta luomupuuvillasta<br data-start=\"1321\" data-end=\"1324\" \/>Sopii <strong data-start=\"1330\" data-end=\"1377\">kangaskassiksi logolla tai ilman painatusta<\/strong><br data-start=\"1377\" data-end=\"1380\" \/>Erinomainen valinta <strong data-start=\"1400\" data-end=\"1440\">yrityksille, tapahtumiin ja myyntiin<\/strong><br data-start=\"1440\" data-end=\"1443\" \/>Tilava ja k\u00e4yt\u00e4nn\u00f6llinen p\u00e4ivitt\u00e4iseen k\u00e4ytt\u00f6\u00f6n<\/p>\n<h3 data-start=\"1494\" data-end=\"1511\">K\u00e4ytt\u00f6kohteet<\/h3>\n<p data-start=\"1513\" data-end=\"1653\">Kangaskassi painatuksella yrityksille<br data-start=\"1550\" data-end=\"1553\" \/>Kangaskassi logolla messuille ja tapahtumiin<br data-start=\"1597\" data-end=\"1600\" \/>Kangaskassi j\u00e4lleenmyyntiin<br data-start=\"1627\" data-end=\"1630\" \/>Ekologinen ostoskassi<\/p>\n<h3 data-start=\"1655\" data-end=\"1683\">Usein kysytyt kysymykset<\/h3>\n<p data-start=\"1685\" data-end=\"1784\"><strong data-start=\"1685\" data-end=\"1727\">Onko Kensal kangaskassi luomupuuvillaa<\/strong><br data-start=\"1727\" data-end=\"1730\" \/>Kyll\u00e4, kassi on valmistettu <strong data-start=\"1758\" data-end=\"1784\">100 % luomupuuvillasta<\/strong><\/p>\n<p data-start=\"1786\" data-end=\"1922\"><strong data-start=\"1786\" data-end=\"1824\">Voiko kassiin painattaa oman logon<\/strong><br data-start=\"1824\" data-end=\"1827\" \/>Kyll\u00e4, kangaskassi on saatavilla painatuksella ja <strong data-start=\"1877\" data-end=\"1893\">DTF-painatus<\/strong> takaa kest\u00e4v\u00e4n lopputuloksen<\/p>\n<p data-start=\"1924\" data-end=\"2028\"><strong data-start=\"1924\" data-end=\"1964\">Voiko kassin tilata ilman painatusta<\/strong><br data-start=\"1964\" data-end=\"1967\" \/>Kyll\u00e4, Kensal kangaskassi on saatavilla my\u00f6s ilman painatusta<\/p>\n<p data-start=\"2030\" data-end=\"2086\" data-is-last-node=\"\" data-is-only-node=\"\"><strong data-start=\"2030\" data-end=\"2054\">Mik\u00e4 on toimitusaika<\/strong><br data-start=\"2054\" data-end=\"2057\" \/>Toimitusaika on noin 1 viikko<\/p>\n<\/div>\n<\/div>\n<\/div>\n<\/div>\n<\/div>\n<\/div>\n<\/section>\n<\/div>\n","protected":false},"excerpt":{"rendered":"<p>Tuotenumero 301411 Kensal kangaskassi painatuksella tai ilman \u2013 luomupuuvillakassi pohjalevikkeell\u00e4 280 g\/m\u00b2 Kensal kangaskassi on kest\u00e4v\u00e4 ja laadukas 100 % luomupuuvillasta valmistettu kangaskassi, joka sopii erinomaisesti yrityksille, tapahtumiin ja p\u00e4ivitt\u00e4iseen k\u00e4ytt\u00f6\u00f6n. Se toimii loistavasti kangaskassina logolla, promootiotuotteena sek\u00e4 j\u00e4lleenmyyntiin. Kassin koko 38 x 42 x 9 cm tarjoaa hyv\u00e4n tilavuuden ostoksille ja tuotteille. Pohjalevike (haara) [&hellip;]<\/p>\n","protected":false},"featured_media":19771,"template":"","meta":{"_acf_changed":false,"om_disable_all_campaigns":false,"_monsterinsights_skip_tracking":false,"_monsterinsights_sitenote_active":false,"_monsterinsights_sitenote_note":"","_monsterinsights_sitenote_category":0},"product_brand":[],"product_cat":[363],"product_tag":[381,628,405,298],"class_list":{"0":"post-19770","1":"product","2":"type-product","3":"status-publish","4":"has-post-thumbnail","6":"product_cat-kassit","7":"product_tag-kassi","8":"product_tag-kassi-painatus","9":"product_tag-ostoskassi","10":"product_tag-painatus","11":"product_shipping_class-postipaketti","13":"first","14":"instock","15":"taxable","16":"shipping-taxable","17":"purchasable","18":"product-type-simple"},"acf":[],"aioseo_notices":[],"_links":{"self":[{"href":"https:\/\/www.roly24.com\/index.php\/wp-json\/wp\/v2\/product\/19770","targetHints":{"allow":["GET"]}}],"collection":[{"href":"https:\/\/www.roly24.com\/index.php\/wp-json\/wp\/v2\/product"}],"about":[{"href":"https:\/\/www.roly24.com\/index.php\/wp-json\/wp\/v2\/types\/product"}],"version-history":[{"count":2,"href":"https:\/\/www.roly24.com\/index.php\/wp-json\/wp\/v2\/product\/19770\/revisions"}],"predecessor-version":[{"id":22335,"href":"https:\/\/www.roly24.com\/index.php\/wp-json\/wp\/v2\/product\/19770\/revisions\/22335"}],"wp:featuredmedia":[{"embeddable":true,"href":"https:\/\/www.roly24.com\/index.php\/wp-json\/wp\/v2\/media\/19771"}],"wp:attachment":[{"href":"https:\/\/www.roly24.com\/index.php\/wp-json\/wp\/v2\/media?parent=19770"}],"wp:term":[{"taxonomy":"product_brand","embeddable":true,"href":"https:\/\/www.roly24.com\/index.php\/wp-json\/wp\/v2\/product_brand?post=19770"},{"taxonomy":"product_cat","embeddable":true,"href":"https:\/\/www.roly24.com\/index.php\/wp-json\/wp\/v2\/product_cat?post=19770"},{"taxonomy":"product_tag","embeddable":true,"href":"https:\/\/www.roly24.com\/index.php\/wp-json\/wp\/v2\/product_tag?post=19770"}],"curies":[{"name":"wp","href":"https:\/\/api.w.org\/{rel}","templated":true}]}}