{"id":19758,"date":"2025-08-27T09:22:27","date_gmt":"2025-08-27T07:22:27","guid":{"rendered":"https:\/\/www.roly24.com\/?post_type=product&#038;p=19758"},"modified":"2025-12-30T15:24:40","modified_gmt":"2025-12-30T13:24:40","slug":"kassi-carola-kappalehinta-alkaen","status":"publish","type":"product","link":"https:\/\/www.roly24.com\/index.php\/tuote\/kassi-carola-kappalehinta-alkaen\/","title":{"rendered":"Kassi Carola &#8211; Kappalehinta alkaen"},"content":{"rendered":"<p><strong>Tuotenumero 301409<\/strong><\/p>\n<p><span dir=\"auto\">Kierr\u00e4tetyst\u00e4 huovasta valmistettu ja energisoiva laukku on t\u00e4ydellinen vaihtoehto tavaroidesi kuljettamiseen k\u00e4yt\u00e4nn\u00f6llisell\u00e4 ja ymp\u00e4rist\u00f6yst\u00e4v\u00e4llisell\u00e4 tavalla. T\u00e4m\u00e4 laukku on kest\u00e4v\u00e4 ja ymp\u00e4rist\u00f6yst\u00e4v\u00e4llinen valinta.<\/span> <span dir=\"auto\"> Vigoren muotoilu antaa laukulle modernin ja houkuttelevan ilmeen, lis\u00e4\u00e4 tyyli\u00e4 ulkon\u00e4k\u00f6\u00f6si ja varmistaa, ett\u00e4 edist\u00e4t ymp\u00e4rist\u00f6n suojelua. 70 cm vahvistetut kahvat tarjoavat mukavuutta ja kest\u00e4vyytt\u00e4 laukun kantamiseen, joten voit kantaa sit\u00e4 mukavasti olalla.<\/span><span dir=\"auto\"> Sen valmistuksessa k\u00e4ytetty kierr\u00e4tetty huopa on kest\u00e4v\u00e4\u00e4 ja lujaa. Lis\u00e4ksi siin\u00e4 on riitt\u00e4v\u00e4sti tilaa tavaroiden j\u00e4rjest\u00e4miseen.<\/span> <span dir=\"auto\"> Valitsemalla t\u00e4m\u00e4n kierr\u00e4tetyst\u00e4 huovasta valmistetun kassin autat v\u00e4hent\u00e4m\u00e4\u00e4n ymp\u00e4rist\u00f6vaikutuksia, sill\u00e4 sen valmistuksessa on k\u00e4ytetty kierr\u00e4tysmateriaalia. Se on tapa osoittaa sitoutumisesi kest\u00e4v\u00e4\u00e4n kehitykseen ja edist\u00e4\u00e4 tietoista el\u00e4m\u00e4ntapaa.<\/span><span dir=\"auto\"> Valitse kierr\u00e4tetyst\u00e4 huovasta valmistettu kassi, joka yhdist\u00e4\u00e4 tyylin, toimivuuden ja kest\u00e4vyyden. Kuljeta tavaroitasi ymp\u00e4rist\u00f6yst\u00e4v\u00e4llisesti ja tee muutos!<\/span><\/p>\n<p>Materiaali: Kierr\u00e4tetty huopa 390 g\/m\u00b2.<\/p>\n<p>Mitat:<br \/>\n[43,5 cm\/31 cm\/13 cm]<\/p>\n<div data-v-5ec54137=\"\"><\/div>\n<div data-v-5ec54137=\"\"><\/div>\n","protected":false},"excerpt":{"rendered":"<p>Tuotenumero 301409 Kierr\u00e4tetyst\u00e4 huovasta valmistettu ja energisoiva laukku on t\u00e4ydellinen vaihtoehto tavaroidesi kuljettamiseen k\u00e4yt\u00e4nn\u00f6llisell\u00e4 ja ymp\u00e4rist\u00f6yst\u00e4v\u00e4llisell\u00e4 tavalla. T\u00e4m\u00e4 laukku on kest\u00e4v\u00e4 ja ymp\u00e4rist\u00f6yst\u00e4v\u00e4llinen valinta. Vigoren muotoilu antaa laukulle modernin ja houkuttelevan ilmeen, lis\u00e4\u00e4 tyyli\u00e4 ulkon\u00e4k\u00f6\u00f6si ja varmistaa, ett\u00e4 edist\u00e4t ymp\u00e4rist\u00f6n suojelua. 70 cm vahvistetut kahvat tarjoavat mukavuutta ja kest\u00e4vyytt\u00e4 laukun kantamiseen, joten voit kantaa sit\u00e4 [&hellip;]<\/p>\n","protected":false},"featured_media":19759,"template":"","meta":{"_acf_changed":false,"om_disable_all_campaigns":false,"_monsterinsights_skip_tracking":false,"_monsterinsights_sitenote_active":false,"_monsterinsights_sitenote_note":"","_monsterinsights_sitenote_category":0},"product_brand":[],"product_cat":[363],"product_tag":[381,628,405,298],"class_list":{"0":"post-19758","1":"product","2":"type-product","3":"status-publish","4":"has-post-thumbnail","6":"product_cat-kassit","7":"product_tag-kassi","8":"product_tag-kassi-painatus","9":"product_tag-ostoskassi","10":"product_tag-painatus","11":"product_shipping_class-postipaketti","13":"first","14":"instock","15":"taxable","16":"shipping-taxable","17":"purchasable","18":"product-type-simple"},"acf":[],"aioseo_notices":[],"_links":{"self":[{"href":"https:\/\/www.roly24.com\/index.php\/wp-json\/wp\/v2\/product\/19758","targetHints":{"allow":["GET"]}}],"collection":[{"href":"https:\/\/www.roly24.com\/index.php\/wp-json\/wp\/v2\/product"}],"about":[{"href":"https:\/\/www.roly24.com\/index.php\/wp-json\/wp\/v2\/types\/product"}],"version-history":[{"count":1,"href":"https:\/\/www.roly24.com\/index.php\/wp-json\/wp\/v2\/product\/19758\/revisions"}],"predecessor-version":[{"id":21432,"href":"https:\/\/www.roly24.com\/index.php\/wp-json\/wp\/v2\/product\/19758\/revisions\/21432"}],"wp:featuredmedia":[{"embeddable":true,"href":"https:\/\/www.roly24.com\/index.php\/wp-json\/wp\/v2\/media\/19759"}],"wp:attachment":[{"href":"https:\/\/www.roly24.com\/index.php\/wp-json\/wp\/v2\/media?parent=19758"}],"wp:term":[{"taxonomy":"product_brand","embeddable":true,"href":"https:\/\/www.roly24.com\/index.php\/wp-json\/wp\/v2\/product_brand?post=19758"},{"taxonomy":"product_cat","embeddable":true,"href":"https:\/\/www.roly24.com\/index.php\/wp-json\/wp\/v2\/product_cat?post=19758"},{"taxonomy":"product_tag","embeddable":true,"href":"https:\/\/www.roly24.com\/index.php\/wp-json\/wp\/v2\/product_tag?post=19758"}],"curies":[{"name":"wp","href":"https:\/\/api.w.org\/{rel}","templated":true}]}}