{"id":19751,"date":"2025-08-27T09:10:10","date_gmt":"2025-08-27T07:10:10","guid":{"rendered":"https:\/\/www.roly24.com\/?post_type=product&#038;p=19751"},"modified":"2026-04-19T18:16:30","modified_gmt":"2026-04-19T16:16:30","slug":"kassi-greta-kappalehinta-alkaen","status":"publish","type":"product","link":"https:\/\/www.roly24.com\/index.php\/tuote\/kassi-greta-kappalehinta-alkaen\/","title":{"rendered":"Luomupuuvillakassi GRETA &#8211; painatuksella tai ilman"},"content":{"rendered":"<p><strong>Tuotenumero 301407<\/strong><\/p>\n<div class=\"flex flex-col text-sm pb-25\">\n<section class=\"text-token-text-primary w-full focus:outline-none [--shadow-height:45px] has-data-writing-block:pointer-events-none has-data-writing-block:-mt-(--shadow-height) has-data-writing-block:pt-(--shadow-height) [&amp;:has([data-writing-block])&gt;*]:pointer-events-auto scroll-mt-[calc(var(--header-height)+min(200px,max(70px,20svh)))]\" dir=\"auto\" data-turn-id=\"request-69dfb62b-f108-8392-bbc9-c9f436d44a4c-26\" data-testid=\"conversation-turn-16\" data-scroll-anchor=\"true\" data-turn=\"assistant\">\n<div class=\"text-base my-auto mx-auto pb-10 [--thread-content-margin:var(--thread-content-margin-xs,calc(var(--spacing)*4))] @w-sm\/main:[--thread-content-margin:var(--thread-content-margin-sm,calc(var(--spacing)*6))] @w-lg\/main:[--thread-content-margin:var(--thread-content-margin-lg,calc(var(--spacing)*16))] px-(--thread-content-margin)\">\n<div class=\"[--thread-content-max-width:40rem] @w-lg\/main:[--thread-content-max-width:48rem] mx-auto max-w-(--thread-content-max-width) flex-1 group\/turn-messages focus-visible:outline-hidden relative flex w-full min-w-0 flex-col agent-turn\">\n<div class=\"flex max-w-full flex-col gap-4 grow\">\n<div class=\"min-h-8 text-message relative flex w-full flex-col items-end gap-2 text-start break-words whitespace-normal outline-none keyboard-focused:focus-ring [.text-message+&amp;]:mt-1\" dir=\"auto\" tabindex=\"0\" data-message-author-role=\"assistant\" data-message-id=\"13639010-659e-4925-acd1-054a4ed7b28c\" data-message-model-slug=\"gpt-5-3\" data-turn-start-message=\"true\">\n<div class=\"flex w-full flex-col gap-1 empty:hidden\">\n<div class=\"markdown prose dark:prose-invert w-full wrap-break-word light markdown-new-styling\">\n<h4 data-start=\"0\" data-end=\"74\"><strong>Greta kangaskassi painatuksella tai ilman \u2013 luomupuuvillakassi 300 g\/m\u00b2<\/strong><\/h4>\n<p data-start=\"76\" data-end=\"343\"><strong data-start=\"76\" data-end=\"97\">Greta kangaskassi<\/strong> on kest\u00e4v\u00e4 ja laadukas <strong data-start=\"121\" data-end=\"171\">100 % luomupuuvillasta valmistettu kangaskassi<\/strong>, joka sopii erinomaisesti <strong data-start=\"198\" data-end=\"252\">yrityksille, tapahtumiin ja p\u00e4ivitt\u00e4iseen k\u00e4ytt\u00f6\u00f6n<\/strong>. Se toimii loistavasti <strong data-start=\"276\" data-end=\"342\">kangaskassina logolla, promootiotuotteena sek\u00e4 j\u00e4lleenmyyntiin<\/strong>.<\/p>\n<p data-start=\"345\" data-end=\"587\">Kassin koko <strong data-start=\"357\" data-end=\"371\">40 x 40 cm<\/strong> tarjoaa hyv\u00e4n tilavuuden ostoksille ja tuotteille. <strong data-start=\"423\" data-end=\"446\">70 cm pitk\u00e4t kahvat<\/strong> tekev\u00e4t kassista mukavan kantaa olalla. Paksu <strong data-start=\"493\" data-end=\"516\">300 g\/m\u00b2 materiaali<\/strong> tekee kassista j\u00e4m\u00e4k\u00e4n ja pitk\u00e4ik\u00e4isen vaihtoehdon jatkuvaan k\u00e4ytt\u00f6\u00f6n.<\/p>\n<p data-start=\"589\" data-end=\"885\"><strong data-start=\"589\" data-end=\"660\">Greta kangaskassi on saatavilla painatuksella tai ilman painatusta.<\/strong><br data-start=\"660\" data-end=\"663\" \/>Painettu kangaskassi toimii tehokkaana <strong data-start=\"702\" data-end=\"727\">markkinointiv\u00e4lineen\u00e4<\/strong> ja lis\u00e4\u00e4 br\u00e4ndin n\u00e4kyvyytt\u00e4. Ilman painatusta se sopii hyvin <strong data-start=\"789\" data-end=\"825\">j\u00e4lleenmyyntiin ja yleisk\u00e4ytt\u00f6\u00f6n<\/strong>.<br data-start=\"826\" data-end=\"829\" \/><strong data-start=\"829\" data-end=\"845\">DTF-painatus<\/strong> takaa tarkan ja kest\u00e4v\u00e4n lopputuloksen.<\/p>\n<h3 data-start=\"887\" data-end=\"903\">Ominaisuudet<\/h3>\n<p data-start=\"905\" data-end=\"1110\">Materiaali: 100 % luomupuuvilla<br data-start=\"936\" data-end=\"939\" \/>Paino: 300 g\/m\u00b2<br data-start=\"954\" data-end=\"957\" \/>Mitat: 40 x 40 cm<br data-start=\"974\" data-end=\"977\" \/>Kahvat: 70 cm pitk\u00e4t kahvat<br data-start=\"1004\" data-end=\"1007\" \/>Painatus: DTF-painatus<br data-start=\"1029\" data-end=\"1032\" \/>Saatavilla: painatuksella tai ilman painatusta<br data-start=\"1078\" data-end=\"1081\" \/>Toimitusaika: noin 1 viikko<\/p>\n<h3 data-start=\"1112\" data-end=\"1146\">Miksi valita Greta kangaskassi<\/h3>\n<p data-start=\"1148\" data-end=\"1363\">Kest\u00e4v\u00e4 kangaskassi paksusta luomupuuvillasta<br data-start=\"1193\" data-end=\"1196\" \/>Sopii <strong data-start=\"1202\" data-end=\"1249\">kangaskassiksi logolla tai ilman painatusta<\/strong><br data-start=\"1249\" data-end=\"1252\" \/>Erinomainen valinta <strong data-start=\"1272\" data-end=\"1312\">yrityksille, tapahtumiin ja myyntiin<\/strong><br data-start=\"1312\" data-end=\"1315\" \/>Pitk\u00e4ik\u00e4inen ja j\u00e4m\u00e4kk\u00e4 p\u00e4ivitt\u00e4iseen k\u00e4ytt\u00f6\u00f6n<\/p>\n<h3 data-start=\"1365\" data-end=\"1382\">K\u00e4ytt\u00f6kohteet<\/h3>\n<p data-start=\"1384\" data-end=\"1524\">Kangaskassi painatuksella yrityksille<br data-start=\"1421\" data-end=\"1424\" \/>Kangaskassi logolla messuille ja tapahtumiin<br data-start=\"1468\" data-end=\"1471\" \/>Kangaskassi j\u00e4lleenmyyntiin<br data-start=\"1498\" data-end=\"1501\" \/>Ekologinen ostoskassi<\/p>\n<h3 data-start=\"1526\" data-end=\"1554\">Usein kysytyt kysymykset<\/h3>\n<p data-start=\"1556\" data-end=\"1654\"><strong data-start=\"1556\" data-end=\"1597\">Onko Greta kangaskassi luomupuuvillaa<\/strong><br data-start=\"1597\" data-end=\"1600\" \/>Kyll\u00e4, kassi on valmistettu <strong data-start=\"1628\" data-end=\"1654\">100 % luomupuuvillasta<\/strong><\/p>\n<p data-start=\"1656\" data-end=\"1792\"><strong data-start=\"1656\" data-end=\"1694\">Voiko kassiin painattaa oman logon<\/strong><br data-start=\"1694\" data-end=\"1697\" \/>Kyll\u00e4, kangaskassi on saatavilla painatuksella ja <strong data-start=\"1747\" data-end=\"1763\">DTF-painatus<\/strong> takaa kest\u00e4v\u00e4n lopputuloksen<\/p>\n<p data-start=\"1794\" data-end=\"1897\"><strong data-start=\"1794\" data-end=\"1834\">Voiko kassin tilata ilman painatusta<\/strong><br data-start=\"1834\" data-end=\"1837\" \/>Kyll\u00e4, Greta kangaskassi on saatavilla my\u00f6s ilman painatusta<\/p>\n<p data-start=\"1899\" data-end=\"1955\" data-is-last-node=\"\" data-is-only-node=\"\"><strong data-start=\"1899\" data-end=\"1923\">Mik\u00e4 on toimitusaika<\/strong><br data-start=\"1923\" data-end=\"1926\" \/>Toimitusaika on noin 1 viikko<\/p>\n<\/div>\n<\/div>\n<\/div>\n<\/div>\n<\/div>\n<\/div>\n<\/section>\n<\/div>\n","protected":false},"excerpt":{"rendered":"<p>Tuotenumero 301407 Greta kangaskassi painatuksella tai ilman \u2013 luomupuuvillakassi 300 g\/m\u00b2 Greta kangaskassi on kest\u00e4v\u00e4 ja laadukas 100 % luomupuuvillasta valmistettu kangaskassi, joka sopii erinomaisesti yrityksille, tapahtumiin ja p\u00e4ivitt\u00e4iseen k\u00e4ytt\u00f6\u00f6n. Se toimii loistavasti kangaskassina logolla, promootiotuotteena sek\u00e4 j\u00e4lleenmyyntiin. Kassin koko 40 x 40 cm tarjoaa hyv\u00e4n tilavuuden ostoksille ja tuotteille. 70 cm pitk\u00e4t kahvat tekev\u00e4t [&hellip;]<\/p>\n","protected":false},"featured_media":19754,"template":"","meta":{"_acf_changed":false,"om_disable_all_campaigns":false,"_monsterinsights_skip_tracking":false,"_monsterinsights_sitenote_active":false,"_monsterinsights_sitenote_note":"","_monsterinsights_sitenote_category":0},"product_brand":[],"product_cat":[363],"product_tag":[381,628,405,298],"class_list":{"0":"post-19751","1":"product","2":"type-product","3":"status-publish","4":"has-post-thumbnail","6":"product_cat-kassit","7":"product_tag-kassi","8":"product_tag-kassi-painatus","9":"product_tag-ostoskassi","10":"product_tag-painatus","11":"product_shipping_class-postipaketti","13":"first","14":"instock","15":"taxable","16":"shipping-taxable","17":"purchasable","18":"product-type-simple"},"acf":[],"aioseo_notices":[],"_links":{"self":[{"href":"https:\/\/www.roly24.com\/index.php\/wp-json\/wp\/v2\/product\/19751","targetHints":{"allow":["GET"]}}],"collection":[{"href":"https:\/\/www.roly24.com\/index.php\/wp-json\/wp\/v2\/product"}],"about":[{"href":"https:\/\/www.roly24.com\/index.php\/wp-json\/wp\/v2\/types\/product"}],"version-history":[{"count":4,"href":"https:\/\/www.roly24.com\/index.php\/wp-json\/wp\/v2\/product\/19751\/revisions"}],"predecessor-version":[{"id":22329,"href":"https:\/\/www.roly24.com\/index.php\/wp-json\/wp\/v2\/product\/19751\/revisions\/22329"}],"wp:featuredmedia":[{"embeddable":true,"href":"https:\/\/www.roly24.com\/index.php\/wp-json\/wp\/v2\/media\/19754"}],"wp:attachment":[{"href":"https:\/\/www.roly24.com\/index.php\/wp-json\/wp\/v2\/media?parent=19751"}],"wp:term":[{"taxonomy":"product_brand","embeddable":true,"href":"https:\/\/www.roly24.com\/index.php\/wp-json\/wp\/v2\/product_brand?post=19751"},{"taxonomy":"product_cat","embeddable":true,"href":"https:\/\/www.roly24.com\/index.php\/wp-json\/wp\/v2\/product_cat?post=19751"},{"taxonomy":"product_tag","embeddable":true,"href":"https:\/\/www.roly24.com\/index.php\/wp-json\/wp\/v2\/product_tag?post=19751"}],"curies":[{"name":"wp","href":"https:\/\/api.w.org\/{rel}","templated":true}]}}