{"id":18860,"date":"2025-05-15T13:06:58","date_gmt":"2025-05-15T11:06:58","guid":{"rendered":"https:\/\/www.roly24.com\/?post_type=product&#038;p=18860"},"modified":"2026-03-26T15:42:26","modified_gmt":"2026-03-26T13:42:26","slug":"tarjous-muki-mango-350ml","status":"publish","type":"product","link":"https:\/\/www.roly24.com\/index.php\/tuote\/tarjous-muki-mango-350ml\/","title":{"rendered":"Painettava Muki Mango"},"content":{"rendered":"<p><strong>Tuotenumero 530106<\/strong><\/p>\n<h3 data-start=\"0\" data-end=\"86\"><strong data-start=\"0\" data-end=\"86\">Muki Mango \u2013 keraaminen muki v\u00e4rillisell\u00e4 sis\u00e4pinnalla ja kahvalla 350 ml | Roly24<\/strong><\/h3>\n<p data-start=\"88\" data-end=\"293\">Mango on <strong data-start=\"97\" data-end=\"123\">350 ml keraaminen muki<\/strong>, jossa <strong data-start=\"131\" data-end=\"169\">sis\u00e4puoli ja kahva ovat v\u00e4rilliset<\/strong>. Tyylik\u00e4s kaksiv\u00e4rinen muotoilu tekee mukista erinomaisen <strong data-start=\"228\" data-end=\"292\">valokuvamukiksi, lahjaksi, yritysmukiksi ja mainostuotteeksi<\/strong>.<\/p>\n<p data-start=\"295\" data-end=\"528\">Muki painetaan <strong data-start=\"310\" data-end=\"362\">asiakkaan valmiista painokelpoisesta aineistosta<\/strong>, joten siihen voidaan lis\u00e4t\u00e4 <strong data-start=\"392\" data-end=\"426\">valokuva, teksti tai grafiikka<\/strong>. Personoitu muki sopii hyvin esimerkiksi <strong data-start=\"468\" data-end=\"527\">lahjaksi, yrityksen logomukiksi tai tapahtumatuotteeksi<\/strong>.<\/p>\n<h2 data-section-id=\"14dkvgu\" data-start=\"530\" data-end=\"545\">Ominaisuudet<\/h2>\n<p data-start=\"547\" data-end=\"754\">\u2022 Tilavuus 350 ml<br data-start=\"564\" data-end=\"567\" \/>\u2022 Keraaminen muki v\u00e4rillisell\u00e4 sis\u00e4pinnalla ja kahvalla<br data-start=\"622\" data-end=\"625\" \/>\u2022 Soveltuu valokuville, teksteille ja grafiikalle<br data-start=\"674\" data-end=\"677\" \/>\u2022 Tyylik\u00e4s kaksiv\u00e4rinen design<br data-start=\"707\" data-end=\"710\" \/>\u2022 Painatus asiakkaan valmiista aineistosta<\/p>\n<h2 data-section-id=\"1yf6ifa\" data-start=\"756\" data-end=\"769\">Materiaali<\/h2>\n<p data-start=\"771\" data-end=\"799\"><strong data-start=\"771\" data-end=\"786\">Materiaali:<\/strong> Keramiikka<\/p>\n<p data-start=\"801\" data-end=\"823\"><strong data-start=\"801\" data-end=\"814\">Tilavuus:<\/strong> 350 ml<\/p>\n<p data-start=\"825\" data-end=\"962\">Keraaminen muki on <strong data-start=\"844\" data-end=\"871\">kest\u00e4v\u00e4 ja pitk\u00e4ik\u00e4inen<\/strong>, mik\u00e4 tekee siit\u00e4 erinomaisen p\u00e4ivitt\u00e4iseen k\u00e4ytt\u00f6\u00f6n sek\u00e4 personoituihin lahjatuotteisiin.<\/p>\n<h2 data-section-id=\"xg9dvk\" data-start=\"964\" data-end=\"972\">Mitat<\/h2>\n<p data-start=\"974\" data-end=\"1020\"><strong data-start=\"974\" data-end=\"986\">Korkeus:<\/strong> 9,6 cm<br data-start=\"993\" data-end=\"996\" \/><strong data-start=\"996\" data-end=\"1011\">Halkaisija:<\/strong> 8,2 cm<\/p>\n<p data-start=\"1022\" data-end=\"1057\"><strong data-start=\"1022\" data-end=\"1042\">Max. painopinta:<\/strong> 200 mm \u00d7 80 mm<\/p>\n<h2 data-section-id=\"1uvhpd5\" data-start=\"1059\" data-end=\"1076\">Painotekniikka<\/h2>\n<p data-start=\"1078\" data-end=\"1109\"><strong data-start=\"1078\" data-end=\"1097\">Painotekniikka:<\/strong> Sublimaatio<\/p>\n<h2 data-section-id=\"wipf49\" data-start=\"1111\" data-end=\"1127\">K\u00e4ytt\u00f6kohteet<\/h2>\n<p data-start=\"1129\" data-end=\"1240\">\u2022 valokuvamuki lahjaksi<br data-start=\"1152\" data-end=\"1155\" \/>\u2022 yrityksen logomuki<br data-start=\"1175\" data-end=\"1178\" \/>\u2022 mainos- ja kampanjatuotteet<br data-start=\"1207\" data-end=\"1210\" \/>\u2022 tapahtumat ja yrityslahjat<\/p>\n<h2 data-section-id=\"m4e5ur\" data-start=\"1242\" data-end=\"1257\">Toimitusaika<\/h2>\n<p data-start=\"1259\" data-end=\"1349\">Arvioitu toimitusaika <strong data-start=\"1281\" data-end=\"1298\">noin 1 viikko<\/strong>.<br data-start=\"1299\" data-end=\"1302\" \/>Toimitusaika voi vaihdella tilausm\u00e4\u00e4r\u00e4n mukaan.<\/p>\n<h2 data-section-id=\"13657ig\" data-start=\"1351\" data-end=\"1375\">Aineiston teko-ohjeet<\/h2>\n<h3 data-section-id=\"nxshra\" data-start=\"1377\" data-end=\"1396\">Valokuva mukiin<\/h3>\n<p data-start=\"1398\" data-end=\"1633\">\u2022 Valitse alkuper\u00e4inen kuva ja rajaa se valmiiksi haluttuun muotoon<br data-start=\"1465\" data-end=\"1468\" \/>\u2022 Toimita kuva <strong data-start=\"1483\" data-end=\"1508\">JPG- tai PDF-muodossa<\/strong><br data-start=\"1508\" data-end=\"1511\" \/>\u2022 Kuva tulee yhdelle puolelle mukia \u2013 valitse mukin <strong data-start=\"1563\" data-end=\"1575\">k\u00e4tisyys<\/strong>, jotta kuva tulee oikealle puolelle juojasta katsottuna<\/p>\n<h3 data-section-id=\"16reqfn\" data-start=\"1635\" data-end=\"1672\">Yleisohje aineiston valmistukseen<\/h3>\n<p data-start=\"1674\" data-end=\"1887\">\u2022 Mukissa voi k\u00e4ytt\u00e4\u00e4 <strong data-start=\"1696\" data-end=\"1736\">useita kuvia, teksti\u00e4 tai grafiikkaa<\/strong><br data-start=\"1736\" data-end=\"1739\" \/>\u2022 Valmista aineisto <strong data-start=\"1759\" data-end=\"1802\">max. painoalan (200 \u00d7 80 mm) kokoiseksi<\/strong><br data-start=\"1802\" data-end=\"1805\" \/>\u2022 Tallenna aineisto <strong data-start=\"1825\" data-end=\"1841\">PDF-muodossa<\/strong><br data-start=\"1841\" data-end=\"1844\" \/>\u2022 \u00c4l\u00e4 lis\u00e4\u00e4 <strong data-start=\"1856\" data-end=\"1887\">leikkausmerkkej\u00e4 tai varoja<\/strong><\/p>\n<p data-start=\"1889\" data-end=\"2063\">Aineistot suositellaan valmistettavaksi <strong data-start=\"1929\" data-end=\"1991\">graafisilla ohjelmilla kuten Adobe-ohjelmilla tai Canvalla<\/strong>.<br data-start=\"1992\" data-end=\"1995\" \/>Word-ohjelmalla tehty\u00e4 aineistoa <strong data-start=\"2028\" data-end=\"2062\">ei suositella painotuotteisiin<\/strong>.<\/p>\n<h2 data-section-id=\"1hryhf7\" data-start=\"2065\" data-end=\"2071\">FAQ<\/h2>\n<p data-start=\"2073\" data-end=\"2201\"><strong data-start=\"2073\" data-end=\"2107\">Voiko mukiin painaa valokuvan?<\/strong><br data-start=\"2107\" data-end=\"2110\" \/>Kyll\u00e4. Mango muki sopii erinomaisesti <strong data-start=\"2148\" data-end=\"2200\">valokuvien, tekstien ja grafiikoiden painamiseen<\/strong>.<\/p>\n<p data-start=\"2203\" data-end=\"2293\"><strong data-start=\"2203\" data-end=\"2241\">Kuinka suuri painoalue mukissa on?<\/strong><br data-start=\"2241\" data-end=\"2244\" \/>Mukissa maksimi painopinta on <strong data-start=\"2274\" data-end=\"2292\">200 mm \u00d7 80 mm<\/strong>.<\/p>\n<p data-start=\"2295\" data-end=\"2386\"><strong data-start=\"2295\" data-end=\"2339\">Miss\u00e4 muodossa aineisto tulee toimittaa?<\/strong><br data-start=\"2339\" data-end=\"2342\" \/>Suositeltu tiedostomuoto on <strong data-start=\"2370\" data-end=\"2385\">JPG tai PDF<\/strong>.<\/p>\n<p data-start=\"2388\" data-end=\"2563\" data-is-last-node=\"\" data-is-only-node=\"\"><strong data-start=\"2388\" data-end=\"2427\">Voiko mukiin painaa useamman kuvan?<\/strong><br data-start=\"2427\" data-end=\"2430\" \/>Kyll\u00e4. Mukin painoalueelle voidaan sijoittaa <strong data-start=\"2475\" data-end=\"2515\">useita kuvia, teksti\u00e4 tai grafiikkaa<\/strong>, kun aineisto toimitetaan valmiina painokokoon.<\/p>\n","protected":false},"excerpt":{"rendered":"<p>Tuotenumero 530106 Muki Mango \u2013 keraaminen muki v\u00e4rillisell\u00e4 sis\u00e4pinnalla ja kahvalla 350 ml | Roly24 Mango on 350 ml keraaminen muki, jossa sis\u00e4puoli ja kahva ovat v\u00e4rilliset. Tyylik\u00e4s kaksiv\u00e4rinen muotoilu tekee mukista erinomaisen valokuvamukiksi, lahjaksi, yritysmukiksi ja mainostuotteeksi. Muki painetaan asiakkaan valmiista painokelpoisesta aineistosta, joten siihen voidaan lis\u00e4t\u00e4 valokuva, teksti tai grafiikka. Personoitu muki sopii [&hellip;]<\/p>\n","protected":false},"featured_media":18059,"template":"","meta":{"_acf_changed":false,"om_disable_all_campaigns":false,"_monsterinsights_skip_tracking":false,"_monsterinsights_sitenote_active":false,"_monsterinsights_sitenote_note":"","_monsterinsights_sitenote_category":0},"product_brand":[],"product_cat":[530,646],"product_tag":[538,531,532,540],"class_list":{"0":"post-18860","1":"product","2":"type-product","3":"status-publish","4":"has-post-thumbnail","6":"product_cat-mukit","7":"product_cat-tarjoukset","8":"product_tag-keraaminen","9":"product_tag-keraaminen-muki","10":"product_tag-sublimaatio","11":"product_tag-sublimaatiomuki","12":"product_shipping_class-postipaketti","14":"first","15":"instock","16":"taxable","17":"shipping-taxable","18":"purchasable","19":"product-type-simple"},"acf":[],"aioseo_notices":[],"_links":{"self":[{"href":"https:\/\/www.roly24.com\/index.php\/wp-json\/wp\/v2\/product\/18860","targetHints":{"allow":["GET"]}}],"collection":[{"href":"https:\/\/www.roly24.com\/index.php\/wp-json\/wp\/v2\/product"}],"about":[{"href":"https:\/\/www.roly24.com\/index.php\/wp-json\/wp\/v2\/types\/product"}],"version-history":[{"count":3,"href":"https:\/\/www.roly24.com\/index.php\/wp-json\/wp\/v2\/product\/18860\/revisions"}],"predecessor-version":[{"id":21782,"href":"https:\/\/www.roly24.com\/index.php\/wp-json\/wp\/v2\/product\/18860\/revisions\/21782"}],"wp:featuredmedia":[{"embeddable":true,"href":"https:\/\/www.roly24.com\/index.php\/wp-json\/wp\/v2\/media\/18059"}],"wp:attachment":[{"href":"https:\/\/www.roly24.com\/index.php\/wp-json\/wp\/v2\/media?parent=18860"}],"wp:term":[{"taxonomy":"product_brand","embeddable":true,"href":"https:\/\/www.roly24.com\/index.php\/wp-json\/wp\/v2\/product_brand?post=18860"},{"taxonomy":"product_cat","embeddable":true,"href":"https:\/\/www.roly24.com\/index.php\/wp-json\/wp\/v2\/product_cat?post=18860"},{"taxonomy":"product_tag","embeddable":true,"href":"https:\/\/www.roly24.com\/index.php\/wp-json\/wp\/v2\/product_tag?post=18860"}],"curies":[{"name":"wp","href":"https:\/\/api.w.org\/{rel}","templated":true}]}}