{"id":18405,"date":"2025-04-11T11:33:03","date_gmt":"2025-04-11T09:33:03","guid":{"rendered":"https:\/\/www.roly24.com\/?post_type=product&#038;p=18405"},"modified":"2026-03-19T11:35:19","modified_gmt":"2026-03-19T09:35:19","slug":"hiirimatto-silvano","status":"publish","type":"product","link":"https:\/\/www.roly24.com\/index.php\/tuote\/hiirimatto-silvano\/","title":{"rendered":"Hiirimatto Silvano"},"content":{"rendered":"<p><strong>Tuotenumero 510403<\/strong><\/p>\n<p>Pehme\u00e4st\u00e4 polyesterista valmistettu hiirimatto, jossa pehmustettu rannetuki.<br \/>\nLiukumaton kumipohja.<br \/>\nT\u00e4m\u00e4n maton muotoilun ansiosta voit lev\u00e4t\u00e4 ranteitasi ty\u00f6skennelless\u00e4si.<\/p>\n<p><strong>Mitat:<br \/>\n<\/strong>20,5cm\/24,3cm\/2cm<\/p>\n<p><strong>Materiaali:<\/strong><br \/>\nPehme\u00e4 polyesteri ja kumipohja.<\/p>\n","protected":false},"excerpt":{"rendered":"<p>Tuotenumero 510403 Pehme\u00e4st\u00e4 polyesterista valmistettu hiirimatto, jossa pehmustettu rannetuki. Liukumaton kumipohja. T\u00e4m\u00e4n maton muotoilun ansiosta voit lev\u00e4t\u00e4 ranteitasi ty\u00f6skennelless\u00e4si. Mitat: 20,5cm\/24,3cm\/2cm Materiaali: Pehme\u00e4 polyesteri ja kumipohja.<\/p>\n","protected":false},"featured_media":18406,"template":"","meta":{"_acf_changed":false,"om_disable_all_campaigns":false,"_monsterinsights_skip_tracking":false,"_monsterinsights_sitenote_active":false,"_monsterinsights_sitenote_note":"","_monsterinsights_sitenote_category":0},"product_brand":[],"product_cat":[642],"product_tag":[],"class_list":{"0":"post-18405","1":"product","2":"type-product","3":"status-publish","4":"has-post-thumbnail","6":"product_cat-hiirimatot","7":"product_shipping_class-postipaketti","9":"first","10":"instock","11":"taxable","12":"shipping-taxable","13":"purchasable","14":"product-type-simple"},"acf":[],"aioseo_notices":[],"_links":{"self":[{"href":"https:\/\/www.roly24.com\/index.php\/wp-json\/wp\/v2\/product\/18405","targetHints":{"allow":["GET"]}}],"collection":[{"href":"https:\/\/www.roly24.com\/index.php\/wp-json\/wp\/v2\/product"}],"about":[{"href":"https:\/\/www.roly24.com\/index.php\/wp-json\/wp\/v2\/types\/product"}],"version-history":[{"count":1,"href":"https:\/\/www.roly24.com\/index.php\/wp-json\/wp\/v2\/product\/18405\/revisions"}],"predecessor-version":[{"id":21417,"href":"https:\/\/www.roly24.com\/index.php\/wp-json\/wp\/v2\/product\/18405\/revisions\/21417"}],"wp:featuredmedia":[{"embeddable":true,"href":"https:\/\/www.roly24.com\/index.php\/wp-json\/wp\/v2\/media\/18406"}],"wp:attachment":[{"href":"https:\/\/www.roly24.com\/index.php\/wp-json\/wp\/v2\/media?parent=18405"}],"wp:term":[{"taxonomy":"product_brand","embeddable":true,"href":"https:\/\/www.roly24.com\/index.php\/wp-json\/wp\/v2\/product_brand?post=18405"},{"taxonomy":"product_cat","embeddable":true,"href":"https:\/\/www.roly24.com\/index.php\/wp-json\/wp\/v2\/product_cat?post=18405"},{"taxonomy":"product_tag","embeddable":true,"href":"https:\/\/www.roly24.com\/index.php\/wp-json\/wp\/v2\/product_tag?post=18405"}],"curies":[{"name":"wp","href":"https:\/\/api.w.org\/{rel}","templated":true}]}}