{"id":18398,"date":"2025-04-11T11:27:45","date_gmt":"2025-04-11T09:27:45","guid":{"rendered":"https:\/\/www.roly24.com\/?post_type=product&#038;p=18398"},"modified":"2026-03-19T11:36:12","modified_gmt":"2026-03-19T09:36:12","slug":"hiirimatto-yuba","status":"publish","type":"product","link":"https:\/\/www.roly24.com\/index.php\/tuote\/hiirimatto-yuba\/","title":{"rendered":"Hiirimatto Yuba"},"content":{"rendered":"<p><strong>Tuotenumero 510402<\/strong><\/p>\n<p>Py\u00f6re\u00e4 hiirimatto, jossa pehme\u00e4 polyesteripinta ja liukumaton pohja.<\/p>\n<p><strong>Mitat:<br \/>\n<\/strong>20\u00d8<\/p>\n<p><strong>Materiaali:<\/strong><br \/>\nPolyesteripinta<\/p>\n","protected":false},"excerpt":{"rendered":"<p>Tuotenumero 510402 Py\u00f6re\u00e4 hiirimatto, jossa pehme\u00e4 polyesteripinta ja liukumaton pohja. Mitat: 20\u00d8 Materiaali: Polyesteripinta<\/p>\n","protected":false},"featured_media":18399,"template":"","meta":{"_acf_changed":false,"om_disable_all_campaigns":false,"_monsterinsights_skip_tracking":false,"_monsterinsights_sitenote_active":false,"_monsterinsights_sitenote_note":"","_monsterinsights_sitenote_category":0},"product_brand":[],"product_cat":[642],"product_tag":[],"class_list":{"0":"post-18398","1":"product","2":"type-product","3":"status-publish","4":"has-post-thumbnail","6":"product_cat-hiirimatot","7":"product_shipping_class-postipaketti","9":"first","10":"instock","11":"taxable","12":"shipping-taxable","13":"purchasable","14":"product-type-simple"},"acf":[],"aioseo_notices":[],"_links":{"self":[{"href":"https:\/\/www.roly24.com\/index.php\/wp-json\/wp\/v2\/product\/18398","targetHints":{"allow":["GET"]}}],"collection":[{"href":"https:\/\/www.roly24.com\/index.php\/wp-json\/wp\/v2\/product"}],"about":[{"href":"https:\/\/www.roly24.com\/index.php\/wp-json\/wp\/v2\/types\/product"}],"version-history":[{"count":1,"href":"https:\/\/www.roly24.com\/index.php\/wp-json\/wp\/v2\/product\/18398\/revisions"}],"predecessor-version":[{"id":21419,"href":"https:\/\/www.roly24.com\/index.php\/wp-json\/wp\/v2\/product\/18398\/revisions\/21419"}],"wp:featuredmedia":[{"embeddable":true,"href":"https:\/\/www.roly24.com\/index.php\/wp-json\/wp\/v2\/media\/18399"}],"wp:attachment":[{"href":"https:\/\/www.roly24.com\/index.php\/wp-json\/wp\/v2\/media?parent=18398"}],"wp:term":[{"taxonomy":"product_brand","embeddable":true,"href":"https:\/\/www.roly24.com\/index.php\/wp-json\/wp\/v2\/product_brand?post=18398"},{"taxonomy":"product_cat","embeddable":true,"href":"https:\/\/www.roly24.com\/index.php\/wp-json\/wp\/v2\/product_cat?post=18398"},{"taxonomy":"product_tag","embeddable":true,"href":"https:\/\/www.roly24.com\/index.php\/wp-json\/wp\/v2\/product_tag?post=18398"}],"curies":[{"name":"wp","href":"https:\/\/api.w.org\/{rel}","templated":true}]}}