{"id":18322,"date":"2025-04-10T09:04:51","date_gmt":"2025-04-10T07:04:51","guid":{"rendered":"https:\/\/www.roly24.com\/?post_type=product&#038;p=18322"},"modified":"2026-03-13T14:14:34","modified_gmt":"2026-03-13T12:14:34","slug":"lippis-barny","status":"publish","type":"product","link":"https:\/\/www.roly24.com\/index.php\/tuote\/lippis-barny\/","title":{"rendered":"Lippis Barny"},"content":{"rendered":"<p><strong>Tuotenumero 510305<\/strong><\/p>\n<p>5-paneelinen polyesterihattu, jossa pehmustettu etupaneeli valkoinen.<br \/>\nVerkkoselk\u00e4osa ja s\u00e4\u00e4dett\u00e4v\u00e4 kiinnitys.<\/p>\n<p><strong>Koko:<br \/>\n<\/strong>57-59 cm<\/p>\n<p><strong>Materiaali:<\/strong><br \/>\npolyesteri, 140 gsm.<\/p>\n","protected":false},"excerpt":{"rendered":"<p>Tuotenumero 510305 5-paneelinen polyesterihattu, jossa pehmustettu etupaneeli valkoinen. Verkkoselk\u00e4osa ja s\u00e4\u00e4dett\u00e4v\u00e4 kiinnitys. Koko: 57-59 cm Materiaali: polyesteri, 140 gsm.<\/p>\n","protected":false},"featured_media":18323,"template":"","meta":{"_acf_changed":false,"om_disable_all_campaigns":false,"_monsterinsights_skip_tracking":false,"_monsterinsights_sitenote_active":false,"_monsterinsights_sitenote_note":"","_monsterinsights_sitenote_category":0},"product_brand":[],"product_cat":[358],"product_tag":[],"class_list":{"0":"post-18322","1":"product","2":"type-product","3":"status-publish","4":"has-post-thumbnail","6":"product_cat-paahineet","7":"product_shipping_class-postipaketti","9":"first","10":"instock","11":"taxable","12":"shipping-taxable","13":"purchasable","14":"product-type-simple"},"acf":[],"aioseo_notices":[],"_links":{"self":[{"href":"https:\/\/www.roly24.com\/index.php\/wp-json\/wp\/v2\/product\/18322","targetHints":{"allow":["GET"]}}],"collection":[{"href":"https:\/\/www.roly24.com\/index.php\/wp-json\/wp\/v2\/product"}],"about":[{"href":"https:\/\/www.roly24.com\/index.php\/wp-json\/wp\/v2\/types\/product"}],"version-history":[{"count":1,"href":"https:\/\/www.roly24.com\/index.php\/wp-json\/wp\/v2\/product\/18322\/revisions"}],"predecessor-version":[{"id":21403,"href":"https:\/\/www.roly24.com\/index.php\/wp-json\/wp\/v2\/product\/18322\/revisions\/21403"}],"wp:featuredmedia":[{"embeddable":true,"href":"https:\/\/www.roly24.com\/index.php\/wp-json\/wp\/v2\/media\/18323"}],"wp:attachment":[{"href":"https:\/\/www.roly24.com\/index.php\/wp-json\/wp\/v2\/media?parent=18322"}],"wp:term":[{"taxonomy":"product_brand","embeddable":true,"href":"https:\/\/www.roly24.com\/index.php\/wp-json\/wp\/v2\/product_brand?post=18322"},{"taxonomy":"product_cat","embeddable":true,"href":"https:\/\/www.roly24.com\/index.php\/wp-json\/wp\/v2\/product_cat?post=18322"},{"taxonomy":"product_tag","embeddable":true,"href":"https:\/\/www.roly24.com\/index.php\/wp-json\/wp\/v2\/product_tag?post=18322"}],"curies":[{"name":"wp","href":"https:\/\/api.w.org\/{rel}","templated":true}]}}