{"id":18293,"date":"2025-04-10T07:51:38","date_gmt":"2025-04-10T05:51:38","guid":{"rendered":"https:\/\/www.roly24.com\/?post_type=product&#038;p=18293"},"modified":"2026-03-13T14:20:17","modified_gmt":"2026-03-13T12:20:17","slug":"lippis-calisto","status":"publish","type":"product","link":"https:\/\/www.roly24.com\/index.php\/tuote\/lippis-calisto\/","title":{"rendered":"Lippis Calisto"},"content":{"rendered":"<p><strong>Tuotenumero 510302<\/strong><\/p>\n<p>RPET-hattu, jossa 5 paneelia ja kirjailtuja tuuletussilmukoita. Velcro-kiinnitys.<\/p>\n<p><strong>Koko:<\/strong><br \/>\n60cm<\/p>\n<p><strong>Materiaali:<\/strong><br \/>\nValmistettu kierr\u00e4tetyst\u00e4 PET:st\u00e4, 165 g\/m\u00b2<\/p>\n<p class=\"observation-text\" data-v-00b2e954=\"\">\n","protected":false},"excerpt":{"rendered":"<p>Tuotenumero 510302 RPET-hattu, jossa 5 paneelia ja kirjailtuja tuuletussilmukoita. Velcro-kiinnitys. Koko: 60cm Materiaali: Valmistettu kierr\u00e4tetyst\u00e4 PET:st\u00e4, 165 g\/m\u00b2<\/p>\n","protected":false},"featured_media":18294,"template":"","meta":{"_acf_changed":false,"om_disable_all_campaigns":false,"_monsterinsights_skip_tracking":false,"_monsterinsights_sitenote_active":false,"_monsterinsights_sitenote_note":"","_monsterinsights_sitenote_category":0},"product_brand":[],"product_cat":[358],"product_tag":[],"class_list":{"0":"post-18293","1":"product","2":"type-product","3":"status-publish","4":"has-post-thumbnail","6":"product_cat-paahineet","7":"product_shipping_class-postipaketti","9":"first","10":"instock","11":"taxable","12":"shipping-taxable","13":"purchasable","14":"product-type-simple"},"acf":[],"aioseo_notices":[],"_links":{"self":[{"href":"https:\/\/www.roly24.com\/index.php\/wp-json\/wp\/v2\/product\/18293","targetHints":{"allow":["GET"]}}],"collection":[{"href":"https:\/\/www.roly24.com\/index.php\/wp-json\/wp\/v2\/product"}],"about":[{"href":"https:\/\/www.roly24.com\/index.php\/wp-json\/wp\/v2\/types\/product"}],"version-history":[{"count":1,"href":"https:\/\/www.roly24.com\/index.php\/wp-json\/wp\/v2\/product\/18293\/revisions"}],"predecessor-version":[{"id":21404,"href":"https:\/\/www.roly24.com\/index.php\/wp-json\/wp\/v2\/product\/18293\/revisions\/21404"}],"wp:featuredmedia":[{"embeddable":true,"href":"https:\/\/www.roly24.com\/index.php\/wp-json\/wp\/v2\/media\/18294"}],"wp:attachment":[{"href":"https:\/\/www.roly24.com\/index.php\/wp-json\/wp\/v2\/media?parent=18293"}],"wp:term":[{"taxonomy":"product_brand","embeddable":true,"href":"https:\/\/www.roly24.com\/index.php\/wp-json\/wp\/v2\/product_brand?post=18293"},{"taxonomy":"product_cat","embeddable":true,"href":"https:\/\/www.roly24.com\/index.php\/wp-json\/wp\/v2\/product_cat?post=18293"},{"taxonomy":"product_tag","embeddable":true,"href":"https:\/\/www.roly24.com\/index.php\/wp-json\/wp\/v2\/product_tag?post=18293"}],"curies":[{"name":"wp","href":"https:\/\/api.w.org\/{rel}","templated":true}]}}