{"id":18288,"date":"2025-04-10T07:21:02","date_gmt":"2025-04-10T05:21:02","guid":{"rendered":"https:\/\/www.roly24.com\/?post_type=product&#038;p=18288"},"modified":"2026-03-13T14:27:47","modified_gmt":"2026-03-13T12:27:47","slug":"lippis-isbud","status":"publish","type":"product","link":"https:\/\/www.roly24.com\/index.php\/tuote\/lippis-isbud\/","title":{"rendered":"Lippis Isbud"},"content":{"rendered":"<p><strong>Tuotenumero 510301<\/strong><\/p>\n<p>6-paneelinen korkki kierr\u00e4tetyst\u00e4 denimkankaasta. Tuuletussilmukat.<\/p>\n<p><strong>Koko:<\/strong><br \/>\n61\u00d8 &#8211; 57-59 cm<\/p>\n<p class=\"composition-text\" data-v-00b2e954=\"\"><strong>Materiaali:<\/strong><br \/>\nDenim, 280 gsm<\/p>\n<p class=\"observation-text\" data-v-00b2e954=\"\">\n","protected":false},"excerpt":{"rendered":"<p>Tuotenumero 510301 6-paneelinen korkki kierr\u00e4tetyst\u00e4 denimkankaasta. Tuuletussilmukat. Koko: 61\u00d8 &#8211; 57-59 cm Materiaali: Denim, 280 gsm<\/p>\n","protected":false},"featured_media":18289,"template":"","meta":{"_acf_changed":false,"om_disable_all_campaigns":false,"_monsterinsights_skip_tracking":false,"_monsterinsights_sitenote_active":false,"_monsterinsights_sitenote_note":"","_monsterinsights_sitenote_category":0},"product_brand":[],"product_cat":[358],"product_tag":[],"class_list":{"0":"post-18288","1":"product","2":"type-product","3":"status-publish","4":"has-post-thumbnail","6":"product_cat-paahineet","7":"product_shipping_class-postipaketti","9":"first","10":"instock","11":"taxable","12":"shipping-taxable","13":"purchasable","14":"product-type-simple"},"acf":[],"aioseo_notices":[],"_links":{"self":[{"href":"https:\/\/www.roly24.com\/index.php\/wp-json\/wp\/v2\/product\/18288","targetHints":{"allow":["GET"]}}],"collection":[{"href":"https:\/\/www.roly24.com\/index.php\/wp-json\/wp\/v2\/product"}],"about":[{"href":"https:\/\/www.roly24.com\/index.php\/wp-json\/wp\/v2\/types\/product"}],"version-history":[{"count":1,"href":"https:\/\/www.roly24.com\/index.php\/wp-json\/wp\/v2\/product\/18288\/revisions"}],"predecessor-version":[{"id":21405,"href":"https:\/\/www.roly24.com\/index.php\/wp-json\/wp\/v2\/product\/18288\/revisions\/21405"}],"wp:featuredmedia":[{"embeddable":true,"href":"https:\/\/www.roly24.com\/index.php\/wp-json\/wp\/v2\/media\/18289"}],"wp:attachment":[{"href":"https:\/\/www.roly24.com\/index.php\/wp-json\/wp\/v2\/media?parent=18288"}],"wp:term":[{"taxonomy":"product_brand","embeddable":true,"href":"https:\/\/www.roly24.com\/index.php\/wp-json\/wp\/v2\/product_brand?post=18288"},{"taxonomy":"product_cat","embeddable":true,"href":"https:\/\/www.roly24.com\/index.php\/wp-json\/wp\/v2\/product_cat?post=18288"},{"taxonomy":"product_tag","embeddable":true,"href":"https:\/\/www.roly24.com\/index.php\/wp-json\/wp\/v2\/product_tag?post=18288"}],"curies":[{"name":"wp","href":"https:\/\/api.w.org\/{rel}","templated":true}]}}