{"id":18198,"date":"2025-04-07T09:10:02","date_gmt":"2025-04-07T07:10:02","guid":{"rendered":"https:\/\/www.roly24.com\/?post_type=product&#038;p=18198"},"modified":"2026-03-13T15:12:09","modified_gmt":"2026-03-13T13:12:09","slug":"sateenvarjo-osaka","status":"publish","type":"product","link":"https:\/\/www.roly24.com\/index.php\/tuote\/sateenvarjo-osaka\/","title":{"rendered":"Sateenvarjo Osaka"},"content":{"rendered":"<p><strong>Tuotenumero 510204<\/strong><\/p>\n<p>190T pongee-sateenvarjo pehme\u00e4ll\u00e4 kahvalla.<br \/>\nAutomaattinen avautuminen.<br \/>\nTuulenpit\u00e4v\u00e4t lasikuituruoteet ja vahvistetut k\u00e4rjet.<\/p>\n<p><strong>Materiaali:<\/strong><br \/>\nPolyesteri<\/p>\n<p><strong>Koko:<\/strong><br \/>\n82 cm\/107\u00d8<\/p>\n","protected":false},"excerpt":{"rendered":"<p>Tuotenumero 510204 190T pongee-sateenvarjo pehme\u00e4ll\u00e4 kahvalla. Automaattinen avautuminen. Tuulenpit\u00e4v\u00e4t lasikuituruoteet ja vahvistetut k\u00e4rjet. Materiaali: Polyesteri Koko: 82 cm\/107\u00d8<\/p>\n","protected":false},"featured_media":18199,"template":"","meta":{"_acf_changed":false,"om_disable_all_campaigns":false,"_monsterinsights_skip_tracking":false,"_monsterinsights_sitenote_active":false,"_monsterinsights_sitenote_note":"","_monsterinsights_sitenote_category":0},"product_brand":[],"product_cat":[582],"product_tag":[],"class_list":{"0":"post-18198","1":"product","2":"type-product","3":"status-publish","4":"has-post-thumbnail","6":"product_cat-sateenvarjot","7":"product_shipping_class-postipaketti","9":"first","10":"instock","11":"taxable","12":"shipping-taxable","13":"purchasable","14":"product-type-simple"},"acf":[],"aioseo_notices":[],"_links":{"self":[{"href":"https:\/\/www.roly24.com\/index.php\/wp-json\/wp\/v2\/product\/18198","targetHints":{"allow":["GET"]}}],"collection":[{"href":"https:\/\/www.roly24.com\/index.php\/wp-json\/wp\/v2\/product"}],"about":[{"href":"https:\/\/www.roly24.com\/index.php\/wp-json\/wp\/v2\/types\/product"}],"version-history":[{"count":1,"href":"https:\/\/www.roly24.com\/index.php\/wp-json\/wp\/v2\/product\/18198\/revisions"}],"predecessor-version":[{"id":21914,"href":"https:\/\/www.roly24.com\/index.php\/wp-json\/wp\/v2\/product\/18198\/revisions\/21914"}],"wp:featuredmedia":[{"embeddable":true,"href":"https:\/\/www.roly24.com\/index.php\/wp-json\/wp\/v2\/media\/18199"}],"wp:attachment":[{"href":"https:\/\/www.roly24.com\/index.php\/wp-json\/wp\/v2\/media?parent=18198"}],"wp:term":[{"taxonomy":"product_brand","embeddable":true,"href":"https:\/\/www.roly24.com\/index.php\/wp-json\/wp\/v2\/product_brand?post=18198"},{"taxonomy":"product_cat","embeddable":true,"href":"https:\/\/www.roly24.com\/index.php\/wp-json\/wp\/v2\/product_cat?post=18198"},{"taxonomy":"product_tag","embeddable":true,"href":"https:\/\/www.roly24.com\/index.php\/wp-json\/wp\/v2\/product_tag?post=18198"}],"curies":[{"name":"wp","href":"https:\/\/api.w.org\/{rel}","templated":true}]}}