{"id":18082,"date":"2025-04-04T08:00:33","date_gmt":"2025-04-04T06:00:33","guid":{"rendered":"https:\/\/www.roly24.com\/?post_type=product&#038;p=18082"},"modified":"2026-03-13T15:08:10","modified_gmt":"2026-03-13T13:08:10","slug":"sateenvarjo-kodiak","status":"publish","type":"product","link":"https:\/\/www.roly24.com\/index.php\/tuote\/sateenvarjo-kodiak\/","title":{"rendered":"Sateenvarjo Kodiak"},"content":{"rendered":"<p><strong>Tuotenumero 510202<\/strong><\/p>\n<p>RPET:st\u00e4 (kierr\u00e4tetyst\u00e4 polyesterist\u00e4) valmistettu sateenvarjo 190T pongee-kankaalla ja luonnollisella puisella kahvalla on tyylik\u00e4s ja kest\u00e4v\u00e4 vaihtoehto suojaamaan sinua sateelta. Pongee 190T -kangas on kest\u00e4v\u00e4\u00e4 ja vett\u00e4 hylkiv\u00e4\u00e4, mik\u00e4 antaa hyv\u00e4n suojan sateelta. Luonnollinen puinen kahva antaa sateenvarjolle tyyli\u00e4 ja l\u00e4mp\u00f6\u00e4, mik\u00e4 antaa luonnollisen ja mukavan tunteen sit\u00e4 pidell\u00e4. Lis\u00e4ksi sateenvarjossa on automaattinen avauspainike k\u00e4yt\u00f6n helpottamiseksi ja tarrakiinnitys turvallista s\u00e4ilytyst\u00e4 varten. Sis\u00e4lt\u00e4\u00e4 yhteensopivan kannen sateenvarjon s\u00e4ilytt\u00e4miseen, kun se ei ole k\u00e4yt\u00f6ss\u00e4, pit\u00e4en sen suojattuna ja siistin\u00e4. T\u00e4m\u00e4 sateenvarjo on valmistettu RPET:st\u00e4 ja se v\u00e4hent\u00e4\u00e4 j\u00e4tteen m\u00e4\u00e4r\u00e4\u00e4 k\u00e4ytt\u00e4m\u00e4ll\u00e4 kierr\u00e4tysmateriaaleja sen valmistuksessa.<\/p>\n<p><strong>Materiaali:<\/strong><br \/>\nRPET<\/p>\n<p><strong>Koko:<\/strong><br \/>\n58 cm\/100\u00d8<\/p>\n","protected":false},"excerpt":{"rendered":"<p>Tuotenumero 510202 RPET:st\u00e4 (kierr\u00e4tetyst\u00e4 polyesterist\u00e4) valmistettu sateenvarjo 190T pongee-kankaalla ja luonnollisella puisella kahvalla on tyylik\u00e4s ja kest\u00e4v\u00e4 vaihtoehto suojaamaan sinua sateelta. Pongee 190T -kangas on kest\u00e4v\u00e4\u00e4 ja vett\u00e4 hylkiv\u00e4\u00e4, mik\u00e4 antaa hyv\u00e4n suojan sateelta. Luonnollinen puinen kahva antaa sateenvarjolle tyyli\u00e4 ja l\u00e4mp\u00f6\u00e4, mik\u00e4 antaa luonnollisen ja mukavan tunteen sit\u00e4 pidell\u00e4. Lis\u00e4ksi sateenvarjossa on automaattinen avauspainike [&hellip;]<\/p>\n","protected":false},"featured_media":18083,"template":"","meta":{"_acf_changed":false,"om_disable_all_campaigns":false,"_monsterinsights_skip_tracking":false,"_monsterinsights_sitenote_active":false,"_monsterinsights_sitenote_note":"","_monsterinsights_sitenote_category":0},"product_brand":[],"product_cat":[582],"product_tag":[],"class_list":{"0":"post-18082","1":"product","2":"type-product","3":"status-publish","4":"has-post-thumbnail","6":"product_cat-sateenvarjot","7":"product_shipping_class-postipaketti","9":"first","10":"instock","11":"taxable","12":"shipping-taxable","13":"purchasable","14":"product-type-simple"},"acf":[],"aioseo_notices":[],"_links":{"self":[{"href":"https:\/\/www.roly24.com\/index.php\/wp-json\/wp\/v2\/product\/18082","targetHints":{"allow":["GET"]}}],"collection":[{"href":"https:\/\/www.roly24.com\/index.php\/wp-json\/wp\/v2\/product"}],"about":[{"href":"https:\/\/www.roly24.com\/index.php\/wp-json\/wp\/v2\/types\/product"}],"version-history":[{"count":1,"href":"https:\/\/www.roly24.com\/index.php\/wp-json\/wp\/v2\/product\/18082\/revisions"}],"predecessor-version":[{"id":21908,"href":"https:\/\/www.roly24.com\/index.php\/wp-json\/wp\/v2\/product\/18082\/revisions\/21908"}],"wp:featuredmedia":[{"embeddable":true,"href":"https:\/\/www.roly24.com\/index.php\/wp-json\/wp\/v2\/media\/18083"}],"wp:attachment":[{"href":"https:\/\/www.roly24.com\/index.php\/wp-json\/wp\/v2\/media?parent=18082"}],"wp:term":[{"taxonomy":"product_brand","embeddable":true,"href":"https:\/\/www.roly24.com\/index.php\/wp-json\/wp\/v2\/product_brand?post=18082"},{"taxonomy":"product_cat","embeddable":true,"href":"https:\/\/www.roly24.com\/index.php\/wp-json\/wp\/v2\/product_cat?post=18082"},{"taxonomy":"product_tag","embeddable":true,"href":"https:\/\/www.roly24.com\/index.php\/wp-json\/wp\/v2\/product_tag?post=18082"}],"curies":[{"name":"wp","href":"https:\/\/api.w.org\/{rel}","templated":true}]}}