{"id":18073,"date":"2025-04-04T07:29:37","date_gmt":"2025-04-04T05:29:37","guid":{"rendered":"https:\/\/www.roly24.com\/?post_type=product&#038;p=18073"},"modified":"2026-03-13T15:03:10","modified_gmt":"2026-03-13T13:03:10","slug":"sateenvarjo-alcira","status":"publish","type":"product","link":"https:\/\/www.roly24.com\/index.php\/tuote\/sateenvarjo-alcira\/","title":{"rendered":"Sateenvarjo Alcira"},"content":{"rendered":"<p><strong>Tuotenumero 510201<\/strong><\/p>\n<p>Taitettava sateenvarjo RPET-materiaalista, automaattinen avautuminen ja sulkeutuminen.<br \/>\n190T pongee-kangas.<br \/>\nLasikuitutangot lumimyrskysuojaj\u00e4rjestelm\u00e4ll\u00e4 ja integroidulla karabiinikahvalla.<br \/>\nTarrakiinnitys. Sis\u00e4lt\u00e4\u00e4 vastaavan kannen.<\/p>\n<p><strong>Materiaali:<\/strong><br \/>\nRPET<\/p>\n<p><strong>Koko:<\/strong><br \/>\n63 cm\/98\u00d8<\/p>\n","protected":false},"excerpt":{"rendered":"<p>Tuotenumero 510201 Taitettava sateenvarjo RPET-materiaalista, automaattinen avautuminen ja sulkeutuminen. 190T pongee-kangas. Lasikuitutangot lumimyrskysuojaj\u00e4rjestelm\u00e4ll\u00e4 ja integroidulla karabiinikahvalla. Tarrakiinnitys. Sis\u00e4lt\u00e4\u00e4 vastaavan kannen. Materiaali: RPET Koko: 63 cm\/98\u00d8<\/p>\n","protected":false},"featured_media":18074,"template":"","meta":{"_acf_changed":false,"om_disable_all_campaigns":false,"_monsterinsights_skip_tracking":false,"_monsterinsights_sitenote_active":false,"_monsterinsights_sitenote_note":"","_monsterinsights_sitenote_category":0},"product_brand":[],"product_cat":[582],"product_tag":[],"class_list":{"0":"post-18073","1":"product","2":"type-product","3":"status-publish","4":"has-post-thumbnail","6":"product_cat-sateenvarjot","7":"product_shipping_class-postipaketti","9":"first","10":"instock","11":"taxable","12":"shipping-taxable","13":"purchasable","14":"product-type-simple"},"acf":[],"aioseo_notices":[],"_links":{"self":[{"href":"https:\/\/www.roly24.com\/index.php\/wp-json\/wp\/v2\/product\/18073","targetHints":{"allow":["GET"]}}],"collection":[{"href":"https:\/\/www.roly24.com\/index.php\/wp-json\/wp\/v2\/product"}],"about":[{"href":"https:\/\/www.roly24.com\/index.php\/wp-json\/wp\/v2\/types\/product"}],"version-history":[{"count":1,"href":"https:\/\/www.roly24.com\/index.php\/wp-json\/wp\/v2\/product\/18073\/revisions"}],"predecessor-version":[{"id":21416,"href":"https:\/\/www.roly24.com\/index.php\/wp-json\/wp\/v2\/product\/18073\/revisions\/21416"}],"wp:featuredmedia":[{"embeddable":true,"href":"https:\/\/www.roly24.com\/index.php\/wp-json\/wp\/v2\/media\/18074"}],"wp:attachment":[{"href":"https:\/\/www.roly24.com\/index.php\/wp-json\/wp\/v2\/media?parent=18073"}],"wp:term":[{"taxonomy":"product_brand","embeddable":true,"href":"https:\/\/www.roly24.com\/index.php\/wp-json\/wp\/v2\/product_brand?post=18073"},{"taxonomy":"product_cat","embeddable":true,"href":"https:\/\/www.roly24.com\/index.php\/wp-json\/wp\/v2\/product_cat?post=18073"},{"taxonomy":"product_tag","embeddable":true,"href":"https:\/\/www.roly24.com\/index.php\/wp-json\/wp\/v2\/product_tag?post=18073"}],"curies":[{"name":"wp","href":"https:\/\/api.w.org\/{rel}","templated":true}]}}