{"id":17608,"date":"2025-03-17T09:16:52","date_gmt":"2025-03-17T07:16:52","guid":{"rendered":"https:\/\/www.roly24.com\/?post_type=product&#038;p=17608"},"modified":"2026-03-12T15:10:14","modified_gmt":"2026-03-12T13:10:14","slug":"tuulitakki-glasgow-woman","status":"publish","type":"product","link":"https:\/\/www.roly24.com\/index.php\/tuote\/tuulitakki-glasgow-woman\/","title":{"rendered":"Tuulitakki Glasgow Woman"},"content":{"rendered":"<p><strong>Tuotenumero 502005<\/strong><\/p>\n<h3 data-start=\"0\" data-end=\"75\"><strong>Tuulitakki Glasgow Woman \u2013 kevyt hengitt\u00e4v\u00e4 naisten tuulitakki | Roly24<\/strong><\/h3>\n<p data-start=\"77\" data-end=\"319\">Glasgow Woman on <strong data-start=\"94\" data-end=\"132\">kevyt ja istuva naisten tuulitakki<\/strong>, joka on suunniteltu <strong data-start=\"154\" data-end=\"232\">urheiluun, ulkoiluun ja aktiiviseen k\u00e4ytt\u00f6\u00f6n vaihtelevissa s\u00e4\u00e4olosuhteissa<\/strong>. Raglanhihat sek\u00e4 hieman pidempi selk\u00e4osa parantavat liikkuvuutta ja k\u00e4ytt\u00f6mukavuutta.<\/p>\n<p data-start=\"321\" data-end=\"612\">Hengitt\u00e4v\u00e4t paneelit k\u00e4denteiden kohdalla sek\u00e4 kevyt ripstop-polyesterikangas tekev\u00e4t takista <strong data-start=\"415\" data-end=\"462\">mukavan, tuulenpit\u00e4v\u00e4n ja hyvin hengitt\u00e4v\u00e4n<\/strong> liikunnan aikana. Takki voidaan taittaa <strong data-start=\"503\" data-end=\"540\">sis\u00e4taskuun kompaktiksi paketiksi<\/strong>, joten se on helppo ottaa mukaan harjoituksiin, matkalle tai ulkoiluun.<\/p>\n<p data-start=\"614\" data-end=\"765\">Tuulitakki voidaan tilata <strong data-start=\"640\" data-end=\"675\">painettuna tai ilman painatusta<\/strong>, joten se sopii hyvin my\u00f6s <strong data-start=\"703\" data-end=\"764\">urheiluseuroille, joukkueille, yrityksille ja tapahtumiin<\/strong>.<\/p>\n<h2 data-section-id=\"14dkvgu\" data-start=\"767\" data-end=\"782\">Ominaisuudet<\/h2>\n<p data-start=\"784\" data-end=\"1074\">\u2022 Kevyt ja istuva naisten tuulitakki raglanhihoilla<br data-start=\"835\" data-end=\"838\" \/>\u2022 K\u00e4\u00e4nteinen vetoketju leukasuojalla<br data-start=\"874\" data-end=\"877\" \/>\u2022 Hengitt\u00e4v\u00e4t paneelit k\u00e4denteiden kohdalla<br data-start=\"920\" data-end=\"923\" \/>\u2022 Sivutaskut vetoketjuilla<br data-start=\"949\" data-end=\"952\" \/>\u2022 Sis\u00e4tasku takin taittamista varten<br data-start=\"988\" data-end=\"991\" \/>\u2022 Resorit hihansuissa ja helmassa<br data-start=\"1024\" data-end=\"1027\" \/>\u2022 Selk\u00e4 hieman pidempi paremman suojan vuoksi<\/p>\n<h2 data-section-id=\"1yf6ifa\" data-start=\"1076\" data-end=\"1089\">Materiaali<\/h2>\n<p data-start=\"1091\" data-end=\"1141\">Materiaali: <strong data-start=\"1103\" data-end=\"1141\">100 % quadrille ripstop polyesteri<\/strong><\/p>\n<p data-start=\"1143\" data-end=\"1161\">Paino: <strong data-start=\"1150\" data-end=\"1161\">70 g\/m\u00b2<\/strong><\/p>\n<p data-start=\"1163\" data-end=\"1288\">Ripstop-polyesteri tekee takista <strong data-start=\"1196\" data-end=\"1246\">kevyen, kest\u00e4v\u00e4n, hengitt\u00e4v\u00e4n ja tuulenpit\u00e4v\u00e4n<\/strong>, mik\u00e4 sopii hyvin urheiluun ja ulkoiluun.<\/p>\n<h2 data-section-id=\"1izbzca\" data-start=\"1290\" data-end=\"1318\">Mahdolliset merkkaustavat<\/h2>\n<p data-start=\"1320\" data-end=\"1415\"><strong data-start=\"1320\" data-end=\"1333\">Painatus:<\/strong> Tuote painetaan DTF-painatuksella.<br data-start=\"1368\" data-end=\"1371\" \/><strong data-start=\"1371\" data-end=\"1386\">Brodeeraus:<\/strong> Saatavilla tarjouspyynn\u00f6ll\u00e4.<\/p>\n<h2 data-section-id=\"wipf49\" data-start=\"1417\" data-end=\"1433\">K\u00e4ytt\u00f6kohteet<\/h2>\n<p data-start=\"1435\" data-end=\"1555\">\u2022 urheiluseurat ja joukkueet<br data-start=\"1463\" data-end=\"1466\" \/>\u2022 ulkoilu ja vapaa-aika<br data-start=\"1489\" data-end=\"1492\" \/>\u2022 tapahtumat ja kampanjat<br data-start=\"1517\" data-end=\"1520\" \/>\u2022 harjoitus- ja matkustusvaatteet<\/p>\n<h2 data-section-id=\"m4e5ur\" data-start=\"1557\" data-end=\"1572\">Toimitusaika<\/h2>\n<p data-start=\"1574\" data-end=\"1691\">Arvioitu toimitusaika <strong data-start=\"1596\" data-end=\"1613\">noin 1 viikko<\/strong>.<br data-start=\"1614\" data-end=\"1617\" \/>Toimitusaika voi vaihdella tilausm\u00e4\u00e4r\u00e4n ja mahdollisen painatuksen mukaan.<\/p>\n<h2 data-section-id=\"1hryhf7\" data-start=\"1693\" data-end=\"1699\">FAQ<\/h2>\n<p data-start=\"1701\" data-end=\"1830\"><strong data-start=\"1701\" data-end=\"1754\">Voiko Glasgow Woman tuulitakin tilata painettuna?<\/strong><br data-start=\"1754\" data-end=\"1757\" \/>Kyll\u00e4. Takkiin voidaan painaa esimerkiksi <strong data-start=\"1799\" data-end=\"1829\">logo, teksti tai grafiikka<\/strong>.<\/p>\n<p data-start=\"1832\" data-end=\"1948\"><strong data-start=\"1832\" data-end=\"1875\">Voiko tuotteen tilata ilman painatusta?<\/strong><br data-start=\"1875\" data-end=\"1878\" \/>Kyll\u00e4, Glasgow Woman tuulitakki on saatavilla my\u00f6s <strong data-start=\"1929\" data-end=\"1947\">painamattomana<\/strong>.<\/p>\n<p data-start=\"1950\" data-end=\"2093\"><strong data-start=\"1950\" data-end=\"2000\">Mist\u00e4 materiaalista tuulitakki on valmistettu?<\/strong><br data-start=\"2000\" data-end=\"2003\" \/>Takki on valmistettu <strong data-start=\"2024\" data-end=\"2055\">100 % ripstop-polyesterist\u00e4<\/strong>, joka on kevyt ja kest\u00e4v\u00e4 materiaali.<\/p>\n<p data-start=\"2095\" data-end=\"2238\" data-is-last-node=\"\" data-is-only-node=\"\"><strong data-start=\"2095\" data-end=\"2137\">Onko takki hengitt\u00e4v\u00e4 ja tuulenpit\u00e4v\u00e4?<\/strong><br data-start=\"2137\" data-end=\"2140\" \/>Kyll\u00e4. Takki on <strong data-start=\"2156\" data-end=\"2186\">hengitt\u00e4v\u00e4 ja tuulenpit\u00e4v\u00e4<\/strong>, mik\u00e4 tekee siit\u00e4 erinomaisen aktiiviseen k\u00e4ytt\u00f6\u00f6n.<\/p>\n<p data-v-00b2e954=\"\"><img decoding=\"async\" class=\"mr-1 grey\" title=\"30\u00ba pesu max.\" src=\"https:\/\/static.gorfactory.es\/images\/icons\/20220914110209_Lavar%20a%2030%C2%BA%20m%C3%A1ximo.png\" alt=\"30\u00ba pesu max.\" width=\"40\" height=\"40\" data-v-6089ed0a=\"\" data-v-00b2e954=\"\" \/><img decoding=\"async\" class=\"mr-1 grey\" title=\"\u00c4l\u00e4 valkaise\" src=\"https:\/\/static.gorfactory.es\/images\/icons\/20220914110315_No%20usar%20blanqueador.png\" alt=\"\u00c4l\u00e4 valkaise\" width=\"40\" height=\"40\" data-v-6089ed0a=\"\" data-v-00b2e954=\"\" \/><img decoding=\"async\" class=\"mr-1 grey\" title=\"\u00c4l\u00e4 rumpukuivaa\" src=\"https:\/\/static.gorfactory.es\/images\/icons\/20220914110302_No%20secar%20en%20secadora.png\" alt=\"\u00c4l\u00e4 rumpukuivaa\" width=\"40\" height=\"40\" data-v-6089ed0a=\"\" data-v-00b2e954=\"\" \/><img loading=\"lazy\" decoding=\"async\" class=\"mr-1 grey\" title=\"\u00c4l\u00e4 silit\u00e4\" src=\"https:\/\/static.gorfactory.es\/images\/icons\/20220914110249_No%20planchar.png\" alt=\"\u00c4l\u00e4 silit\u00e4\" width=\"40\" height=\"40\" data-v-6089ed0a=\"\" data-v-00b2e954=\"\" \/><img loading=\"lazy\" decoding=\"async\" class=\"mr-1 grey\" title=\"\u00c4l\u00e4 kuivapesua\" src=\"https:\/\/static.gorfactory.es\/images\/icons\/20220914110151_No%20lavar%20en%20seco.png\" alt=\"\u00c4l\u00e4 kuivapesua\" width=\"39\" height=\"39\" data-v-6089ed0a=\"\" data-v-00b2e954=\"\" \/><\/p>\n<p data-v-00b2e954=\"\"><strong>Mittausohjeet:<\/strong><br \/>\n<strong>Leveys: Tuotteen reunasta reunaan 2cm hihojen alapuolelta.<\/strong><br \/>\n<strong>Pituus: Olkap\u00e4\u00e4n korkeimmasta kohdasta tuotteen\u00a0alareunaan.<\/strong><\/p>\n<table id=\"size_chart\" class=\"table table-responsive\" style=\"height: 265px;\" width=\"203\" cellspacing=\"0\" cellpadding=\"0\">\n<tbody>\n<tr>\n<th>Koko<\/th>\n<th><img decoding=\"async\" src=\"https:\/\/wordans-a1a5.kxcdn.com\/images\/wordans2010\/length.png\" alt=\"Length\" \/>\u00a0<label id=\"lengthLabel\">Pituus<\/label><\/th>\n<th><img decoding=\"async\" src=\"https:\/\/wordans-a1a5.kxcdn.com\/images\/wordans2010\/width.png\" alt=\"Width\" \/>\u00a0<label id=\"widthLabel\">Leveys<\/label><\/th>\n<\/tr>\n<tr>\n<td>S<\/td>\n<td>63<\/td>\n<td>47<\/td>\n<\/tr>\n<tr>\n<td>M<\/td>\n<td>65<\/td>\n<td>50<\/td>\n<\/tr>\n<tr>\n<td>L<\/td>\n<td>67<\/td>\n<td>53<\/td>\n<\/tr>\n<tr>\n<td>XL<\/td>\n<td>69<\/td>\n<td>56<\/td>\n<\/tr>\n<tr>\n<td>2XL<\/td>\n<td>71<\/td>\n<td>60<\/td>\n<\/tr>\n<\/tbody>\n<\/table>\n<p>&nbsp;<\/p>\n","protected":false},"excerpt":{"rendered":"<p>Tuotenumero 502005 Tuulitakki Glasgow Woman \u2013 kevyt hengitt\u00e4v\u00e4 naisten tuulitakki | Roly24 Glasgow Woman on kevyt ja istuva naisten tuulitakki, joka on suunniteltu urheiluun, ulkoiluun ja aktiiviseen k\u00e4ytt\u00f6\u00f6n vaihtelevissa s\u00e4\u00e4olosuhteissa. Raglanhihat sek\u00e4 hieman pidempi selk\u00e4osa parantavat liikkuvuutta ja k\u00e4ytt\u00f6mukavuutta. Hengitt\u00e4v\u00e4t paneelit k\u00e4denteiden kohdalla sek\u00e4 kevyt ripstop-polyesterikangas tekev\u00e4t takista mukavan, tuulenpit\u00e4v\u00e4n ja hyvin hengitt\u00e4v\u00e4n liikunnan aikana. [&hellip;]<\/p>\n","protected":false},"featured_media":17621,"template":"","meta":{"_acf_changed":false,"om_disable_all_campaigns":false,"_monsterinsights_skip_tracking":false,"_monsterinsights_sitenote_active":false,"_monsterinsights_sitenote_note":"","_monsterinsights_sitenote_category":0},"product_brand":[],"product_cat":[512,529],"product_tag":[298,439,440,547],"class_list":{"0":"post-17608","1":"product","2":"type-product","3":"status-publish","4":"has-post-thumbnail","6":"product_cat-sport","7":"product_cat-sport-takit","8":"product_tag-painatus","9":"product_tag-takki","10":"product_tag-takki-painatuksella","11":"product_tag-tuulitakki","12":"product_shipping_class-postipaketti","14":"first","15":"instock","16":"taxable","17":"shipping-taxable","18":"purchasable","19":"product-type-simple"},"acf":[],"aioseo_notices":[],"_links":{"self":[{"href":"https:\/\/www.roly24.com\/index.php\/wp-json\/wp\/v2\/product\/17608","targetHints":{"allow":["GET"]}}],"collection":[{"href":"https:\/\/www.roly24.com\/index.php\/wp-json\/wp\/v2\/product"}],"about":[{"href":"https:\/\/www.roly24.com\/index.php\/wp-json\/wp\/v2\/types\/product"}],"version-history":[{"count":2,"href":"https:\/\/www.roly24.com\/index.php\/wp-json\/wp\/v2\/product\/17608\/revisions"}],"predecessor-version":[{"id":21754,"href":"https:\/\/www.roly24.com\/index.php\/wp-json\/wp\/v2\/product\/17608\/revisions\/21754"}],"wp:featuredmedia":[{"embeddable":true,"href":"https:\/\/www.roly24.com\/index.php\/wp-json\/wp\/v2\/media\/17621"}],"wp:attachment":[{"href":"https:\/\/www.roly24.com\/index.php\/wp-json\/wp\/v2\/media?parent=17608"}],"wp:term":[{"taxonomy":"product_brand","embeddable":true,"href":"https:\/\/www.roly24.com\/index.php\/wp-json\/wp\/v2\/product_brand?post=17608"},{"taxonomy":"product_cat","embeddable":true,"href":"https:\/\/www.roly24.com\/index.php\/wp-json\/wp\/v2\/product_cat?post=17608"},{"taxonomy":"product_tag","embeddable":true,"href":"https:\/\/www.roly24.com\/index.php\/wp-json\/wp\/v2\/product_tag?post=17608"}],"curies":[{"name":"wp","href":"https:\/\/api.w.org\/{rel}","templated":true}]}}