{"id":17575,"date":"2025-03-14T15:01:16","date_gmt":"2025-03-14T13:01:16","guid":{"rendered":"https:\/\/www.roly24.com\/?post_type=product&#038;p=17575"},"modified":"2026-03-12T15:05:18","modified_gmt":"2026-03-12T13:05:18","slug":"takki-nepal-2","status":"publish","type":"product","link":"https:\/\/www.roly24.com\/index.php\/tuote\/takki-nepal-2\/","title":{"rendered":"Takki Nepal"},"content":{"rendered":"<p><strong>Tuotenumero 502001<\/strong><\/p>\n<article class=\"text-token-text-primary w-full focus:outline-none [--shadow-height:45px] has-data-writing-block:pointer-events-none has-data-writing-block:-mt-(--shadow-height) has-data-writing-block:pt-(--shadow-height) [&amp;:has([data-writing-block])&gt;*]:pointer-events-auto scroll-mt-(--header-height)\" dir=\"auto\" tabindex=\"-1\" data-turn-id=\"16be467d-58e3-422a-ae32-96f5f401e6fb\" data-testid=\"conversation-turn-37\" data-scroll-anchor=\"false\" data-turn=\"user\"><\/article>\n<article class=\"text-token-text-primary w-full focus:outline-none [--shadow-height:45px] has-data-writing-block:pointer-events-none has-data-writing-block:-mt-(--shadow-height) has-data-writing-block:pt-(--shadow-height) [&amp;:has([data-writing-block])&gt;*]:pointer-events-auto scroll-mt-[calc(var(--header-height)+min(200px,max(70px,20svh)))]\" dir=\"auto\" tabindex=\"-1\" data-turn-id=\"request-WEB:0f7b24a8-39fd-40ff-811e-6cfb5bd17dc4-18\" data-testid=\"conversation-turn-38\" data-scroll-anchor=\"true\" data-turn=\"assistant\">\n<div class=\"text-base my-auto mx-auto pb-10 [--thread-content-margin:var(--thread-content-margin-xs,calc(var(--spacing)*4))] @w-sm\/main:[--thread-content-margin:var(--thread-content-margin-sm,calc(var(--spacing)*6))] @w-lg\/main:[--thread-content-margin:var(--thread-content-margin-lg,calc(var(--spacing)*16))] px-(--thread-content-margin)\">\n<div class=\"[--thread-content-max-width:40rem] @w-lg\/main:[--thread-content-max-width:48rem] mx-auto max-w-(--thread-content-max-width) flex-1 group\/turn-messages focus-visible:outline-hidden relative flex w-full min-w-0 flex-col agent-turn\" tabindex=\"-1\">\n<div class=\"flex max-w-full flex-col gap-4 grow\">\n<div class=\"min-h-8 text-message relative flex w-full flex-col items-end gap-2 text-start break-words whitespace-normal [.text-message+&amp;]:mt-1\" dir=\"auto\" data-message-author-role=\"assistant\" data-message-id=\"d0850bed-0008-455e-8cea-fa3baf3ed825\" data-message-model-slug=\"gpt-5-3\">\n<div class=\"flex w-full flex-col gap-1 empty:hidden\">\n<div class=\"markdown prose dark:prose-invert w-full wrap-break-word light markdown-new-styling\">\n<h3 data-start=\"0\" data-end=\"59\"><strong data-start=\"0\" data-end=\"59\">Takki Nepal \u2013 pehmustettu urheiluparka hupulla | Roly24<\/strong><\/h3>\n<p data-start=\"61\" data-end=\"264\">Nepal on <strong data-start=\"70\" data-end=\"98\">pehmustettu urheiluparka<\/strong>, joka on suunniteltu <strong data-start=\"120\" data-end=\"193\">urheiluun, ulkoiluun ja aktiiviseen k\u00e4ytt\u00f6\u00f6n kylmiss\u00e4 s\u00e4\u00e4olosuhteissa<\/strong>. Pidempi parka-malli tarjoaa hyv\u00e4n suojan tuulta ja kosteutta vastaan.<\/p>\n<p data-start=\"266\" data-end=\"545\">Takissa on <strong data-start=\"277\" data-end=\"351\">vetoketju leukasuojalla, kiinte\u00e4 huppu sek\u00e4 vetoketjulliset sivutaskut<\/strong>, jotka lis\u00e4\u00e4v\u00e4t k\u00e4ytt\u00f6mukavuutta ja suojaavat kylm\u00e4lt\u00e4. Tuulenpit\u00e4v\u00e4 ja vett\u00e4 hylkiv\u00e4 rakenne tekee takista erinomaisen vaihtoehdon <strong data-start=\"484\" data-end=\"544\">urheiluseuroille, joukkueille, ulkoiluun ja vapaa-aikaan<\/strong>.<\/p>\n<p data-start=\"547\" data-end=\"702\">Sis\u00e4inen k\u00e4sittelyaukko helpottaa <strong data-start=\"581\" data-end=\"618\">logojen ja painatusten lis\u00e4\u00e4mist\u00e4<\/strong>, joten takki sopii hyvin my\u00f6s <strong data-start=\"649\" data-end=\"701\">seuravaatteeksi, yritysvaatteeksi ja tapahtumiin<\/strong>.<\/p>\n<h2 data-section-id=\"14dkvgu\" data-start=\"704\" data-end=\"719\">Ominaisuudet<\/h2>\n<p data-start=\"721\" data-end=\"981\">\u2022 Pehmustettu urheiluparka hupulla<br data-start=\"755\" data-end=\"758\" \/>\u2022 Vetoketju yhteensopivalla vetimell\u00e4 ja leukasuojalla<br data-start=\"812\" data-end=\"815\" \/>\u2022 Joustavat hihansuut hyv\u00e4\u00e4n istuvuuteen<br data-start=\"855\" data-end=\"858\" \/>\u2022 Kaksi vetoketjullista sivutaskua<br data-start=\"892\" data-end=\"895\" \/>\u2022 Sis\u00e4inen k\u00e4sittelyaukko painatusta varten<br data-start=\"938\" data-end=\"941\" \/>\u2022 Tuulenpit\u00e4v\u00e4 ja vedenkest\u00e4v\u00e4 rakenne<\/p>\n<h2 data-section-id=\"1yf6ifa\" data-start=\"983\" data-end=\"996\">Materiaali<\/h2>\n<p data-start=\"998\" data-end=\"1104\"><strong data-start=\"998\" data-end=\"1008\">Kuori:<\/strong> 100 % polyesteri, tafti<br data-start=\"1032\" data-end=\"1035\" \/><strong data-start=\"1035\" data-end=\"1048\">Pehmuste:<\/strong> 100 % polyesteri<br data-start=\"1065\" data-end=\"1068\" \/><strong data-start=\"1068\" data-end=\"1078\">Vuori:<\/strong> 100 % polyesteri, tafti<\/p>\n<p data-start=\"1106\" data-end=\"1125\"><strong data-start=\"1106\" data-end=\"1116\">Paino:<\/strong> 708 g\/m\u00b2<\/p>\n<p data-start=\"1127\" data-end=\"1227\">Polyesterirakenne tekee takista <strong data-start=\"1159\" data-end=\"1226\">l\u00e4mpim\u00e4n, kest\u00e4v\u00e4n sek\u00e4 hyvin suojaavan tuulelta ja kosteudelta<\/strong>.<\/p>\n<h2 data-section-id=\"1izbzca\" data-start=\"1229\" data-end=\"1257\">Mahdolliset merkkaustavat<\/h2>\n<p data-start=\"1259\" data-end=\"1354\"><strong data-start=\"1259\" data-end=\"1272\">Painatus:<\/strong> Tuote painetaan DTF-painatuksella.<br data-start=\"1307\" data-end=\"1310\" \/><strong data-start=\"1310\" data-end=\"1325\">Brodeeraus:<\/strong> Saatavilla tarjouspyynn\u00f6ll\u00e4.<\/p>\n<h2 data-section-id=\"wipf49\" data-start=\"1356\" data-end=\"1372\">K\u00e4ytt\u00f6kohteet<\/h2>\n<p data-start=\"1374\" data-end=\"1495\">\u2022 urheiluseurat ja joukkueet<br data-start=\"1402\" data-end=\"1405\" \/>\u2022 ulkoilu ja vapaa-aika<br data-start=\"1428\" data-end=\"1431\" \/>\u2022 yritys- ja tapahtumavaatteet<br data-start=\"1461\" data-end=\"1464\" \/>\u2022 harjoitus- ja matkustusasut<\/p>\n<h2 data-section-id=\"m4e5ur\" data-start=\"1497\" data-end=\"1512\">Toimitusaika<\/h2>\n<p data-start=\"1514\" data-end=\"1631\">Arvioitu toimitusaika <strong data-start=\"1536\" data-end=\"1553\">noin 1 viikko<\/strong>.<br data-start=\"1554\" data-end=\"1557\" \/>Toimitusaika voi vaihdella tilausm\u00e4\u00e4r\u00e4n ja mahdollisen painatuksen mukaan.<\/p>\n<h2 data-section-id=\"1hryhf7\" data-start=\"1633\" data-end=\"1639\">FAQ<\/h2>\n<p data-start=\"1641\" data-end=\"1763\"><strong data-start=\"1641\" data-end=\"1687\">Voiko Nepal parka-takin tilata painettuna?<\/strong><br data-start=\"1687\" data-end=\"1690\" \/>Kyll\u00e4. Takkiin voidaan painaa esimerkiksi <strong data-start=\"1732\" data-end=\"1762\">logo, teksti tai grafiikka<\/strong>.<\/p>\n<p data-start=\"1765\" data-end=\"1868\"><strong data-start=\"1765\" data-end=\"1808\">Voiko tuotteen tilata ilman painatusta?<\/strong><br data-start=\"1808\" data-end=\"1811\" \/>Kyll\u00e4, Nepal takki on saatavilla my\u00f6s <strong data-start=\"1849\" data-end=\"1867\">painamattomana<\/strong>.<\/p>\n<p data-start=\"1870\" data-end=\"2036\"><strong data-start=\"1870\" data-end=\"1921\">Mist\u00e4 materiaalista Nepal takki on valmistettu?<\/strong><br data-start=\"1921\" data-end=\"1924\" \/>Takki on valmistettu <strong data-start=\"1945\" data-end=\"1996\">100 % polyesterist\u00e4 sek\u00e4 polyesteripehmusteesta<\/strong>, joka tekee siit\u00e4 l\u00e4mpim\u00e4n ja kest\u00e4v\u00e4n.<\/p>\n<p data-start=\"2038\" data-end=\"2172\" data-is-last-node=\"\" data-is-only-node=\"\"><strong data-start=\"2038\" data-end=\"2077\">Onko takki tuulen- ja vedenkest\u00e4v\u00e4?<\/strong><br data-start=\"2077\" data-end=\"2080\" \/>Kyll\u00e4. Takki on <strong data-start=\"2096\" data-end=\"2128\">tuulenpit\u00e4v\u00e4 ja vedenkest\u00e4v\u00e4<\/strong>, mik\u00e4 tekee siit\u00e4 erinomaisen ulkok\u00e4ytt\u00f6\u00f6n.<\/p>\n<\/div>\n<\/div>\n<\/div>\n<\/div>\n<\/div>\n<\/div>\n<\/article>\n<p><img decoding=\"async\" class=\"mr-1 grey\" title=\"30\u00ba pesu max.\" src=\"https:\/\/static.gorfactory.es\/images\/icons\/20220914110209_Lavar%20a%2030%C2%BA%20m%C3%A1ximo.png\" alt=\"30\u00ba pesu max.\" width=\"40\" height=\"40\" data-v-6089ed0a=\"\" data-v-f0f089fc=\"\" \/><img decoding=\"async\" class=\"mr-1 grey\" title=\"\u00c4l\u00e4 valkaise\" src=\"https:\/\/static.gorfactory.es\/images\/icons\/20220914110315_No%20usar%20blanqueador.png\" alt=\"\u00c4l\u00e4 valkaise\" width=\"40\" height=\"40\" data-v-6089ed0a=\"\" data-v-f0f089fc=\"\" \/><img decoding=\"async\" class=\"mr-1 grey\" title=\"\u00c4l\u00e4 rumpukuivaa\" src=\"https:\/\/static.gorfactory.es\/images\/icons\/20220914110302_No%20secar%20en%20secadora.png\" alt=\"\u00c4l\u00e4 rumpukuivaa\" width=\"40\" height=\"40\" data-v-6089ed0a=\"\" data-v-f0f089fc=\"\" \/><img loading=\"lazy\" decoding=\"async\" class=\"mr-1 grey\" title=\"\u00c4l\u00e4 silit\u00e4\" src=\"https:\/\/static.gorfactory.es\/images\/icons\/20220914110249_No%20planchar.png\" alt=\"\u00c4l\u00e4 silit\u00e4\" width=\"40\" height=\"40\" data-v-6089ed0a=\"\" data-v-f0f089fc=\"\" \/><img loading=\"lazy\" decoding=\"async\" class=\"mr-1 grey\" title=\"\u00c4l\u00e4 kuivapesua\" src=\"https:\/\/static.gorfactory.es\/images\/icons\/20220914110151_No%20lavar%20en%20seco.png\" alt=\"\u00c4l\u00e4 kuivapesua\" width=\"40\" height=\"40\" data-v-6089ed0a=\"\" data-v-f0f089fc=\"\" \/><\/p>\n<p><strong>Mittausohjeet:<\/strong><br \/>\n<strong>Leveys: Tuotteen reunasta reunaan 2cm hihojen alapuolelta.<\/strong><br \/>\n<strong>Pituus: Olkap\u00e4\u00e4n korkeimmasta kohdasta tuotteen\u00a0alareunaan.<\/strong><\/p>\n<table id=\"size_chart\" class=\"table table-responsive\" style=\"height: 265px;\" width=\"203\" cellspacing=\"0\" cellpadding=\"0\">\n<tbody>\n<tr>\n<th>Koko<\/th>\n<th><img decoding=\"async\" src=\"https:\/\/wordans-a1a5.kxcdn.com\/images\/wordans2010\/length.png\" alt=\"Length\" \/>\u00a0<label id=\"lengthLabel\">Pituus<\/label><\/th>\n<th><img decoding=\"async\" src=\"https:\/\/wordans-a1a5.kxcdn.com\/images\/wordans2010\/width.png\" alt=\"Width\" \/>\u00a0<label id=\"widthLabel\">Leveys<\/label><\/th>\n<\/tr>\n<tr>\n<td>S<\/td>\n<td>76<\/td>\n<td>56<\/td>\n<\/tr>\n<tr>\n<td>M<\/td>\n<td>78<\/td>\n<td>59<\/td>\n<\/tr>\n<tr>\n<td>L<\/td>\n<td>80<\/td>\n<td>62<\/td>\n<\/tr>\n<tr>\n<td>XL<\/td>\n<td>82<\/td>\n<td>65<\/td>\n<\/tr>\n<tr>\n<td>2XL<\/td>\n<td>84<\/td>\n<td>69<\/td>\n<\/tr>\n<tr>\n<td>3XL<\/td>\n<td>86<\/td>\n<td>73<\/td>\n<\/tr>\n<\/tbody>\n<\/table>\n<p>&nbsp;<\/p>\n","protected":false},"excerpt":{"rendered":"<p>Tuotenumero 502001 Takki Nepal \u2013 pehmustettu urheiluparka hupulla | Roly24 Nepal on pehmustettu urheiluparka, joka on suunniteltu urheiluun, ulkoiluun ja aktiiviseen k\u00e4ytt\u00f6\u00f6n kylmiss\u00e4 s\u00e4\u00e4olosuhteissa. Pidempi parka-malli tarjoaa hyv\u00e4n suojan tuulta ja kosteutta vastaan. Takissa on vetoketju leukasuojalla, kiinte\u00e4 huppu sek\u00e4 vetoketjulliset sivutaskut, jotka lis\u00e4\u00e4v\u00e4t k\u00e4ytt\u00f6mukavuutta ja suojaavat kylm\u00e4lt\u00e4. Tuulenpit\u00e4v\u00e4 ja vett\u00e4 hylkiv\u00e4 rakenne tekee takista [&hellip;]<\/p>\n","protected":false},"featured_media":13570,"template":"","meta":{"_acf_changed":false,"om_disable_all_campaigns":false,"_monsterinsights_skip_tracking":false,"_monsterinsights_sitenote_active":false,"_monsterinsights_sitenote_note":"","_monsterinsights_sitenote_category":0},"product_brand":[],"product_cat":[512,529],"product_tag":[298,551,548,439,550],"class_list":{"0":"post-17575","1":"product","2":"type-product","3":"status-publish","4":"has-post-thumbnail","6":"product_cat-sport","7":"product_cat-sport-takit","8":"product_tag-painatus","9":"product_tag-parka","10":"product_tag-takin-painatus","11":"product_tag-takki","12":"product_tag-urheiluparka","13":"product_shipping_class-postipaketti","15":"first","16":"instock","17":"taxable","18":"shipping-taxable","19":"purchasable","20":"product-type-simple"},"acf":[],"aioseo_notices":[],"_links":{"self":[{"href":"https:\/\/www.roly24.com\/index.php\/wp-json\/wp\/v2\/product\/17575","targetHints":{"allow":["GET"]}}],"collection":[{"href":"https:\/\/www.roly24.com\/index.php\/wp-json\/wp\/v2\/product"}],"about":[{"href":"https:\/\/www.roly24.com\/index.php\/wp-json\/wp\/v2\/types\/product"}],"version-history":[{"count":2,"href":"https:\/\/www.roly24.com\/index.php\/wp-json\/wp\/v2\/product\/17575\/revisions"}],"predecessor-version":[{"id":21750,"href":"https:\/\/www.roly24.com\/index.php\/wp-json\/wp\/v2\/product\/17575\/revisions\/21750"}],"wp:featuredmedia":[{"embeddable":true,"href":"https:\/\/www.roly24.com\/index.php\/wp-json\/wp\/v2\/media\/13570"}],"wp:attachment":[{"href":"https:\/\/www.roly24.com\/index.php\/wp-json\/wp\/v2\/media?parent=17575"}],"wp:term":[{"taxonomy":"product_brand","embeddable":true,"href":"https:\/\/www.roly24.com\/index.php\/wp-json\/wp\/v2\/product_brand?post=17575"},{"taxonomy":"product_cat","embeddable":true,"href":"https:\/\/www.roly24.com\/index.php\/wp-json\/wp\/v2\/product_cat?post=17575"},{"taxonomy":"product_tag","embeddable":true,"href":"https:\/\/www.roly24.com\/index.php\/wp-json\/wp\/v2\/product_tag?post=17575"}],"curies":[{"name":"wp","href":"https:\/\/api.w.org\/{rel}","templated":true}]}}