{"id":17547,"date":"2025-03-14T14:22:13","date_gmt":"2025-03-14T12:22:13","guid":{"rendered":"https:\/\/www.roly24.com\/?post_type=product&#038;p=17547"},"modified":"2026-03-16T13:51:29","modified_gmt":"2026-03-16T11:51:29","slug":"pusero-estambul-woman","status":"publish","type":"product","link":"https:\/\/www.roly24.com\/index.php\/tuote\/pusero-estambul-woman\/","title":{"rendered":"Naisten pitk\u00e4hihainen urheilupaita ESTAMBUL painamattomana tai painettuna"},"content":{"rendered":"<p><strong>Tuotenumero 501902<\/strong><\/p>\n<h3 data-start=\"0\" data-end=\"79\"><strong data-start=\"0\" data-end=\"79\">Tekninen paita Estambul Woman \u2013 naisten pitk\u00e4hihainen urheilupaita | Roly24<\/strong><\/h3>\n<p data-start=\"81\" data-end=\"334\">Estambul Woman on <strong data-start=\"99\" data-end=\"155\">naisten pitk\u00e4hihainen tekninen raglan-slim-fit-paita<\/strong>, joka sopii erinomaisesti <strong data-start=\"182\" data-end=\"252\">juoksuun, ulkoiluun, treeniin sek\u00e4 urheiluseuroille ja tapahtumiin<\/strong>. Joustava ja hengitt\u00e4v\u00e4 materiaali tekee paidasta mukavan aktiiviseen liikuntaan.<\/p>\n<p data-start=\"336\" data-end=\"578\">Paidassa on <strong data-start=\"348\" data-end=\"463\">puolivetoketjullinen kaulus heijastinnauhalla, peukaloaukot hihansuissa sek\u00e4 heijastavat yksityiskohdat sel\u00e4ss\u00e4<\/strong>, jotka parantavat k\u00e4ytt\u00f6mukavuutta ja n\u00e4kyvyytt\u00e4. Harjattu sis\u00e4pinta tuo lis\u00e4\u00e4 l\u00e4mp\u00f6\u00e4 viileisiin s\u00e4\u00e4olosuhteisiin.<\/p>\n<p data-start=\"580\" data-end=\"720\">Tuote on <strong data-start=\"589\" data-end=\"632\">saatavana painettuna tai painamattomana<\/strong>, joten se sopii hyvin <strong data-start=\"655\" data-end=\"719\">urheiluseuroille, yrityksille, tapahtumiin ja logovaatteeksi<\/strong>.<\/p>\n<h2 data-section-id=\"14dkvgu\" data-start=\"722\" data-end=\"737\">Ominaisuudet<\/h2>\n<p data-start=\"739\" data-end=\"1018\">\u2022 Naisten slim-fit tekninen urheilupaita<br data-start=\"779\" data-end=\"782\" \/>\u2022 Pitk\u00e4t raglan-hihat parempaan liikkuvuuteen<br data-start=\"827\" data-end=\"830\" \/>\u2022 Puolivetoketju heijastinnauhalla<br data-start=\"864\" data-end=\"867\" \/>\u2022 Peukaloaukot hihansuissa<br data-start=\"893\" data-end=\"896\" \/>\u2022 Heijastavat yksityiskohdat sel\u00e4ss\u00e4<br data-start=\"932\" data-end=\"935\" \/>\u2022 Takahelma hieman pidempi<br data-start=\"961\" data-end=\"964\" \/>\u2022 Harjattu l\u00e4mmin sis\u00e4pinta<br data-start=\"991\" data-end=\"994\" \/>\u2022 Irrotettava etiketti<\/p>\n<h2 data-section-id=\"1yf6ifa\" data-start=\"1020\" data-end=\"1033\">Materiaali<\/h2>\n<p data-start=\"1035\" data-end=\"1097\"><strong data-start=\"1035\" data-end=\"1050\">Materiaali:<\/strong> 88 % kierr\u00e4tetty polyesteri \/ 12 % elastaani<\/p>\n<p data-start=\"1099\" data-end=\"1120\"><strong data-start=\"1099\" data-end=\"1109\">Paino:<\/strong> 200 g\/m\u00b2<\/p>\n<p data-start=\"1122\" data-end=\"1226\">Joustava tekninen materiaali tekee paidasta <strong data-start=\"1166\" data-end=\"1225\">hengitt\u00e4v\u00e4n, l\u00e4mpim\u00e4n ja mukavan aktiiviseen liikuntaan<\/strong>.<\/p>\n<h2 data-section-id=\"189ut9c\" data-start=\"1228\" data-end=\"1239\">Painatus<\/h2>\n<p>Merkkaustapa <strong>DTF-painatus <\/strong><\/p>\n<h2 data-section-id=\"wipf49\" data-start=\"1284\" data-end=\"1300\">K\u00e4ytt\u00f6kohteet<\/h2>\n<p data-start=\"1302\" data-end=\"1418\">\u2022 juoksu ja lenkkeily<br data-start=\"1323\" data-end=\"1326\" \/>\u2022 treeni ja ulkoliikunta<br data-start=\"1350\" data-end=\"1353\" \/>\u2022 urheiluseurat ja joukkueet<br data-start=\"1381\" data-end=\"1384\" \/>\u2022 tapahtumat ja kampanjavaatteet<\/p>\n<h2 data-section-id=\"m4e5ur\" data-start=\"1420\" data-end=\"1435\">Toimitusaika<\/h2>\n<p data-start=\"1437\" data-end=\"1554\">Arvioitu toimitusaika <strong data-start=\"1459\" data-end=\"1476\">noin 1 viikko<\/strong>.<br data-start=\"1477\" data-end=\"1480\" \/>Toimitusaika voi vaihdella tilausm\u00e4\u00e4r\u00e4n ja mahdollisen painatuksen mukaan.<\/p>\n<h2 data-section-id=\"1hryhf7\" data-start=\"1556\" data-end=\"1562\">FAQ<\/h2>\n<p data-start=\"1564\" data-end=\"1702\"><strong data-start=\"1564\" data-end=\"1614\">Voiko Estambul Woman paidan tilata painettuna?<\/strong><br data-start=\"1614\" data-end=\"1617\" \/>Kyll\u00e4. Paita voidaan toimittaa <strong data-start=\"1648\" data-end=\"1701\">logolla tai tekstill\u00e4 painettuna tarjouspyynn\u00f6st\u00e4<\/strong>.<\/p>\n<p data-start=\"1704\" data-end=\"1815\"><strong data-start=\"1704\" data-end=\"1747\">Voiko tuotteen tilata ilman painatusta?<\/strong><br data-start=\"1747\" data-end=\"1750\" \/>Kyll\u00e4, Estambul Woman paita on saatavana my\u00f6s <strong data-start=\"1796\" data-end=\"1814\">painamattomana<\/strong>.<\/p>\n<p data-start=\"1817\" data-end=\"1941\"><strong data-start=\"1817\" data-end=\"1846\">Onko materiaali joustava?<\/strong><br data-start=\"1846\" data-end=\"1849\" \/>Kyll\u00e4. Materiaali sis\u00e4lt\u00e4\u00e4 <strong data-start=\"1876\" data-end=\"1890\">elastaania<\/strong>, mik\u00e4 tekee paidasta joustavan ja mukavan liikkua.<\/p>\n<p data-start=\"1943\" data-end=\"2088\" data-is-last-node=\"\" data-is-only-node=\"\"><strong data-start=\"1943\" data-end=\"1986\">Sopiiko paita juoksuun ja ulkotreeniin?<\/strong><br data-start=\"1986\" data-end=\"1989\" \/>Kyll\u00e4. Estambul Woman on suunniteltu <strong data-start=\"2026\" data-end=\"2087\">juoksuun ja aktiiviseen liikuntaan viileiss\u00e4 olosuhteissa<\/strong>.<\/p>\n<p data-v-00b2e954=\"\"><strong>Mittausohjeet:<\/strong><br \/>\n<strong>Leveys: Tuotteen reunasta reunaan 2cm hihojen alapuolelta.<\/strong><br \/>\n<strong>Pituus: Olkap\u00e4\u00e4n korkeimmasta kohdasta tuotteen\u00a0alareunaan.<\/strong><\/p>\n<p><strong>Paidat:<\/strong><\/p>\n<table id=\"size_chart\" class=\"table table-responsive\" style=\"height: 240px;\" width=\"230\" cellspacing=\"0\" cellpadding=\"0\">\n<tbody>\n<tr>\n<th>Koko<\/th>\n<th><img decoding=\"async\" src=\"https:\/\/wordans-a1a5.kxcdn.com\/images\/wordans2010\/length.png\" alt=\"Length\" \/>\u00a0<label id=\"lengthLabel\">Pituus<\/label><\/th>\n<th><img decoding=\"async\" src=\"https:\/\/wordans-a1a5.kxcdn.com\/images\/wordans2010\/width.png\" alt=\"Width\" \/>\u00a0<label id=\"widthLabel\">Leveys<\/label><\/th>\n<\/tr>\n<tr>\n<td>S<\/td>\n<td>63<\/td>\n<td>45<\/td>\n<\/tr>\n<tr>\n<td>M<\/td>\n<td>64<\/td>\n<td>48<\/td>\n<\/tr>\n<tr>\n<td>L<\/td>\n<td>65<\/td>\n<td>51<\/td>\n<\/tr>\n<tr>\n<td>XL<\/td>\n<td>66<\/td>\n<td>54<\/td>\n<\/tr>\n<tr>\n<td>2XL<\/td>\n<td>67<\/td>\n<td>57<\/td>\n<\/tr>\n<\/tbody>\n<\/table>\n<p>&nbsp;<\/p>\n","protected":false},"excerpt":{"rendered":"<p>Tuotenumero 501902 Tekninen paita Estambul Woman \u2013 naisten pitk\u00e4hihainen urheilupaita | Roly24 Estambul Woman on naisten pitk\u00e4hihainen tekninen raglan-slim-fit-paita, joka sopii erinomaisesti juoksuun, ulkoiluun, treeniin sek\u00e4 urheiluseuroille ja tapahtumiin. Joustava ja hengitt\u00e4v\u00e4 materiaali tekee paidasta mukavan aktiiviseen liikuntaan. Paidassa on puolivetoketjullinen kaulus heijastinnauhalla, peukaloaukot hihansuissa sek\u00e4 heijastavat yksityiskohdat sel\u00e4ss\u00e4, jotka parantavat k\u00e4ytt\u00f6mukavuutta ja n\u00e4kyvyytt\u00e4. Harjattu [&hellip;]<\/p>\n","protected":false},"featured_media":17561,"template":"","meta":{"_acf_changed":false,"om_disable_all_campaigns":false,"_monsterinsights_skip_tracking":false,"_monsterinsights_sitenote_active":false,"_monsterinsights_sitenote_note":"","_monsterinsights_sitenote_category":0},"product_brand":[],"product_cat":[528,512],"product_tag":[298,544,552,555],"class_list":{"0":"post-17547","1":"product","2":"type-product","3":"status-publish","4":"has-post-thumbnail","6":"product_cat-sport-puserot","7":"product_cat-sport","8":"product_tag-painatus","9":"product_tag-paita-painatus","10":"product_tag-pitkahihainen-paita","11":"product_tag-tekninen-paita","12":"product_shipping_class-postipaketti","14":"first","15":"instock","16":"taxable","17":"shipping-taxable","18":"purchasable","19":"product-type-simple"},"acf":[],"aioseo_notices":[],"_links":{"self":[{"href":"https:\/\/www.roly24.com\/index.php\/wp-json\/wp\/v2\/product\/17547","targetHints":{"allow":["GET"]}}],"collection":[{"href":"https:\/\/www.roly24.com\/index.php\/wp-json\/wp\/v2\/product"}],"about":[{"href":"https:\/\/www.roly24.com\/index.php\/wp-json\/wp\/v2\/types\/product"}],"version-history":[{"count":2,"href":"https:\/\/www.roly24.com\/index.php\/wp-json\/wp\/v2\/product\/17547\/revisions"}],"predecessor-version":[{"id":22186,"href":"https:\/\/www.roly24.com\/index.php\/wp-json\/wp\/v2\/product\/17547\/revisions\/22186"}],"wp:featuredmedia":[{"embeddable":true,"href":"https:\/\/www.roly24.com\/index.php\/wp-json\/wp\/v2\/media\/17561"}],"wp:attachment":[{"href":"https:\/\/www.roly24.com\/index.php\/wp-json\/wp\/v2\/media?parent=17547"}],"wp:term":[{"taxonomy":"product_brand","embeddable":true,"href":"https:\/\/www.roly24.com\/index.php\/wp-json\/wp\/v2\/product_brand?post=17547"},{"taxonomy":"product_cat","embeddable":true,"href":"https:\/\/www.roly24.com\/index.php\/wp-json\/wp\/v2\/product_cat?post=17547"},{"taxonomy":"product_tag","embeddable":true,"href":"https:\/\/www.roly24.com\/index.php\/wp-json\/wp\/v2\/product_tag?post=17547"}],"curies":[{"name":"wp","href":"https:\/\/api.w.org\/{rel}","templated":true}]}}