{"id":17150,"date":"2025-03-07T14:17:01","date_gmt":"2025-03-07T12:17:01","guid":{"rendered":"https:\/\/www.roly24.com\/?post_type=product&#038;p=17150"},"modified":"2026-03-12T14:08:01","modified_gmt":"2026-03-12T12:08:01","slug":"verryttelytakki-epiro","status":"publish","type":"product","link":"https:\/\/www.roly24.com\/index.php\/tuote\/verryttelytakki-epiro\/","title":{"rendered":"Collegepaita Epiro"},"content":{"rendered":"<p><strong>Tuotenumero 501706<\/strong><\/p>\n<article class=\"text-token-text-primary w-full focus:outline-none [--shadow-height:45px] has-data-writing-block:pointer-events-none has-data-writing-block:-mt-(--shadow-height) has-data-writing-block:pt-(--shadow-height) [&amp;:has([data-writing-block])&gt;*]:pointer-events-auto scroll-mt-(--header-height)\" dir=\"auto\" tabindex=\"-1\" data-turn-id=\"66f27136-3d2a-47c6-ad7c-6daf9b1ce575\" data-testid=\"conversation-turn-157\" data-scroll-anchor=\"false\" data-turn=\"user\"><\/article>\n<article class=\"text-token-text-primary w-full focus:outline-none [--shadow-height:45px] has-data-writing-block:pointer-events-none has-data-writing-block:-mt-(--shadow-height) has-data-writing-block:pt-(--shadow-height) [&amp;:has([data-writing-block])&gt;*]:pointer-events-auto scroll-mt-[calc(var(--header-height)+min(200px,max(70px,20svh)))]\" dir=\"auto\" tabindex=\"-1\" data-turn-id=\"request-69b248f7-7868-832d-ba23-dc550986512b-5\" data-testid=\"conversation-turn-158\" data-scroll-anchor=\"true\" data-turn=\"assistant\">\n<div class=\"text-base my-auto mx-auto pb-10 [--thread-content-margin:var(--thread-content-margin-xs,calc(var(--spacing)*4))] @w-sm\/main:[--thread-content-margin:var(--thread-content-margin-sm,calc(var(--spacing)*6))] @w-lg\/main:[--thread-content-margin:var(--thread-content-margin-lg,calc(var(--spacing)*16))] px-(--thread-content-margin)\">\n<div class=\"[--thread-content-max-width:40rem] @w-lg\/main:[--thread-content-max-width:48rem] mx-auto max-w-(--thread-content-max-width) flex-1 group\/turn-messages focus-visible:outline-hidden relative flex w-full min-w-0 flex-col agent-turn\" tabindex=\"-1\">\n<div class=\"flex max-w-full flex-col gap-4 grow\">\n<div class=\"min-h-8 text-message relative flex w-full flex-col items-end gap-2 text-start break-words whitespace-normal [.text-message+&amp;]:mt-1\" dir=\"auto\" data-message-author-role=\"assistant\" data-message-id=\"df285011-81a8-493e-be1c-d8d37f222a68\" data-message-model-slug=\"gpt-5-3\">\n<div class=\"flex w-full flex-col gap-1 empty:hidden\">\n<div class=\"markdown prose dark:prose-invert w-full wrap-break-word light markdown-new-styling\">\n<h4 data-start=\"0\" data-end=\"84\">Collegepaita Epiro \u2013 tekninen raglan-collegepaita painettuna tai painamattomana<\/h4>\n<p data-start=\"86\" data-end=\"323\">Epiro collegepaita on tekninen raglan-hihainen collegepaita, joka sopii hyvin urheiluun, harjoitteluun, joukkueille, tapahtumiin sek\u00e4 vapaa-aikaan. L\u00e4mmin sis\u00e4puolinen fleece tekee paidasta mukavan k\u00e4ytt\u00e4\u00e4 my\u00f6s viile\u00e4mmiss\u00e4 olosuhteissa.<\/p>\n<p data-start=\"325\" data-end=\"521\">Tuotteet voidaan toimittaa sek\u00e4 painettuina ett\u00e4 painamattomina, joten paidat voidaan valmistaa valmiiksi painettuina logolla tai grafiikalla tai toimittaa ilman painatusta jatkomerkkausta varten.<\/p>\n<p data-start=\"523\" data-end=\"814\">Paidassa on raglanhihat, jotka parantavat liikkuvuutta urheilussa. Kauluksessa on puolivetoketju sek\u00e4 vahvistetut peitetyt saumat, jotka lis\u00e4\u00e4v\u00e4t k\u00e4ytt\u00f6mukavuutta ja kest\u00e4vyytt\u00e4. Takakauluksessa, hihansuissa ja helmassa oleva 1\u00d71 resori parantaa istuvuutta ja viimeistelee sporttisen ilmeen.<\/p>\n<p data-start=\"816\" data-end=\"971\">Epiro collegepaita on suunniteltu sopimaan yhteen Neapolis-housujen kanssa, mik\u00e4 tekee siit\u00e4 hyv\u00e4n vaihtoehdon yhten\u00e4isiin urheilu- ja seuravaatesetteihin.<\/p>\n<h3 data-section-id=\"rog7al\" data-start=\"973\" data-end=\"989\">Ominaisuudet<\/h3>\n<p data-start=\"991\" data-end=\"1251\">Tekninen collegepaita \u2022 Raglanhihat \u2022 Puolivetoketjullinen kaulus \u2022 Vahvistetut peitetyt saumat \u2022 1\u00d71 resori kauluksessa, hihansuissa ja helmassa \u2022 Sis\u00e4puolinen fleece \u2022 Tekninen kangas \u2022 Sopii Neapolis-housujen kanssa \u2022 Saatavana painettuna tai painamattomana<\/p>\n<h3 data-section-id=\"dpzujp\" data-start=\"1253\" data-end=\"1267\">Materiaali<\/h3>\n<p data-start=\"1269\" data-end=\"1303\">100 % polyesteri<br data-start=\"1285\" data-end=\"1288\" \/>Paino: 200 g\/m\u00b2<\/p>\n<p data-start=\"1305\" data-end=\"1382\">Tekninen polyesterikangas on kest\u00e4v\u00e4, l\u00e4mmin ja mukava aktiivisessa k\u00e4yt\u00f6ss\u00e4.<\/p>\n<h3 data-section-id=\"q08wlc\" data-start=\"1384\" data-end=\"1400\">Toimitusaika<\/h3>\n<p data-start=\"1402\" data-end=\"1438\">Arvioitu toimitusaika noin 1 viikko.<\/p>\n<p data-start=\"1440\" data-end=\"1514\">Toimitusaika voi vaihdella tilausm\u00e4\u00e4r\u00e4n ja mahdollisen painatuksen mukaan.<\/p>\n<h3 data-section-id=\"19f8ccq\" data-start=\"1516\" data-end=\"1533\">K\u00e4ytt\u00f6kohteet<\/h3>\n<p data-start=\"1535\" data-end=\"1671\">Urheilu \u2022 Harjoittelu \u2022 Joukkueet \u2022 Tapahtumat \u2022 Promootiotuotteet \u2022 Seuravaatteet \u2022 Br\u00e4ndituotteet \u2022 Verkkokauppamyynti \u2022 J\u00e4lleenmyynti<\/p>\n<h3 data-section-id=\"6b1txa\" data-start=\"1673\" data-end=\"1715\">Tuotteet painettuna tai painamattomana<\/h3>\n<p data-start=\"1717\" data-end=\"1841\">Voit tilata Epiro collegepaidat painamattomina omaa painotuotantoa varten tai valmiiksi painettuina logolla tai grafiikalla.<\/p>\n<h3 data-section-id=\"1pycund\" data-start=\"1843\" data-end=\"1872\">Mahdolliset merkkaustavat<\/h3>\n<p data-start=\"1874\" data-end=\"1961\">Painatus: Tuote painetaan DTF-painatuksella.<br data-start=\"1918\" data-end=\"1921\" \/>Brodeeraus: Saatavilla tarjouspyynn\u00f6ll\u00e4.<\/p>\n<h3 data-section-id=\"gwkuul\" data-start=\"1963\" data-end=\"1995\">Suuret er\u00e4t ja j\u00e4lleenmyyj\u00e4t<\/h3>\n<p data-start=\"1997\" data-end=\"2240\">Roly24 toimittaa tuotteita my\u00f6s suuremmissa eriss\u00e4 tarjouspohjalta esimerkiksi j\u00e4lleenmyyjille, yrityksille, urheiluseuroille, yhdistyksille ja tapahtumaj\u00e4rjest\u00e4jille. Tuotteet voidaan toimittaa painettuina tai painamattomina tilauksen mukaan.<\/p>\n<p data-start=\"2242\" data-end=\"2278\">\ud83d\udce9 Pyyd\u00e4 tarjous suuremmista erist\u00e4.<\/p>\n<h3 data-section-id=\"181otkz\" data-start=\"2280\" data-end=\"2314\">FAQ \u2013 Usein kysytyt kysymykset<\/h3>\n<p data-start=\"2316\" data-end=\"2452\"><strong data-start=\"2316\" data-end=\"2364\">Voiko Epiro collegepaidan tilata painettuna?<\/strong><br data-start=\"2364\" data-end=\"2367\" \/>Kyll\u00e4. Collegepaidat voidaan toimittaa valmiiksi painettuina logolla tai grafiikalla.<\/p>\n<p data-start=\"2454\" data-end=\"2566\"><strong data-start=\"2454\" data-end=\"2502\">Voiko collegepaidan tilata ilman painatusta?<\/strong><br data-start=\"2502\" data-end=\"2505\" \/>Kyll\u00e4. Tuotteet myyd\u00e4\u00e4n sek\u00e4 painettuina ett\u00e4 painamattomina.<\/p>\n<p data-start=\"2568\" data-end=\"2675\"><strong data-start=\"2568\" data-end=\"2603\">Onko paidassa l\u00e4mmin sis\u00e4puoli?<\/strong><br data-start=\"2603\" data-end=\"2606\" \/>Kyll\u00e4. Paidassa on fleece-sis\u00e4puoli, joka lis\u00e4\u00e4 l\u00e4mp\u00f6\u00e4 ja mukavuutta.<\/p>\n<p data-start=\"2677\" data-end=\"2812\"><strong data-start=\"2677\" data-end=\"2727\">Sopiiko paita yhteen muiden tuotteiden kanssa?<\/strong><br data-start=\"2727\" data-end=\"2730\" \/>Kyll\u00e4. Epiro collegepaita on suunniteltu sopimaan yhteen Neapolis-housujen kanssa.<\/p>\n<p data-start=\"2814\" data-end=\"2943\" data-is-last-node=\"\" data-is-only-node=\"\"><strong data-start=\"2814\" data-end=\"2847\">Kuinka pitk\u00e4 toimitusaika on?<\/strong><br data-start=\"2847\" data-end=\"2850\" \/>Arvioitu toimitusaika on noin 1 viikko, riippuen tilausm\u00e4\u00e4r\u00e4st\u00e4 ja mahdollisesta merkinn\u00e4st\u00e4.<\/p>\n<\/div>\n<\/div>\n<\/div>\n<\/div>\n<\/div>\n<\/div>\n<\/article>\n<p data-v-00b2e954=\"\"><img decoding=\"async\" class=\"mr-1 grey\" title=\"30\u00ba pesu max.\" src=\"https:\/\/static.gorfactory.es\/images\/icons\/20220914110209_Lavar%20a%2030%C2%BA%20m%C3%A1ximo.png\" alt=\"30\u00ba pesu max.\" width=\"40\" height=\"40\" data-v-6089ed0a=\"\" data-v-00b2e954=\"\" \/><img decoding=\"async\" class=\"mr-1 grey\" title=\"\u00c4l\u00e4 valkaise\" src=\"https:\/\/static.gorfactory.es\/images\/icons\/20220914110315_No%20usar%20blanqueador.png\" alt=\"\u00c4l\u00e4 valkaise\" width=\"40\" height=\"40\" data-v-6089ed0a=\"\" data-v-00b2e954=\"\" \/><img decoding=\"async\" class=\"mr-1 grey\" title=\"\u00c4l\u00e4 rumpukuivaa\" src=\"https:\/\/static.gorfactory.es\/images\/icons\/20220914110302_No%20secar%20en%20secadora.png\" alt=\"\u00c4l\u00e4 rumpukuivaa\" width=\"40\" height=\"40\" data-v-6089ed0a=\"\" data-v-00b2e954=\"\" \/><img loading=\"lazy\" decoding=\"async\" class=\"mr-1 grey\" title=\"Silitys alhaisessa l\u00e4mp\u00f6tilassa (max. 110\u00ba)\" src=\"https:\/\/static.gorfactory.es\/images\/icons\/20221117085113_Planchar-110.png\" alt=\"Silitys alhaisessa l\u00e4mp\u00f6tilassa (max. 110\u00ba)\" width=\"40\" height=\"40\" data-v-6089ed0a=\"\" data-v-00b2e954=\"\" \/><img loading=\"lazy\" decoding=\"async\" class=\"mr-1 grey\" title=\"\u00c4l\u00e4 kuivapesua\" src=\"https:\/\/static.gorfactory.es\/images\/icons\/20220914110151_No%20lavar%20en%20seco.png\" alt=\"\u00c4l\u00e4 kuivapesua\" width=\"40\" height=\"40\" data-v-6089ed0a=\"\" data-v-00b2e954=\"\" \/><\/p>\n<p><strong>Paidat:<\/strong><\/p>\n<table id=\"size_chart\" class=\"table table-responsive\" style=\"height: 240px;\" width=\"230\" cellspacing=\"0\" cellpadding=\"0\">\n<tbody>\n<tr>\n<th>Koko<\/th>\n<th><img decoding=\"async\" src=\"https:\/\/wordans-a1a5.kxcdn.com\/images\/wordans2010\/length.png\" alt=\"Length\" \/>\u00a0<label id=\"lengthLabel\">Pituus<\/label><\/th>\n<th><img decoding=\"async\" src=\"https:\/\/wordans-a1a5.kxcdn.com\/images\/wordans2010\/width.png\" alt=\"Width\" \/>\u00a0<label id=\"widthLabel\">Leveys<\/label><\/th>\n<\/tr>\n<tr>\n<td>S<\/td>\n<td>71<\/td>\n<td>51<\/td>\n<\/tr>\n<tr>\n<td>M<\/td>\n<td>72<\/td>\n<td>53<\/td>\n<\/tr>\n<tr>\n<td>L<\/td>\n<td>73<\/td>\n<td>56<\/td>\n<\/tr>\n<tr>\n<td>XL<\/td>\n<td>74<\/td>\n<td>59<\/td>\n<\/tr>\n<tr>\n<td>2XL<\/td>\n<td>75<\/td>\n<td>62<\/td>\n<\/tr>\n<\/tbody>\n<\/table>\n<p>&nbsp;<\/p>\n","protected":false},"excerpt":{"rendered":"<p>Tuotenumero 501706 Collegepaita Epiro \u2013 tekninen raglan-collegepaita painettuna tai painamattomana Epiro collegepaita on tekninen raglan-hihainen collegepaita, joka sopii hyvin urheiluun, harjoitteluun, joukkueille, tapahtumiin sek\u00e4 vapaa-aikaan. L\u00e4mmin sis\u00e4puolinen fleece tekee paidasta mukavan k\u00e4ytt\u00e4\u00e4 my\u00f6s viile\u00e4mmiss\u00e4 olosuhteissa. Tuotteet voidaan toimittaa sek\u00e4 painettuina ett\u00e4 painamattomina, joten paidat voidaan valmistaa valmiiksi painettuina logolla tai grafiikalla tai toimittaa ilman painatusta [&hellip;]<\/p>\n","protected":false},"featured_media":17165,"template":"","meta":{"_acf_changed":false,"om_disable_all_campaigns":false,"_monsterinsights_skip_tracking":false,"_monsterinsights_sitenote_active":false,"_monsterinsights_sitenote_note":"","_monsterinsights_sitenote_category":0},"product_brand":[],"product_cat":[512,526],"product_tag":[478,543,298,544],"class_list":{"0":"post-17150","1":"product","2":"type-product","3":"status-publish","4":"has-post-thumbnail","6":"product_cat-sport","7":"product_cat-sport-verryttelyasut","8":"product_tag-college","9":"product_tag-collegepaita","10":"product_tag-painatus","11":"product_tag-paita-painatus","12":"product_shipping_class-postipaketti","14":"first","15":"instock","16":"taxable","17":"shipping-taxable","18":"purchasable","19":"product-type-simple"},"acf":[],"aioseo_notices":[],"_links":{"self":[{"href":"https:\/\/www.roly24.com\/index.php\/wp-json\/wp\/v2\/product\/17150","targetHints":{"allow":["GET"]}}],"collection":[{"href":"https:\/\/www.roly24.com\/index.php\/wp-json\/wp\/v2\/product"}],"about":[{"href":"https:\/\/www.roly24.com\/index.php\/wp-json\/wp\/v2\/types\/product"}],"version-history":[{"count":2,"href":"https:\/\/www.roly24.com\/index.php\/wp-json\/wp\/v2\/product\/17150\/revisions"}],"predecessor-version":[{"id":21720,"href":"https:\/\/www.roly24.com\/index.php\/wp-json\/wp\/v2\/product\/17150\/revisions\/21720"}],"wp:featuredmedia":[{"embeddable":true,"href":"https:\/\/www.roly24.com\/index.php\/wp-json\/wp\/v2\/media\/17165"}],"wp:attachment":[{"href":"https:\/\/www.roly24.com\/index.php\/wp-json\/wp\/v2\/media?parent=17150"}],"wp:term":[{"taxonomy":"product_brand","embeddable":true,"href":"https:\/\/www.roly24.com\/index.php\/wp-json\/wp\/v2\/product_brand?post=17150"},{"taxonomy":"product_cat","embeddable":true,"href":"https:\/\/www.roly24.com\/index.php\/wp-json\/wp\/v2\/product_cat?post=17150"},{"taxonomy":"product_tag","embeddable":true,"href":"https:\/\/www.roly24.com\/index.php\/wp-json\/wp\/v2\/product_tag?post=17150"}],"curies":[{"name":"wp","href":"https:\/\/api.w.org\/{rel}","templated":true}]}}