{"id":17145,"date":"2025-03-07T14:07:40","date_gmt":"2025-03-07T12:07:40","guid":{"rendered":"https:\/\/www.roly24.com\/?post_type=product&#038;p=17145"},"modified":"2026-03-12T14:06:09","modified_gmt":"2026-03-12T12:06:09","slug":"verryttelyhousut-rodas","status":"publish","type":"product","link":"https:\/\/www.roly24.com\/index.php\/tuote\/verryttelyhousut-rodas\/","title":{"rendered":"Verryttelyhousut Rodas"},"content":{"rendered":"<p><strong>Tuotenumero 501705<\/strong><\/p>\n<div class=\"relative basis-auto flex-col -mb-(--composer-overlap-px) [--composer-overlap-px:28px] grow flex\">\n<div class=\"flex flex-col text-sm pb-25\">\n<article class=\"text-token-text-primary w-full focus:outline-none [--shadow-height:45px] has-data-writing-block:pointer-events-none has-data-writing-block:-mt-(--shadow-height) has-data-writing-block:pt-(--shadow-height) [&amp;:has([data-writing-block])&gt;*]:pointer-events-auto scroll-mt-[calc(var(--header-height)+min(200px,max(70px,20svh)))]\" dir=\"auto\" tabindex=\"-1\" data-turn-id=\"request-69b248f7-7868-832d-ba23-dc550986512b-3\" data-testid=\"conversation-turn-154\" data-scroll-anchor=\"true\" data-turn=\"assistant\">\n<div class=\"text-base my-auto mx-auto pb-10 [--thread-content-margin:var(--thread-content-margin-xs,calc(var(--spacing)*4))] @w-sm\/main:[--thread-content-margin:var(--thread-content-margin-sm,calc(var(--spacing)*6))] @w-lg\/main:[--thread-content-margin:var(--thread-content-margin-lg,calc(var(--spacing)*16))] px-(--thread-content-margin)\">\n<div class=\"[--thread-content-max-width:40rem] @w-lg\/main:[--thread-content-max-width:48rem] mx-auto max-w-(--thread-content-max-width) flex-1 group\/turn-messages focus-visible:outline-hidden relative flex w-full min-w-0 flex-col agent-turn\" tabindex=\"-1\">\n<div class=\"flex max-w-full flex-col gap-4 grow\">\n<div class=\"min-h-8 text-message relative flex w-full flex-col items-end gap-2 text-start break-words whitespace-normal [.text-message+&amp;]:mt-1\" dir=\"auto\" data-message-author-role=\"assistant\" data-message-id=\"c0f9eec2-a7dc-4739-854e-0e2d422c2551\" data-message-model-slug=\"gpt-5-3\">\n<div class=\"flex w-full flex-col gap-1 empty:hidden\">\n<div class=\"markdown prose dark:prose-invert w-full wrap-break-word light markdown-new-styling\">\n<h4 data-start=\"0\" data-end=\"82\">Verryttelyhousut Rodas \u2013 tekniset urheiluhousut painettuna tai painamattomana<\/h4>\n<p data-start=\"84\" data-end=\"313\">Rodas verryttelyhousut ovat tekniset urheiluhousut, jotka sopivat hyvin urheiluun, harjoitteluun, joukkueille, tapahtumiin sek\u00e4 vapaa-aikaan. Mukava ja kest\u00e4v\u00e4 materiaali tekee housuista erinomaisen valinnan aktiiviseen k\u00e4ytt\u00f6\u00f6n.<\/p>\n<p data-start=\"315\" data-end=\"511\">Tuotteet voidaan toimittaa sek\u00e4 painettuina ett\u00e4 painamattomina, joten housut voidaan valmistaa valmiiksi painettuina logolla tai grafiikalla tai toimittaa ilman painatusta jatkomerkkausta varten.<\/p>\n<p data-start=\"513\" data-end=\"709\">Housuissa on joustava vy\u00f6t\u00e4r\u00f6nauha s\u00e4\u00e4dett\u00e4v\u00e4ll\u00e4 kiristysny\u00f6rill\u00e4, joka parantaa istuvuutta ja k\u00e4ytt\u00f6mukavuutta. Vetoketjulliset sivutaskut tarjoavat turvallisen s\u00e4ilytystilan pienille tavaroille.<\/p>\n<p data-start=\"711\" data-end=\"870\">Valkoiset kontrastinauhat tuovat housuihin sporttisen ilmeen. Lahkeensuissa oleva 1\u00d71 resori parantaa istuvuutta ja pit\u00e4\u00e4 lahkeet paikoillaan liikunnan aikana.<\/p>\n<p data-start=\"872\" data-end=\"1002\">Rodas housut voidaan yhdist\u00e4\u00e4 Leros-takin kanssa, mik\u00e4 tekee niist\u00e4 hyv\u00e4n vaihtoehdon yhten\u00e4isiin urheilu- ja seuravaatesetteihin.<\/p>\n<h3 data-section-id=\"rog7al\" data-start=\"1004\" data-end=\"1020\">Ominaisuudet<\/h3>\n<p data-start=\"1022\" data-end=\"1279\">Tekniset urheiluhousut \u2022 Joustava vy\u00f6t\u00e4r\u00f6nauha kiristysny\u00f6rill\u00e4 \u2022 Vetoketjulliset sivutaskut \u2022 Valkoiset kontrastinauhat \u2022 1\u00d71 resori lahkeensuissa \u2022 Mukava ja kest\u00e4v\u00e4 tekninen kangas \u2022 Yhdistett\u00e4viss\u00e4 Leros-takkiin \u2022 Saatavana painettuna tai painamattomana<\/p>\n<h3 data-section-id=\"dpzujp\" data-start=\"1281\" data-end=\"1295\">Materiaali<\/h3>\n<p data-start=\"1297\" data-end=\"1360\">100 % polyesteri<br data-start=\"1313\" data-end=\"1316\" \/>Kangas: harjattu interlock<br data-start=\"1342\" data-end=\"1345\" \/>Paino: 240 g\/m\u00b2<\/p>\n<p data-start=\"1362\" data-end=\"1462\">Kest\u00e4v\u00e4 ja mukava tekninen materiaali tekee housuista hengitt\u00e4v\u00e4t ja l\u00e4mpim\u00e4t aktiivisessa k\u00e4yt\u00f6ss\u00e4.<\/p>\n<h3 data-section-id=\"q08wlc\" data-start=\"1464\" data-end=\"1480\">Toimitusaika<\/h3>\n<p data-start=\"1482\" data-end=\"1518\">Arvioitu toimitusaika noin 1 viikko.<\/p>\n<p data-start=\"1520\" data-end=\"1594\">Toimitusaika voi vaihdella tilausm\u00e4\u00e4r\u00e4n ja mahdollisen painatuksen mukaan.<\/p>\n<h3 data-section-id=\"19f8ccq\" data-start=\"1596\" data-end=\"1613\">K\u00e4ytt\u00f6kohteet<\/h3>\n<p data-start=\"1615\" data-end=\"1751\">Urheilu \u2022 Harjoittelu \u2022 Joukkueet \u2022 Tapahtumat \u2022 Promootiotuotteet \u2022 Seuravaatteet \u2022 Br\u00e4ndituotteet \u2022 Verkkokauppamyynti \u2022 J\u00e4lleenmyynti<\/p>\n<h3 data-section-id=\"6b1txa\" data-start=\"1753\" data-end=\"1795\">Tuotteet painettuna tai painamattomana<\/h3>\n<p data-start=\"1797\" data-end=\"1924\">Voit tilata Rodas verryttelyhousut painamattomina omaa painotuotantoa varten tai valmiiksi painettuina logolla tai grafiikalla.<\/p>\n<h3 data-section-id=\"1pycund\" data-start=\"1926\" data-end=\"1955\">Mahdolliset merkkaustavat<\/h3>\n<p data-start=\"1957\" data-end=\"2044\">Painatus: Tuote painetaan DTF-painatuksella.<br data-start=\"2001\" data-end=\"2004\" \/>Brodeeraus: Saatavilla tarjouspyynn\u00f6ll\u00e4.<\/p>\n<h3 data-section-id=\"gwkuul\" data-start=\"2046\" data-end=\"2078\">Suuret er\u00e4t ja j\u00e4lleenmyyj\u00e4t<\/h3>\n<p data-start=\"2080\" data-end=\"2323\">Roly24 toimittaa tuotteita my\u00f6s suuremmissa eriss\u00e4 tarjouspohjalta esimerkiksi j\u00e4lleenmyyjille, yrityksille, urheiluseuroille, yhdistyksille ja tapahtumaj\u00e4rjest\u00e4jille. Tuotteet voidaan toimittaa painettuina tai painamattomina tilauksen mukaan.<\/p>\n<p data-start=\"2325\" data-end=\"2361\">\ud83d\udce9 Pyyd\u00e4 tarjous suuremmista erist\u00e4.<\/p>\n<h3 data-section-id=\"181otkz\" data-start=\"2363\" data-end=\"2397\">FAQ \u2013 Usein kysytyt kysymykset<\/h3>\n<p data-start=\"2399\" data-end=\"2531\"><strong data-start=\"2399\" data-end=\"2450\">Voiko Rodas verryttelyhousut tilata painettuna?<\/strong><br data-start=\"2450\" data-end=\"2453\" \/>Kyll\u00e4. Housut voidaan toimittaa valmiiksi painettuina logolla tai grafiikalla.<\/p>\n<p data-start=\"2533\" data-end=\"2638\"><strong data-start=\"2533\" data-end=\"2574\">Voiko housut tilata ilman painatusta?<\/strong><br data-start=\"2574\" data-end=\"2577\" \/>Kyll\u00e4. Tuotteet myyd\u00e4\u00e4n sek\u00e4 painettuina ett\u00e4 painamattomina.<\/p>\n<p data-start=\"2640\" data-end=\"2754\"><strong data-start=\"2640\" data-end=\"2682\">Onko housuissa vetoketjulliset taskut?<\/strong><br data-start=\"2682\" data-end=\"2685\" \/>Kyll\u00e4. Sivutaskut ovat vetoketjulliset turvallista s\u00e4ilytyst\u00e4 varten.<\/p>\n<p data-start=\"2756\" data-end=\"2874\"><strong data-start=\"2756\" data-end=\"2790\">Voiko housut yhdist\u00e4\u00e4 takkiin?<\/strong><br data-start=\"2790\" data-end=\"2793\" \/>Kyll\u00e4. Rodas housut voidaan yhdist\u00e4\u00e4 Leros-takkiin yhten\u00e4iseksi verryttelyasuksi.<\/p>\n<p data-start=\"2876\" data-end=\"3005\" data-is-last-node=\"\" data-is-only-node=\"\"><strong data-start=\"2876\" data-end=\"2909\">Kuinka pitk\u00e4 toimitusaika on?<\/strong><br data-start=\"2909\" data-end=\"2912\" \/>Arvioitu toimitusaika on noin 1 viikko, riippuen tilausm\u00e4\u00e4r\u00e4st\u00e4 ja mahdollisesta merkinn\u00e4st\u00e4.<\/p>\n<\/div>\n<\/div>\n<\/div>\n<\/div>\n<div class=\"z-0 flex min-h-[46px] justify-start\"><\/div>\n<\/div>\n<\/div>\n<\/article>\n<\/div>\n<\/div>\n<table id=\"size_chart\" class=\"table table-responsive\" style=\"height: 240px;\" width=\"230\" cellspacing=\"0\" cellpadding=\"0\">\n<tbody>\n<tr>\n<th>Koko<\/th>\n<th><img decoding=\"async\" src=\"https:\/\/wordans-a1a5.kxcdn.com\/images\/wordans2010\/length.png\" alt=\"Length\" \/>\u00a0<label id=\"lengthLabel\">Pituus<\/label><\/th>\n<th><img decoding=\"async\" src=\"https:\/\/wordans-a1a5.kxcdn.com\/images\/wordans2010\/width.png\" alt=\"Width\" \/>\u00a0<label id=\"widthLabel\">Leveys<\/label><\/th>\n<\/tr>\n<tr>\n<td>S<\/td>\n<td>101<\/td>\n<td>36<\/td>\n<\/tr>\n<tr>\n<td>M<\/td>\n<td>103<\/td>\n<td>38<\/td>\n<\/tr>\n<tr>\n<td>L<\/td>\n<td>105<\/td>\n<td>40<\/td>\n<\/tr>\n<tr>\n<td>XL<\/td>\n<td>107<\/td>\n<td>42<\/td>\n<\/tr>\n<tr>\n<td>2XL<\/td>\n<td>109<\/td>\n<td>44<\/td>\n<\/tr>\n<tr>\n<td>3XL<\/td>\n<td>111<\/td>\n<td>46<\/td>\n<\/tr>\n<\/tbody>\n<\/table>\n<p>&nbsp;<\/p>\n","protected":false},"excerpt":{"rendered":"<p>Tuotenumero 501705 Verryttelyhousut Rodas \u2013 tekniset urheiluhousut painettuna tai painamattomana Rodas verryttelyhousut ovat tekniset urheiluhousut, jotka sopivat hyvin urheiluun, harjoitteluun, joukkueille, tapahtumiin sek\u00e4 vapaa-aikaan. Mukava ja kest\u00e4v\u00e4 materiaali tekee housuista erinomaisen valinnan aktiiviseen k\u00e4ytt\u00f6\u00f6n. Tuotteet voidaan toimittaa sek\u00e4 painettuina ett\u00e4 painamattomina, joten housut voidaan valmistaa valmiiksi painettuina logolla tai grafiikalla tai toimittaa ilman painatusta jatkomerkkausta [&hellip;]<\/p>\n","protected":false},"featured_media":17148,"template":"","meta":{"_acf_changed":false,"om_disable_all_campaigns":false,"_monsterinsights_skip_tracking":false,"_monsterinsights_sitenote_active":false,"_monsterinsights_sitenote_note":"","_monsterinsights_sitenote_category":0},"product_brand":[],"product_cat":[512,526],"product_tag":[559,558,298,566,565],"class_list":{"0":"post-17145","1":"product","2":"type-product","3":"status-publish","4":"has-post-thumbnail","6":"product_cat-sport","7":"product_cat-sport-verryttelyasut","8":"product_tag-housu-painatus","9":"product_tag-housut","10":"product_tag-painatus","11":"product_tag-urheiluhousut","12":"product_tag-verkkarit","13":"product_shipping_class-postipaketti","15":"first","16":"instock","17":"taxable","18":"shipping-taxable","19":"purchasable","20":"product-type-simple"},"acf":[],"aioseo_notices":[],"_links":{"self":[{"href":"https:\/\/www.roly24.com\/index.php\/wp-json\/wp\/v2\/product\/17145","targetHints":{"allow":["GET"]}}],"collection":[{"href":"https:\/\/www.roly24.com\/index.php\/wp-json\/wp\/v2\/product"}],"about":[{"href":"https:\/\/www.roly24.com\/index.php\/wp-json\/wp\/v2\/types\/product"}],"version-history":[{"count":2,"href":"https:\/\/www.roly24.com\/index.php\/wp-json\/wp\/v2\/product\/17145\/revisions"}],"predecessor-version":[{"id":21718,"href":"https:\/\/www.roly24.com\/index.php\/wp-json\/wp\/v2\/product\/17145\/revisions\/21718"}],"wp:featuredmedia":[{"embeddable":true,"href":"https:\/\/www.roly24.com\/index.php\/wp-json\/wp\/v2\/media\/17148"}],"wp:attachment":[{"href":"https:\/\/www.roly24.com\/index.php\/wp-json\/wp\/v2\/media?parent=17145"}],"wp:term":[{"taxonomy":"product_brand","embeddable":true,"href":"https:\/\/www.roly24.com\/index.php\/wp-json\/wp\/v2\/product_brand?post=17145"},{"taxonomy":"product_cat","embeddable":true,"href":"https:\/\/www.roly24.com\/index.php\/wp-json\/wp\/v2\/product_cat?post=17145"},{"taxonomy":"product_tag","embeddable":true,"href":"https:\/\/www.roly24.com\/index.php\/wp-json\/wp\/v2\/product_tag?post=17145"}],"curies":[{"name":"wp","href":"https:\/\/api.w.org\/{rel}","templated":true}]}}