{"id":17050,"date":"2025-03-04T13:00:58","date_gmt":"2025-03-04T11:00:58","guid":{"rendered":"https:\/\/www.roly24.com\/?post_type=product&#038;p=17050"},"modified":"2026-03-16T13:29:09","modified_gmt":"2026-03-16T11:29:09","slug":"legginsit-better","status":"publish","type":"product","link":"https:\/\/www.roly24.com\/index.php\/tuote\/legginsit-better\/","title":{"rendered":"L\u00e4mpim\u00e4t tekniset urheiluleggingsit BETTER painamattomana tai painettuna"},"content":{"rendered":"<p><strong>Tuotenumero 501611<\/strong><\/p>\n<h4 data-start=\"0\" data-end=\"90\"><span class=\"BZ_Pyq_fadeIn\">Leggingsit <\/span><span class=\"BZ_Pyq_fadeIn\">Better \u2013 <\/span><span class=\"BZ_Pyq_fadeIn\">l\u00e4mpim\u00e4t <\/span><span class=\"BZ_Pyq_fadeIn\">tekniset <\/span><span class=\"BZ_Pyq_fadeIn\">urheiluleggingsit <\/span><span class=\"BZ_Pyq_fadeIn\">painettuna <\/span><span class=\"BZ_Pyq_fadeIn\">tai <\/span><span class=\"BZ_Pyq_fadeIn\">painamattomana<\/span><\/h4>\n<p data-start=\"92\" data-end=\"340\"><span class=\"BZ_Pyq_fadeIn\">Better <\/span><span class=\"BZ_Pyq_fadeIn\">leggingsit <\/span><span class=\"BZ_Pyq_fadeIn\">ovat <\/span><span class=\"BZ_Pyq_fadeIn\">mukavat <\/span><span class=\"BZ_Pyq_fadeIn\">ja <\/span><span class=\"BZ_Pyq_fadeIn\">l\u00e4mpim\u00e4t <\/span><span class=\"BZ_Pyq_fadeIn\">tekniset <\/span><span class=\"BZ_Pyq_fadeIn\">leggingsit, <\/span><span class=\"BZ_Pyq_fadeIn\">jotka <\/span><span class=\"BZ_Pyq_fadeIn\">sopivat <\/span><span class=\"BZ_Pyq_fadeIn\">hyvin <\/span><span class=\"BZ_Pyq_fadeIn\">urheiluun, <\/span><span class=\"BZ_Pyq_fadeIn\">harjoitteluun, <\/span><span class=\"BZ_Pyq_fadeIn\">ulkoliikuntaan <\/span><span class=\"BZ_Pyq_fadeIn\">sek\u00e4 <\/span><span class=\"BZ_Pyq_fadeIn\">vapaa-<\/span><span class=\"BZ_Pyq_fadeIn\">aikaan. <\/span><span class=\"BZ_Pyq_fadeIn\">Joustava <\/span><span class=\"BZ_Pyq_fadeIn\">ja <\/span><span class=\"BZ_Pyq_fadeIn\">tekninen <\/span><span class=\"BZ_Pyq_fadeIn\">materiaali <\/span><span class=\"BZ_Pyq_fadeIn\">tekee <\/span><span class=\"BZ_Pyq_fadeIn\">leggingseist\u00e4 <\/span><span class=\"BZ_Pyq_fadeIn\">miellytt\u00e4v\u00e4t <\/span><span class=\"BZ_Pyq_fadeIn\">k\u00e4ytt\u00e4\u00e4 <\/span><span class=\"BZ_Pyq_fadeIn\">my\u00f6s <\/span><span class=\"BZ_Pyq_fadeIn\">viile\u00e4mmiss\u00e4 <\/span><span class=\"BZ_Pyq_fadeIn\">olosuhteissa.<\/span><\/p>\n<p data-start=\"342\" data-end=\"542\"><span class=\"BZ_Pyq_fadeIn\">Tuotteet <\/span><span class=\"BZ_Pyq_fadeIn\">voidaan <\/span><span class=\"BZ_Pyq_fadeIn\">toimittaa <\/span><span class=\"BZ_Pyq_fadeIn\">sek\u00e4 <\/span><span class=\"BZ_Pyq_fadeIn\">painettuina <\/span><span class=\"BZ_Pyq_fadeIn\">ett\u00e4 <\/span><span class=\"BZ_Pyq_fadeIn\">painamattomina, <\/span><span class=\"BZ_Pyq_fadeIn\">joten <\/span><span class=\"BZ_Pyq_fadeIn\">leggingsit <\/span><span class=\"BZ_Pyq_fadeIn\">voidaan <\/span><span class=\"BZ_Pyq_fadeIn\">valmistaa <\/span><span class=\"BZ_Pyq_fadeIn\">valmiiksi <\/span><span class=\"BZ_Pyq_fadeIn\">painettuina <\/span><span class=\"BZ_Pyq_fadeIn\">logolla <\/span><span class=\"BZ_Pyq_fadeIn\">tai <\/span><span class=\"BZ_Pyq_fadeIn\">grafiikalla <\/span><span class=\"BZ_Pyq_fadeIn\">tai <\/span><span class=\"BZ_Pyq_fadeIn\">toimittaa <\/span><span class=\"BZ_Pyq_fadeIn\">ilman <\/span><span class=\"BZ_Pyq_fadeIn\">painatusta <\/span><span class=\"BZ_Pyq_fadeIn\">jatkomerkkausta <\/span><span class=\"BZ_Pyq_fadeIn\">varten.<\/span><\/p>\n<p data-start=\"544\" data-end=\"713\"><span class=\"BZ_Pyq_fadeIn\">Leggingseiss\u00e4 <\/span><span class=\"BZ_Pyq_fadeIn\">on <\/span><span class=\"BZ_Pyq_fadeIn\">joustava <\/span><span class=\"BZ_Pyq_fadeIn\">vy\u00f6t\u00e4r\u00f6nauha <\/span><span class=\"BZ_Pyq_fadeIn\">sek\u00e4 <\/span><span class=\"BZ_Pyq_fadeIn\">lahkeensuut, <\/span><span class=\"BZ_Pyq_fadeIn\">joissa <\/span><span class=\"BZ_Pyq_fadeIn\">on <\/span><span class=\"BZ_Pyq_fadeIn\">vahvistettu <\/span><span class=\"BZ_Pyq_fadeIn\">kuminauha. <\/span><span class=\"BZ_Pyq_fadeIn\">T\u00e4m\u00e4 <\/span><span class=\"BZ_Pyq_fadeIn\">parantaa <\/span><span class=\"BZ_Pyq_fadeIn\">istuvuutta <\/span><span class=\"BZ_Pyq_fadeIn\">ja <\/span><span class=\"BZ_Pyq_fadeIn\">pit\u00e4\u00e4 <\/span><span class=\"BZ_Pyq_fadeIn\">leggingsit <\/span><span class=\"BZ_Pyq_fadeIn\">hyvin <\/span><span class=\"BZ_Pyq_fadeIn\">paikallaan <\/span><span class=\"BZ_Pyq_fadeIn\">liikunnan <\/span><span class=\"BZ_Pyq_fadeIn\">aikana.<\/span><\/p>\n<p data-start=\"715\" data-end=\"930\"><span class=\"BZ_Pyq_fadeIn\">Tekninen <\/span><span class=\"BZ_Pyq_fadeIn\">kangas <\/span><span class=\"BZ_Pyq_fadeIn\">on <\/span><span class=\"BZ_Pyq_fadeIn\">hengitt\u00e4v\u00e4, <\/span><span class=\"BZ_Pyq_fadeIn\">joustava <\/span><span class=\"BZ_Pyq_fadeIn\">ja <\/span><span class=\"BZ_Pyq_fadeIn\">helppo <\/span><span class=\"BZ_Pyq_fadeIn\">pest\u00e4, <\/span><span class=\"BZ_Pyq_fadeIn\">mik\u00e4 <\/span><span class=\"BZ_Pyq_fadeIn\">tekee <\/span><span class=\"BZ_Pyq_fadeIn\">leggingseist\u00e4 <\/span><span class=\"BZ_Pyq_fadeIn\">k\u00e4yt\u00e4nn\u00f6lliset <\/span><span class=\"BZ_Pyq_fadeIn\">aktiiviseen <\/span><span class=\"BZ_Pyq_fadeIn\">k\u00e4ytt\u00f6\u00f6n. <\/span><span class=\"BZ_Pyq_fadeIn\">Materiaalissa <\/span><span class=\"BZ_Pyq_fadeIn\">on <\/span><span class=\"BZ_Pyq_fadeIn\">my\u00f6s <\/span><span class=\"BZ_Pyq_fadeIn\">UV-<\/span><span class=\"BZ_Pyq_fadeIn\">suojakerroin <\/span><span class=\"BZ_Pyq_fadeIn\">v\u00e4rin <\/span><span class=\"BZ_Pyq_fadeIn\">mukaan, <\/span><span class=\"BZ_Pyq_fadeIn\">mik\u00e4 <\/span><span class=\"BZ_Pyq_fadeIn\">lis\u00e4\u00e4 <\/span><span class=\"BZ_Pyq_fadeIn\">k\u00e4ytt\u00f6mukavuutta <\/span><span class=\"BZ_Pyq_fadeIn\">ulkoliikunnassa.<\/span><\/p>\n<h3 data-section-id=\"rog7al\" data-start=\"932\" data-end=\"948\"><span class=\"BZ_Pyq_fadeIn\">Ominaisuudet<\/span><\/h3>\n<p data-start=\"950\" data-end=\"1198\"><span class=\"BZ_Pyq_fadeIn\">Tekniset <\/span><span class=\"BZ_Pyq_fadeIn\">leggingsit \u2022 <\/span><span class=\"BZ_Pyq_fadeIn\">L\u00e4mmin <\/span><span class=\"BZ_Pyq_fadeIn\">ja <\/span><span class=\"BZ_Pyq_fadeIn\">mukava <\/span><span class=\"BZ_Pyq_fadeIn\">materiaali \u2022 <\/span><span class=\"BZ_Pyq_fadeIn\">Joustava <\/span><span class=\"BZ_Pyq_fadeIn\">kangas \u2022 <\/span><span class=\"BZ_Pyq_fadeIn\">Vahvistettu <\/span><span class=\"BZ_Pyq_fadeIn\">vy\u00f6t\u00e4r\u00f6nauha \u2022 <\/span><span class=\"BZ_Pyq_fadeIn\">Vahvistetut <\/span><span class=\"BZ_Pyq_fadeIn\">lahkeensuut \u2022 <\/span><span class=\"BZ_Pyq_fadeIn\">Hengitt\u00e4v\u00e4 <\/span><span class=\"BZ_Pyq_fadeIn\">tekninen <\/span><span class=\"BZ_Pyq_fadeIn\">kangas \u2022 <\/span><span class=\"BZ_Pyq_fadeIn\">Helppo <\/span><span class=\"BZ_Pyq_fadeIn\">pest\u00e4 <\/span><span class=\"BZ_Pyq_fadeIn\">ja <\/span><span class=\"BZ_Pyq_fadeIn\">kuivata \u2022 <\/span><span class=\"BZ_Pyq_fadeIn\">UV-<\/span><span class=\"BZ_Pyq_fadeIn\">suojakerroin <\/span><span class=\"BZ_Pyq_fadeIn\">v\u00e4rin <\/span><span class=\"BZ_Pyq_fadeIn\">mukaan \u2022 <\/span><span class=\"BZ_Pyq_fadeIn\">Saatavana <\/span><span class=\"BZ_Pyq_fadeIn\">painettuna <\/span><span class=\"BZ_Pyq_fadeIn\">tai <\/span><span class=\"BZ_Pyq_fadeIn\">painamattomana<\/span><\/p>\n<h3 data-section-id=\"dpzujp\" data-start=\"1200\" data-end=\"1214\"><span class=\"BZ_Pyq_fadeIn\">Materiaali<\/span><\/h3>\n<p data-start=\"1216\" data-end=\"1264\"><span class=\"BZ_Pyq_fadeIn\">92 % <\/span><span class=\"BZ_Pyq_fadeIn\">polyamidi \/ <\/span><span class=\"BZ_Pyq_fadeIn\">8 % <\/span><span class=\"BZ_Pyq_fadeIn\">elastaani<\/span><br data-start=\"1246\" data-end=\"1249\" \/><span class=\"BZ_Pyq_fadeIn\">Paino: <\/span><span class=\"BZ_Pyq_fadeIn\">240 <\/span><span class=\"BZ_Pyq_fadeIn\">g\/<\/span><span class=\"BZ_Pyq_fadeIn\">m\u00b2<\/span><\/p>\n<p data-start=\"1266\" data-end=\"1373\"><span class=\"BZ_Pyq_fadeIn\">Joustava <\/span><span class=\"BZ_Pyq_fadeIn\">ja <\/span><span class=\"BZ_Pyq_fadeIn\">tekninen <\/span><span class=\"BZ_Pyq_fadeIn\">materiaali <\/span><span class=\"BZ_Pyq_fadeIn\">tekee <\/span><span class=\"BZ_Pyq_fadeIn\">leggingseist\u00e4 <\/span><span class=\"BZ_Pyq_fadeIn\">hengitt\u00e4v\u00e4t, <\/span><span class=\"BZ_Pyq_fadeIn\">l\u00e4mpim\u00e4t <\/span><span class=\"BZ_Pyq_fadeIn\">ja <\/span><span class=\"BZ_Pyq_fadeIn\">mukavat <\/span><span class=\"BZ_Pyq_fadeIn\">aktiivisessa <\/span><span class=\"BZ_Pyq_fadeIn\">k\u00e4yt\u00f6ss\u00e4.<\/span><\/p>\n<h3 data-section-id=\"q08wlc\" data-start=\"1375\" data-end=\"1391\"><span class=\"BZ_Pyq_fadeIn\">Toimitusaika<\/span><\/h3>\n<p data-start=\"1393\" data-end=\"1429\"><span class=\"BZ_Pyq_fadeIn\">Arvioitu <\/span><span class=\"BZ_Pyq_fadeIn\">toimitusaika <\/span><span class=\"BZ_Pyq_fadeIn\">noin <\/span><span class=\"BZ_Pyq_fadeIn\">1 <\/span><span class=\"BZ_Pyq_fadeIn\">viikko.<\/span><\/p>\n<p data-start=\"1431\" data-end=\"1505\"><span class=\"BZ_Pyq_fadeIn\">Toimitusaika <\/span><span class=\"BZ_Pyq_fadeIn\">voi <\/span><span class=\"BZ_Pyq_fadeIn\">vaihdella <\/span><span class=\"BZ_Pyq_fadeIn\">tilausm\u00e4\u00e4r\u00e4n <\/span><span class=\"BZ_Pyq_fadeIn\">ja <\/span><span class=\"BZ_Pyq_fadeIn\">mahdollisen <\/span><span class=\"BZ_Pyq_fadeIn\">painatuksen <\/span><span class=\"BZ_Pyq_fadeIn\">mukaan.<\/span><\/p>\n<h3 data-section-id=\"19f8ccq\" data-start=\"1507\" data-end=\"1524\"><span class=\"BZ_Pyq_fadeIn\">K\u00e4ytt\u00f6kohteet<\/span><\/h3>\n<p data-start=\"1526\" data-end=\"1674\"><span class=\"BZ_Pyq_fadeIn\">Urheilu \u2022 <\/span><span class=\"BZ_Pyq_fadeIn\">Juoksu \u2022 <\/span><span class=\"BZ_Pyq_fadeIn\">Ulkoliikunta \u2022 <\/span><span class=\"BZ_Pyq_fadeIn\">Harjoittelu \u2022 <\/span><span class=\"BZ_Pyq_fadeIn\">Tapahtumat \u2022 <\/span><span class=\"BZ_Pyq_fadeIn\">Promootiotuotteet \u2022 <\/span><span class=\"BZ_Pyq_fadeIn\">Seuravaatteet \u2022 <\/span><span class=\"BZ_Pyq_fadeIn\">Br\u00e4ndituotteet \u2022 <\/span><span class=\"BZ_Pyq_fadeIn\">Verkkokauppamyynti \u2022 <\/span><span class=\"BZ_Pyq_fadeIn\">J\u00e4lleenmyynti<\/span><\/p>\n<h3 data-section-id=\"6b1txa\" data-start=\"1676\" data-end=\"1718\"><span class=\"BZ_Pyq_fadeIn\">Tuotteet <\/span><span class=\"BZ_Pyq_fadeIn\">painettuna <\/span><span class=\"BZ_Pyq_fadeIn\">tai <\/span><span class=\"BZ_Pyq_fadeIn\">painamattomana<\/span><\/h3>\n<p data-start=\"1720\" data-end=\"1842\"><span class=\"BZ_Pyq_fadeIn\">Voit <\/span><span class=\"BZ_Pyq_fadeIn\">tilata <\/span><span class=\"BZ_Pyq_fadeIn\">Better <\/span><span class=\"BZ_Pyq_fadeIn\">leggingsit <\/span><span class=\"BZ_Pyq_fadeIn\">painamattomina <\/span><span class=\"BZ_Pyq_fadeIn\">omaa <\/span><span class=\"BZ_Pyq_fadeIn\">painotuotantoa <\/span><span class=\"BZ_Pyq_fadeIn\">varten <\/span><span class=\"BZ_Pyq_fadeIn\">tai <\/span><span class=\"BZ_Pyq_fadeIn\">valmiiksi <\/span><span class=\"BZ_Pyq_fadeIn\">painettuina <\/span><span class=\"BZ_Pyq_fadeIn\">logolla <\/span><span class=\"BZ_Pyq_fadeIn\">tai <\/span><span class=\"BZ_Pyq_fadeIn\">grafiikalla.<\/span><\/p>\n<h3 data-section-id=\"1pycund\" data-start=\"1844\" data-end=\"1873\"><span class=\"BZ_Pyq_fadeIn\">Mahdolliset <\/span><span class=\"BZ_Pyq_fadeIn\">merkkaustavat<\/span><\/h3>\n<p data-start=\"1875\" data-end=\"1962\"><span class=\"BZ_Pyq_fadeIn\">Painatus: <\/span><span class=\"BZ_Pyq_fadeIn\">Tuote <\/span><span class=\"BZ_Pyq_fadeIn\">painetaan <\/span><span class=\"BZ_Pyq_fadeIn\">DTF-<\/span><span class=\"BZ_Pyq_fadeIn\">painatuksella.<\/span><br data-start=\"1919\" data-end=\"1922\" \/><span class=\"BZ_Pyq_fadeIn\">Brodeeraus: <\/span><span class=\"BZ_Pyq_fadeIn\">Saatavilla <\/span><span class=\"BZ_Pyq_fadeIn\">tarjouspyynn\u00f6ll\u00e4.<\/span><\/p>\n<h3 data-section-id=\"gwkuul\" data-start=\"1964\" data-end=\"1996\"><span class=\"BZ_Pyq_fadeIn\">Suuret <\/span><span class=\"BZ_Pyq_fadeIn\">er\u00e4t <\/span><span class=\"BZ_Pyq_fadeIn\">ja <\/span><span class=\"BZ_Pyq_fadeIn\">j\u00e4lleenmyyj\u00e4t<\/span><\/h3>\n<p data-start=\"1998\" data-end=\"2241\"><span class=\"BZ_Pyq_fadeIn\">Roly24 <\/span><span class=\"BZ_Pyq_fadeIn\">toimittaa <\/span><span class=\"BZ_Pyq_fadeIn\">tuotteita <\/span><span class=\"BZ_Pyq_fadeIn\">my\u00f6s <\/span><span class=\"BZ_Pyq_fadeIn\">suuremmissa <\/span><span class=\"BZ_Pyq_fadeIn\">eriss\u00e4 <\/span><span class=\"BZ_Pyq_fadeIn\">tarjouspohjalta <\/span><span class=\"BZ_Pyq_fadeIn\">esimerkiksi <\/span><span class=\"BZ_Pyq_fadeIn\">j\u00e4lleenmyyjille, <\/span><span class=\"BZ_Pyq_fadeIn\">yrityksille, <\/span><span class=\"BZ_Pyq_fadeIn\">urheiluseuroille, <\/span><span class=\"BZ_Pyq_fadeIn\">yhdistyksille <\/span><span class=\"BZ_Pyq_fadeIn\">ja <\/span><span class=\"BZ_Pyq_fadeIn\">tapahtumaj\u00e4rjest\u00e4jille. <\/span><span class=\"BZ_Pyq_fadeIn\">Tuotteet <\/span><span class=\"BZ_Pyq_fadeIn\">voidaan <\/span><span class=\"BZ_Pyq_fadeIn\">toimittaa <\/span><span class=\"BZ_Pyq_fadeIn\">painettuina <\/span><span class=\"BZ_Pyq_fadeIn\">tai <\/span><span class=\"BZ_Pyq_fadeIn\">painamattomina <\/span><span class=\"BZ_Pyq_fadeIn\">tilauksen <\/span><span class=\"BZ_Pyq_fadeIn\">mukaan.<\/span><\/p>\n<p data-start=\"2243\" data-end=\"2279\"><span class=\"BZ_Pyq_fadeIn\">\ud83d\udce9 <\/span><span class=\"BZ_Pyq_fadeIn\">Pyyd\u00e4 <\/span><span class=\"BZ_Pyq_fadeIn\">tarjous <\/span><span class=\"BZ_Pyq_fadeIn\">suuremmista <\/span><span class=\"BZ_Pyq_fadeIn\">erist\u00e4.<\/span><\/p>\n<h3 data-section-id=\"181otkz\" data-start=\"2281\" data-end=\"2315\"><span class=\"BZ_Pyq_fadeIn\">FAQ \u2013 <\/span><span class=\"BZ_Pyq_fadeIn\">Usein <\/span><span class=\"BZ_Pyq_fadeIn\">kysytyt <\/span><span class=\"BZ_Pyq_fadeIn\">kysymykset<\/span><\/h3>\n<p data-start=\"2317\" data-end=\"2448\"><strong data-start=\"2317\" data-end=\"2363\"><span class=\"BZ_Pyq_fadeIn\">Voiko <\/span><span class=\"BZ_Pyq_fadeIn\">Better <\/span><span class=\"BZ_Pyq_fadeIn\">leggingsit <\/span><span class=\"BZ_Pyq_fadeIn\">tilata <\/span><span class=\"BZ_Pyq_fadeIn\">painettuna?<\/span><\/strong><br data-start=\"2363\" data-end=\"2366\" \/><span class=\"BZ_Pyq_fadeIn\">Kyll\u00e4. <\/span><span class=\"BZ_Pyq_fadeIn\">Leggingsit <\/span><span class=\"BZ_Pyq_fadeIn\">voidaan <\/span><span class=\"BZ_Pyq_fadeIn\">toimittaa <\/span><span class=\"BZ_Pyq_fadeIn\">valmiiksi <\/span><span class=\"BZ_Pyq_fadeIn\">painettuina <\/span><span class=\"BZ_Pyq_fadeIn\">logolla <\/span><span class=\"BZ_Pyq_fadeIn\">tai <\/span><span class=\"BZ_Pyq_fadeIn\">grafiikalla.<\/span><\/p>\n<p data-start=\"2450\" data-end=\"2559\"><strong data-start=\"2450\" data-end=\"2495\"><span class=\"BZ_Pyq_fadeIn\">Voiko <\/span><span class=\"BZ_Pyq_fadeIn\">leggingsit <\/span><span class=\"BZ_Pyq_fadeIn\">tilata <\/span><span class=\"BZ_Pyq_fadeIn\">ilman <\/span><span class=\"BZ_Pyq_fadeIn\">painatusta?<\/span><\/strong><br data-start=\"2495\" data-end=\"2498\" \/><span class=\"BZ_Pyq_fadeIn\">Kyll\u00e4. <\/span><span class=\"BZ_Pyq_fadeIn\">Tuotteet <\/span><span class=\"BZ_Pyq_fadeIn\">myyd\u00e4\u00e4n <\/span><span class=\"BZ_Pyq_fadeIn\">sek\u00e4 <\/span><span class=\"BZ_Pyq_fadeIn\">painettuina <\/span><span class=\"BZ_Pyq_fadeIn\">ett\u00e4 <\/span><span class=\"BZ_Pyq_fadeIn\">painamattomina.<\/span><\/p>\n<p data-start=\"2561\" data-end=\"2659\"><strong data-start=\"2561\" data-end=\"2588\"><span class=\"BZ_Pyq_fadeIn\">Onko <\/span><span class=\"BZ_Pyq_fadeIn\">kangas <\/span><span class=\"BZ_Pyq_fadeIn\">hengitt\u00e4v\u00e4?<\/span><\/strong><br data-start=\"2588\" data-end=\"2591\" \/><span class=\"BZ_Pyq_fadeIn\">Kyll\u00e4. <\/span><span class=\"BZ_Pyq_fadeIn\">Tekninen <\/span><span class=\"BZ_Pyq_fadeIn\">polyamidi-<\/span><span class=\"BZ_Pyq_fadeIn\">elastaanikangas <\/span><span class=\"BZ_Pyq_fadeIn\">on <\/span><span class=\"BZ_Pyq_fadeIn\">hengitt\u00e4v\u00e4 <\/span><span class=\"BZ_Pyq_fadeIn\">ja <\/span><span class=\"BZ_Pyq_fadeIn\">joustava.<\/span><\/p>\n<p data-start=\"2661\" data-end=\"2786\"><strong data-start=\"2661\" data-end=\"2712\"><span class=\"BZ_Pyq_fadeIn\">Sopivatko <\/span><span class=\"BZ_Pyq_fadeIn\">leggingsit <\/span><span class=\"BZ_Pyq_fadeIn\">viile\u00e4mpiin <\/span><span class=\"BZ_Pyq_fadeIn\">olosuhteisiin?<\/span><\/strong><br data-start=\"2712\" data-end=\"2715\" \/><span class=\"BZ_Pyq_fadeIn\">Kyll\u00e4. <\/span><span class=\"BZ_Pyq_fadeIn\">Materiaali <\/span><span class=\"BZ_Pyq_fadeIn\">on <\/span><span class=\"BZ_Pyq_fadeIn\">l\u00e4mmin <\/span><span class=\"BZ_Pyq_fadeIn\">ja <\/span><span class=\"BZ_Pyq_fadeIn\">mukava <\/span><span class=\"BZ_Pyq_fadeIn\">k\u00e4ytt\u00e4\u00e4 <\/span><span class=\"BZ_Pyq_fadeIn\">my\u00f6s <\/span><span class=\"BZ_Pyq_fadeIn\">viile\u00e4mm\u00e4ss\u00e4 <\/span><span class=\"BZ_Pyq_fadeIn\">s\u00e4\u00e4ss\u00e4.<\/span><\/p>\n<p data-start=\"2788\" data-end=\"2917\" data-is-last-node=\"\" data-is-only-node=\"\"><strong data-start=\"2788\" data-end=\"2821\"><span class=\"BZ_Pyq_fadeIn\">Kuinka <\/span><span class=\"BZ_Pyq_fadeIn\">pitk\u00e4 <\/span><span class=\"BZ_Pyq_fadeIn\">toimitusaika <\/span><span class=\"BZ_Pyq_fadeIn\">on?<\/span><\/strong><br data-start=\"2821\" data-end=\"2824\" \/><span class=\"BZ_Pyq_fadeIn\">Arvioitu <\/span><span class=\"BZ_Pyq_fadeIn\">toimitusaika <\/span><span class=\"BZ_Pyq_fadeIn\">on <\/span><span class=\"BZ_Pyq_fadeIn\">noin <\/span><span class=\"BZ_Pyq_fadeIn\">1 <\/span><span class=\"BZ_Pyq_fadeIn\">viikko, <\/span><span class=\"BZ_Pyq_fadeIn\">riippuen <\/span><span class=\"BZ_Pyq_fadeIn\">tilausm\u00e4\u00e4r\u00e4st\u00e4 <\/span><span class=\"BZ_Pyq_fadeIn\">ja <\/span><span class=\"BZ_Pyq_fadeIn\">mahdollisesta <\/span><span class=\"BZ_Pyq_fadeIn\">merkinn\u00e4st\u00e4.<\/span><\/p>\n<p data-v-00b2e954=\"\"><img decoding=\"async\" class=\"mr-1 grey\" title=\"40\u00ba pesu max\" src=\"https:\/\/static.gorfactory.es\/images\/icons\/20221116171353_Lavar-40-max.png\" alt=\"40\u00ba pesu max\" width=\"40\" height=\"40\" data-v-6089ed0a=\"\" data-v-00b2e954=\"\" \/><img decoding=\"async\" class=\"mr-1 grey\" title=\"\u00c4l\u00e4 valkaise\" src=\"https:\/\/static.gorfactory.es\/images\/icons\/20220914110315_No%20usar%20blanqueador.png\" alt=\"\u00c4l\u00e4 valkaise\" width=\"40\" height=\"40\" data-v-6089ed0a=\"\" data-v-00b2e954=\"\" \/><img decoding=\"async\" class=\"mr-1 grey\" title=\"\u00c4l\u00e4 rumpukuivaa\" src=\"https:\/\/static.gorfactory.es\/images\/icons\/20220914110302_No%20secar%20en%20secadora.png\" alt=\"\u00c4l\u00e4 rumpukuivaa\" width=\"40\" height=\"40\" data-v-6089ed0a=\"\" data-v-00b2e954=\"\" \/><img loading=\"lazy\" decoding=\"async\" class=\"mr-1 grey\" title=\"\u00c4l\u00e4 silit\u00e4\" src=\"https:\/\/static.gorfactory.es\/images\/icons\/20220914110249_No%20planchar.png\" alt=\"\u00c4l\u00e4 silit\u00e4\" width=\"40\" height=\"40\" data-v-6089ed0a=\"\" data-v-00b2e954=\"\" \/><img loading=\"lazy\" decoding=\"async\" class=\"mr-1 grey\" title=\"\u00c4l\u00e4 kuivapesua\" src=\"https:\/\/static.gorfactory.es\/images\/icons\/20220914110151_No%20lavar%20en%20seco.png\" alt=\"\u00c4l\u00e4 kuivapesua\" width=\"40\" height=\"40\" data-v-6089ed0a=\"\" data-v-00b2e954=\"\" \/><\/p>\n<table id=\"size_chart\" class=\"table table-responsive\" style=\"height: 208px;\" width=\"302\" cellspacing=\"0\" cellpadding=\"0\">\n<tbody>\n<tr>\n<th>Koko<\/th>\n<th><img decoding=\"async\" src=\"https:\/\/wordans-a1a5.kxcdn.com\/images\/wordans2010\/length.png\" alt=\"Length\" \/>\u00a0<label id=\"lengthLabel\">Pituus<\/label><\/th>\n<th><img decoding=\"async\" src=\"https:\/\/wordans-a1a5.kxcdn.com\/images\/wordans2010\/width.png\" alt=\"Width\" \/>\u00a0<label id=\"widthLabel\">Leveys<\/label><\/th>\n<\/tr>\n<tr>\n<td>XS-S<\/td>\n<td>89<\/td>\n<td>33<\/td>\n<\/tr>\n<tr>\n<td>M-L<\/td>\n<td>92<\/td>\n<td>36<\/td>\n<\/tr>\n<tr>\n<td>XL-2XL<\/td>\n<td>94<\/td>\n<td>39<\/td>\n<\/tr>\n<\/tbody>\n<\/table>\n<p>&nbsp;<\/p>\n","protected":false},"excerpt":{"rendered":"<p>Tuotenumero 501611 Leggingsit Better \u2013 l\u00e4mpim\u00e4t tekniset urheiluleggingsit painettuna tai painamattomana Better leggingsit ovat mukavat ja l\u00e4mpim\u00e4t tekniset leggingsit, jotka sopivat hyvin urheiluun, harjoitteluun, ulkoliikuntaan sek\u00e4 vapaa-aikaan. Joustava ja tekninen materiaali tekee leggingseist\u00e4 miellytt\u00e4v\u00e4t k\u00e4ytt\u00e4\u00e4 my\u00f6s viile\u00e4mmiss\u00e4 olosuhteissa. Tuotteet voidaan toimittaa sek\u00e4 painettuina ett\u00e4 painamattomina, joten leggingsit voidaan valmistaa valmiiksi painettuina logolla tai grafiikalla tai [&hellip;]<\/p>\n","protected":false},"featured_media":17053,"template":"","meta":{"_acf_changed":false,"om_disable_all_campaigns":false,"_monsterinsights_skip_tracking":false,"_monsterinsights_sitenote_active":false,"_monsterinsights_sitenote_note":"","_monsterinsights_sitenote_category":0},"product_brand":[],"product_cat":[525,512],"product_tag":[558,570,571,298,557],"class_list":{"0":"post-17050","1":"product","2":"type-product","3":"status-publish","4":"has-post-thumbnail","6":"product_cat-sport-leggins","7":"product_cat-sport","8":"product_tag-housut","9":"product_tag-housut-painatuksella","10":"product_tag-legginsit","11":"product_tag-painatus","12":"product_tag-tekninen-kangas","13":"product_shipping_class-postipaketti","15":"first","16":"instock","17":"taxable","18":"shipping-taxable","19":"purchasable","20":"product-type-simple"},"acf":[],"aioseo_notices":[],"_links":{"self":[{"href":"https:\/\/www.roly24.com\/index.php\/wp-json\/wp\/v2\/product\/17050","targetHints":{"allow":["GET"]}}],"collection":[{"href":"https:\/\/www.roly24.com\/index.php\/wp-json\/wp\/v2\/product"}],"about":[{"href":"https:\/\/www.roly24.com\/index.php\/wp-json\/wp\/v2\/types\/product"}],"version-history":[{"count":3,"href":"https:\/\/www.roly24.com\/index.php\/wp-json\/wp\/v2\/product\/17050\/revisions"}],"predecessor-version":[{"id":22174,"href":"https:\/\/www.roly24.com\/index.php\/wp-json\/wp\/v2\/product\/17050\/revisions\/22174"}],"wp:featuredmedia":[{"embeddable":true,"href":"https:\/\/www.roly24.com\/index.php\/wp-json\/wp\/v2\/media\/17053"}],"wp:attachment":[{"href":"https:\/\/www.roly24.com\/index.php\/wp-json\/wp\/v2\/media?parent=17050"}],"wp:term":[{"taxonomy":"product_brand","embeddable":true,"href":"https:\/\/www.roly24.com\/index.php\/wp-json\/wp\/v2\/product_brand?post=17050"},{"taxonomy":"product_cat","embeddable":true,"href":"https:\/\/www.roly24.com\/index.php\/wp-json\/wp\/v2\/product_cat?post=17050"},{"taxonomy":"product_tag","embeddable":true,"href":"https:\/\/www.roly24.com\/index.php\/wp-json\/wp\/v2\/product_tag?post=17050"}],"curies":[{"name":"wp","href":"https:\/\/api.w.org\/{rel}","templated":true}]}}