{"id":16961,"date":"2025-03-03T13:23:14","date_gmt":"2025-03-03T11:23:14","guid":{"rendered":"https:\/\/www.roly24.com\/?post_type=product&#038;p=16961"},"modified":"2026-03-16T13:37:56","modified_gmt":"2026-03-16T11:37:56","slug":"legginsit-gales","status":"publish","type":"product","link":"https:\/\/www.roly24.com\/index.php\/tuote\/legginsit-gales\/","title":{"rendered":"Lyhyet kompressio-urheiluleggingsit GALES painamattomana tai painettuna"},"content":{"rendered":"<p><strong>Tuotenumero 501602<\/strong><\/p>\n<h4 data-start=\"0\" data-end=\"89\"><span class=\"BZ_Pyq_fadeIn\">Leggingsit <\/span><span class=\"BZ_Pyq_fadeIn\">Gales \u2013 <\/span><span class=\"BZ_Pyq_fadeIn\">lyhyet <\/span><span class=\"BZ_Pyq_fadeIn\">kompressio-<\/span><span class=\"BZ_Pyq_fadeIn\">urheiluleggingsit <\/span><span class=\"BZ_Pyq_fadeIn\">painettuna <\/span><span class=\"BZ_Pyq_fadeIn\">tai <\/span><span class=\"BZ_Pyq_fadeIn\">painamattomana<\/span><\/h4>\n<p data-start=\"91\" data-end=\"414\"><span class=\"BZ_Pyq_fadeIn\">Gales <\/span><span class=\"BZ_Pyq_fadeIn\">leggingsit <\/span><span class=\"BZ_Pyq_fadeIn\">ovat <\/span><span class=\"BZ_Pyq_fadeIn\">lyhyet <\/span><span class=\"BZ_Pyq_fadeIn\">kompressio-<\/span><span class=\"BZ_Pyq_fadeIn\">urheiluleggingsit, <\/span><span class=\"BZ_Pyq_fadeIn\">jotka <\/span><span class=\"BZ_Pyq_fadeIn\">on <\/span><span class=\"BZ_Pyq_fadeIn\">valmistettu <\/span><span class=\"BZ_Pyq_fadeIn\">kierr\u00e4tetyst\u00e4 <\/span><span class=\"BZ_Pyq_fadeIn\">polyesterista. <\/span><span class=\"BZ_Pyq_fadeIn\">Ne <\/span><span class=\"BZ_Pyq_fadeIn\">on <\/span><span class=\"BZ_Pyq_fadeIn\">suunniteltu <\/span><span class=\"BZ_Pyq_fadeIn\">urheiluun, <\/span><span class=\"BZ_Pyq_fadeIn\">juoksuun, <\/span><span class=\"BZ_Pyq_fadeIn\">kuntosalille <\/span><span class=\"BZ_Pyq_fadeIn\">sek\u00e4 <\/span><span class=\"BZ_Pyq_fadeIn\">intensiiviseen <\/span><span class=\"BZ_Pyq_fadeIn\">harjoitteluun, <\/span><span class=\"BZ_Pyq_fadeIn\">jossa <\/span><span class=\"BZ_Pyq_fadeIn\">tarvitaan <\/span><span class=\"BZ_Pyq_fadeIn\">hyv\u00e4\u00e4 <\/span><span class=\"BZ_Pyq_fadeIn\">tukea <\/span><span class=\"BZ_Pyq_fadeIn\">ja <\/span><span class=\"BZ_Pyq_fadeIn\">liikkuvuutta. <\/span><span class=\"BZ_Pyq_fadeIn\">Joustava <\/span><span class=\"BZ_Pyq_fadeIn\">ja <\/span><span class=\"BZ_Pyq_fadeIn\">tekninen <\/span><span class=\"BZ_Pyq_fadeIn\">materiaali <\/span><span class=\"BZ_Pyq_fadeIn\">tekee <\/span><span class=\"BZ_Pyq_fadeIn\">leggingseist\u00e4 <\/span><span class=\"BZ_Pyq_fadeIn\">mukavat <\/span><span class=\"BZ_Pyq_fadeIn\">aktiivisessa <\/span><span class=\"BZ_Pyq_fadeIn\">k\u00e4yt\u00f6ss\u00e4.<\/span><\/p>\n<p data-start=\"416\" data-end=\"616\"><span class=\"BZ_Pyq_fadeIn\">Tuotteet <\/span><span class=\"BZ_Pyq_fadeIn\">voidaan <\/span><span class=\"BZ_Pyq_fadeIn\">toimittaa <\/span><span class=\"BZ_Pyq_fadeIn\">sek\u00e4 <\/span><span class=\"BZ_Pyq_fadeIn\">painettuina <\/span><span class=\"BZ_Pyq_fadeIn\">ett\u00e4 <\/span><span class=\"BZ_Pyq_fadeIn\">painamattomina, <\/span><span class=\"BZ_Pyq_fadeIn\">joten <\/span><span class=\"BZ_Pyq_fadeIn\">leggingsit <\/span><span class=\"BZ_Pyq_fadeIn\">voidaan <\/span><span class=\"BZ_Pyq_fadeIn\">valmistaa <\/span><span class=\"BZ_Pyq_fadeIn\">valmiiksi <\/span><span class=\"BZ_Pyq_fadeIn\">painettuina <\/span><span class=\"BZ_Pyq_fadeIn\">logolla <\/span><span class=\"BZ_Pyq_fadeIn\">tai <\/span><span class=\"BZ_Pyq_fadeIn\">grafiikalla <\/span><span class=\"BZ_Pyq_fadeIn\">tai <\/span><span class=\"BZ_Pyq_fadeIn\">toimittaa <\/span><span class=\"BZ_Pyq_fadeIn\">ilman <\/span><span class=\"BZ_Pyq_fadeIn\">painatusta <\/span><span class=\"BZ_Pyq_fadeIn\">jatkomerkkausta <\/span><span class=\"BZ_Pyq_fadeIn\">varten.<\/span><\/p>\n<p data-start=\"618\" data-end=\"837\"><span class=\"BZ_Pyq_fadeIn\">Leggingseiss\u00e4 <\/span><span class=\"BZ_Pyq_fadeIn\">on <\/span><span class=\"BZ_Pyq_fadeIn\">korkea <\/span><span class=\"BZ_Pyq_fadeIn\">vy\u00f6t\u00e4r\u00f6 <\/span><span class=\"BZ_Pyq_fadeIn\">silikonipinnalla, <\/span><span class=\"BZ_Pyq_fadeIn\">joka <\/span><span class=\"BZ_Pyq_fadeIn\">parantaa <\/span><span class=\"BZ_Pyq_fadeIn\">istuvuutta <\/span><span class=\"BZ_Pyq_fadeIn\">ja <\/span><span class=\"BZ_Pyq_fadeIn\">auttaa <\/span><span class=\"BZ_Pyq_fadeIn\">pit\u00e4m\u00e4\u00e4n <\/span><span class=\"BZ_Pyq_fadeIn\">leggingsit <\/span><span class=\"BZ_Pyq_fadeIn\">paikallaan <\/span><span class=\"BZ_Pyq_fadeIn\">liikunnan <\/span><span class=\"BZ_Pyq_fadeIn\">aikana. <\/span><span class=\"BZ_Pyq_fadeIn\">Vy\u00f6t\u00e4r\u00f6n <\/span><span class=\"BZ_Pyq_fadeIn\">laserleikattu <\/span><span class=\"BZ_Pyq_fadeIn\">viimeistely <\/span><span class=\"BZ_Pyq_fadeIn\">antaa <\/span><span class=\"BZ_Pyq_fadeIn\">vaatteelle <\/span><span class=\"BZ_Pyq_fadeIn\">modernin <\/span><span class=\"BZ_Pyq_fadeIn\">ja <\/span><span class=\"BZ_Pyq_fadeIn\">viimeistellyn <\/span><span class=\"BZ_Pyq_fadeIn\">ilmeen.<\/span><\/p>\n<p data-start=\"839\" data-end=\"1034\"><span class=\"BZ_Pyq_fadeIn\">Kitkaa <\/span><span class=\"BZ_Pyq_fadeIn\">est\u00e4v\u00e4t <\/span><span class=\"BZ_Pyq_fadeIn\">saumat <\/span><span class=\"BZ_Pyq_fadeIn\">parantavat <\/span><span class=\"BZ_Pyq_fadeIn\">k\u00e4ytt\u00f6mukavuutta <\/span><span class=\"BZ_Pyq_fadeIn\">intensiivisess\u00e4 <\/span><span class=\"BZ_Pyq_fadeIn\">liikunnassa. <\/span><span class=\"BZ_Pyq_fadeIn\">Leggingsit <\/span><span class=\"BZ_Pyq_fadeIn\">on <\/span><span class=\"BZ_Pyq_fadeIn\">valmistettu <\/span><span class=\"BZ_Pyq_fadeIn\">kappaleina, <\/span><span class=\"BZ_Pyq_fadeIn\">mik\u00e4 <\/span><span class=\"BZ_Pyq_fadeIn\">auttaa <\/span><span class=\"BZ_Pyq_fadeIn\">saavuttamaan <\/span><span class=\"BZ_Pyq_fadeIn\">paremman <\/span><span class=\"BZ_Pyq_fadeIn\">istuvuuden <\/span><span class=\"BZ_Pyq_fadeIn\">ja <\/span><span class=\"BZ_Pyq_fadeIn\">tukevan <\/span><span class=\"BZ_Pyq_fadeIn\">kompressiovaikutuksen.<\/span><\/p>\n<h3 data-section-id=\"rog7al\" data-start=\"1036\" data-end=\"1052\"><span class=\"BZ_Pyq_fadeIn\">Ominaisuudet<\/span><\/h3>\n<p data-start=\"1054\" data-end=\"1355\"><span class=\"BZ_Pyq_fadeIn\">Naisten <\/span><span class=\"BZ_Pyq_fadeIn\">kompressio-<\/span><span class=\"BZ_Pyq_fadeIn\">urheiluleggingsit \u2022 <\/span><span class=\"BZ_Pyq_fadeIn\">Lyhyt <\/span><span class=\"BZ_Pyq_fadeIn\">malli \u2022 <\/span><span class=\"BZ_Pyq_fadeIn\">Korkea <\/span><span class=\"BZ_Pyq_fadeIn\">vy\u00f6t\u00e4r\u00f6 <\/span><span class=\"BZ_Pyq_fadeIn\">silikonilla \u2022 <\/span><span class=\"BZ_Pyq_fadeIn\">Laserleikattu <\/span><span class=\"BZ_Pyq_fadeIn\">vy\u00f6t\u00e4r\u00f6viimeistely \u2022 <\/span><span class=\"BZ_Pyq_fadeIn\">Kitkaa <\/span><span class=\"BZ_Pyq_fadeIn\">est\u00e4v\u00e4t <\/span><span class=\"BZ_Pyq_fadeIn\">saumat \u2022 <\/span><span class=\"BZ_Pyq_fadeIn\">Vartalonmy\u00f6t\u00e4inen <\/span><span class=\"BZ_Pyq_fadeIn\">kompressiomalli \u2022 <\/span><span class=\"BZ_Pyq_fadeIn\">Joustava <\/span><span class=\"BZ_Pyq_fadeIn\">tekninen <\/span><span class=\"BZ_Pyq_fadeIn\">kangas \u2022 <\/span><span class=\"BZ_Pyq_fadeIn\">Valmistettu <\/span><span class=\"BZ_Pyq_fadeIn\">kappaleina <\/span><span class=\"BZ_Pyq_fadeIn\">paremman <\/span><span class=\"BZ_Pyq_fadeIn\">istuvuuden <\/span><span class=\"BZ_Pyq_fadeIn\">takaamiseksi \u2022 <\/span><span class=\"BZ_Pyq_fadeIn\">Saatavana <\/span><span class=\"BZ_Pyq_fadeIn\">painettuna <\/span><span class=\"BZ_Pyq_fadeIn\">tai <\/span><span class=\"BZ_Pyq_fadeIn\">painamattomana<\/span><\/p>\n<h3 data-section-id=\"dpzujp\" data-start=\"1357\" data-end=\"1371\"><span class=\"BZ_Pyq_fadeIn\">Materiaali<\/span><\/h3>\n<p data-start=\"1373\" data-end=\"1455\"><span class=\"BZ_Pyq_fadeIn\">75 % <\/span><span class=\"BZ_Pyq_fadeIn\">kierr\u00e4tetty <\/span><span class=\"BZ_Pyq_fadeIn\">polyesteri \/ <\/span><span class=\"BZ_Pyq_fadeIn\">25 % <\/span><span class=\"BZ_Pyq_fadeIn\">elastaani<\/span><br data-start=\"1417\" data-end=\"1420\" \/><span class=\"BZ_Pyq_fadeIn\">Kangas: <\/span><span class=\"BZ_Pyq_fadeIn\">interlock<\/span><br data-start=\"1437\" data-end=\"1440\" \/><span class=\"BZ_Pyq_fadeIn\">Paino: <\/span><span class=\"BZ_Pyq_fadeIn\">255 <\/span><span class=\"BZ_Pyq_fadeIn\">g\/<\/span><span class=\"BZ_Pyq_fadeIn\">m\u00b2<\/span><\/p>\n<p data-start=\"1457\" data-end=\"1573\"><span class=\"BZ_Pyq_fadeIn\">Joustava <\/span><span class=\"BZ_Pyq_fadeIn\">ja <\/span><span class=\"BZ_Pyq_fadeIn\">tekninen <\/span><span class=\"BZ_Pyq_fadeIn\">materiaali <\/span><span class=\"BZ_Pyq_fadeIn\">tarjoaa <\/span><span class=\"BZ_Pyq_fadeIn\">hyv\u00e4n <\/span><span class=\"BZ_Pyq_fadeIn\">kompression, <\/span><span class=\"BZ_Pyq_fadeIn\">hengitt\u00e4vyyden <\/span><span class=\"BZ_Pyq_fadeIn\">ja <\/span><span class=\"BZ_Pyq_fadeIn\">k\u00e4ytt\u00f6mukavuuden <\/span><span class=\"BZ_Pyq_fadeIn\">aktiivisessa <\/span><span class=\"BZ_Pyq_fadeIn\">k\u00e4yt\u00f6ss\u00e4.<\/span><\/p>\n<h3 data-section-id=\"q08wlc\" data-start=\"1575\" data-end=\"1591\"><span class=\"BZ_Pyq_fadeIn\">Toimitusaika<\/span><\/h3>\n<p data-start=\"1593\" data-end=\"1629\"><span class=\"BZ_Pyq_fadeIn\">Arvioitu <\/span><span class=\"BZ_Pyq_fadeIn\">toimitusaika <\/span><span class=\"BZ_Pyq_fadeIn\">noin <\/span><span class=\"BZ_Pyq_fadeIn\">1 <\/span><span class=\"BZ_Pyq_fadeIn\">viikko.<\/span><\/p>\n<p data-start=\"1631\" data-end=\"1705\"><span class=\"BZ_Pyq_fadeIn\">Toimitusaika <\/span><span class=\"BZ_Pyq_fadeIn\">voi <\/span><span class=\"BZ_Pyq_fadeIn\">vaihdella <\/span><span class=\"BZ_Pyq_fadeIn\">tilausm\u00e4\u00e4r\u00e4n <\/span><span class=\"BZ_Pyq_fadeIn\">ja <\/span><span class=\"BZ_Pyq_fadeIn\">mahdollisen <\/span><span class=\"BZ_Pyq_fadeIn\">painatuksen <\/span><span class=\"BZ_Pyq_fadeIn\">mukaan.<\/span><\/p>\n<h3 data-section-id=\"19f8ccq\" data-start=\"1707\" data-end=\"1724\"><span class=\"BZ_Pyq_fadeIn\">K\u00e4ytt\u00f6kohteet<\/span><\/h3>\n<p data-start=\"1726\" data-end=\"1879\"><span class=\"BZ_Pyq_fadeIn\">Urheilu \u2022 <\/span><span class=\"BZ_Pyq_fadeIn\">Juoksu \u2022 <\/span><span class=\"BZ_Pyq_fadeIn\">Kuntosali \u2022 <\/span><span class=\"BZ_Pyq_fadeIn\">Harjoittelu \u2022 <\/span><span class=\"BZ_Pyq_fadeIn\">Jooga \u2022 <\/span><span class=\"BZ_Pyq_fadeIn\">Tapahtumat \u2022 <\/span><span class=\"BZ_Pyq_fadeIn\">Promootiotuotteet \u2022 <\/span><span class=\"BZ_Pyq_fadeIn\">Seuravaatteet \u2022 <\/span><span class=\"BZ_Pyq_fadeIn\">Br\u00e4ndituotteet \u2022 <\/span><span class=\"BZ_Pyq_fadeIn\">Verkkokauppamyynti \u2022 <\/span><span class=\"BZ_Pyq_fadeIn\">J\u00e4lleenmyynti<\/span><\/p>\n<h3 data-section-id=\"6b1txa\" data-start=\"1881\" data-end=\"1923\"><span class=\"BZ_Pyq_fadeIn\">Tuotteet <\/span><span class=\"BZ_Pyq_fadeIn\">painettuna <\/span><span class=\"BZ_Pyq_fadeIn\">tai <\/span><span class=\"BZ_Pyq_fadeIn\">painamattomana<\/span><\/h3>\n<p data-start=\"1925\" data-end=\"2046\"><span class=\"BZ_Pyq_fadeIn\">Voit <\/span><span class=\"BZ_Pyq_fadeIn\">tilata <\/span><span class=\"BZ_Pyq_fadeIn\">Gales <\/span><span class=\"BZ_Pyq_fadeIn\">leggingsit <\/span><span class=\"BZ_Pyq_fadeIn\">painamattomina <\/span><span class=\"BZ_Pyq_fadeIn\">omaa <\/span><span class=\"BZ_Pyq_fadeIn\">painotuotantoa <\/span><span class=\"BZ_Pyq_fadeIn\">varten <\/span><span class=\"BZ_Pyq_fadeIn\">tai <\/span><span class=\"BZ_Pyq_fadeIn\">valmiiksi <\/span><span class=\"BZ_Pyq_fadeIn\">painettuina <\/span><span class=\"BZ_Pyq_fadeIn\">logolla <\/span><span class=\"BZ_Pyq_fadeIn\">tai <\/span><span class=\"BZ_Pyq_fadeIn\">grafiikalla.<\/span><\/p>\n<h3 data-section-id=\"1pycund\" data-start=\"2048\" data-end=\"2077\"><span class=\"BZ_Pyq_fadeIn\">Mahdolliset <\/span><span class=\"BZ_Pyq_fadeIn\">merkkaustavat<\/span><\/h3>\n<p data-start=\"2079\" data-end=\"2166\"><span class=\"BZ_Pyq_fadeIn\">Painatus: <\/span><span class=\"BZ_Pyq_fadeIn\">Tuote <\/span><span class=\"BZ_Pyq_fadeIn\">painetaan <\/span><span class=\"BZ_Pyq_fadeIn\">DTF-<\/span><span class=\"BZ_Pyq_fadeIn\">painatuksella.<\/span><br data-start=\"2123\" data-end=\"2126\" \/><span class=\"BZ_Pyq_fadeIn\">Brodeeraus: <\/span><span class=\"BZ_Pyq_fadeIn\">Saatavilla <\/span><span class=\"BZ_Pyq_fadeIn\">tarjouspyynn\u00f6ll\u00e4.<\/span><\/p>\n<h3 data-section-id=\"gwkuul\" data-start=\"2168\" data-end=\"2200\"><span class=\"BZ_Pyq_fadeIn\">Suuret <\/span><span class=\"BZ_Pyq_fadeIn\">er\u00e4t <\/span><span class=\"BZ_Pyq_fadeIn\">ja <\/span><span class=\"BZ_Pyq_fadeIn\">j\u00e4lleenmyyj\u00e4t<\/span><\/h3>\n<p data-start=\"2202\" data-end=\"2445\"><span class=\"BZ_Pyq_fadeIn\">Roly24 <\/span><span class=\"BZ_Pyq_fadeIn\">toimittaa <\/span><span class=\"BZ_Pyq_fadeIn\">tuotteita <\/span><span class=\"BZ_Pyq_fadeIn\">my\u00f6s <\/span><span class=\"BZ_Pyq_fadeIn\">suuremmissa <\/span><span class=\"BZ_Pyq_fadeIn\">eriss\u00e4 <\/span><span class=\"BZ_Pyq_fadeIn\">tarjouspohjalta <\/span><span class=\"BZ_Pyq_fadeIn\">esimerkiksi <\/span><span class=\"BZ_Pyq_fadeIn\">j\u00e4lleenmyyjille, <\/span><span class=\"BZ_Pyq_fadeIn\">yrityksille, <\/span><span class=\"BZ_Pyq_fadeIn\">urheiluseuroille, <\/span><span class=\"BZ_Pyq_fadeIn\">yhdistyksille <\/span><span class=\"BZ_Pyq_fadeIn\">ja <\/span><span class=\"BZ_Pyq_fadeIn\">tapahtumaj\u00e4rjest\u00e4jille. <\/span><span class=\"BZ_Pyq_fadeIn\">Tuotteet <\/span><span class=\"BZ_Pyq_fadeIn\">voidaan <\/span><span class=\"BZ_Pyq_fadeIn\">toimittaa <\/span><span class=\"BZ_Pyq_fadeIn\">painettuina <\/span><span class=\"BZ_Pyq_fadeIn\">tai <\/span><span class=\"BZ_Pyq_fadeIn\">painamattomina <\/span><span class=\"BZ_Pyq_fadeIn\">tilauksen <\/span><span class=\"BZ_Pyq_fadeIn\">mukaan.<\/span><\/p>\n<p data-start=\"2447\" data-end=\"2483\"><span class=\"BZ_Pyq_fadeIn\">\ud83d\udce9 <\/span><span class=\"BZ_Pyq_fadeIn\">Pyyd\u00e4 <\/span><span class=\"BZ_Pyq_fadeIn\">tarjous <\/span><span class=\"BZ_Pyq_fadeIn\">suuremmista <\/span><span class=\"BZ_Pyq_fadeIn\">erist\u00e4.<\/span><\/p>\n<h3 data-section-id=\"181otkz\" data-start=\"2485\" data-end=\"2519\"><span class=\"BZ_Pyq_fadeIn\">FAQ \u2013 <\/span><span class=\"BZ_Pyq_fadeIn\">Usein <\/span><span class=\"BZ_Pyq_fadeIn\">kysytyt <\/span><span class=\"BZ_Pyq_fadeIn\">kysymykset<\/span><\/h3>\n<p data-start=\"2521\" data-end=\"2651\"><strong data-start=\"2521\" data-end=\"2566\"><span class=\"BZ_Pyq_fadeIn\">Voiko <\/span><span class=\"BZ_Pyq_fadeIn\">Gales <\/span><span class=\"BZ_Pyq_fadeIn\">leggingsit <\/span><span class=\"BZ_Pyq_fadeIn\">tilata <\/span><span class=\"BZ_Pyq_fadeIn\">painettuna?<\/span><\/strong><br data-start=\"2566\" data-end=\"2569\" \/><span class=\"BZ_Pyq_fadeIn\">Kyll\u00e4. <\/span><span class=\"BZ_Pyq_fadeIn\">Leggingsit <\/span><span class=\"BZ_Pyq_fadeIn\">voidaan <\/span><span class=\"BZ_Pyq_fadeIn\">toimittaa <\/span><span class=\"BZ_Pyq_fadeIn\">valmiiksi <\/span><span class=\"BZ_Pyq_fadeIn\">painettuina <\/span><span class=\"BZ_Pyq_fadeIn\">logolla <\/span><span class=\"BZ_Pyq_fadeIn\">tai <\/span><span class=\"BZ_Pyq_fadeIn\">grafiikalla.<\/span><\/p>\n<p data-start=\"2653\" data-end=\"2762\"><strong data-start=\"2653\" data-end=\"2698\"><span class=\"BZ_Pyq_fadeIn\">Voiko <\/span><span class=\"BZ_Pyq_fadeIn\">leggingsit <\/span><span class=\"BZ_Pyq_fadeIn\">tilata <\/span><span class=\"BZ_Pyq_fadeIn\">ilman <\/span><span class=\"BZ_Pyq_fadeIn\">painatusta?<\/span><\/strong><br data-start=\"2698\" data-end=\"2701\" \/><span class=\"BZ_Pyq_fadeIn\">Kyll\u00e4. <\/span><span class=\"BZ_Pyq_fadeIn\">Tuotteet <\/span><span class=\"BZ_Pyq_fadeIn\">myyd\u00e4\u00e4n <\/span><span class=\"BZ_Pyq_fadeIn\">sek\u00e4 <\/span><span class=\"BZ_Pyq_fadeIn\">painettuina <\/span><span class=\"BZ_Pyq_fadeIn\">ett\u00e4 <\/span><span class=\"BZ_Pyq_fadeIn\">painamattomina.<\/span><\/p>\n<p data-start=\"2764\" data-end=\"2861\"><strong data-start=\"2764\" data-end=\"2797\"><span class=\"BZ_Pyq_fadeIn\">Onko <\/span><span class=\"BZ_Pyq_fadeIn\">materiaali <\/span><span class=\"BZ_Pyq_fadeIn\">kierr\u00e4tetty\u00e4?<\/span><\/strong><br data-start=\"2797\" data-end=\"2800\" \/><span class=\"BZ_Pyq_fadeIn\">Kyll\u00e4. <\/span><span class=\"BZ_Pyq_fadeIn\">Leggingsit <\/span><span class=\"BZ_Pyq_fadeIn\">on <\/span><span class=\"BZ_Pyq_fadeIn\">valmistettu <\/span><span class=\"BZ_Pyq_fadeIn\">kierr\u00e4tetyst\u00e4 <\/span><span class=\"BZ_Pyq_fadeIn\">polyesterista.<\/span><\/p>\n<p data-start=\"2863\" data-end=\"3008\"><strong data-start=\"2863\" data-end=\"2905\"><span class=\"BZ_Pyq_fadeIn\">Onko <\/span><span class=\"BZ_Pyq_fadeIn\">leggingseiss\u00e4 <\/span><span class=\"BZ_Pyq_fadeIn\">kompressiovaikutus?<\/span><\/strong><br data-start=\"2905\" data-end=\"2908\" \/><span class=\"BZ_Pyq_fadeIn\">Kyll\u00e4. <\/span><span class=\"BZ_Pyq_fadeIn\">Joustava <\/span><span class=\"BZ_Pyq_fadeIn\">ja <\/span><span class=\"BZ_Pyq_fadeIn\">vartalonmy\u00f6t\u00e4inen <\/span><span class=\"BZ_Pyq_fadeIn\">kangas <\/span><span class=\"BZ_Pyq_fadeIn\">tarjoaa <\/span><span class=\"BZ_Pyq_fadeIn\">kompressiovaikutuksen <\/span><span class=\"BZ_Pyq_fadeIn\">ja <\/span><span class=\"BZ_Pyq_fadeIn\">hyv\u00e4n <\/span><span class=\"BZ_Pyq_fadeIn\">tuen <\/span><span class=\"BZ_Pyq_fadeIn\">liikunnassa.<\/span><\/p>\n<p data-start=\"3010\" data-end=\"3139\" data-is-last-node=\"\" data-is-only-node=\"\"><strong data-start=\"3010\" data-end=\"3043\"><span class=\"BZ_Pyq_fadeIn\">Kuinka <\/span><span class=\"BZ_Pyq_fadeIn\">pitk\u00e4 <\/span><span class=\"BZ_Pyq_fadeIn\">toimitusaika <\/span><span class=\"BZ_Pyq_fadeIn\">on?<\/span><\/strong><br data-start=\"3043\" data-end=\"3046\" \/><span class=\"BZ_Pyq_fadeIn\">Arvioitu <\/span><span class=\"BZ_Pyq_fadeIn\">toimitusaika <\/span><span class=\"BZ_Pyq_fadeIn\">on <\/span><span class=\"BZ_Pyq_fadeIn\">noin <\/span><span class=\"BZ_Pyq_fadeIn\">1 <\/span><span class=\"BZ_Pyq_fadeIn\">viikko, <\/span><span class=\"BZ_Pyq_fadeIn\">riippuen <\/span><span class=\"BZ_Pyq_fadeIn\">tilausm\u00e4\u00e4r\u00e4st\u00e4 <\/span><span class=\"BZ_Pyq_fadeIn\">ja <\/span><span class=\"BZ_Pyq_fadeIn\">mahdollisesta <\/span><span class=\"BZ_Pyq_fadeIn\">merkinn\u00e4st\u00e4.<\/span><\/p>\n<p><img decoding=\"async\" class=\"mr-1 grey\" title=\"30\u00ba pesu max.\" src=\"https:\/\/static.gorfactory.es\/images\/icons\/20220914110209_Lavar%20a%2030%C2%BA%20m%C3%A1ximo.png\" alt=\"30\u00ba pesu max.\" width=\"40\" height=\"40\" data-v-6089ed0a=\"\" data-v-00b2e954=\"\" \/><img decoding=\"async\" class=\"mr-1 grey\" title=\"\u00c4l\u00e4 valkaise\" src=\"https:\/\/static.gorfactory.es\/images\/icons\/20220914110315_No%20usar%20blanqueador.png\" alt=\"\u00c4l\u00e4 valkaise\" width=\"40\" height=\"40\" data-v-6089ed0a=\"\" data-v-00b2e954=\"\" \/><img decoding=\"async\" class=\"mr-1 grey\" title=\"\u00c4l\u00e4 rumpukuivaa\" src=\"https:\/\/static.gorfactory.es\/images\/icons\/20220914110302_No%20secar%20en%20secadora.png\" alt=\"\u00c4l\u00e4 rumpukuivaa\" width=\"40\" height=\"40\" data-v-6089ed0a=\"\" data-v-00b2e954=\"\" \/><img loading=\"lazy\" decoding=\"async\" class=\"mr-1 grey\" title=\"\u00c4l\u00e4 silit\u00e4\" src=\"https:\/\/static.gorfactory.es\/images\/icons\/20220914110249_No%20planchar.png\" alt=\"\u00c4l\u00e4 silit\u00e4\" width=\"40\" height=\"40\" data-v-6089ed0a=\"\" data-v-00b2e954=\"\" \/><img loading=\"lazy\" decoding=\"async\" class=\"mr-1 grey\" title=\"\u00c4l\u00e4 kuivapesua\" src=\"https:\/\/static.gorfactory.es\/images\/icons\/20220914110151_No%20lavar%20en%20seco.png\" alt=\"\u00c4l\u00e4 kuivapesua\" width=\"40\" height=\"40\" data-v-6089ed0a=\"\" data-v-00b2e954=\"\" \/><\/p>\n<table id=\"size_chart\" class=\"table table-responsive\" style=\"height: 265px;\" width=\"203\" cellspacing=\"0\" cellpadding=\"0\">\n<tbody>\n<tr>\n<th>Koko<\/th>\n<th><img decoding=\"async\" src=\"https:\/\/wordans-a1a5.kxcdn.com\/images\/wordans2010\/length.png\" alt=\"Length\" \/>\u00a0<label id=\"lengthLabel\">Pituus<\/label><\/th>\n<th><img decoding=\"async\" src=\"https:\/\/wordans-a1a5.kxcdn.com\/images\/wordans2010\/width.png\" alt=\"Width\" \/>\u00a0<label id=\"widthLabel\">Leveys<\/label><\/th>\n<\/tr>\n<tr>\n<td>S<\/td>\n<td>48<\/td>\n<td>29<\/td>\n<\/tr>\n<tr>\n<td>M<\/td>\n<td>49<\/td>\n<td>31<\/td>\n<\/tr>\n<tr>\n<td>L<\/td>\n<td>50<\/td>\n<td>33<\/td>\n<\/tr>\n<tr>\n<td>XL<\/td>\n<td>51<\/td>\n<td>35<\/td>\n<\/tr>\n<tr>\n<td>2XL<\/td>\n<td>52<\/td>\n<td>37<\/td>\n<\/tr>\n<\/tbody>\n<\/table>\n<p>&nbsp;<\/p>\n","protected":false},"excerpt":{"rendered":"<p>Tuotenumero 501602 Leggingsit Gales \u2013 lyhyet kompressio-urheiluleggingsit painettuna tai painamattomana Gales leggingsit ovat lyhyet kompressio-urheiluleggingsit, jotka on valmistettu kierr\u00e4tetyst\u00e4 polyesterista. Ne on suunniteltu urheiluun, juoksuun, kuntosalille sek\u00e4 intensiiviseen harjoitteluun, jossa tarvitaan hyv\u00e4\u00e4 tukea ja liikkuvuutta. Joustava ja tekninen materiaali tekee leggingseist\u00e4 mukavat aktiivisessa k\u00e4yt\u00f6ss\u00e4. Tuotteet voidaan toimittaa sek\u00e4 painettuina ett\u00e4 painamattomina, joten leggingsit voidaan valmistaa [&hellip;]<\/p>\n","protected":false},"featured_media":17004,"template":"","meta":{"_acf_changed":false,"om_disable_all_campaigns":false,"_monsterinsights_skip_tracking":false,"_monsterinsights_sitenote_active":false,"_monsterinsights_sitenote_note":"","_monsterinsights_sitenote_category":0},"product_brand":[],"product_cat":[525,512],"product_tag":[559,558,571,298,572],"class_list":{"0":"post-16961","1":"product","2":"type-product","3":"status-publish","4":"has-post-thumbnail","6":"product_cat-sport-leggins","7":"product_cat-sport","8":"product_tag-housu-painatus","9":"product_tag-housut","10":"product_tag-legginsit","11":"product_tag-painatus","12":"product_tag-tekniset-housut","13":"product_shipping_class-postipaketti","15":"first","16":"instock","17":"taxable","18":"shipping-taxable","19":"purchasable","20":"product-type-simple"},"acf":[],"aioseo_notices":[],"_links":{"self":[{"href":"https:\/\/www.roly24.com\/index.php\/wp-json\/wp\/v2\/product\/16961","targetHints":{"allow":["GET"]}}],"collection":[{"href":"https:\/\/www.roly24.com\/index.php\/wp-json\/wp\/v2\/product"}],"about":[{"href":"https:\/\/www.roly24.com\/index.php\/wp-json\/wp\/v2\/types\/product"}],"version-history":[{"count":3,"href":"https:\/\/www.roly24.com\/index.php\/wp-json\/wp\/v2\/product\/16961\/revisions"}],"predecessor-version":[{"id":22180,"href":"https:\/\/www.roly24.com\/index.php\/wp-json\/wp\/v2\/product\/16961\/revisions\/22180"}],"wp:featuredmedia":[{"embeddable":true,"href":"https:\/\/www.roly24.com\/index.php\/wp-json\/wp\/v2\/media\/17004"}],"wp:attachment":[{"href":"https:\/\/www.roly24.com\/index.php\/wp-json\/wp\/v2\/media?parent=16961"}],"wp:term":[{"taxonomy":"product_brand","embeddable":true,"href":"https:\/\/www.roly24.com\/index.php\/wp-json\/wp\/v2\/product_brand?post=16961"},{"taxonomy":"product_cat","embeddable":true,"href":"https:\/\/www.roly24.com\/index.php\/wp-json\/wp\/v2\/product_cat?post=16961"},{"taxonomy":"product_tag","embeddable":true,"href":"https:\/\/www.roly24.com\/index.php\/wp-json\/wp\/v2\/product_tag?post=16961"}],"curies":[{"name":"wp","href":"https:\/\/api.w.org\/{rel}","templated":true}]}}