{"id":16919,"date":"2025-02-28T13:34:48","date_gmt":"2025-02-28T11:34:48","guid":{"rendered":"https:\/\/www.roly24.com\/?post_type=product&#038;p=16919"},"modified":"2026-03-16T13:04:29","modified_gmt":"2026-03-16T11:04:29","slug":"shortsit-lanus","status":"publish","type":"product","link":"https:\/\/www.roly24.com\/index.php\/tuote\/shortsit-lanus\/","title":{"rendered":"Naisten urheilushortsit leggings-sis\u00e4osalla LANUS painamattomana tai painettuna"},"content":{"rendered":"<p><strong>Tuotenumero 501513<\/strong><\/p>\n<div class=\"relative basis-auto flex-col -mb-(--composer-overlap-px) [--composer-overlap-px:28px] grow flex\">\n<div class=\"flex flex-col text-sm pb-25\">\n<article class=\"text-token-text-primary w-full focus:outline-none [--shadow-height:45px] has-data-writing-block:pointer-events-none has-data-writing-block:-mt-(--shadow-height) has-data-writing-block:pt-(--shadow-height) [&amp;:has([data-writing-block])&gt;*]:pointer-events-auto scroll-mt-[calc(var(--header-height)+min(200px,max(70px,20svh)))]\" dir=\"auto\" tabindex=\"-1\" data-turn-id=\"request-WEB:0be5d431-25ab-46b1-b2ac-8cfd8d267a27-47\" data-testid=\"conversation-turn-96\" data-scroll-anchor=\"true\" data-turn=\"assistant\">\n<div class=\"text-base my-auto mx-auto pb-10 [--thread-content-margin:var(--thread-content-margin-xs,calc(var(--spacing)*4))] @w-sm\/main:[--thread-content-margin:var(--thread-content-margin-sm,calc(var(--spacing)*6))] @w-lg\/main:[--thread-content-margin:var(--thread-content-margin-lg,calc(var(--spacing)*16))] px-(--thread-content-margin)\">\n<div class=\"[--thread-content-max-width:40rem] @w-lg\/main:[--thread-content-max-width:48rem] mx-auto max-w-(--thread-content-max-width) flex-1 group\/turn-messages focus-visible:outline-hidden relative flex w-full min-w-0 flex-col agent-turn\" tabindex=\"-1\">\n<div class=\"flex max-w-full flex-col gap-4 grow\">\n<div class=\"min-h-8 text-message relative flex w-full flex-col items-end gap-2 text-start break-words whitespace-normal [.text-message+&amp;]:mt-1\" dir=\"auto\" data-message-author-role=\"assistant\" data-message-id=\"c693e170-1927-47b5-8dd9-24d350d336cb\" data-message-model-slug=\"gpt-5-3\">\n<div class=\"flex w-full flex-col gap-1 empty:hidden\">\n<div class=\"markdown prose dark:prose-invert w-full wrap-break-word light markdown-new-styling\">\n<h4 data-start=\"0\" data-end=\"96\"><span class=\"BZ_Pyq_fadeIn\">Shorts<\/span><span class=\"BZ_Pyq_fadeIn\">it <\/span><span class=\"BZ_Pyq_fadeIn\">Lanus \u2013 <\/span><span class=\"BZ_Pyq_fadeIn\">naisten <\/span><span class=\"BZ_Pyq_fadeIn\">urheilushortsit <\/span><span class=\"BZ_Pyq_fadeIn\">leggings-<\/span><span class=\"BZ_Pyq_fadeIn\">sis\u00e4osalla <\/span><span class=\"BZ_Pyq_fadeIn\">painettuna <\/span><span class=\"BZ_Pyq_fadeIn\">tai <\/span><span class=\"BZ_Pyq_fadeIn\">painamattomana<\/span><\/h4>\n<p data-start=\"98\" data-end=\"381\"><span class=\"BZ_Pyq_fadeIn\">Lanus <\/span><span class=\"BZ_Pyq_fadeIn\">shortsit <\/span><span class=\"BZ_Pyq_fadeIn\">ovat <\/span><span class=\"BZ_Pyq_fadeIn\">tekniset <\/span><span class=\"BZ_Pyq_fadeIn\">naisten <\/span><span class=\"BZ_Pyq_fadeIn\">urheilushortsit, <\/span><span class=\"BZ_Pyq_fadeIn\">joissa <\/span><span class=\"BZ_Pyq_fadeIn\">on <\/span><span class=\"BZ_Pyq_fadeIn\">kontrastiv\u00e4riset <\/span><span class=\"BZ_Pyq_fadeIn\">lyhyet <\/span><span class=\"BZ_Pyq_fadeIn\">leggingsit. <\/span><span class=\"BZ_Pyq_fadeIn\">Malli <\/span><span class=\"BZ_Pyq_fadeIn\">on <\/span><span class=\"BZ_Pyq_fadeIn\">suunniteltu <\/span><span class=\"BZ_Pyq_fadeIn\">erityisesti <\/span><span class=\"BZ_Pyq_fadeIn\">juoksuun, <\/span><span class=\"BZ_Pyq_fadeIn\">harjoitteluun <\/span><span class=\"BZ_Pyq_fadeIn\">ja <\/span><span class=\"BZ_Pyq_fadeIn\">aktiiviseen <\/span><span class=\"BZ_Pyq_fadeIn\">liikuntaan. <\/span><span class=\"BZ_Pyq_fadeIn\">Kevyt <\/span><span class=\"BZ_Pyq_fadeIn\">ja <\/span><span class=\"BZ_Pyq_fadeIn\">hengitt\u00e4v\u00e4 <\/span><span class=\"BZ_Pyq_fadeIn\">materiaali <\/span><span class=\"BZ_Pyq_fadeIn\">tekee <\/span><span class=\"BZ_Pyq_fadeIn\">shortseista <\/span><span class=\"BZ_Pyq_fadeIn\">mukavat <\/span><span class=\"BZ_Pyq_fadeIn\">k\u00e4ytt\u00e4\u00e4 <\/span><span class=\"BZ_Pyq_fadeIn\">sek\u00e4 <\/span><span class=\"BZ_Pyq_fadeIn\">urheilussa <\/span><span class=\"BZ_Pyq_fadeIn\">ett\u00e4 <\/span><span class=\"BZ_Pyq_fadeIn\">vapaa-<\/span><span class=\"BZ_Pyq_fadeIn\">ajalla.<\/span><\/p>\n<p data-start=\"383\" data-end=\"581\"><span class=\"BZ_Pyq_fadeIn\">Tuotteet <\/span><span class=\"BZ_Pyq_fadeIn\">voidaan <\/span><span class=\"BZ_Pyq_fadeIn\">toimittaa <\/span><span class=\"BZ_Pyq_fadeIn\">sek\u00e4 <\/span><span class=\"BZ_Pyq_fadeIn\">painettuina <\/span><span class=\"BZ_Pyq_fadeIn\">ett\u00e4 <\/span><span class=\"BZ_Pyq_fadeIn\">painamattomina, <\/span><span class=\"BZ_Pyq_fadeIn\">joten <\/span><span class=\"BZ_Pyq_fadeIn\">shortsit <\/span><span class=\"BZ_Pyq_fadeIn\">voidaan <\/span><span class=\"BZ_Pyq_fadeIn\">valmistaa <\/span><span class=\"BZ_Pyq_fadeIn\">valmiiksi <\/span><span class=\"BZ_Pyq_fadeIn\">painettuina <\/span><span class=\"BZ_Pyq_fadeIn\">logolla <\/span><span class=\"BZ_Pyq_fadeIn\">tai <\/span><span class=\"BZ_Pyq_fadeIn\">grafiikalla <\/span><span class=\"BZ_Pyq_fadeIn\">tai <\/span><span class=\"BZ_Pyq_fadeIn\">toimittaa <\/span><span class=\"BZ_Pyq_fadeIn\">ilman <\/span><span class=\"BZ_Pyq_fadeIn\">painatusta <\/span><span class=\"BZ_Pyq_fadeIn\">jatkomerkkausta <\/span><span class=\"BZ_Pyq_fadeIn\">varten.<\/span><\/p>\n<p data-start=\"583\" data-end=\"808\"><span class=\"BZ_Pyq_fadeIn\">Shortseissa <\/span><span class=\"BZ_Pyq_fadeIn\">on <\/span><span class=\"BZ_Pyq_fadeIn\">joustava <\/span><span class=\"BZ_Pyq_fadeIn\">vy\u00f6t\u00e4r\u00f6nauha <\/span><span class=\"BZ_Pyq_fadeIn\">ristikk\u00e4isell\u00e4 <\/span><span class=\"BZ_Pyq_fadeIn\">sis\u00e4isell\u00e4 <\/span><span class=\"BZ_Pyq_fadeIn\">kiristysny\u00f6rill\u00e4, <\/span><span class=\"BZ_Pyq_fadeIn\">joka <\/span><span class=\"BZ_Pyq_fadeIn\">mahdollistaa <\/span><span class=\"BZ_Pyq_fadeIn\">helpon <\/span><span class=\"BZ_Pyq_fadeIn\">s\u00e4\u00e4t\u00e4misen <\/span><span class=\"BZ_Pyq_fadeIn\">ja <\/span><span class=\"BZ_Pyq_fadeIn\">hyv\u00e4n <\/span><span class=\"BZ_Pyq_fadeIn\">istuvuuden. <\/span><span class=\"BZ_Pyq_fadeIn\">Kontrastiv\u00e4riset <\/span><span class=\"BZ_Pyq_fadeIn\">lyhyet <\/span><span class=\"BZ_Pyq_fadeIn\">leggingsit <\/span><span class=\"BZ_Pyq_fadeIn\">lis\u00e4\u00e4v\u00e4t <\/span><span class=\"BZ_Pyq_fadeIn\">tukea <\/span><span class=\"BZ_Pyq_fadeIn\">ja <\/span><span class=\"BZ_Pyq_fadeIn\">k\u00e4ytt\u00f6mukavuutta <\/span><span class=\"BZ_Pyq_fadeIn\">liikunnan <\/span><span class=\"BZ_Pyq_fadeIn\">aikana.<\/span><\/p>\n<p data-start=\"810\" data-end=\"1046\"><span class=\"BZ_Pyq_fadeIn\">Vartalonmy\u00f6t\u00e4inen <\/span><span class=\"BZ_Pyq_fadeIn\">istuvuus <\/span><span class=\"BZ_Pyq_fadeIn\">ja <\/span><span class=\"BZ_Pyq_fadeIn\">erityinen <\/span><span class=\"BZ_Pyq_fadeIn\">joustava <\/span><span class=\"BZ_Pyq_fadeIn\">kangas <\/span><span class=\"BZ_Pyq_fadeIn\">tekev\u00e4t <\/span><span class=\"BZ_Pyq_fadeIn\">shortseista <\/span><span class=\"BZ_Pyq_fadeIn\">erinomaiset <\/span><span class=\"BZ_Pyq_fadeIn\">juoksuun <\/span><span class=\"BZ_Pyq_fadeIn\">ja <\/span><span class=\"BZ_Pyq_fadeIn\">muihin <\/span><span class=\"BZ_Pyq_fadeIn\">aktiivisiin <\/span><span class=\"BZ_Pyq_fadeIn\">lajeihin. <\/span><span class=\"BZ_Pyq_fadeIn\">Materiaali <\/span><span class=\"BZ_Pyq_fadeIn\">on <\/span><span class=\"BZ_Pyq_fadeIn\">hengitt\u00e4v\u00e4 <\/span><span class=\"BZ_Pyq_fadeIn\">ja <\/span><span class=\"BZ_Pyq_fadeIn\">nopeasti <\/span><span class=\"BZ_Pyq_fadeIn\">kuivuva, <\/span><span class=\"BZ_Pyq_fadeIn\">mik\u00e4 <\/span><span class=\"BZ_Pyq_fadeIn\">auttaa <\/span><span class=\"BZ_Pyq_fadeIn\">pit\u00e4m\u00e4\u00e4n <\/span><span class=\"BZ_Pyq_fadeIn\">olon <\/span><span class=\"BZ_Pyq_fadeIn\">mukavana <\/span><span class=\"BZ_Pyq_fadeIn\">urheilusuorituksen <\/span><span class=\"BZ_Pyq_fadeIn\">aikana.<\/span><\/p>\n<h3 data-section-id=\"rog7al\" data-start=\"1048\" data-end=\"1064\"><span class=\"BZ_Pyq_fadeIn\">Ominaisuudet<\/span><\/h3>\n<p data-start=\"1066\" data-end=\"1333\"><span class=\"BZ_Pyq_fadeIn\">Naisten <\/span><span class=\"BZ_Pyq_fadeIn\">urheilushortsit \u2022 <\/span><span class=\"BZ_Pyq_fadeIn\">Kontrastiv\u00e4riset <\/span><span class=\"BZ_Pyq_fadeIn\">lyhyet <\/span><span class=\"BZ_Pyq_fadeIn\">leggingsit \u2022 <\/span><span class=\"BZ_Pyq_fadeIn\">Joustava <\/span><span class=\"BZ_Pyq_fadeIn\">vy\u00f6t\u00e4r\u00f6nauha <\/span><span class=\"BZ_Pyq_fadeIn\">kiristysny\u00f6rill\u00e4 \u2022 <\/span><span class=\"BZ_Pyq_fadeIn\">Vartalonmy\u00f6t\u00e4inen <\/span><span class=\"BZ_Pyq_fadeIn\">istuvuus \u2022 <\/span><span class=\"BZ_Pyq_fadeIn\">Joustava <\/span><span class=\"BZ_Pyq_fadeIn\">ja <\/span><span class=\"BZ_Pyq_fadeIn\">hengitt\u00e4v\u00e4 <\/span><span class=\"BZ_Pyq_fadeIn\">kangas \u2022 <\/span><span class=\"BZ_Pyq_fadeIn\">Juoksuun <\/span><span class=\"BZ_Pyq_fadeIn\">sopiva <\/span><span class=\"BZ_Pyq_fadeIn\">malli \u2022 <\/span><span class=\"BZ_Pyq_fadeIn\">Kevyt <\/span><span class=\"BZ_Pyq_fadeIn\">ja <\/span><span class=\"BZ_Pyq_fadeIn\">nopeasti <\/span><span class=\"BZ_Pyq_fadeIn\">kuivuva <\/span><span class=\"BZ_Pyq_fadeIn\">materiaali \u2022 <\/span><span class=\"BZ_Pyq_fadeIn\">Saatavana <\/span><span class=\"BZ_Pyq_fadeIn\">painettuna <\/span><span class=\"BZ_Pyq_fadeIn\">tai <\/span><span class=\"BZ_Pyq_fadeIn\">painamattomana<\/span><\/p>\n<h3 data-section-id=\"dpzujp\" data-start=\"1335\" data-end=\"1349\"><span class=\"BZ_Pyq_fadeIn\">Materiaali<\/span><\/h3>\n<p data-start=\"1351\" data-end=\"1467\"><span class=\"BZ_Pyq_fadeIn\">Kangas: <\/span><span class=\"BZ_Pyq_fadeIn\">90 % <\/span><span class=\"BZ_Pyq_fadeIn\">polyesteri \/ <\/span><span class=\"BZ_Pyq_fadeIn\">10 % <\/span><span class=\"BZ_Pyq_fadeIn\">elastaani \u2013 <\/span><span class=\"BZ_Pyq_fadeIn\">130 <\/span><span class=\"BZ_Pyq_fadeIn\">g\/<\/span><span class=\"BZ_Pyq_fadeIn\">m\u00b2<\/span><br data-start=\"1402\" data-end=\"1405\" \/><span class=\"BZ_Pyq_fadeIn\">Lyhyet <\/span><span class=\"BZ_Pyq_fadeIn\">leggingsit: <\/span><span class=\"BZ_Pyq_fadeIn\">84 % <\/span><span class=\"BZ_Pyq_fadeIn\">polyesteri \/ <\/span><span class=\"BZ_Pyq_fadeIn\">16 % <\/span><span class=\"BZ_Pyq_fadeIn\">elastaani \u2013 <\/span><span class=\"BZ_Pyq_fadeIn\">170 <\/span><span class=\"BZ_Pyq_fadeIn\">g\/<\/span><span class=\"BZ_Pyq_fadeIn\">m\u00b2<\/span><\/p>\n<p data-start=\"1469\" data-end=\"1570\"><span class=\"BZ_Pyq_fadeIn\">Kevyt <\/span><span class=\"BZ_Pyq_fadeIn\">ja <\/span><span class=\"BZ_Pyq_fadeIn\">joustava <\/span><span class=\"BZ_Pyq_fadeIn\">tekninen <\/span><span class=\"BZ_Pyq_fadeIn\">materiaali <\/span><span class=\"BZ_Pyq_fadeIn\">tekee <\/span><span class=\"BZ_Pyq_fadeIn\">shortseista <\/span><span class=\"BZ_Pyq_fadeIn\">hengitt\u00e4v\u00e4t <\/span><span class=\"BZ_Pyq_fadeIn\">ja <\/span><span class=\"BZ_Pyq_fadeIn\">mukavat <\/span><span class=\"BZ_Pyq_fadeIn\">aktiivisessa <\/span><span class=\"BZ_Pyq_fadeIn\">k\u00e4yt\u00f6ss\u00e4.<\/span><\/p>\n<h3 data-section-id=\"q08wlc\" data-start=\"1572\" data-end=\"1588\"><span class=\"BZ_Pyq_fadeIn\">Toimitusaika<\/span><\/h3>\n<p data-start=\"1590\" data-end=\"1626\"><span class=\"BZ_Pyq_fadeIn\">Arvioitu <\/span><span class=\"BZ_Pyq_fadeIn\">toimitusaika <\/span><span class=\"BZ_Pyq_fadeIn\">noin <\/span><span class=\"BZ_Pyq_fadeIn\">1 <\/span><span class=\"BZ_Pyq_fadeIn\">viikko.<\/span><\/p>\n<p data-start=\"1628\" data-end=\"1702\"><span class=\"BZ_Pyq_fadeIn\">Toimitusaika <\/span><span class=\"BZ_Pyq_fadeIn\">voi <\/span><span class=\"BZ_Pyq_fadeIn\">vaihdella <\/span><span class=\"BZ_Pyq_fadeIn\">tilausm\u00e4\u00e4r\u00e4n <\/span><span class=\"BZ_Pyq_fadeIn\">ja <\/span><span class=\"BZ_Pyq_fadeIn\">mahdollisen <\/span><span class=\"BZ_Pyq_fadeIn\">painatuksen <\/span><span class=\"BZ_Pyq_fadeIn\">mukaan.<\/span><\/p>\n<h3 data-section-id=\"19f8ccq\" data-start=\"1704\" data-end=\"1721\"><span class=\"BZ_Pyq_fadeIn\">K\u00e4ytt\u00f6kohteet<\/span><\/h3>\n<p data-start=\"1723\" data-end=\"1856\"><span class=\"BZ_Pyq_fadeIn\">Juoksu \u2022 <\/span><span class=\"BZ_Pyq_fadeIn\">Urheilu \u2022 <\/span><span class=\"BZ_Pyq_fadeIn\">Harjoittelu \u2022 <\/span><span class=\"BZ_Pyq_fadeIn\">Tapahtumat \u2022 <\/span><span class=\"BZ_Pyq_fadeIn\">Promootiotuotteet \u2022 <\/span><span class=\"BZ_Pyq_fadeIn\">Seuravaatteet \u2022 <\/span><span class=\"BZ_Pyq_fadeIn\">Br\u00e4ndituotteet \u2022 <\/span><span class=\"BZ_Pyq_fadeIn\">Verkkokauppamyynti \u2022 <\/span><span class=\"BZ_Pyq_fadeIn\">J\u00e4lleenmyynti<\/span><\/p>\n<h3 data-section-id=\"6b1txa\" data-start=\"1858\" data-end=\"1900\"><span class=\"BZ_Pyq_fadeIn\">Tuotteet <\/span><span class=\"BZ_Pyq_fadeIn\">painettuna <\/span><span class=\"BZ_Pyq_fadeIn\">tai <\/span><span class=\"BZ_Pyq_fadeIn\">painamattomana<\/span><\/h3>\n<p data-start=\"1902\" data-end=\"2021\"><span class=\"BZ_Pyq_fadeIn\">Voit <\/span><span class=\"BZ_Pyq_fadeIn\">tilata <\/span><span class=\"BZ_Pyq_fadeIn\">Lanus <\/span><span class=\"BZ_Pyq_fadeIn\">shortsit <\/span><span class=\"BZ_Pyq_fadeIn\">painamattomina <\/span><span class=\"BZ_Pyq_fadeIn\">omaa <\/span><span class=\"BZ_Pyq_fadeIn\">painotuotantoa <\/span><span class=\"BZ_Pyq_fadeIn\">varten <\/span><span class=\"BZ_Pyq_fadeIn\">tai <\/span><span class=\"BZ_Pyq_fadeIn\">valmiiksi <\/span><span class=\"BZ_Pyq_fadeIn\">painettuina <\/span><span class=\"BZ_Pyq_fadeIn\">logolla <\/span><span class=\"BZ_Pyq_fadeIn\">tai <\/span><span class=\"BZ_Pyq_fadeIn\">grafiikalla.<\/span><\/p>\n<h3 data-section-id=\"1pycund\" data-start=\"2023\" data-end=\"2052\"><span class=\"BZ_Pyq_fadeIn\">Mahdolliset <\/span><span class=\"BZ_Pyq_fadeIn\">merkkaustavat<\/span><\/h3>\n<p data-start=\"2054\" data-end=\"2141\"><span class=\"BZ_Pyq_fadeIn\">Painatus: <\/span><span class=\"BZ_Pyq_fadeIn\">Tuote <\/span><span class=\"BZ_Pyq_fadeIn\">painetaan <\/span><span class=\"BZ_Pyq_fadeIn\">DTF-<\/span><span class=\"BZ_Pyq_fadeIn\">painatuksella.<\/span><br data-start=\"2098\" data-end=\"2101\" \/><span class=\"BZ_Pyq_fadeIn\">Brodeeraus: <\/span><span class=\"BZ_Pyq_fadeIn\">Saatavilla <\/span><span class=\"BZ_Pyq_fadeIn\">tarjouspyynn\u00f6ll\u00e4.<\/span><\/p>\n<h3 data-section-id=\"gwkuul\" data-start=\"2143\" data-end=\"2175\"><span class=\"BZ_Pyq_fadeIn\">Suuret <\/span><span class=\"BZ_Pyq_fadeIn\">er\u00e4t <\/span><span class=\"BZ_Pyq_fadeIn\">ja <\/span><span class=\"BZ_Pyq_fadeIn\">j\u00e4lleenmyyj\u00e4t<\/span><\/h3>\n<p data-start=\"2177\" data-end=\"2420\"><span class=\"BZ_Pyq_fadeIn\">Roly24 <\/span><span class=\"BZ_Pyq_fadeIn\">toimittaa <\/span><span class=\"BZ_Pyq_fadeIn\">tuotteita <\/span><span class=\"BZ_Pyq_fadeIn\">my\u00f6s <\/span><span class=\"BZ_Pyq_fadeIn\">suuremmissa <\/span><span class=\"BZ_Pyq_fadeIn\">eriss\u00e4 <\/span><span class=\"BZ_Pyq_fadeIn\">tarjouspohjalta <\/span><span class=\"BZ_Pyq_fadeIn\">esimerkiksi <\/span><span class=\"BZ_Pyq_fadeIn\">j\u00e4lleenmyyjille, <\/span><span class=\"BZ_Pyq_fadeIn\">yrityksille, <\/span><span class=\"BZ_Pyq_fadeIn\">urheiluseuroille, <\/span><span class=\"BZ_Pyq_fadeIn\">yhdistyksille <\/span><span class=\"BZ_Pyq_fadeIn\">ja <\/span><span class=\"BZ_Pyq_fadeIn\">tapahtumaj\u00e4rjest\u00e4jille. <\/span><span class=\"BZ_Pyq_fadeIn\">Tuotteet <\/span><span class=\"BZ_Pyq_fadeIn\">voidaan <\/span><span class=\"BZ_Pyq_fadeIn\">toimittaa <\/span><span class=\"BZ_Pyq_fadeIn\">painettuina <\/span><span class=\"BZ_Pyq_fadeIn\">tai <\/span><span class=\"BZ_Pyq_fadeIn\">painamattomina <\/span><span class=\"BZ_Pyq_fadeIn\">tilauksen <\/span><span class=\"BZ_Pyq_fadeIn\">mukaan.<\/span><\/p>\n<p data-start=\"2422\" data-end=\"2458\"><span class=\"BZ_Pyq_fadeIn\">\ud83d\udce9 <\/span><span class=\"BZ_Pyq_fadeIn\">Pyyd\u00e4 <\/span><span class=\"BZ_Pyq_fadeIn\">tarjous <\/span><span class=\"BZ_Pyq_fadeIn\">suuremmista <\/span><span class=\"BZ_Pyq_fadeIn\">erist\u00e4.<\/span><\/p>\n<h3 data-section-id=\"181otkz\" data-start=\"2460\" data-end=\"2494\"><span class=\"BZ_Pyq_fadeIn\">FAQ \u2013 <\/span><span class=\"BZ_Pyq_fadeIn\">Usein <\/span><span class=\"BZ_Pyq_fadeIn\">kysytyt <\/span><span class=\"BZ_Pyq_fadeIn\">kysymykset<\/span><\/h3>\n<p data-start=\"2496\" data-end=\"2623\"><strong data-start=\"2496\" data-end=\"2539\"><span class=\"BZ_Pyq_fadeIn\">Voiko <\/span><span class=\"BZ_Pyq_fadeIn\">Lanus <\/span><span class=\"BZ_Pyq_fadeIn\">shortsit <\/span><span class=\"BZ_Pyq_fadeIn\">tilata <\/span><span class=\"BZ_Pyq_fadeIn\">painettuna?<\/span><\/strong><br data-start=\"2539\" data-end=\"2542\" \/><span class=\"BZ_Pyq_fadeIn\">Kyll\u00e4. <\/span><span class=\"BZ_Pyq_fadeIn\">Shorts <\/span><span class=\"BZ_Pyq_fadeIn\">it <\/span><span class=\"BZ_Pyq_fadeIn\">voidaan <\/span><span class=\"BZ_Pyq_fadeIn\">toimittaa <\/span><span class=\"BZ_Pyq_fadeIn\">valmiiksi <\/span><span class=\"BZ_Pyq_fadeIn\">painettuina <\/span><span class=\"BZ_Pyq_fadeIn\">logolla <\/span><span class=\"BZ_Pyq_fadeIn\">tai <\/span><span class=\"BZ_Pyq_fadeIn\">grafiikalla.<\/span><\/p>\n<p data-start=\"2625\" data-end=\"2732\"><strong data-start=\"2625\" data-end=\"2668\"><span class=\"BZ_Pyq_fadeIn\">Voiko <\/span><span class=\"BZ_Pyq_fadeIn\">shortsit <\/span><span class=\"BZ_Pyq_fadeIn\">tilata <\/span><span class=\"BZ_Pyq_fadeIn\">ilman <\/span><span class=\"BZ_Pyq_fadeIn\">painatusta?<\/span><\/strong><br data-start=\"2668\" data-end=\"2671\" \/><span class=\"BZ_Pyq_fadeIn\">Kyll\u00e4. <\/span><span class=\"BZ_Pyq_fadeIn\">Tuotteet <\/span><span class=\"BZ_Pyq_fadeIn\">myyd\u00e4\u00e4n <\/span><span class=\"BZ_Pyq_fadeIn\">sek\u00e4 <\/span><span class=\"BZ_Pyq_fadeIn\">painettuina <\/span><span class=\"BZ_Pyq_fadeIn\">ett\u00e4 <\/span><span class=\"BZ_Pyq_fadeIn\">painamattomina.<\/span><\/p>\n<p data-start=\"2734\" data-end=\"2872\"><strong data-start=\"2734\" data-end=\"2770\"><span class=\"BZ_Pyq_fadeIn\">Onko <\/span><span class=\"BZ_Pyq_fadeIn\">shortseissa <\/span><span class=\"BZ_Pyq_fadeIn\">sis\u00e4leggingsit?<\/span><\/strong><br data-start=\"2770\" data-end=\"2773\" \/><span class=\"BZ_Pyq_fadeIn\">Kyll\u00e4. <\/span><span class=\"BZ_Pyq_fadeIn\">Shortseissa <\/span><span class=\"BZ_Pyq_fadeIn\">on <\/span><span class=\"BZ_Pyq_fadeIn\">kontrastiv\u00e4riset <\/span><span class=\"BZ_Pyq_fadeIn\">lyhyet <\/span><span class=\"BZ_Pyq_fadeIn\">leggingsit, <\/span><span class=\"BZ_Pyq_fadeIn\">jotka <\/span><span class=\"BZ_Pyq_fadeIn\">lis\u00e4\u00e4v\u00e4t <\/span><span class=\"BZ_Pyq_fadeIn\">k\u00e4ytt\u00f6mukavuutta <\/span><span class=\"BZ_Pyq_fadeIn\">ja <\/span><span class=\"BZ_Pyq_fadeIn\">tukea.<\/span><\/p>\n<p data-start=\"2874\" data-end=\"3000\"><strong data-start=\"2874\" data-end=\"2921\"><span class=\"BZ_Pyq_fadeIn\">Onko <\/span><span class=\"BZ_Pyq_fadeIn\">kangas <\/span><span class=\"BZ_Pyq_fadeIn\">hengitt\u00e4v\u00e4 <\/span><span class=\"BZ_Pyq_fadeIn\">ja <\/span><span class=\"BZ_Pyq_fadeIn\">nopeasti <\/span><span class=\"BZ_Pyq_fadeIn\">kuivuva?<\/span><\/strong><br data-start=\"2921\" data-end=\"2924\" \/><span class=\"BZ_Pyq_fadeIn\">Kyll\u00e4. <\/span><span class=\"BZ_Pyq_fadeIn\">Tekninen <\/span><span class=\"BZ_Pyq_fadeIn\">polyesteri-<\/span><span class=\"BZ_Pyq_fadeIn\">elastaanikangas <\/span><span class=\"BZ_Pyq_fadeIn\">on <\/span><span class=\"BZ_Pyq_fadeIn\">hengitt\u00e4v\u00e4 <\/span><span class=\"BZ_Pyq_fadeIn\">ja <\/span><span class=\"BZ_Pyq_fadeIn\">kuivuu <\/span><span class=\"BZ_Pyq_fadeIn\">nopeasti.<\/span><\/p>\n<p data-start=\"3002\" data-end=\"3131\" data-is-last-node=\"\" data-is-only-node=\"\"><strong data-start=\"3002\" data-end=\"3035\"><span class=\"BZ_Pyq_fadeIn\">Kuinka <\/span><span class=\"BZ_Pyq_fadeIn\">pitk\u00e4 <\/span><span class=\"BZ_Pyq_fadeIn\">toimitusaika <\/span><span class=\"BZ_Pyq_fadeIn\">on?<\/span><\/strong><br data-start=\"3035\" data-end=\"3038\" \/><span class=\"BZ_Pyq_fadeIn\">Arvioitu <\/span><span class=\"BZ_Pyq_fadeIn\">toimitusaika <\/span><span class=\"BZ_Pyq_fadeIn\">on <\/span><span class=\"BZ_Pyq_fadeIn\">noin <\/span><span class=\"BZ_Pyq_fadeIn\">1 <\/span><span class=\"BZ_Pyq_fadeIn\">viikko, <\/span><span class=\"BZ_Pyq_fadeIn\">riippuen <\/span><span class=\"BZ_Pyq_fadeIn\">tilausm\u00e4\u00e4r\u00e4st\u00e4 <\/span><span class=\"BZ_Pyq_fadeIn\">ja <\/span><span class=\"BZ_Pyq_fadeIn\">mahdollisesta <\/span><span class=\"BZ_Pyq_fadeIn\">merkinn\u00e4st\u00e4.<\/span><\/p>\n<\/div>\n<\/div>\n<\/div>\n<\/div>\n<\/div>\n<\/div>\n<\/article>\n<\/div>\n<\/div>\n<p data-v-00b2e954=\"\"><img decoding=\"async\" class=\"mr-1 grey\" title=\"40\u00ba pesu max\" src=\"https:\/\/static.gorfactory.es\/images\/icons\/20221116171353_Lavar-40-max.png\" alt=\"40\u00ba pesu max\" width=\"40\" height=\"40\" data-v-6089ed0a=\"\" data-v-00b2e954=\"\" \/><img decoding=\"async\" class=\"mr-1 grey\" title=\"\u00c4l\u00e4 valkaise\" src=\"https:\/\/static.gorfactory.es\/images\/icons\/20220914110315_No%20usar%20blanqueador.png\" alt=\"\u00c4l\u00e4 valkaise\" width=\"40\" height=\"40\" data-v-6089ed0a=\"\" data-v-00b2e954=\"\" \/><img decoding=\"async\" class=\"mr-1 grey\" title=\"\u00c4l\u00e4 rumpukuivaa\" src=\"https:\/\/static.gorfactory.es\/images\/icons\/20220914110302_No%20secar%20en%20secadora.png\" alt=\"\u00c4l\u00e4 rumpukuivaa\" width=\"40\" height=\"40\" data-v-6089ed0a=\"\" data-v-00b2e954=\"\" \/><img loading=\"lazy\" decoding=\"async\" class=\"mr-1 grey\" title=\"\u00c4l\u00e4 silit\u00e4\" src=\"https:\/\/static.gorfactory.es\/images\/icons\/20220914110249_No%20planchar.png\" alt=\"\u00c4l\u00e4 silit\u00e4\" width=\"40\" height=\"40\" data-v-6089ed0a=\"\" data-v-00b2e954=\"\" \/><img loading=\"lazy\" decoding=\"async\" class=\"mr-1 grey\" title=\"\u00c4l\u00e4 kuivapesua\" src=\"https:\/\/static.gorfactory.es\/images\/icons\/20220914110151_No%20lavar%20en%20seco.png\" alt=\"\u00c4l\u00e4 kuivapesua\" width=\"40\" height=\"40\" data-v-6089ed0a=\"\" data-v-00b2e954=\"\" \/><\/p>\n<table id=\"size_chart\" class=\"table table-responsive\" style=\"height: 265px;\" width=\"203\" cellspacing=\"0\" cellpadding=\"0\">\n<tbody>\n<tr>\n<th>Koko<\/th>\n<th><img decoding=\"async\" src=\"https:\/\/wordans-a1a5.kxcdn.com\/images\/wordans2010\/length.png\" alt=\"Length\" \/>\u00a0<label id=\"lengthLabel\">Pituus<\/label><\/th>\n<th><img decoding=\"async\" src=\"https:\/\/wordans-a1a5.kxcdn.com\/images\/wordans2010\/width.png\" alt=\"Width\" \/>\u00a0<label id=\"widthLabel\">Leveys<\/label><\/th>\n<\/tr>\n<tr>\n<td>S<\/td>\n<td>28<\/td>\n<td>34<\/td>\n<\/tr>\n<tr>\n<td>M<\/td>\n<td>30<\/td>\n<td>36<\/td>\n<\/tr>\n<tr>\n<td>L<\/td>\n<td>32<\/td>\n<td>38<\/td>\n<\/tr>\n<tr>\n<td>XL<\/td>\n<td>34<\/td>\n<td>40<\/td>\n<\/tr>\n<\/tbody>\n<\/table>\n<p>&nbsp;<\/p>\n","protected":false},"excerpt":{"rendered":"<p>Tuotenumero 501513 Shortsit Lanus \u2013 naisten urheilushortsit leggings-sis\u00e4osalla painettuna tai painamattomana Lanus shortsit ovat tekniset naisten urheilushortsit, joissa on kontrastiv\u00e4riset lyhyet leggingsit. Malli on suunniteltu erityisesti juoksuun, harjoitteluun ja aktiiviseen liikuntaan. Kevyt ja hengitt\u00e4v\u00e4 materiaali tekee shortseista mukavat k\u00e4ytt\u00e4\u00e4 sek\u00e4 urheilussa ett\u00e4 vapaa-ajalla. Tuotteet voidaan toimittaa sek\u00e4 painettuina ett\u00e4 painamattomina, joten shortsit voidaan valmistaa valmiiksi [&hellip;]<\/p>\n","protected":false},"featured_media":16920,"template":"","meta":{"_acf_changed":false,"om_disable_all_campaigns":false,"_monsterinsights_skip_tracking":false,"_monsterinsights_sitenote_active":false,"_monsterinsights_sitenote_note":"","_monsterinsights_sitenote_category":0},"product_brand":[],"product_cat":[524,512],"product_tag":[298,576,578,577],"class_list":{"0":"post-16919","1":"product","2":"type-product","3":"status-publish","4":"has-post-thumbnail","6":"product_cat-sport-shortsit-hame","7":"product_cat-sport","8":"product_tag-painatus","9":"product_tag-shortsit","10":"product_tag-shortsit-painatuksella","11":"product_tag-urheilushortsit","12":"product_shipping_class-postipaketti","14":"first","15":"instock","16":"taxable","17":"shipping-taxable","18":"purchasable","19":"product-type-simple"},"acf":[],"aioseo_notices":[],"_links":{"self":[{"href":"https:\/\/www.roly24.com\/index.php\/wp-json\/wp\/v2\/product\/16919","targetHints":{"allow":["GET"]}}],"collection":[{"href":"https:\/\/www.roly24.com\/index.php\/wp-json\/wp\/v2\/product"}],"about":[{"href":"https:\/\/www.roly24.com\/index.php\/wp-json\/wp\/v2\/types\/product"}],"version-history":[{"count":4,"href":"https:\/\/www.roly24.com\/index.php\/wp-json\/wp\/v2\/product\/16919\/revisions"}],"predecessor-version":[{"id":22160,"href":"https:\/\/www.roly24.com\/index.php\/wp-json\/wp\/v2\/product\/16919\/revisions\/22160"}],"wp:featuredmedia":[{"embeddable":true,"href":"https:\/\/www.roly24.com\/index.php\/wp-json\/wp\/v2\/media\/16920"}],"wp:attachment":[{"href":"https:\/\/www.roly24.com\/index.php\/wp-json\/wp\/v2\/media?parent=16919"}],"wp:term":[{"taxonomy":"product_brand","embeddable":true,"href":"https:\/\/www.roly24.com\/index.php\/wp-json\/wp\/v2\/product_brand?post=16919"},{"taxonomy":"product_cat","embeddable":true,"href":"https:\/\/www.roly24.com\/index.php\/wp-json\/wp\/v2\/product_cat?post=16919"},{"taxonomy":"product_tag","embeddable":true,"href":"https:\/\/www.roly24.com\/index.php\/wp-json\/wp\/v2\/product_tag?post=16919"}],"curies":[{"name":"wp","href":"https:\/\/api.w.org\/{rel}","templated":true}]}}