{"id":16876,"date":"2025-02-28T12:23:26","date_gmt":"2025-02-28T10:23:26","guid":{"rendered":"https:\/\/www.roly24.com\/?post_type=product&#038;p=16876"},"modified":"2026-03-16T12:59:59","modified_gmt":"2026-03-16T10:59:59","slug":"shortsit-celtic","status":"publish","type":"product","link":"https:\/\/www.roly24.com\/index.php\/tuote\/shortsit-celtic\/","title":{"rendered":"Kevyet multisport-urheilushortsit CELTIC painamattomana tai painettuna"},"content":{"rendered":"<p><strong>Tuotenumero 501508<\/strong><\/p>\n<div class=\"relative basis-auto flex-col -mb-(--composer-overlap-px) [--composer-overlap-px:28px] grow flex\">\n<div class=\"flex flex-col text-sm pb-25\">\n<article class=\"text-token-text-primary w-full focus:outline-none [--shadow-height:45px] has-data-writing-block:pointer-events-none has-data-writing-block:-mt-(--shadow-height) has-data-writing-block:pt-(--shadow-height) [&amp;:has([data-writing-block])&gt;*]:pointer-events-auto scroll-mt-[calc(var(--header-height)+min(200px,max(70px,20svh)))]\" dir=\"auto\" tabindex=\"-1\" data-turn-id=\"request-WEB:0be5d431-25ab-46b1-b2ac-8cfd8d267a27-44\" data-testid=\"conversation-turn-90\" data-scroll-anchor=\"true\" data-turn=\"assistant\">\n<div class=\"text-base my-auto mx-auto pb-10 [--thread-content-margin:var(--thread-content-margin-xs,calc(var(--spacing)*4))] @w-sm\/main:[--thread-content-margin:var(--thread-content-margin-sm,calc(var(--spacing)*6))] @w-lg\/main:[--thread-content-margin:var(--thread-content-margin-lg,calc(var(--spacing)*16))] px-(--thread-content-margin)\">\n<div class=\"[--thread-content-max-width:40rem] @w-lg\/main:[--thread-content-max-width:48rem] mx-auto max-w-(--thread-content-max-width) flex-1 group\/turn-messages focus-visible:outline-hidden relative flex w-full min-w-0 flex-col agent-turn\" tabindex=\"-1\">\n<div class=\"flex max-w-full flex-col gap-4 grow\">\n<div class=\"min-h-8 text-message relative flex w-full flex-col items-end gap-2 text-start break-words whitespace-normal [.text-message+&amp;]:mt-1\" dir=\"auto\" data-message-author-role=\"assistant\" data-message-id=\"31dc51c9-ba74-4294-97af-a163556d1e3f\" data-message-model-slug=\"gpt-5-3\">\n<div class=\"flex w-full flex-col gap-1 empty:hidden\">\n<div class=\"markdown prose dark:prose-invert w-full wrap-break-word light markdown-new-styling\">\n<h4 data-start=\"0\" data-end=\"87\"><span class=\"BZ_Pyq_fadeIn\">Shorts <\/span><span class=\"BZ_Pyq_fadeIn\">it <\/span><span class=\"BZ_Pyq_fadeIn\">Celtic \u2013 <\/span><span class=\"BZ_Pyq_fadeIn\">kevyet <\/span><span class=\"BZ_Pyq_fadeIn\">multisport-<\/span><span class=\"BZ_Pyq_fadeIn\">urheilushortsit <\/span><span class=\"BZ_Pyq_fadeIn\">painettuna <\/span><span class=\"BZ_Pyq_fadeIn\">tai <\/span><span class=\"BZ_Pyq_fadeIn\">painamattomana<\/span><\/h4>\n<p data-start=\"89\" data-end=\"356\"><span class=\"BZ_Pyq_fadeIn\">Celtic <\/span><span class=\"BZ_Pyq_fadeIn\">shortsit <\/span><span class=\"BZ_Pyq_fadeIn\">ovat <\/span><span class=\"BZ_Pyq_fadeIn\">kevyet <\/span><span class=\"BZ_Pyq_fadeIn\">multisport-<\/span><span class=\"BZ_Pyq_fadeIn\">urheilushortsit, <\/span><span class=\"BZ_Pyq_fadeIn\">jotka <\/span><span class=\"BZ_Pyq_fadeIn\">on <\/span><span class=\"BZ_Pyq_fadeIn\">suunniteltu <\/span><span class=\"BZ_Pyq_fadeIn\">urheiluun, <\/span><span class=\"BZ_Pyq_fadeIn\">harjoitteluun, <\/span><span class=\"BZ_Pyq_fadeIn\">joukkueille, <\/span><span class=\"BZ_Pyq_fadeIn\">tapahtumiin <\/span><span class=\"BZ_Pyq_fadeIn\">sek\u00e4 <\/span><span class=\"BZ_Pyq_fadeIn\">promootiotuotteisiin. <\/span><span class=\"BZ_Pyq_fadeIn\">Kevyt <\/span><span class=\"BZ_Pyq_fadeIn\">tekninen <\/span><span class=\"BZ_Pyq_fadeIn\">materiaali <\/span><span class=\"BZ_Pyq_fadeIn\">ja <\/span><span class=\"BZ_Pyq_fadeIn\">hengitt\u00e4v\u00e4t <\/span><span class=\"BZ_Pyq_fadeIn\">paneelit <\/span><span class=\"BZ_Pyq_fadeIn\">tekev\u00e4t <\/span><span class=\"BZ_Pyq_fadeIn\">shortseista <\/span><span class=\"BZ_Pyq_fadeIn\">erinomaisen <\/span><span class=\"BZ_Pyq_fadeIn\">valinnan <\/span><span class=\"BZ_Pyq_fadeIn\">aktiiviseen <\/span><span class=\"BZ_Pyq_fadeIn\">k\u00e4ytt\u00f6\u00f6n.<\/span><\/p>\n<p data-start=\"358\" data-end=\"556\"><span class=\"BZ_Pyq_fadeIn\">Tuotteet <\/span><span class=\"BZ_Pyq_fadeIn\">voidaan <\/span><span class=\"BZ_Pyq_fadeIn\">toimittaa <\/span><span class=\"BZ_Pyq_fadeIn\">sek\u00e4 <\/span><span class=\"BZ_Pyq_fadeIn\">painettuina <\/span><span class=\"BZ_Pyq_fadeIn\">ett\u00e4 <\/span><span class=\"BZ_Pyq_fadeIn\">painamattomina, <\/span><span class=\"BZ_Pyq_fadeIn\">joten <\/span><span class=\"BZ_Pyq_fadeIn\">shortsit <\/span><span class=\"BZ_Pyq_fadeIn\">voidaan <\/span><span class=\"BZ_Pyq_fadeIn\">valmistaa <\/span><span class=\"BZ_Pyq_fadeIn\">valmiiksi <\/span><span class=\"BZ_Pyq_fadeIn\">painettuina <\/span><span class=\"BZ_Pyq_fadeIn\">logolla <\/span><span class=\"BZ_Pyq_fadeIn\">tai <\/span><span class=\"BZ_Pyq_fadeIn\">grafiikalla <\/span><span class=\"BZ_Pyq_fadeIn\">tai <\/span><span class=\"BZ_Pyq_fadeIn\">toimittaa <\/span><span class=\"BZ_Pyq_fadeIn\">ilman <\/span><span class=\"BZ_Pyq_fadeIn\">painatusta <\/span><span class=\"BZ_Pyq_fadeIn\">jatkomerkkausta <\/span><span class=\"BZ_Pyq_fadeIn\">varten.<\/span><\/p>\n<p data-start=\"558\" data-end=\"810\"><span class=\"BZ_Pyq_fadeIn\">Shortseissa <\/span><span class=\"BZ_Pyq_fadeIn\">on <\/span><span class=\"BZ_Pyq_fadeIn\">joustava <\/span><span class=\"BZ_Pyq_fadeIn\">vy\u00f6t\u00e4r\u00f6nauha <\/span><span class=\"BZ_Pyq_fadeIn\">kontrastiv\u00e4risell\u00e4 <\/span><span class=\"BZ_Pyq_fadeIn\">sis\u00e4isell\u00e4 <\/span><span class=\"BZ_Pyq_fadeIn\">kiristysny\u00f6rill\u00e4, <\/span><span class=\"BZ_Pyq_fadeIn\">joka <\/span><span class=\"BZ_Pyq_fadeIn\">parantaa <\/span><span class=\"BZ_Pyq_fadeIn\">istuvuutta <\/span><span class=\"BZ_Pyq_fadeIn\">ja <\/span><span class=\"BZ_Pyq_fadeIn\">k\u00e4ytt\u00f6mukavuutta. <\/span><span class=\"BZ_Pyq_fadeIn\">Sivu- <\/span><span class=\"BZ_Pyq_fadeIn\">ja <\/span><span class=\"BZ_Pyq_fadeIn\">sis\u00e4lahkeissa <\/span><span class=\"BZ_Pyq_fadeIn\">olevat <\/span><span class=\"BZ_Pyq_fadeIn\">hengitt\u00e4v\u00e4t <\/span><span class=\"BZ_Pyq_fadeIn\">kangaspaneelit <\/span><span class=\"BZ_Pyq_fadeIn\">lis\u00e4\u00e4v\u00e4t <\/span><span class=\"BZ_Pyq_fadeIn\">ilmanvaihtoa <\/span><span class=\"BZ_Pyq_fadeIn\">ja <\/span><span class=\"BZ_Pyq_fadeIn\">tekev\u00e4t <\/span><span class=\"BZ_Pyq_fadeIn\">shortseista <\/span><span class=\"BZ_Pyq_fadeIn\">mukavat <\/span><span class=\"BZ_Pyq_fadeIn\">urheilussa.<\/span><\/p>\n<p data-start=\"812\" data-end=\"999\"><span class=\"BZ_Pyq_fadeIn\">Kaksi <\/span><span class=\"BZ_Pyq_fadeIn\">sivutaskua <\/span><span class=\"BZ_Pyq_fadeIn\">tarjoavat <\/span><span class=\"BZ_Pyq_fadeIn\">k\u00e4yt\u00e4nn\u00f6llisen <\/span><span class=\"BZ_Pyq_fadeIn\">s\u00e4ilytystilan <\/span><span class=\"BZ_Pyq_fadeIn\">pienille <\/span><span class=\"BZ_Pyq_fadeIn\">tavaroille. <\/span><span class=\"BZ_Pyq_fadeIn\">Ep\u00e4symmetriset <\/span><span class=\"BZ_Pyq_fadeIn\">sivuhalkiot <\/span><span class=\"BZ_Pyq_fadeIn\">helmassa <\/span><span class=\"BZ_Pyq_fadeIn\">parantavat <\/span><span class=\"BZ_Pyq_fadeIn\">liikkuvuutta <\/span><span class=\"BZ_Pyq_fadeIn\">ja <\/span><span class=\"BZ_Pyq_fadeIn\">antavat <\/span><span class=\"BZ_Pyq_fadeIn\">shortseille <\/span><span class=\"BZ_Pyq_fadeIn\">modernin <\/span><span class=\"BZ_Pyq_fadeIn\">sporttisen <\/span><span class=\"BZ_Pyq_fadeIn\">ilmeen.<\/span><\/p>\n<h3 data-section-id=\"rog7al\" data-start=\"1001\" data-end=\"1017\"><span class=\"BZ_Pyq_fadeIn\">Ominaisuudet<\/span><\/h3>\n<p data-start=\"1019\" data-end=\"1253\"><span class=\"BZ_Pyq_fadeIn\">Multisport-<\/span><span class=\"BZ_Pyq_fadeIn\">urheilushortsit \u2022 <\/span><span class=\"BZ_Pyq_fadeIn\">Joustava <\/span><span class=\"BZ_Pyq_fadeIn\">vy\u00f6t\u00e4r\u00f6nauha <\/span><span class=\"BZ_Pyq_fadeIn\">kiristysny\u00f6rill\u00e4 \u2022 <\/span><span class=\"BZ_Pyq_fadeIn\">Hengitt\u00e4v\u00e4t <\/span><span class=\"BZ_Pyq_fadeIn\">kangaspaneelit \u2022 <\/span><span class=\"BZ_Pyq_fadeIn\">Kaksi <\/span><span class=\"BZ_Pyq_fadeIn\">sivutaskua \u2022 <\/span><span class=\"BZ_Pyq_fadeIn\">Ep\u00e4symmetriset <\/span><span class=\"BZ_Pyq_fadeIn\">sivuhalkiot <\/span><span class=\"BZ_Pyq_fadeIn\">helmassa \u2022 <\/span><span class=\"BZ_Pyq_fadeIn\">Kevyt <\/span><span class=\"BZ_Pyq_fadeIn\">ja <\/span><span class=\"BZ_Pyq_fadeIn\">nopeasti <\/span><span class=\"BZ_Pyq_fadeIn\">kuivuva <\/span><span class=\"BZ_Pyq_fadeIn\">materiaali \u2022 <\/span><span class=\"BZ_Pyq_fadeIn\">Saatavana <\/span><span class=\"BZ_Pyq_fadeIn\">painettuna <\/span><span class=\"BZ_Pyq_fadeIn\">tai <\/span><span class=\"BZ_Pyq_fadeIn\">painamattomana<\/span><\/p>\n<h3 data-section-id=\"dpzujp\" data-start=\"1255\" data-end=\"1269\"><span class=\"BZ_Pyq_fadeIn\">Materiaali<\/span><\/h3>\n<p data-start=\"1271\" data-end=\"1355\"><span class=\"BZ_Pyq_fadeIn\">P\u00e4\u00e4kangas: <\/span><span class=\"BZ_Pyq_fadeIn\">100 % <\/span><span class=\"BZ_Pyq_fadeIn\">mikrokuitupolyesteri<\/span><br data-start=\"1308\" data-end=\"1311\" \/><span class=\"BZ_Pyq_fadeIn\">Paneelit: <\/span><span class=\"BZ_Pyq_fadeIn\">100 % <\/span><span class=\"BZ_Pyq_fadeIn\">mikroperforoitu <\/span><span class=\"BZ_Pyq_fadeIn\">polyesteri<\/span><\/p>\n<p data-start=\"1357\" data-end=\"1404\"><span class=\"BZ_Pyq_fadeIn\">Paino:<\/span><br data-start=\"1363\" data-end=\"1366\" \/><span class=\"BZ_Pyq_fadeIn\">P\u00e4\u00e4kangas <\/span><span class=\"BZ_Pyq_fadeIn\">100 <\/span><span class=\"BZ_Pyq_fadeIn\">g\/<\/span><span class=\"BZ_Pyq_fadeIn\">m\u00b2<\/span><br data-start=\"1384\" data-end=\"1387\" \/><span class=\"BZ_Pyq_fadeIn\">Paneelit <\/span><span class=\"BZ_Pyq_fadeIn\">145 <\/span><span class=\"BZ_Pyq_fadeIn\">g\/<\/span><span class=\"BZ_Pyq_fadeIn\">m\u00b2<\/span><\/p>\n<p data-start=\"1406\" data-end=\"1495\"><span class=\"BZ_Pyq_fadeIn\">Kevyt <\/span><span class=\"BZ_Pyq_fadeIn\">tekninen <\/span><span class=\"BZ_Pyq_fadeIn\">materiaali <\/span><span class=\"BZ_Pyq_fadeIn\">tekee <\/span><span class=\"BZ_Pyq_fadeIn\">shortseista <\/span><span class=\"BZ_Pyq_fadeIn\">hengitt\u00e4v\u00e4t <\/span><span class=\"BZ_Pyq_fadeIn\">ja <\/span><span class=\"BZ_Pyq_fadeIn\">mukavat <\/span><span class=\"BZ_Pyq_fadeIn\">aktiivisessa <\/span><span class=\"BZ_Pyq_fadeIn\">k\u00e4yt\u00f6ss\u00e4.<\/span><\/p>\n<h3 data-section-id=\"q08wlc\" data-start=\"1497\" data-end=\"1513\"><span class=\"BZ_Pyq_fadeIn\">Toimitusaika<\/span><\/h3>\n<p data-start=\"1515\" data-end=\"1551\"><span class=\"BZ_Pyq_fadeIn\">Arvioitu <\/span><span class=\"BZ_Pyq_fadeIn\">toimitusaika <\/span><span class=\"BZ_Pyq_fadeIn\">noin <\/span><span class=\"BZ_Pyq_fadeIn\">1 <\/span><span class=\"BZ_Pyq_fadeIn\">viikko.<\/span><\/p>\n<p data-start=\"1553\" data-end=\"1627\"><span class=\"BZ_Pyq_fadeIn\">Toimitusaika <\/span><span class=\"BZ_Pyq_fadeIn\">voi <\/span><span class=\"BZ_Pyq_fadeIn\">vaihdella <\/span><span class=\"BZ_Pyq_fadeIn\">tilausm\u00e4\u00e4r\u00e4n <\/span><span class=\"BZ_Pyq_fadeIn\">ja <\/span><span class=\"BZ_Pyq_fadeIn\">mahdollisen <\/span><span class=\"BZ_Pyq_fadeIn\">painatuksen <\/span><span class=\"BZ_Pyq_fadeIn\">mukaan.<\/span><\/p>\n<h3 data-section-id=\"19f8ccq\" data-start=\"1629\" data-end=\"1646\"><span class=\"BZ_Pyq_fadeIn\">K\u00e4ytt\u00f6kohteet<\/span><\/h3>\n<p data-start=\"1648\" data-end=\"1794\"><span class=\"BZ_Pyq_fadeIn\">Urheilujoukkueet \u2022 <\/span><span class=\"BZ_Pyq_fadeIn\">Harjoittelu \u2022 <\/span><span class=\"BZ_Pyq_fadeIn\">Multisport \u2022 <\/span><span class=\"BZ_Pyq_fadeIn\">Tapahtumat \u2022 <\/span><span class=\"BZ_Pyq_fadeIn\">Promootiotuotteet \u2022 <\/span><span class=\"BZ_Pyq_fadeIn\">Seuravaatteet \u2022 <\/span><span class=\"BZ_Pyq_fadeIn\">Br\u00e4ndituotteet \u2022 <\/span><span class=\"BZ_Pyq_fadeIn\">Verkkokauppamyynti \u2022 <\/span><span class=\"BZ_Pyq_fadeIn\">J\u00e4lleenmyynti<\/span><\/p>\n<h3 data-section-id=\"6b1txa\" data-start=\"1796\" data-end=\"1838\"><span class=\"BZ_Pyq_fadeIn\">Tuotteet <\/span><span class=\"BZ_Pyq_fadeIn\">painettuna <\/span><span class=\"BZ_Pyq_fadeIn\">tai <\/span><span class=\"BZ_Pyq_fadeIn\">painamattomana<\/span><\/h3>\n<p data-start=\"1840\" data-end=\"1960\"><span class=\"BZ_Pyq_fadeIn\">Voit <\/span><span class=\"BZ_Pyq_fadeIn\">tilata <\/span><span class=\"BZ_Pyq_fadeIn\">Celtic <\/span><span class=\"BZ_Pyq_fadeIn\">shortsit <\/span><span class=\"BZ_Pyq_fadeIn\">painamattomina <\/span><span class=\"BZ_Pyq_fadeIn\">omaa <\/span><span class=\"BZ_Pyq_fadeIn\">painotuotantoa <\/span><span class=\"BZ_Pyq_fadeIn\">varten <\/span><span class=\"BZ_Pyq_fadeIn\">tai <\/span><span class=\"BZ_Pyq_fadeIn\">valmiiksi <\/span><span class=\"BZ_Pyq_fadeIn\">painettuina <\/span><span class=\"BZ_Pyq_fadeIn\">logolla <\/span><span class=\"BZ_Pyq_fadeIn\">tai <\/span><span class=\"BZ_Pyq_fadeIn\">grafiikalla.<\/span><\/p>\n<h3 data-section-id=\"1pycund\" data-start=\"1962\" data-end=\"1991\"><span class=\"BZ_Pyq_fadeIn\">Mahdolliset <\/span><span class=\"BZ_Pyq_fadeIn\">merkkaustavat<\/span><\/h3>\n<p data-start=\"1993\" data-end=\"2080\"><span class=\"BZ_Pyq_fadeIn\">Painatus: <\/span><span class=\"BZ_Pyq_fadeIn\">Tuote <\/span><span class=\"BZ_Pyq_fadeIn\">painetaan <\/span><span class=\"BZ_Pyq_fadeIn\">DTF-<\/span><span class=\"BZ_Pyq_fadeIn\">painatuksella.<\/span><br data-start=\"2037\" data-end=\"2040\" \/><span class=\"BZ_Pyq_fadeIn\">Brodeeraus: <\/span><span class=\"BZ_Pyq_fadeIn\">Saatavilla <\/span><span class=\"BZ_Pyq_fadeIn\">tarjouspyynn\u00f6ll\u00e4.<\/span><\/p>\n<h3 data-section-id=\"gwkuul\" data-start=\"2082\" data-end=\"2114\"><span class=\"BZ_Pyq_fadeIn\">Suuret <\/span><span class=\"BZ_Pyq_fadeIn\">er\u00e4t <\/span><span class=\"BZ_Pyq_fadeIn\">ja <\/span><span class=\"BZ_Pyq_fadeIn\">j\u00e4lleenmyyj\u00e4t<\/span><\/h3>\n<p data-start=\"2116\" data-end=\"2359\"><span class=\"BZ_Pyq_fadeIn\">Roly24 <\/span><span class=\"BZ_Pyq_fadeIn\">toimittaa <\/span><span class=\"BZ_Pyq_fadeIn\">tuotteita <\/span><span class=\"BZ_Pyq_fadeIn\">my\u00f6s <\/span><span class=\"BZ_Pyq_fadeIn\">suuremmissa <\/span><span class=\"BZ_Pyq_fadeIn\">eriss\u00e4 <\/span><span class=\"BZ_Pyq_fadeIn\">tarjouspohjalta <\/span><span class=\"BZ_Pyq_fadeIn\">esimerkiksi <\/span><span class=\"BZ_Pyq_fadeIn\">j\u00e4lleenmyyjille, <\/span><span class=\"BZ_Pyq_fadeIn\">yrityksille, <\/span><span class=\"BZ_Pyq_fadeIn\">urheiluseuroille, <\/span><span class=\"BZ_Pyq_fadeIn\">yhdistyksille <\/span><span class=\"BZ_Pyq_fadeIn\">ja <\/span><span class=\"BZ_Pyq_fadeIn\">tapahtumaj\u00e4rjest\u00e4jille. <\/span><span class=\"BZ_Pyq_fadeIn\">Tuotteet <\/span><span class=\"BZ_Pyq_fadeIn\">voidaan <\/span><span class=\"BZ_Pyq_fadeIn\">toimittaa <\/span><span class=\"BZ_Pyq_fadeIn\">painettuina <\/span><span class=\"BZ_Pyq_fadeIn\">tai <\/span><span class=\"BZ_Pyq_fadeIn\">painamattomina <\/span><span class=\"BZ_Pyq_fadeIn\">tilauksen <\/span><span class=\"BZ_Pyq_fadeIn\">mukaan.<\/span><\/p>\n<p data-start=\"2361\" data-end=\"2397\"><span class=\"BZ_Pyq_fadeIn\">\ud83d\udce9 <\/span><span class=\"BZ_Pyq_fadeIn\">Pyyd\u00e4 <\/span><span class=\"BZ_Pyq_fadeIn\">tarjous <\/span><span class=\"BZ_Pyq_fadeIn\">suuremmista <\/span><span class=\"BZ_Pyq_fadeIn\">erist\u00e4.<\/span><\/p>\n<h3 data-section-id=\"181otkz\" data-start=\"2399\" data-end=\"2433\"><span class=\"BZ_Pyq_fadeIn\">FAQ \u2013 <\/span><span class=\"BZ_Pyq_fadeIn\">Usein <\/span><span class=\"BZ_Pyq_fadeIn\">kysytyt <\/span><span class=\"BZ_Pyq_fadeIn\">kysymykset<\/span><\/h3>\n<p data-start=\"2435\" data-end=\"2563\"><strong data-start=\"2435\" data-end=\"2479\"><span class=\"BZ_Pyq_fadeIn\">Voiko <\/span><span class=\"BZ_Pyq_fadeIn\">Celtic <\/span><span class=\"BZ_Pyq_fadeIn\">shortsit <\/span><span class=\"BZ_Pyq_fadeIn\">tilata <\/span><span class=\"BZ_Pyq_fadeIn\">painettuna?<\/span><\/strong><br data-start=\"2479\" data-end=\"2482\" \/><span class=\"BZ_Pyq_fadeIn\">Kyll\u00e4. <\/span><span class=\"BZ_Pyq_fadeIn\">Shorts <\/span><span class=\"BZ_Pyq_fadeIn\">it <\/span><span class=\"BZ_Pyq_fadeIn\">voidaan <\/span><span class=\"BZ_Pyq_fadeIn\">toimittaa <\/span><span class=\"BZ_Pyq_fadeIn\">valmiiksi <\/span><span class=\"BZ_Pyq_fadeIn\">painettuina <\/span><span class=\"BZ_Pyq_fadeIn\">logolla <\/span><span class=\"BZ_Pyq_fadeIn\">tai <\/span><span class=\"BZ_Pyq_fadeIn\">grafiikalla.<\/span><\/p>\n<p data-start=\"2565\" data-end=\"2672\"><strong data-start=\"2565\" data-end=\"2608\"><span class=\"BZ_Pyq_fadeIn\">Voiko <\/span><span class=\"BZ_Pyq_fadeIn\">shortsit <\/span><span class=\"BZ_Pyq_fadeIn\">tilata <\/span><span class=\"BZ_Pyq_fadeIn\">ilman <\/span><span class=\"BZ_Pyq_fadeIn\">painatusta?<\/span><\/strong><br data-start=\"2608\" data-end=\"2611\" \/><span class=\"BZ_Pyq_fadeIn\">Kyll\u00e4. <\/span><span class=\"BZ_Pyq_fadeIn\">Tuotteet <\/span><span class=\"BZ_Pyq_fadeIn\">myyd\u00e4\u00e4n <\/span><span class=\"BZ_Pyq_fadeIn\">sek\u00e4 <\/span><span class=\"BZ_Pyq_fadeIn\">painettuina <\/span><span class=\"BZ_Pyq_fadeIn\">ett\u00e4 <\/span><span class=\"BZ_Pyq_fadeIn\">painamattomina.<\/span><\/p>\n<p data-start=\"2674\" data-end=\"2800\"><strong data-start=\"2674\" data-end=\"2701\"><span class=\"BZ_Pyq_fadeIn\">Onko <\/span><span class=\"BZ_Pyq_fadeIn\">kangas <\/span><span class=\"BZ_Pyq_fadeIn\">hengitt\u00e4v\u00e4?<\/span><\/strong><br data-start=\"2701\" data-end=\"2704\" \/><span class=\"BZ_Pyq_fadeIn\">Kyll\u00e4. <\/span><span class=\"BZ_Pyq_fadeIn\">Mikroperforoitu <\/span><span class=\"BZ_Pyq_fadeIn\">polyesteripaneeli <\/span><span class=\"BZ_Pyq_fadeIn\">parantaa <\/span><span class=\"BZ_Pyq_fadeIn\">ilmanvaihtoa <\/span><span class=\"BZ_Pyq_fadeIn\">ja <\/span><span class=\"BZ_Pyq_fadeIn\">tekee <\/span><span class=\"BZ_Pyq_fadeIn\">shortseista <\/span><span class=\"BZ_Pyq_fadeIn\">hengitt\u00e4v\u00e4t.<\/span><\/p>\n<p data-start=\"2802\" data-end=\"2888\"><strong data-start=\"2802\" data-end=\"2831\"><span class=\"BZ_Pyq_fadeIn\">Onko <\/span><span class=\"BZ_Pyq_fadeIn\">shortseissa <\/span><span class=\"BZ_Pyq_fadeIn\">taskuja?<\/span><\/strong><br data-start=\"2831\" data-end=\"2834\" \/><span class=\"BZ_Pyq_fadeIn\">Kyll\u00e4. <\/span><span class=\"BZ_Pyq_fadeIn\">Shortseissa <\/span><span class=\"BZ_Pyq_fadeIn\">on <\/span><span class=\"BZ_Pyq_fadeIn\">kaksi <\/span><span class=\"BZ_Pyq_fadeIn\">k\u00e4yt\u00e4nn\u00f6llist\u00e4 <\/span><span class=\"BZ_Pyq_fadeIn\">sivutaskua.<\/span><\/p>\n<p data-start=\"2890\" data-end=\"3019\" data-is-last-node=\"\" data-is-only-node=\"\"><strong data-start=\"2890\" data-end=\"2923\"><span class=\"BZ_Pyq_fadeIn\">Kuinka <\/span><span class=\"BZ_Pyq_fadeIn\">pitk\u00e4 <\/span><span class=\"BZ_Pyq_fadeIn\">toimitusaika <\/span><span class=\"BZ_Pyq_fadeIn\">on?<\/span><\/strong><br data-start=\"2923\" data-end=\"2926\" \/><span class=\"BZ_Pyq_fadeIn\">Arvioitu <\/span><span class=\"BZ_Pyq_fadeIn\">toimitusaika <\/span><span class=\"BZ_Pyq_fadeIn\">on <\/span><span class=\"BZ_Pyq_fadeIn\">noin <\/span><span class=\"BZ_Pyq_fadeIn\">1 <\/span><span class=\"BZ_Pyq_fadeIn\">viikko, <\/span><span class=\"BZ_Pyq_fadeIn\">riippuen <\/span><span class=\"BZ_Pyq_fadeIn\">tilausm\u00e4\u00e4r\u00e4st\u00e4 <\/span><span class=\"BZ_Pyq_fadeIn\">ja <\/span><span class=\"BZ_Pyq_fadeIn\">mahdollisesta <\/span><span class=\"BZ_Pyq_fadeIn\">merkinn\u00e4st\u00e4.<\/span><\/p>\n<\/div>\n<\/div>\n<\/div>\n<\/div>\n<\/div>\n<\/div>\n<\/article>\n<\/div>\n<\/div>\n<p class=\"observation-text\" data-v-00b2e954=\"\"><img decoding=\"async\" class=\"mr-1 grey\" title=\"30\u00ba pesu max.\" src=\"https:\/\/static.gorfactory.es\/images\/icons\/20220914110209_Lavar%20a%2030%C2%BA%20m%C3%A1ximo.png\" alt=\"30\u00ba pesu max.\" width=\"40\" height=\"40\" data-v-6089ed0a=\"\" data-v-00b2e954=\"\" \/><img decoding=\"async\" class=\"mr-1 grey\" title=\"\u00c4l\u00e4 valkaise\" src=\"https:\/\/static.gorfactory.es\/images\/icons\/20220914110315_No%20usar%20blanqueador.png\" alt=\"\u00c4l\u00e4 valkaise\" width=\"40\" height=\"40\" data-v-6089ed0a=\"\" data-v-00b2e954=\"\" \/><img decoding=\"async\" class=\"mr-1 grey\" title=\"\u00c4l\u00e4 rumpukuivaa\" src=\"https:\/\/static.gorfactory.es\/images\/icons\/20220914110302_No%20secar%20en%20secadora.png\" alt=\"\u00c4l\u00e4 rumpukuivaa\" width=\"40\" height=\"40\" data-v-6089ed0a=\"\" data-v-00b2e954=\"\" \/><img loading=\"lazy\" decoding=\"async\" class=\"mr-1 grey\" title=\"Silitys alhaisessa l\u00e4mp\u00f6tilassa (max. 110\u00ba)\" src=\"https:\/\/static.gorfactory.es\/images\/icons\/20221117085113_Planchar-110.png\" alt=\"Silitys alhaisessa l\u00e4mp\u00f6tilassa (max. 110\u00ba)\" width=\"40\" height=\"40\" data-v-6089ed0a=\"\" data-v-00b2e954=\"\" \/><img loading=\"lazy\" decoding=\"async\" class=\"mr-1 grey\" title=\"\u00c4l\u00e4 kuivapesua\" src=\"https:\/\/static.gorfactory.es\/images\/icons\/20220914110151_No%20lavar%20en%20seco.png\" alt=\"\u00c4l\u00e4 kuivapesua\" width=\"40\" height=\"40\" data-v-6089ed0a=\"\" data-v-00b2e954=\"\" \/><\/p>\n<table id=\"size_chart\" class=\"table table-responsive\" style=\"height: 265px;\" width=\"203\" cellspacing=\"0\" cellpadding=\"0\">\n<tbody>\n<tr>\n<th>Koko<\/th>\n<th><img decoding=\"async\" src=\"https:\/\/wordans-a1a5.kxcdn.com\/images\/wordans2010\/length.png\" alt=\"Length\" \/>\u00a0<label id=\"lengthLabel\">Pituus<\/label><\/th>\n<th><img decoding=\"async\" src=\"https:\/\/wordans-a1a5.kxcdn.com\/images\/wordans2010\/width.png\" alt=\"Width\" \/>\u00a0<label id=\"widthLabel\">Leveys<\/label><\/th>\n<\/tr>\n<tr>\n<td>S<\/td>\n<td>42<\/td>\n<td>34<\/td>\n<\/tr>\n<tr>\n<td>M<\/td>\n<td>43,5<\/td>\n<td>36<\/td>\n<\/tr>\n<tr>\n<td>L<\/td>\n<td>45<\/td>\n<td>38<\/td>\n<\/tr>\n<tr>\n<td>XL<\/td>\n<td>46,5<\/td>\n<td>40<\/td>\n<\/tr>\n<tr>\n<td>2XL<\/td>\n<td>48<\/td>\n<td>43<\/td>\n<\/tr>\n<tr>\n<td>3XL<\/td>\n<td>49,5<\/td>\n<td>46<\/td>\n<\/tr>\n<\/tbody>\n<\/table>\n<p>&nbsp;<\/p>\n","protected":false},"excerpt":{"rendered":"<p>Tuotenumero 501508 Shorts it Celtic \u2013 kevyet multisport-urheilushortsit painettuna tai painamattomana Celtic shortsit ovat kevyet multisport-urheilushortsit, jotka on suunniteltu urheiluun, harjoitteluun, joukkueille, tapahtumiin sek\u00e4 promootiotuotteisiin. Kevyt tekninen materiaali ja hengitt\u00e4v\u00e4t paneelit tekev\u00e4t shortseista erinomaisen valinnan aktiiviseen k\u00e4ytt\u00f6\u00f6n. Tuotteet voidaan toimittaa sek\u00e4 painettuina ett\u00e4 painamattomina, joten shortsit voidaan valmistaa valmiiksi painettuina logolla tai grafiikalla tai toimittaa [&hellip;]<\/p>\n","protected":false},"featured_media":16885,"template":"","meta":{"_acf_changed":false,"om_disable_all_campaigns":false,"_monsterinsights_skip_tracking":false,"_monsterinsights_sitenote_active":false,"_monsterinsights_sitenote_note":"","_monsterinsights_sitenote_category":0},"product_brand":[],"product_cat":[524,512],"product_tag":[298,576,578,577],"class_list":{"0":"post-16876","1":"product","2":"type-product","3":"status-publish","4":"has-post-thumbnail","6":"product_cat-sport-shortsit-hame","7":"product_cat-sport","8":"product_tag-painatus","9":"product_tag-shortsit","10":"product_tag-shortsit-painatuksella","11":"product_tag-urheilushortsit","12":"product_shipping_class-postipaketti","14":"first","15":"instock","16":"taxable","17":"shipping-taxable","18":"purchasable","19":"product-type-simple"},"acf":[],"aioseo_notices":[],"_links":{"self":[{"href":"https:\/\/www.roly24.com\/index.php\/wp-json\/wp\/v2\/product\/16876","targetHints":{"allow":["GET"]}}],"collection":[{"href":"https:\/\/www.roly24.com\/index.php\/wp-json\/wp\/v2\/product"}],"about":[{"href":"https:\/\/www.roly24.com\/index.php\/wp-json\/wp\/v2\/types\/product"}],"version-history":[{"count":3,"href":"https:\/\/www.roly24.com\/index.php\/wp-json\/wp\/v2\/product\/16876\/revisions"}],"predecessor-version":[{"id":22156,"href":"https:\/\/www.roly24.com\/index.php\/wp-json\/wp\/v2\/product\/16876\/revisions\/22156"}],"wp:featuredmedia":[{"embeddable":true,"href":"https:\/\/www.roly24.com\/index.php\/wp-json\/wp\/v2\/media\/16885"}],"wp:attachment":[{"href":"https:\/\/www.roly24.com\/index.php\/wp-json\/wp\/v2\/media?parent=16876"}],"wp:term":[{"taxonomy":"product_brand","embeddable":true,"href":"https:\/\/www.roly24.com\/index.php\/wp-json\/wp\/v2\/product_brand?post=16876"},{"taxonomy":"product_cat","embeddable":true,"href":"https:\/\/www.roly24.com\/index.php\/wp-json\/wp\/v2\/product_cat?post=16876"},{"taxonomy":"product_tag","embeddable":true,"href":"https:\/\/www.roly24.com\/index.php\/wp-json\/wp\/v2\/product_tag?post=16876"}],"curies":[{"name":"wp","href":"https:\/\/api.w.org\/{rel}","templated":true}]}}